{"id":1090,"date":"2022-10-19T12:26:58","date_gmt":"2022-10-19T10:26:58","guid":{"rendered":"https:\/\/powermarine.gr\/?page_id=1090"},"modified":"2025-02-05T09:47:27","modified_gmt":"2025-02-05T07:47:27","slug":"sailing-holidays-to-mama-mia-islands","status":"publish","type":"page","link":"https:\/\/halkidikisailing.com\/de\/destinations\/sailing-holidays-to-mama-mia-islands\/","title":{"rendered":"Segelurlaub zu den Mama Mia Inseln"},"content":{"rendered":"<section class=\"section\" id=\"section_1326571951\">\n\t\t<div class=\"bg section-bg fill bg-fill bg-loaded bg-loaded\" >\n\n\t\t\t\n\t\t\t\n\t\t\t\n\n\t\t<\/div>\n\n\t\t\n\n\t\t<div class=\"section-content relative\">\n\t\t\t\n\n<div class=\"row row-collapse row-full-width align-middle align-center\"  id=\"row-238352743\">\n\n\n\t<div id=\"col-794903974\" class=\"col small-12 large-12\"  >\n\t\t\t\t<div class=\"col-inner\"  >\n\t\t\t\n\t\t\t\n\n  <div id=\"page-header-1403178293\" class=\"page-header-wrapper\">\n  <div class=\"page-title dark simple-title\">\n\n        <div class=\"page-title-bg\">\n      <div class=\"title-bg fill bg-fill\"\n        data-parallax-container=\".page-title\"\n        data-parallax-background\n data-parallax=\"-\">\n      <\/div>\n      <div class=\"title-overlay fill\"><\/div>\n    <\/div>\n    \n    <div class=\"page-title-inner container align-center text-center flex-row-col medium-flex-wrap\" >\n              <div class=\"title-wrapper uppercase is-large flex-col\">\n          <h1 class=\"entry-title mb-0\">\n            Segelurlaub zu den Mama Mia Inseln          <\/h1>\n        <\/div>\n                <div class=\"page-title-sub op-7 flex-col\">\n          <p class=\"lead\">Kommen Sie f\u00fcr einen Segelurlaub auf die Mama Mia Inseln! Die erfahrenen Skipper kennen die Drehorte der Filme.<\/p>\n        <\/div>\n                    <div class=\"title-content flex-col\">\n        <ul class=\"nav sm-touch-scroll nav-line nav-uppercase text-center nav-center\"><li class=\"nav-single-page hidden\"><\/li><\/ul>      <\/div>\n    <\/div>\n\n     \n<style>\n#page-header-1403178293 .page-title-inner {\n  min-height: 500px;\n}\n#page-header-1403178293 .title-bg {\n  background-image: url(https:\/\/halkidikisailing.com\/wp-content\/uploads\/2023\/12\/mamamia-islands-1-870x580-1.jpg);\n}\n<\/style>\n  <\/div>\n    <\/div>\n  \n\n\n\t\t<\/div>\n\t\t\t\t\t<\/div>\n\n\t\n\n<\/div>\n\n\t\t<\/div>\n\n\t\t\n<style>\n#section_1326571951 {\n  padding-top: 0px;\n  padding-bottom: 0px;\n}\n<\/style>\n\t<\/section>\n\t\n\t<section class=\"section\" id=\"section_871253719\">\n\t\t<div class=\"bg section-bg fill bg-fill bg-loaded bg-loaded\" >\n\n\t\t\t\n\t\t\t\n\t\t\t\n\n\t\t<\/div>\n\n\t\t\n\n\t\t<div class=\"section-content relative\">\n\t\t\t\n\n<div class=\"row align-middle align-center\"  id=\"row-1185172312\">\n\n\n\t<div id=\"col-48678744\" class=\"col small-12 large-12\"  >\n\t\t\t\t<div class=\"col-inner\"  >\n\t\t\t\n\t\t\t\n\n\t<div id=\"text-3601431958\" class=\"text\">\n\t\t\n\n<h2>Segelurlaub zu den Mamma-Mia-Inseln: Entdecken Sie Skopelos und Skiathos<\/h2>\n<p>Im September 2007 dienten die wundersch\u00f6nen griechischen Inseln Skopelos und Skiathos als Drehorte f\u00fcr den ber\u00fchmten Film <em>Mamma Mia!<\/em>. Mitwirkende <em><a href=\"https:\/\/en.wikipedia.org\/wiki\/Meryl_Streep\" rel=\"noopener\">Meryl Streep<\/a>,<a href=\"https:\/\/en.wikipedia.org\/wiki\/Amanda_Seyfried\" rel=\"noopener\"> Amanda Seyfried<\/a>,<a href=\"https:\/\/en.wikipedia.org\/wiki\/Pierce_Brosnan\" rel=\"noopener\"> Pierce Brosnan<\/a>, Und<a href=\"https:\/\/en.wikipedia.org\/wiki\/Colin_Firth\" rel=\"noopener\"> Colin Firth<\/a><\/em>, Dieses beliebte Musical pr\u00e4sentierte die atemberaubenden Landschaften der Inseln. Sie k\u00f6nnen diese atemberaubenden Orte jetzt besuchen durch <strong>Segelurlaub auf den Mama Mia Inseln<\/strong>. Unter der Anleitung erfahrener Skipper werden Sie den Zauber des Films wiedererleben und diese unglaublichen Orte erkunden.<\/p>\n<h3>Erkunden Sie die legend\u00e4ren Drehorte von Mamma Mia auf Skopelos<\/h3>\n<p><a href=\"https:\/\/halkidikisailing.com\/de\/destination\/skopelos\/\"><em>Skopelos<\/em><\/a> diente als Hauptdrehort f\u00fcr <em>Mamma Mia!<\/em>. Die \u00fcppigen W\u00e4lder, das klare Wasser und die charmanten D\u00f6rfer boten die perfekte Kulisse f\u00fcr den Film. Segelurlaube zu den Mamma-Mia-Inseln f\u00fchren Sie zu den ber\u00fchmtesten Drehorten, wo wichtige Szenen entstanden.<\/p>\n<p><img decoding=\"async\" class=\"size-medium wp-image-2875 alignleft\" src=\"https:\/\/halkidikisailing.com\/wp-content\/uploads\/2024\/03\/Alkyoni-Skopelos-1-300x169.png\" alt=\"sailing holidays to Mama Mia islands\" width=\"300\" height=\"169\" title=\"\" srcset=\"https:\/\/halkidikisailing.com\/wp-content\/uploads\/2024\/03\/Alkyoni-Skopelos-1-300x169.png 300w, https:\/\/halkidikisailing.com\/wp-content\/uploads\/2024\/03\/Alkyoni-Skopelos-1-510x287.png 510w, https:\/\/halkidikisailing.com\/wp-content\/uploads\/2024\/03\/Alkyoni-Skopelos-1-1024x576.png 1024w, https:\/\/halkidikisailing.com\/wp-content\/uploads\/2024\/03\/Alkyoni-Skopelos-1-768x432.png 768w, https:\/\/halkidikisailing.com\/wp-content\/uploads\/2024\/03\/Alkyoni-Skopelos-1.png 1536w\" sizes=\"(max-width: 300px) 100vw, 300px\" \/><\/p>\n<h3>Kastani Beach: Besuchen Sie Donnas Strand aus dem Film<\/h3>\n<p><strong>Kastani Strand<\/strong>, Der Strand an der Westk\u00fcste von Skopelos diente als Kulisse f\u00fcr einige der bekanntesten Szenen des Films. Im Film als \u201cDonnas Strand\u201d bekannt, war er Schauplatz der unvergesslichen Strandbar- und Pier-Szenen. Obwohl Bar und Pier nur tempor\u00e4r waren, kann man noch heute an denselben Sandstr\u00e4nden entlangspazieren, an denen die Schauspieler drehten. Das ruhige Wasser und der weiche Sand machen den Strand zu einem idealen Ort zum Schwimmen und Entspannen. <strong>Segelurlaub zu den Mamma Mia Inseln<\/strong> Wir geben Ihnen die M\u00f6glichkeit, diesen ber\u00fchmten Ort zu erleben.<\/p>\n<p><img decoding=\"async\" class=\"size-medium wp-image-2412 alignright\" src=\"https:\/\/halkidikisailing.com\/wp-content\/uploads\/2022\/10\/IMG_20180418_183720_755-300x300.jpg\" alt=\"sporades - sailing holidays to Mama Mia islands\" width=\"300\" height=\"300\" title=\"\" srcset=\"https:\/\/halkidikisailing.com\/wp-content\/uploads\/2022\/10\/IMG_20180418_183720_755-300x300.jpg 300w, https:\/\/halkidikisailing.com\/wp-content\/uploads\/2022\/10\/IMG_20180418_183720_755-100x100.jpg 100w, https:\/\/halkidikisailing.com\/wp-content\/uploads\/2022\/10\/IMG_20180418_183720_755-510x510.jpg 510w, https:\/\/halkidikisailing.com\/wp-content\/uploads\/2022\/10\/IMG_20180418_183720_755-150x150.jpg 150w, https:\/\/halkidikisailing.com\/wp-content\/uploads\/2022\/10\/IMG_20180418_183720_755.jpg 540w\" sizes=\"(max-width: 300px) 100vw, 300px\" \/><\/p>\n<h3>Amarandos Cove: Der ber\u00fchmte Picknickplatz aus Mamma Mia<\/h3>\n<p>Im S\u00fcden von Skopelos, in der N\u00e4he von Agnontas, liegt <strong>Amarandos<\/strong>, Eine friedliche Gegend mit einsamen Buchten. Eine dieser Buchten, \u201cDrei B\u00e4ume\u201d genannt, diente als Kulisse f\u00fcr die Picknickszene im Film. Sie war auch in \u201cDer Weg zur Villa Donna\u201d zu sehen. Erkunden Sie diesen ruhigen, malerischen Ort, dessen nat\u00fcrliche Sch\u00f6nheit das Erlebnis noch bereichert. <strong>Segelurlaub zu den Mamma Mia Inseln<\/strong> erm\u00f6glicht es Ihnen, diese magischen Momente in einer friedlichen Umgebung wiederzuerleben.<\/p>\n<h3>Strand von Glysteri: Die Treppe zur Villa Donna<\/h3>\n<p><strong>Strand von Glysteri<\/strong> Sie liegt n\u00f6rdlich von Skopelos-Stadt. Diese felsige Halbinsel f\u00fchrt zu einem bezaubernden Kieselstrand. Sie ist ein wichtiger Drehort f\u00fcr \u2026 <em>Mamma Mia!<\/em>, mit sechs Szenen, darunter die ikonische \u201cTreppe zur Villa Donna\u201d, die hier gedreht wurden. <strong>Segelurlaub zu den Mamma Mia Inseln<\/strong>, Sie k\u00f6nnen Glysteri besuchen und seine friedvolle Sch\u00f6nheit genie\u00dfen.<\/p>\n<p><img decoding=\"async\" class=\"size-medium wp-image-2873 alignleft\" src=\"https:\/\/halkidikisailing.com\/wp-content\/uploads\/2024\/03\/Agios-Ioannis-sto-Kastri-300x169.png\" alt=\"21 Unique Facts About Greece - sailing holidays to Mama Mia islands\" width=\"300\" height=\"169\" title=\"\" srcset=\"https:\/\/halkidikisailing.com\/wp-content\/uploads\/2024\/03\/Agios-Ioannis-sto-Kastri-300x169.png 300w, https:\/\/halkidikisailing.com\/wp-content\/uploads\/2024\/03\/Agios-Ioannis-sto-Kastri-510x287.png 510w, https:\/\/halkidikisailing.com\/wp-content\/uploads\/2024\/03\/Agios-Ioannis-sto-Kastri-1024x576.png 1024w, https:\/\/halkidikisailing.com\/wp-content\/uploads\/2024\/03\/Agios-Ioannis-sto-Kastri-768x432.png 768w, https:\/\/halkidikisailing.com\/wp-content\/uploads\/2024\/03\/Agios-Ioannis-sto-Kastri-1536x864.png 1536w, https:\/\/halkidikisailing.com\/wp-content\/uploads\/2024\/03\/Agios-Ioannis-sto-Kastri.png 1920w\" sizes=\"(max-width: 300px) 100vw, 300px\" \/><\/p>\n<h3>St. John&#039;s Chapel: Erleben Sie die ber\u00fchmte Hochzeitsszene<\/h3>\n<p>Die emotionale Hochzeitsszene in <em>Mamma Mia!<\/em> findet statt bei <strong>St.-Johannes-Kapelle<\/strong>. Diese kleine Kirche, hoch oben auf einer 100 Meter hohen Klippe gelegen, bietet einen atemberaubenden Meerblick. Donna und Sam singen \u201cThe Winner Takes It All\u201d, w\u00e4hrend sie die Stufen zur Kapelle hinaufsteigen. Besuchen auch Sie diesen beeindruckenden Ort und erleben Sie dieselbe spektakul\u00e4re Aussicht. Ein absolutes Highlight jeder Reise! <strong>Segelurlaub zu den Mamma Mia Inseln<\/strong>.<\/p>\n<h3>Entdecken Sie Skiathos: Die Torinsel zum Film<\/h3>\n<p>Obwohl der Gro\u00dfteil der Dreharbeiten auf Skopelos stattfand., <a href=\"https:\/\/halkidikisailing.com\/de\/destination\/skiathos\/\"><em><strong>Skiathos<\/strong><\/em><\/a> Sie spielte auch in mehreren Schl\u00fcsselszenen eine Rolle. Diese lebhafte Insel mit ihrem gesch\u00e4ftigen Hafen und den malerischen Str\u00e4nden bereichert Ihre Reise.<\/p>\n<h4>Alter Hafen von Skiathos: Sophies Ankunft<\/h4>\n<p>In der Er\u00f6ffnungsszene des Films kommt Sophie an <strong>Alter Hafen von Skiathos<\/strong> Mit dem Boot. Der Hafen mit seinem traditionellen Charme ist ein absolutes Muss. Sie k\u00f6nnen dort stehen, wo Amanda Seyfried aufgetreten ist, und denselben Blick auf das Meer und die Umgebung genie\u00dfen. <strong>Insel Tsougrias<\/strong>. <strong>Segelurlaub zu den Mamma Mia Inseln<\/strong> Machen Sie unbedingt einen Zwischenstopp an diesem pulsierenden Ort, wo Sie die Sch\u00f6nheit des Hafens entdecken k\u00f6nnen.<\/p>\n<h4>Folgen Sie Meryl Streeps Jeepfahrt zum Mandraki Beach<\/h4>\n<p>Meryl Streeps ber\u00fchmte Jeepfahrt durch die H\u00fcgel von Skiathos wurde in der N\u00e4he von <strong>Strand Agia Eleni<\/strong>. Sie und ihre beiden Freundinnen fuhren diese malerische Strecke entlang in Richtung <strong>Mandraki-Strand<\/strong>. Sie k\u00f6nnen denselben Weg entlanggehen und die atemberaubenden Naturlandschaften der Insel genie\u00dfen, genau wie im Film. <strong>Segelurlaub zu den Mamma Mia Inseln<\/strong> Wir bringen Sie an diese wundersch\u00f6nen Orte und bieten Ihnen sowohl Abenteuer als auch Entspannung.<\/p>\n<h3>Erleben Sie den Zauber von Mamma Mia auf einem Segelurlaub zu den Mamma Mia Inseln neu<\/h3>\n<p>Verbinden <strong>Segelurlaub zu den Mamma Mia Inseln<\/strong> und erleben Sie den Zauber von Skopelos und Skiathos neu. Sie segeln durch das kristallklare Wasser der Inseln und besuchen die ber\u00fchmten Drehorte, die den Film unvergesslich gemacht haben. Die erfahrenen Skipper sorgen daf\u00fcr, dass Sie alle wichtigen Schaupl\u00e4tze sehen.,<em><a href=\"https:\/\/halkidikisailing.com\/de\/contact-yacht-charter-halkidiki\/\"> Ihre Reise zu etwas Besonderem machen<\/a><\/em>.<\/p>\n<h3>Fazit: Eine einzigartige Reise durch Film und Natur<\/h3>\n<p>Abschlie\u00dfend, <strong>Segelurlaub zu den Mamma Mia Inseln<\/strong> Diese Reise bietet die perfekte Mischung aus Abenteuer, Entspannung und Filmnostalgie. Sie besuchen die legend\u00e4ren Drehorte und erkunden die unber\u00fchrten Gew\u00e4sser von Skopelos und Skiathos. Ob Sie zur Johanneskapelle spazieren oder am Alten Hafen von Skiathos vorbeisegeln \u2013 Sie werden sich f\u00fchlen, als w\u00e4ren Sie Teil des Films.<\/p>\n<p>Segeln Sie mit uns und entdecken Sie die Sch\u00f6nheit der <strong>Mamma Mia Inseln<\/strong>. Erleben Sie Szenen aus dem Film noch einmal und genie\u00dfen Sie gleichzeitig den Charme und die Ruhe dieser atemberaubenden griechischen Inseln. <strong>Segelurlaub zu den Mamma Mia Inseln<\/strong> versprechen eine unvergessliche Reise voller atemberaubender Landschaften, Filmgeschichte und friedlicher Entspannung.<\/p>\n\t\t\n<style>\n#text-3601431958 {\n  font-size: 1.6rem;\n  line-height: 1.35;\n  text-align: center;\n}\n@media (min-width:550px) {\n  #text-3601431958 {\n    font-size: 1.2rem;\n    text-align: center;\n  }\n}\n<\/style>\n\t<\/div>\n\t\n\n\t\t<\/div>\n\t\t\t\t\t<\/div>\n\n\t\n\n\t<div id=\"col-702202254\" class=\"col medium-4 small-4 large-4\"  >\n\t\t\t\t<div class=\"col-inner\"  >\n\t\t\t\n\t\t\t\n\n\n\t\t<\/div>\n\t\t\t\t\t<\/div>\n\n\t\n\n<\/div>\n\n\t\t<\/div>\n\n\t\t\n<style>\n#section_871253719 {\n  padding-top: 30px;\n  padding-bottom: 30px;\n}\n<\/style>\n\t<\/section>","protected":false},"excerpt":{"rendered":"","protected":false},"author":1,"featured_media":1424,"parent":2099,"menu_order":0,"comment_status":"closed","ping_status":"closed","template":"page-blank.php","meta":{"_acf_changed":false,"footnotes":""},"class_list":["post-1090","page","type-page","status-publish","has-post-thumbnail","hentry"],"acf":[],"yoast_head":"<!-- This site is optimized with the Yoast SEO plugin v21.9.1 - https:\/\/yoast.com\/wordpress\/plugins\/seo\/ -->\n<title>Sailing Holidays to Mama Mia Islands - Halkidiki Sailing &amp; Sporades Islands<\/title>\n<meta name=\"description\" content=\"Sailing holidays to Mama Mia islands! Offer the perfect mix of adventure, relaxation, and cinematic nostalgia. Unique Sailing Vacation.\" \/>\n<meta name=\"robots\" content=\"index, follow, max-snippet:-1, max-image-preview:large, max-video-preview:-1\" \/>\n<link rel=\"canonical\" href=\"https:\/\/halkidikisailing.com\/de\/destinations\/sailing-holidays-to-mama-mia-islands\/\" \/>\n<meta property=\"og:locale\" content=\"de_DE\" \/>\n<meta property=\"og:type\" content=\"article\" \/>\n<meta property=\"og:title\" content=\"Sailing Holidays to Mama Mia Islands - Halkidiki Sailing &amp; Sporades Islands\" \/>\n<meta property=\"og:description\" content=\"Sailing holidays to Mama Mia islands! Offer the perfect mix of adventure, relaxation, and cinematic nostalgia. Unique Sailing Vacation.\" \/>\n<meta property=\"og:url\" content=\"https:\/\/halkidikisailing.com\/de\/destinations\/sailing-holidays-to-mama-mia-islands\/\" \/>\n<meta property=\"og:site_name\" content=\"Halkidiki Sailing &amp; Sporades Islands\" \/>\n<meta property=\"article:publisher\" content=\"https:\/\/www.facebook.com\/halkidikisailin\" \/>\n<meta property=\"article:modified_time\" content=\"2025-02-05T07:47:27+00:00\" \/>\n<meta property=\"og:image\" content=\"https:\/\/halkidikisailing.com\/wp-content\/uploads\/2023\/12\/mamamia-islands.jpg\" \/>\n\t<meta property=\"og:image:width\" content=\"1400\" \/>\n\t<meta property=\"og:image:height\" content=\"800\" \/>\n\t<meta property=\"og:image:type\" content=\"image\/jpeg\" \/>\n<meta name=\"twitter:card\" content=\"summary_large_image\" \/>\n<meta name=\"twitter:label1\" content=\"Gesch\u00e4tzte Lesezeit\" \/>\n\t<meta name=\"twitter:data1\" content=\"5\u00a0Minuten\" \/>\n<script type=\"application\/ld+json\" class=\"yoast-schema-graph\">{\"@context\":\"https:\/\/schema.org\",\"@graph\":[{\"@type\":\"WebPage\",\"@id\":\"https:\/\/halkidikisailing.com\/destinations\/sailing-holidays-to-mama-mia-islands\/\",\"url\":\"https:\/\/halkidikisailing.com\/destinations\/sailing-holidays-to-mama-mia-islands\/\",\"name\":\"Sailing Holidays to Mama Mia Islands - Halkidiki Sailing &amp; Sporades Islands\",\"isPartOf\":{\"@id\":\"https:\/\/halkidikisailing.com\/#website\"},\"datePublished\":\"2022-10-19T10:26:58+00:00\",\"dateModified\":\"2025-02-05T07:47:27+00:00\",\"description\":\"Sailing holidays to Mama Mia islands! Offer the perfect mix of adventure, relaxation, and cinematic nostalgia. Unique Sailing Vacation.\",\"breadcrumb\":{\"@id\":\"https:\/\/halkidikisailing.com\/destinations\/sailing-holidays-to-mama-mia-islands\/#breadcrumb\"},\"inLanguage\":\"de\",\"potentialAction\":[{\"@type\":\"ReadAction\",\"target\":[\"https:\/\/halkidikisailing.com\/destinations\/sailing-holidays-to-mama-mia-islands\/\"]}]},{\"@type\":\"BreadcrumbList\",\"@id\":\"https:\/\/halkidikisailing.com\/destinations\/sailing-holidays-to-mama-mia-islands\/#breadcrumb\",\"itemListElement\":[{\"@type\":\"ListItem\",\"position\":1,\"name\":\"Home\",\"item\":\"https:\/\/halkidikisailing.com\/\"},{\"@type\":\"ListItem\",\"position\":2,\"name\":\"Destinations\",\"item\":\"https:\/\/halkidikisailing.com\/destinations\/\"},{\"@type\":\"ListItem\",\"position\":3,\"name\":\"Sailing Holidays to Mama Mia Islands\"}]},{\"@type\":\"WebSite\",\"@id\":\"https:\/\/halkidikisailing.com\/#website\",\"url\":\"https:\/\/halkidikisailing.com\/\",\"name\":\"Halkidiki Sailing &amp; Sporades Islands\",\"description\":\"Sailing Cruises and Yacht Chartering Halkidiki &amp; Sporades\",\"publisher\":{\"@id\":\"https:\/\/halkidikisailing.com\/#organization\"},\"alternateName\":\"Halkidiki Sailing\",\"potentialAction\":[{\"@type\":\"SearchAction\",\"target\":{\"@type\":\"EntryPoint\",\"urlTemplate\":\"https:\/\/halkidikisailing.com\/?s={search_term_string}\"},\"query-input\":\"required name=search_term_string\"}],\"inLanguage\":\"de\"},{\"@type\":\"Organization\",\"@id\":\"https:\/\/halkidikisailing.com\/#organization\",\"name\":\"Halkidiki Sailing & Sporades Islands\",\"alternateName\":\"Halkidiki Sailing\",\"url\":\"https:\/\/halkidikisailing.com\/\",\"logo\":{\"@type\":\"ImageObject\",\"inLanguage\":\"de\",\"@id\":\"https:\/\/halkidikisailing.com\/#\/schema\/logo\/image\/\",\"url\":\"https:\/\/halkidikisailing.com\/wp-content\/uploads\/2024\/02\/halkidiki-sailing-favicon.png\",\"contentUrl\":\"https:\/\/halkidikisailing.com\/wp-content\/uploads\/2024\/02\/halkidiki-sailing-favicon.png\",\"width\":199,\"height\":198,\"caption\":\"Halkidiki Sailing & Sporades Islands\"},\"image\":{\"@id\":\"https:\/\/halkidikisailing.com\/#\/schema\/logo\/image\/\"},\"sameAs\":[\"https:\/\/www.facebook.com\/halkidikisailin\"]}]}<\/script>\n<!-- \/ Yoast SEO plugin. -->","yoast_head_json":{"title":"Segelurlaub zu den Mama Mia Inseln \u2013 Chalkidiki und den Sporaden","description":"Segelurlaub zu den Mama-Mia-Inseln! Die perfekte Mischung aus Abenteuer, Entspannung und filmischer Nostalgie. Einzigartiger Segelurlaub.","robots":{"index":"index","follow":"follow","max-snippet":"max-snippet:-1","max-image-preview":"max-image-preview:large","max-video-preview":"max-video-preview:-1"},"canonical":"https:\/\/halkidikisailing.com\/de\/destinations\/sailing-holidays-to-mama-mia-islands\/","og_locale":"de_DE","og_type":"article","og_title":"Sailing Holidays to Mama Mia Islands - Halkidiki Sailing &amp; Sporades Islands","og_description":"Sailing holidays to Mama Mia islands! Offer the perfect mix of adventure, relaxation, and cinematic nostalgia. Unique Sailing Vacation.","og_url":"https:\/\/halkidikisailing.com\/de\/destinations\/sailing-holidays-to-mama-mia-islands\/","og_site_name":"Halkidiki Sailing &amp; Sporades Islands","article_publisher":"https:\/\/www.facebook.com\/halkidikisailin","article_modified_time":"2025-02-05T07:47:27+00:00","og_image":[{"width":1400,"height":800,"url":"https:\/\/halkidikisailing.com\/wp-content\/uploads\/2023\/12\/mamamia-islands.jpg","type":"image\/jpeg"}],"twitter_card":"summary_large_image","twitter_misc":{"Gesch\u00e4tzte Lesezeit":"5\u00a0Minuten"},"schema":{"@context":"https:\/\/schema.org","@graph":[{"@type":"WebPage","@id":"https:\/\/halkidikisailing.com\/destinations\/sailing-holidays-to-mama-mia-islands\/","url":"https:\/\/halkidikisailing.com\/destinations\/sailing-holidays-to-mama-mia-islands\/","name":"Segelurlaub zu den Mama Mia Inseln \u2013 Chalkidiki und den Sporaden","isPartOf":{"@id":"https:\/\/halkidikisailing.com\/#website"},"datePublished":"2022-10-19T10:26:58+00:00","dateModified":"2025-02-05T07:47:27+00:00","description":"Segelurlaub zu den Mama-Mia-Inseln! Die perfekte Mischung aus Abenteuer, Entspannung und filmischer Nostalgie. Einzigartiger Segelurlaub.","breadcrumb":{"@id":"https:\/\/halkidikisailing.com\/destinations\/sailing-holidays-to-mama-mia-islands\/#breadcrumb"},"inLanguage":"de","potentialAction":[{"@type":"ReadAction","target":["https:\/\/halkidikisailing.com\/destinations\/sailing-holidays-to-mama-mia-islands\/"]}]},{"@type":"BreadcrumbList","@id":"https:\/\/halkidikisailing.com\/destinations\/sailing-holidays-to-mama-mia-islands\/#breadcrumb","itemListElement":[{"@type":"ListItem","position":1,"name":"Home","item":"https:\/\/halkidikisailing.com\/"},{"@type":"ListItem","position":2,"name":"Destinations","item":"https:\/\/halkidikisailing.com\/destinations\/"},{"@type":"ListItem","position":3,"name":"Sailing Holidays to Mama Mia Islands"}]},{"@type":"WebSite","@id":"https:\/\/halkidikisailing.com\/#website","url":"https:\/\/halkidikisailing.com\/","name":"Segeln auf der Chalkidiki und zu den Sporadeninseln","description":"Segelkreuzfahrten und Yachtcharter Chalkidiki &amp; Sporaden","publisher":{"@id":"https:\/\/halkidikisailing.com\/#organization"},"alternateName":"Halkidiki Sailing","potentialAction":[{"@type":"SearchAction","target":{"@type":"EntryPoint","urlTemplate":"https:\/\/halkidikisailing.com\/?s={search_term_string}"},"query-input":"required name=search_term_string"}],"inLanguage":"de"},{"@type":"Organization","@id":"https:\/\/halkidikisailing.com\/#organization","name":"Segeln auf der Chalkidiki und zu den Sporadeninseln","alternateName":"Halkidiki Sailing","url":"https:\/\/halkidikisailing.com\/","logo":{"@type":"ImageObject","inLanguage":"de","@id":"https:\/\/halkidikisailing.com\/#\/schema\/logo\/image\/","url":"https:\/\/halkidikisailing.com\/wp-content\/uploads\/2024\/02\/halkidiki-sailing-favicon.png","contentUrl":"https:\/\/halkidikisailing.com\/wp-content\/uploads\/2024\/02\/halkidiki-sailing-favicon.png","width":199,"height":198,"caption":"Halkidiki Sailing & Sporades Islands"},"image":{"@id":"https:\/\/halkidikisailing.com\/#\/schema\/logo\/image\/"},"sameAs":["https:\/\/www.facebook.com\/halkidikisailin"]}]}},"_links":{"self":[{"href":"https:\/\/halkidikisailing.com\/de\/wp-json\/wp\/v2\/pages\/1090","targetHints":{"allow":["GET"]}}],"collection":[{"href":"https:\/\/halkidikisailing.com\/de\/wp-json\/wp\/v2\/pages"}],"about":[{"href":"https:\/\/halkidikisailing.com\/de\/wp-json\/wp\/v2\/types\/page"}],"author":[{"embeddable":true,"href":"https:\/\/halkidikisailing.com\/de\/wp-json\/wp\/v2\/users\/1"}],"replies":[{"embeddable":true,"href":"https:\/\/halkidikisailing.com\/de\/wp-json\/wp\/v2\/comments?post=1090"}],"version-history":[{"count":17,"href":"https:\/\/halkidikisailing.com\/de\/wp-json\/wp\/v2\/pages\/1090\/revisions"}],"predecessor-version":[{"id":3414,"href":"https:\/\/halkidikisailing.com\/de\/wp-json\/wp\/v2\/pages\/1090\/revisions\/3414"}],"up":[{"embeddable":true,"href":"https:\/\/halkidikisailing.com\/de\/wp-json\/wp\/v2\/pages\/2099"}],"wp:featuredmedia":[{"embeddable":true,"href":"https:\/\/halkidikisailing.com\/de\/wp-json\/wp\/v2\/media\/1424"}],"wp:attachment":[{"href":"https:\/\/halkidikisailing.com\/de\/wp-json\/wp\/v2\/media?parent=1090"}],"curies":[{"name":"wp","href":"https:\/\/api.w.org\/{rel}","templated":true}]}}