{"id":1276,"date":"2022-10-12T16:06:00","date_gmt":"2022-10-12T14:06:00","guid":{"rendered":"https:\/\/powermarine.gr\/?page_id=736"},"modified":"2024-10-17T11:25:10","modified_gmt":"2024-10-17T09:25:10","slug":"unknown-greek-islands-sailing-holidays","status":"publish","type":"page","link":"https:\/\/halkidikisailing.com\/de\/destinations\/unknown-greek-islands-sailing-holidays\/","title":{"rendered":"Segelurlaub auf unbekannten griechischen Inseln"},"content":{"rendered":"<section class=\"section\" id=\"section_239446244\">\n\t\t<div class=\"bg section-bg fill bg-fill bg-loaded bg-loaded\" >\n\n\t\t\t\n\t\t\t\n\t\t\t\n\n\t\t<\/div>\n\n\t\t\n\n\t\t<div class=\"section-content relative\">\n\t\t\t\n\n<div class=\"row row-collapse row-full-width align-middle align-center\"  id=\"row-1126422314\">\n\n\n\t<div id=\"col-1917320165\" class=\"col small-12 large-12\"  >\n\t\t\t\t<div class=\"col-inner\"  >\n\t\t\t\n\t\t\t\n\n  <div id=\"page-header-980030882\" class=\"page-header-wrapper\">\n  <div class=\"page-title dark simple-title\">\n\n        <div class=\"page-title-bg\">\n      <div class=\"title-bg fill bg-fill\"\n        data-parallax-container=\".page-title\"\n        data-parallax-background\n data-parallax=\"-\">\n      <\/div>\n      <div class=\"title-overlay fill\"><\/div>\n    <\/div>\n    \n    <div class=\"page-title-inner container align-center text-center flex-row-col medium-flex-wrap\" >\n              <div class=\"title-wrapper uppercase is-larger flex-col\">\n          <h1 class=\"entry-title mb-0\">\n            Segelurlaub auf unbekannten griechischen Inseln          <\/h1>\n        <\/div>\n                <div class=\"page-title-sub op-7 flex-col\">\n          <p class=\"lead\">Segelurlaub auf den unbekannten griechischen Inseln ist eine Herausforderung f\u00fcr alle, die Ruhe und wahre Entspannung vom intensiven Rhythmus des Lebens suchen.<\/p>\n        <\/div>\n                    <div class=\"title-content flex-col\">\n        <ul class=\"nav sm-touch-scroll nav-line nav-uppercase text-center nav-center\"><li class=\"nav-single-page hidden\"><\/li><\/ul>      <\/div>\n    <\/div>\n\n     \n<style>\n#page-header-980030882 .page-title-inner {\n  min-height: 500px;\n}\n#page-header-980030882 .title-bg {\n  background-image: url(https:\/\/halkidikisailing.com\/wp-content\/uploads\/2024\/02\/temp_image_for_default_share.png);\n  background-position: 49% 100%;\n}\n<\/style>\n  <\/div>\n    <\/div>\n  \n\n\n\t\t<\/div>\n\t\t\t\t\t<\/div>\n\n\t\n\n<\/div>\n\n\t\t<\/div>\n\n\t\t\n<style>\n#section_239446244 {\n  padding-top: 0px;\n  padding-bottom: 0px;\n}\n<\/style>\n\t<\/section>\n\t\n\t<section class=\"section\" id=\"section_39246460\">\n\t\t<div class=\"bg section-bg fill bg-fill bg-loaded bg-loaded\" >\n\n\t\t\t\n\t\t\t\n\t\t\t\n\n\t\t<\/div>\n\n\t\t\n\n\t\t<div class=\"section-content relative\">\n\t\t\t\n\n<div class=\"row align-middle align-center\"  id=\"row-1587301148\">\n\n\n\t<div id=\"col-954146941\" class=\"col small-12 large-12\"  >\n\t\t\t\t<div class=\"col-inner\"  >\n\t\t\t\n\t\t\t\n\n\t<div id=\"text-149400054\" class=\"text\">\n\t\t\n\n<h3>Die unbekannten griechischen Inseln: Segelurlaub in unber\u00fchrter Sch\u00f6nheit<\/h3>\n<p>Griechenland ist weltweit bekannt f\u00fcr seine wundersch\u00f6nen Inseln wie Mykonos, Santorin und Kreta. Es gibt jedoch viele versteckte Inseln, die den meisten Reisenden unbekannt bleiben. <strong>unbekannte griechische Inseln<\/strong> Wir bieten etwas Besonderes f\u00fcr alle, die das Meer und die Natur lieben. Wir haben spezielle Segelrouten zusammengestellt, die Sie zu diesen unber\u00fchrten Orten f\u00fchren. Hier k\u00f6nnen Sie fernab der touristischen Hotspots wahre Ruhe und Entspannung genie\u00dfen.<\/p>\n<h3>Flucht und Entspannung: Eine Reise zur Ruhe<\/h3>\n<p>Segeln um die <strong>unbekannte griechische Inseln<\/strong> Es ist mehr als nur Urlaub. Es ist eine Gelegenheit, den Alltagsstress hinter sich zu lassen. Diese Inseln sind ruhig und bieten die perfekte Auszeit vom hektischen Stadtleben. Anders als die \u00fcberf\u00fcllten Str\u00e4nde bekannter Inseln sind diese Orte friedlich und frei von gro\u00dfen Menschenmassen.<\/p>\n<p>Die nat\u00fcrliche Sch\u00f6nheit ist atemberaubend. Sie finden kristallklares Wasser, friedliche Buchten und versteckte Meeresarme. Diese Orte sind ideal f\u00fcr alle, die sich entspannen und die Einfachheit der Natur genie\u00dfen m\u00f6chten. Das Rauschen der Wellen und die frische Meeresbrise erzeugen eine Ruhe, die man anderswo kaum findet.<\/p>\n<h3>Der Nationale Meerespark von Alonnisos, N\u00f6rdliche Sporaden<\/h3>\n<p>Einer der H\u00f6hepunkte dieses Segelabenteuers ist der Besuch von <strong>Nationaler Meerespark von Alonnisos, N\u00f6rdliche Sporaden<\/strong>. Dieser 1992 gegr\u00fcndete Park ist der erste Meerespark Griechenlands und zugleich eines der gr\u00f6\u00dften Meeresschutzgebiete Europas. Auf einer Fl\u00e4che von rund 2.200 Quadratkilometern beherbergt er zahlreiche seltene Tiere und Pflanzen.<\/p>\n<h4>Alonnisos: Die einzige bewohnte Insel<\/h4>\n<p><a href=\"https:\/\/halkidikisailing.com\/de\/destination\/alonnisos\/\">Alonnisos<\/a> ist die einzige bewohnte Insel im Park. Um sie herum liegen mehrere unbewohnte Inseln. Diese kleinen Inseln bieten vielen bedrohten Tieren einen sicheren Zufluchtsort. Eine der wichtigsten hier lebenden Arten ist die Mittelmeer-M\u00f6nchsrobbe (<strong>M\u00f6nch (Monachus monachus)<\/strong>Diese Robbenart ist sehr selten, und der Park tr\u00e4gt zum Schutz einer der gr\u00f6\u00dften verbliebenen Populationen dieser Robben im Mittelmeerraum bei.<\/p>\n<h4>Delfine, Wale und andere Meereslebewesen<\/h4>\n<p>Der Park ist auch f\u00fcr seine Delfine bekannt. Vier verschiedene Arten k\u00f6nnen hier h\u00e4ufig beobachtet werden: Streifendelfine, Gemeine Delfine, Gro\u00dfe T\u00fcmmler und Graue Delfine. Sie sind verspielt und folgen oft Booten, was den Besuchern ein unvergessliches Erlebnis bietet.<\/p>\n<p>Es besteht auch die M\u00f6glichkeit, den seltenen Cuvier-Schnabelwal zu sehen (<strong>Ziphius cavirostris<\/strong>Diese Art ist sehr scheu und schwer zu entdecken. In seltenen F\u00e4llen werden sie auch von gr\u00f6\u00dferen Walen, wie beispielsweise Pottwalen, gesichtet.<strong>Physeter macrocephalus<\/strong>Sie wurden in diesen Gew\u00e4ssern schwimmend beobachtet. F\u00fcr Liebhaber des Meereslebens ist dies ein Paradies.<\/p>\n<h3>Die verborgene Sch\u00f6nheit der Sporaden entdecken<\/h3>\n<h4>Abgeschiedene Buchten und unber\u00fchrte Natur<\/h4>\n<p>Durch diese segeln <strong>unbekannte griechische Inseln<\/strong> Diese Reise f\u00fchrt Sie zu Orten, die vom Massentourismus unber\u00fchrt geblieben sind. Die Inseln sind gr\u00fcn und bieten wundersch\u00f6ne Landschaften. Ihre einsamen Buchten versprechen Ruhe und Erholung fernab vom Trubel. Das kristallklare Wasser l\u00e4dt zum Schwimmen und Erkunden ein. Jede Insel hat ihren ganz eigenen Charme und macht die Reise so zu einem unvergesslichen Erlebnis.<\/p>\n<p>Diese versteckten Orte bieten eine wahre Oase der Ruhe. Hier k\u00f6nnen Sie Ihr Boot ankern, im kristallklaren Wasser schwimmen und die Stille genie\u00dfen. W\u00e4hrend Sie von einer Bucht zur n\u00e4chsten fahren, werden Sie sich f\u00fchlen, als h\u00e4tten Sie eine verborgene Seite Griechenlands entdeckt, fernab der \u00fcblichen Touristenpfade.<\/p>\n<h3>Unsere Skipper: Ihre erfahrenen Guides<\/h3>\n<p>Einer der gr\u00f6\u00dften Vorz\u00fcge dieser Segelurlaube ist das Wissen und die Erfahrung unserer Skipper. Sie kennen die Gew\u00e4sser bestens und geleiten Sie sicher durch die Inseln. Dank ihrer Expertise entdecken Sie die sch\u00f6nsten versteckten Orte und die herrlichsten Buchten. <strong>unbekannte griechische Inseln<\/strong>.<\/p>\n<p>Egal, ob Sie ein erfahrener Segler oder ein Segelanf\u00e4nger sind, <em><a href=\"https:\/\/halkidikisailing.com\/de\/about-us-halkidiki-sailing\/\">unsere Kapit\u00e4ne<\/a> <\/em>Sie sorgen daf\u00fcr, dass Ihre Reise reibungslos und angenehm verl\u00e4uft. Au\u00dferdem erz\u00e4hlen sie Ihnen viele interessante Geschichten \u00fcber die lokale Kultur, Geschichte und Tierwelt. Das macht die Reise zu einem ganz besonderen Erlebnis.<\/p>\n<h3>Eine Gelegenheit, Griechenlands ersten Meerespark zu erkunden<\/h3>\n<p>Besuch der <strong>Nationaler Meerespark von Alonnisos, N\u00f6rdliche Sporaden<\/strong> Es geht nicht nur darum, die Landschaft zu genie\u00dfen. Es ist auch eine Gelegenheit, mehr \u00fcber Griechenlands Bem\u00fchungen zum Schutz seiner Tierwelt zu erfahren. Der Park spielt eine Schl\u00fcsselrolle beim Schutz bedrohter Arten, insbesondere der Mittelmeer-M\u00f6nchsrobbe. Er bietet zudem vielen seltenen V\u00f6geln und Meerestieren ein sicheres Zuhause.<\/p>\n<p>F\u00fcr Naturliebhaber ist es ein unvergessliches Erlebnis, Delfine neben dem Boot schwimmen zu sehen oder eine seltene Robbe in ihrem nat\u00fcrlichen Lebensraum zu entdecken. Der Park bietet die seltene Gelegenheit, die Natur hautnah zu erleben und die Bedeutung des Schutzes dieser fragilen \u00d6kosysteme zu verstehen.<\/p>\n<h3>Fazit: Entdecken Sie die verborgenen griechischen Inseln<\/h3>\n<p>Durchsegeln <strong>unbekannte griechische Inseln<\/strong> bietet die perfekte Kombination aus Abenteuer und Entspannung. Bei einem Besuch des ersten Meeresparks Griechenlands und einer Segeltour durch die ruhigen Gew\u00e4sser von <em>die Sporaden<\/em>, Sie werden eine Seite der griechischen Inseln entdecken, die nur wenige kennen. Diese Urlaubsreisen bieten Ihnen die M\u00f6glichkeit, dem hektischen Alltag zu entfliehen und die Sch\u00f6nheit der Natur zu genie\u00dfen.<\/p>\n<p>Ob Sie ein erfahrener Segler sind oder einfach nur Ruhe und Erholung suchen \u2013 diese Reise wird Ihnen unvergessliche Erinnerungen bescheren. Die faszinierende Tierwelt, die einsamen Str\u00e4nde und die unber\u00fchrte Sch\u00f6nheit dieser Inseln machen sie zu einem einzigartigen Erlebnis. Entdecken Sie abseits der Touristenpfade die stillen, verborgenen Sch\u00e4tze Griechenlands und schaffen Sie Erinnerungen, die Sie ein Leben lang begleiten werden.<\/p>\n<h2><strong>Welche Inseln geh\u00f6ren zu den Sporaden?<\/strong><\/h2>\n<figure class=\"wp-block-table\">\n<table>\n<tbody>\n<tr>\n<td>\u00a0<\/td>\n<td>Inseln<\/td>\n<td>Landfl\u00e4che (km\u00b2)<\/td>\n<td>Bev\u00f6lkerung (2011)<\/td>\n<td>Hauptstadt<\/td>\n<\/tr>\n<tr>\n<td>1<\/td>\n<td>Skyros<\/td>\n<td>206,926<\/td>\n<td>2.888<\/td>\n<td>Skyros<\/td>\n<\/tr>\n<tr>\n<td>2<\/td>\n<td>Skopelos<\/td>\n<td>95,131<\/td>\n<td>5.041<\/td>\n<td>Skopelos<\/td>\n<\/tr>\n<tr>\n<td>3<\/td>\n<td>Alonnisos<\/td>\n<td>64,118<\/td>\n<td>2.766<\/td>\n<td>Patitiri<\/td>\n<\/tr>\n<tr>\n<td>4<\/td>\n<td>Skiathos<\/td>\n<td>47,325<\/td>\n<td>6.619<\/td>\n<td>Skiathos<\/td>\n<\/tr>\n<tr>\n<td>5<\/td>\n<td>Kira-Panagia<\/td>\n<td>24,76<\/td>\n<td>2<\/td>\n<td>\u00a0<\/td>\n<\/tr>\n<tr>\n<td>6<\/td>\n<td>Peristera<\/td>\n<td>14,25<\/td>\n<td>30<\/td>\n<td>\u00a0<\/td>\n<\/tr>\n<tr>\n<td>7<\/td>\n<td>Youra<\/td>\n<td>11,052<\/td>\n<td>0<\/td>\n<td>\u00a0<\/td>\n<\/tr>\n<tr>\n<td>8<\/td>\n<td>Skantzoura<\/td>\n<td>6,229<\/td>\n<td>0<\/td>\n<td>\u00a0<\/td>\n<\/tr>\n<tr>\n<td>9<\/td>\n<td>Valaxa<\/td>\n<td>4,333<\/td>\n<td>0<\/td>\n<td>\u00a0<\/td>\n<\/tr>\n<tr>\n<td>10<\/td>\n<td>Piperi<\/td>\n<td>4,228<\/td>\n<td>6<\/td>\n<td>\u00a0<\/td>\n<\/tr>\n<tr>\n<td>11<\/td>\n<td>Skyropoula<\/td>\n<td>3,827<\/td>\n<td>0<\/td>\n<td>\u00a0<\/td>\n<\/tr>\n<tr>\n<td>12<\/td>\n<td>Sarakino<\/td>\n<td>3,337<\/td>\n<td>0<\/td>\n<td>\u00a0<\/td>\n<\/tr>\n<tr>\n<td>13<\/td>\n<td>Tsougria<\/td>\n<td>1,173<\/td>\n<td>0<\/td>\n<td>\u00a0<\/td>\n<\/tr>\n<tr>\n<td>14<\/td>\n<td>Athelfi<\/td>\n<td>1,027<\/td>\n<td>0<\/td>\n<td>\u00a0<\/td>\n<\/tr>\n<tr>\n<td>15<\/td>\n<td>Prasso<\/td>\n<td>0,843<\/td>\n<td>0<\/td>\n<td>\u00a0<\/td>\n<\/tr>\n<tr>\n<td>16<\/td>\n<td>Psathura<\/td>\n<td>0,763<\/td>\n<td>0<\/td>\n<td>\u00a0<\/td>\n<\/tr>\n<tr>\n<td>17<\/td>\n<td>Lechousa<\/td>\n<td>0,688<\/td>\n<td>0<\/td>\n<td>\u00a0<\/td>\n<\/tr>\n<tr>\n<td>18<\/td>\n<td>Plati Skyrou (oder Platia)<\/td>\n<td>0,619<\/td>\n<td>0<\/td>\n<td>\u00a0<\/td>\n<\/tr>\n<tr>\n<td>19<\/td>\n<td>Rinia Skyrou (oder Erinia)<\/td>\n<td>0,533<\/td>\n<td>0<\/td>\n<td>\u00a0<\/td>\n<\/tr>\n<\/tbody>\n<\/table>\n<\/figure>\n<p>Quelle: Wikipedia<\/p>\n<p>Von diesen 19 Inseln sind die bekanntesten\u00a0<a href=\"https:\/\/powermarine.gr\/destination\/skiathos\/\" data-type=\"ignition_package_destination\" data-id=\"11\" rel=\"noopener\">Skiathos<\/a>,\u00a0<a href=\"https:\/\/powermarine.gr\/destination\/skopelos\/\" data-type=\"ignition_package_destination\" data-id=\"17\" rel=\"noopener\">Skopelos<\/a>,\u00a0<a href=\"https:\/\/powermarine.gr\/destination\/alonnisos\/\" data-type=\"ignition_package_destination\" data-id=\"14\" rel=\"noopener\">Alonnisos<\/a>\u00a0und Skyros. Der Rest ist unbekannt. Ihre Sch\u00f6nheit ist einzigartig und es bietet sich die Gelegenheit, sie zu entdecken.<\/p>\n<p>Mit den Yachten und den erfahrenen Skippern von <strong>Segeln auf der Chalkidiki und zu den Sporadeninseln,<\/strong>\u00a0\u00a0Ein Segelurlaub auf den unbekannten griechischen Inseln wird ein unvergessliches Erlebnis sein.<\/p>\n<p>Der\u00a0<strong>Segeln auf der Chalkidiki und zu den Sporadeninseln<\/strong>\u00a0organisiert Reisen ausschlie\u00dflich zu diesen Inseln, mit Zwischenstopps auf den gr\u00f6\u00dferen Inseln zum Auftanken. Diese Reisen richten sich an naturverbundene Menschen, die Ruhe, Erholung und direkten Kontakt zur Natur und ihren Freunden suchen!<\/p>\n\t\t\n<style>\n#text-149400054 {\n  font-size: 1.2rem;\n  line-height: 1.2;\n  text-align: left;\n}\n<\/style>\n\t<\/div>\n\t\n\n\t\t<\/div>\n\t\t\t\t\t<\/div>\n\n\t\n\n<\/div>\n\n\t\t<\/div>\n\n\t\t\n<style>\n#section_39246460 {\n  padding-top: 30px;\n  padding-bottom: 30px;\n}\n<\/style>\n\t<\/section>","protected":false},"excerpt":{"rendered":"","protected":false},"author":1,"featured_media":2623,"parent":2099,"menu_order":0,"comment_status":"closed","ping_status":"closed","template":"page-blank.php","meta":{"_acf_changed":false,"footnotes":""},"class_list":["post-1276","page","type-page","status-publish","has-post-thumbnail","hentry"],"acf":[],"yoast_head":"<!-- This site is optimized with the Yoast SEO plugin v21.9.1 - https:\/\/yoast.com\/wordpress\/plugins\/seo\/ -->\n<title>Unknown Greek islands sailing holidays - Halkidiki Sailing &amp; Sporades Islands<\/title>\n<meta name=\"description\" content=\"The unknown\u00a0Greek islands\u00a0sailing holidays is a challenge for tranquility and true relaxation from the intense rhythms of life.\" \/>\n<meta name=\"robots\" content=\"index, follow, max-snippet:-1, max-image-preview:large, max-video-preview:-1\" \/>\n<link rel=\"canonical\" href=\"https:\/\/halkidikisailing.com\/de\/destinations\/unknown-greek-islands-sailing-holidays\/\" \/>\n<meta property=\"og:locale\" content=\"de_DE\" \/>\n<meta property=\"og:type\" content=\"article\" \/>\n<meta property=\"og:title\" content=\"Unknown Greek islands sailing holidays - Halkidiki Sailing &amp; Sporades Islands\" \/>\n<meta property=\"og:description\" content=\"The unknown\u00a0Greek islands\u00a0sailing holidays is a challenge for tranquility and true relaxation from the intense rhythms of life.\" \/>\n<meta property=\"og:url\" content=\"https:\/\/halkidikisailing.com\/de\/destinations\/unknown-greek-islands-sailing-holidays\/\" \/>\n<meta property=\"og:site_name\" content=\"Halkidiki Sailing &amp; Sporades Islands\" \/>\n<meta property=\"article:publisher\" content=\"https:\/\/www.facebook.com\/halkidikisailin\" \/>\n<meta property=\"article:modified_time\" content=\"2024-10-17T09:25:10+00:00\" \/>\n<meta property=\"og:image\" content=\"https:\/\/halkidikisailing.com\/wp-content\/uploads\/2024\/02\/IMG_20200810_134337_422-\u0391\u03bd\u03c4\u03b9\u03b3\u03c1\u03b1\u03c6\u03ae.jpg\" \/>\n\t<meta property=\"og:image:width\" content=\"726\" \/>\n\t<meta property=\"og:image:height\" content=\"726\" \/>\n\t<meta property=\"og:image:type\" content=\"image\/jpeg\" \/>\n<meta name=\"twitter:card\" content=\"summary_large_image\" \/>\n<meta name=\"twitter:label1\" content=\"Gesch\u00e4tzte Lesezeit\" \/>\n\t<meta name=\"twitter:data1\" content=\"6\u00a0Minuten\" \/>\n<script type=\"application\/ld+json\" class=\"yoast-schema-graph\">{\"@context\":\"https:\/\/schema.org\",\"@graph\":[{\"@type\":\"WebPage\",\"@id\":\"https:\/\/halkidikisailing.com\/destinations\/unknown-greek-islands-sailing-holidays\/\",\"url\":\"https:\/\/halkidikisailing.com\/destinations\/unknown-greek-islands-sailing-holidays\/\",\"name\":\"Unknown Greek islands sailing holidays - Halkidiki Sailing &amp; Sporades Islands\",\"isPartOf\":{\"@id\":\"https:\/\/halkidikisailing.com\/#website\"},\"datePublished\":\"2022-10-12T14:06:00+00:00\",\"dateModified\":\"2024-10-17T09:25:10+00:00\",\"description\":\"The unknown\u00a0Greek islands\u00a0sailing holidays is a challenge for tranquility and true relaxation from the intense rhythms of life.\",\"breadcrumb\":{\"@id\":\"https:\/\/halkidikisailing.com\/destinations\/unknown-greek-islands-sailing-holidays\/#breadcrumb\"},\"inLanguage\":\"de\",\"potentialAction\":[{\"@type\":\"ReadAction\",\"target\":[\"https:\/\/halkidikisailing.com\/destinations\/unknown-greek-islands-sailing-holidays\/\"]}]},{\"@type\":\"BreadcrumbList\",\"@id\":\"https:\/\/halkidikisailing.com\/destinations\/unknown-greek-islands-sailing-holidays\/#breadcrumb\",\"itemListElement\":[{\"@type\":\"ListItem\",\"position\":1,\"name\":\"Home\",\"item\":\"https:\/\/halkidikisailing.com\/\"},{\"@type\":\"ListItem\",\"position\":2,\"name\":\"Destinations\",\"item\":\"https:\/\/halkidikisailing.com\/destinations\/\"},{\"@type\":\"ListItem\",\"position\":3,\"name\":\"Unknown Greek islands sailing holidays\"}]},{\"@type\":\"WebSite\",\"@id\":\"https:\/\/halkidikisailing.com\/#website\",\"url\":\"https:\/\/halkidikisailing.com\/\",\"name\":\"Halkidiki Sailing &amp; Sporades Islands\",\"description\":\"Sailing Cruises and Yacht Chartering Halkidiki &amp; Sporades\",\"publisher\":{\"@id\":\"https:\/\/halkidikisailing.com\/#organization\"},\"alternateName\":\"Halkidiki Sailing\",\"potentialAction\":[{\"@type\":\"SearchAction\",\"target\":{\"@type\":\"EntryPoint\",\"urlTemplate\":\"https:\/\/halkidikisailing.com\/?s={search_term_string}\"},\"query-input\":\"required name=search_term_string\"}],\"inLanguage\":\"de\"},{\"@type\":\"Organization\",\"@id\":\"https:\/\/halkidikisailing.com\/#organization\",\"name\":\"Halkidiki Sailing & Sporades Islands\",\"alternateName\":\"Halkidiki Sailing\",\"url\":\"https:\/\/halkidikisailing.com\/\",\"logo\":{\"@type\":\"ImageObject\",\"inLanguage\":\"de\",\"@id\":\"https:\/\/halkidikisailing.com\/#\/schema\/logo\/image\/\",\"url\":\"https:\/\/halkidikisailing.com\/wp-content\/uploads\/2024\/02\/halkidiki-sailing-favicon.png\",\"contentUrl\":\"https:\/\/halkidikisailing.com\/wp-content\/uploads\/2024\/02\/halkidiki-sailing-favicon.png\",\"width\":199,\"height\":198,\"caption\":\"Halkidiki Sailing & Sporades Islands\"},\"image\":{\"@id\":\"https:\/\/halkidikisailing.com\/#\/schema\/logo\/image\/\"},\"sameAs\":[\"https:\/\/www.facebook.com\/halkidikisailin\"]}]}<\/script>\n<!-- \/ Yoast SEO plugin. -->","yoast_head_json":{"title":"Segelurlaub auf unbekannten griechischen Inseln \u2013 Chalkidiki und die Sporaden","description":"Segelurlaub auf den unbekannten griechischen Inseln ist eine Herausforderung f\u00fcr alle, die Ruhe und wahre Entspannung vom intensiven Rhythmus des Lebens suchen.","robots":{"index":"index","follow":"follow","max-snippet":"max-snippet:-1","max-image-preview":"max-image-preview:large","max-video-preview":"max-video-preview:-1"},"canonical":"https:\/\/halkidikisailing.com\/de\/destinations\/unknown-greek-islands-sailing-holidays\/","og_locale":"de_DE","og_type":"article","og_title":"Unknown Greek islands sailing holidays - Halkidiki Sailing &amp; Sporades Islands","og_description":"The unknown\u00a0Greek islands\u00a0sailing holidays is a challenge for tranquility and true relaxation from the intense rhythms of life.","og_url":"https:\/\/halkidikisailing.com\/de\/destinations\/unknown-greek-islands-sailing-holidays\/","og_site_name":"Halkidiki Sailing &amp; Sporades Islands","article_publisher":"https:\/\/www.facebook.com\/halkidikisailin","article_modified_time":"2024-10-17T09:25:10+00:00","og_image":[{"width":726,"height":726,"url":"https:\/\/halkidikisailing.com\/wp-content\/uploads\/2024\/02\/IMG_20200810_134337_422-\u0391\u03bd\u03c4\u03b9\u03b3\u03c1\u03b1\u03c6\u03ae.jpg","type":"image\/jpeg"}],"twitter_card":"summary_large_image","twitter_misc":{"Gesch\u00e4tzte Lesezeit":"6\u00a0Minuten"},"schema":{"@context":"https:\/\/schema.org","@graph":[{"@type":"WebPage","@id":"https:\/\/halkidikisailing.com\/destinations\/unknown-greek-islands-sailing-holidays\/","url":"https:\/\/halkidikisailing.com\/destinations\/unknown-greek-islands-sailing-holidays\/","name":"Segelurlaub auf unbekannten griechischen Inseln \u2013 Chalkidiki und die Sporaden","isPartOf":{"@id":"https:\/\/halkidikisailing.com\/#website"},"datePublished":"2022-10-12T14:06:00+00:00","dateModified":"2024-10-17T09:25:10+00:00","description":"Segelurlaub auf den unbekannten griechischen Inseln ist eine Herausforderung f\u00fcr alle, die Ruhe und wahre Entspannung vom intensiven Rhythmus des Lebens suchen.","breadcrumb":{"@id":"https:\/\/halkidikisailing.com\/destinations\/unknown-greek-islands-sailing-holidays\/#breadcrumb"},"inLanguage":"de","potentialAction":[{"@type":"ReadAction","target":["https:\/\/halkidikisailing.com\/destinations\/unknown-greek-islands-sailing-holidays\/"]}]},{"@type":"BreadcrumbList","@id":"https:\/\/halkidikisailing.com\/destinations\/unknown-greek-islands-sailing-holidays\/#breadcrumb","itemListElement":[{"@type":"ListItem","position":1,"name":"Home","item":"https:\/\/halkidikisailing.com\/"},{"@type":"ListItem","position":2,"name":"Destinations","item":"https:\/\/halkidikisailing.com\/destinations\/"},{"@type":"ListItem","position":3,"name":"Unknown Greek islands sailing holidays"}]},{"@type":"WebSite","@id":"https:\/\/halkidikisailing.com\/#website","url":"https:\/\/halkidikisailing.com\/","name":"Segeln auf der Chalkidiki und zu den Sporadeninseln","description":"Segelkreuzfahrten und Yachtcharter Chalkidiki &amp; Sporaden","publisher":{"@id":"https:\/\/halkidikisailing.com\/#organization"},"alternateName":"Halkidiki Sailing","potentialAction":[{"@type":"SearchAction","target":{"@type":"EntryPoint","urlTemplate":"https:\/\/halkidikisailing.com\/?s={search_term_string}"},"query-input":"required name=search_term_string"}],"inLanguage":"de"},{"@type":"Organization","@id":"https:\/\/halkidikisailing.com\/#organization","name":"Segeln auf der Chalkidiki und zu den Sporadeninseln","alternateName":"Halkidiki Sailing","url":"https:\/\/halkidikisailing.com\/","logo":{"@type":"ImageObject","inLanguage":"de","@id":"https:\/\/halkidikisailing.com\/#\/schema\/logo\/image\/","url":"https:\/\/halkidikisailing.com\/wp-content\/uploads\/2024\/02\/halkidiki-sailing-favicon.png","contentUrl":"https:\/\/halkidikisailing.com\/wp-content\/uploads\/2024\/02\/halkidiki-sailing-favicon.png","width":199,"height":198,"caption":"Halkidiki Sailing & Sporades Islands"},"image":{"@id":"https:\/\/halkidikisailing.com\/#\/schema\/logo\/image\/"},"sameAs":["https:\/\/www.facebook.com\/halkidikisailin"]}]}},"_links":{"self":[{"href":"https:\/\/halkidikisailing.com\/de\/wp-json\/wp\/v2\/pages\/1276","targetHints":{"allow":["GET"]}}],"collection":[{"href":"https:\/\/halkidikisailing.com\/de\/wp-json\/wp\/v2\/pages"}],"about":[{"href":"https:\/\/halkidikisailing.com\/de\/wp-json\/wp\/v2\/types\/page"}],"author":[{"embeddable":true,"href":"https:\/\/halkidikisailing.com\/de\/wp-json\/wp\/v2\/users\/1"}],"replies":[{"embeddable":true,"href":"https:\/\/halkidikisailing.com\/de\/wp-json\/wp\/v2\/comments?post=1276"}],"version-history":[{"count":7,"href":"https:\/\/halkidikisailing.com\/de\/wp-json\/wp\/v2\/pages\/1276\/revisions"}],"predecessor-version":[{"id":3200,"href":"https:\/\/halkidikisailing.com\/de\/wp-json\/wp\/v2\/pages\/1276\/revisions\/3200"}],"up":[{"embeddable":true,"href":"https:\/\/halkidikisailing.com\/de\/wp-json\/wp\/v2\/pages\/2099"}],"wp:featuredmedia":[{"embeddable":true,"href":"https:\/\/halkidikisailing.com\/de\/wp-json\/wp\/v2\/media\/2623"}],"wp:attachment":[{"href":"https:\/\/halkidikisailing.com\/de\/wp-json\/wp\/v2\/media?parent=1276"}],"curies":[{"name":"wp","href":"https:\/\/api.w.org\/{rel}","templated":true}]}}