{"id":1278,"date":"2022-10-12T16:16:46","date_gmt":"2022-10-12T14:16:46","guid":{"rendered":"https:\/\/powermarine.gr\/?page_id=744"},"modified":"2025-03-07T09:07:12","modified_gmt":"2025-03-07T07:07:12","slug":"sailing-holidays-in-sporades-greece","status":"publish","type":"page","link":"https:\/\/halkidikisailing.com\/de\/destinations\/sailing-holidays-in-sporades-greece\/","title":{"rendered":"Segelurlaub in den Sporaden"},"content":{"rendered":"<section class=\"section\" id=\"section_1594523984\">\n\t\t<div class=\"bg section-bg fill bg-fill bg-loaded bg-loaded\" >\n\n\t\t\t\n\t\t\t\n\t\t\t\n\n\t\t<\/div>\n\n\t\t\n\n\t\t<div class=\"section-content relative\">\n\t\t\t\n\n<div class=\"row row-collapse row-full-width align-middle align-center\"  id=\"row-237395646\">\n\n\n\t<div id=\"col-347780344\" class=\"col small-12 large-12\"  >\n\t\t\t\t<div class=\"col-inner\"  >\n\t\t\t\n\t\t\t\n\n  <div id=\"page-header-1687347937\" class=\"page-header-wrapper\">\n  <div class=\"page-title dark simple-title\">\n\n        <div class=\"page-title-bg\">\n      <div class=\"title-bg fill bg-fill\"\n        data-parallax-container=\".page-title\"\n        data-parallax-background\n data-parallax=\"-\">\n      <\/div>\n      <div class=\"title-overlay fill\"><\/div>\n    <\/div>\n    \n    <div class=\"page-title-inner container align-center text-center flex-row-col medium-flex-wrap\" >\n              <div class=\"title-wrapper uppercase is-xlarge flex-col\">\n          <h1 class=\"entry-title mb-0\">\n            Segelurlaub in den Sporaden          <\/h1>\n        <\/div>\n                <div class=\"page-title-sub op-7 flex-col\">\n          <p class=\"lead\">Erkunden Sie die Sporaden in der nordwestlichen \u00c4g\u00e4is! Dichte Vegetation, felsige Landschaften und tiefblaues Meer.<\/p>\n        <\/div>\n                    <div class=\"title-content flex-col\">\n        <ul class=\"nav sm-touch-scroll nav-line nav-uppercase text-center nav-center\"><li class=\"nav-single-page hidden\"><\/li><\/ul>      <\/div>\n    <\/div>\n\n     \n<style>\n#page-header-1687347937 .page-title-inner {\n  min-height: 500px;\n}\n#page-header-1687347937 .title-bg {\n  background-image: url(https:\/\/halkidikisailing.com\/wp-content\/uploads\/2022\/10\/20190725_171839-scaled.jpg);\n  background-position: 56% 61%;\n}\n<\/style>\n  <\/div>\n    <\/div>\n  \n\n\n\t\t<\/div>\n\t\t\t\t\t<\/div>\n\n\t\n\n<\/div>\n\n\t\t<\/div>\n\n\t\t\n<style>\n#section_1594523984 {\n  padding-top: 0px;\n  padding-bottom: 0px;\n}\n<\/style>\n\t<\/section>\n\t\n\t<section class=\"section\" id=\"section_1902526113\">\n\t\t<div class=\"bg section-bg fill bg-fill bg-loaded bg-loaded\" >\n\n\t\t\t\n\t\t\t\n\t\t\t\n\n\t\t<\/div>\n\n\t\t\n\n\t\t<div class=\"section-content relative\">\n\t\t\t\n\n<div class=\"row align-middle align-center\"  id=\"row-1385334993\">\n\n\n\t<div id=\"col-524997842\" class=\"col small-12 large-12\"  >\n\t\t\t\t<div class=\"col-inner\"  >\n\t\t\t\n\t\t\t\n\n<h1><strong>Segelurlaub in den Sporaden<\/strong><\/h1>\n<p>Erkunden Sie die Sporaden in der nordwestlichen \u00c4g\u00e4is! Dichte Vegetation, felsige Landschaften und tiefblaues Meer!<\/p>\n<p>Ein einzigartiges und alternatives Reiseziel. Folgen Sie dem Halkidiki Sailing Team f\u00fcr\u00a0<strong>Segelurlaub auf den Sporadeninseln,<\/strong> und unvergessliche Urlaube erleben!<\/p>\n<h2><strong>Welche Inseln werden als Sporaden bezeichnet?<\/strong><\/h2>\n<p>Sporaden befinden sich in der n\u00f6rdlichen \u00c4g\u00e4is, s\u00fcdlich und \u00f6stlich von\u00a0<a href=\"\/de\/destination\/halkidiki\/\" data-type=\"ignition_package_destination\" data-id=\"12\">Chalkidiki<\/a>\u00a0und \u00f6stlich von <em><strong><a href=\"https:\/\/www.visitgreece.gr\/mainland\/thessaly\/pelion\/\" rel=\"noopener\">Pelion<\/a><\/strong><\/em> und besteht aus folgenden Inseln:<\/p>\n<p><em><strong><a href=\"\/de\/destination\/skiathos\/\" data-type=\"ignition_package_destination\" data-id=\"11\">Skiathos<\/a><\/strong><\/em> <br \/><a href=\"\/de\/destination\/skopelos\/\" data-type=\"ignition_package_destination\" data-id=\"17\"><strong>Skopelos<\/strong><\/a> <br \/><strong><em><a href=\"\/de\/destination\/alonnisos\/\" data-type=\"ignition_package_destination\" data-id=\"14\">Alonnisos<\/a><\/em><\/strong> <br \/><em><strong><a href=\"https:\/\/www.visitgreece.gr\/islands\/sporades\/skyros\/\" rel=\"noopener\">Skyros<\/a><\/strong><\/em> <br \/>Und etwa 20 kleinere Inseln und Inselchen.<\/p>\n<p>Die Inselgruppe liegt etwa 40 Seemeilen vom Festland entfernt.<\/p>\n<h2><strong> Warum sollte ich die Sporades f\u00fcr meinen Segelurlaub w\u00e4hlen? <\/strong><\/h2>\n<p><em><a href=\"https:\/\/halkidikisailing.com\/de\/meltemi-wind\/\">Meltemi (Nordostwind)<\/a><\/em>), allerdings wehen die Winde normalerweise schwach und erreichen\u00a0<em>3-5 Beaufort<\/em>. Das bedeutet, dass das Wetter ideal f\u00fcr Segelt\u00f6rns ist. <br \/>Alle Inseln verf\u00fcgen \u00fcber gut organisierte, sichere H\u00e4fen, die hervorragende Dienstleistungen bieten (Wasser, Strom, einfacher Zugang zu Siedlungen usw.). <br \/>Es gibt dort viele sichere Ecken und nautische Unterst\u00e4nde, in denen man die Nacht verbringen kann.<\/p>\n<p><strong>D\u00f6rfer sind wundersch\u00f6n<\/strong>, Jede Insel besticht durch ihre einzigartige Architektur und ihre eigenen Br\u00e4uche. Die F\u00fclle an traumhaften Str\u00e4nden z\u00e4hlt zu den herausragendsten Merkmalen der Sporaden.\u00a0<strong>Str\u00e4nde<\/strong>\u00a0F\u00fcr jeden Geschmack: isolierter, kleiner, gro\u00dfer, geordneter, feiner Sand und Kieselsteine.<\/p>\n<p>Das Essen ist ein weiterer gro\u00dfer Vorteil.\u00a0<strong>K\u00f6stliche S\u00fc\u00dfigkeiten<\/strong>,\u00a0<strong>frischer Fisch<\/strong>, Zudem wird eine Auswahl regionaler Spezialit\u00e4ten angeboten. Es gibt auch einige der exklusivsten Restaurants der Gegend.<\/p>\n<p>Es gibt ein\u00a0<strong>Nachtleben f\u00fcr alle<\/strong>, Dazu geh\u00f6ren gem\u00fctliche Pubs, malerische Caf\u00e9s, Partys und exklusive Einkaufsm\u00f6glichkeiten. Wundersch\u00f6ne Naturbilder mit \u00fcppiger Vegetation, unber\u00fchrten Landschaften, Seen in den verschiedensten Blau- und Gr\u00fcnt\u00f6nen und Panoramen, die wie Meisterwerke wirken! Segelurlaube in den Sporaden sind also wirklich einzigartig!<\/p>\n<h3><strong> Skiathos <\/strong><\/h3>\n<p>Skiathos, die kosmopolitische Insel.<\/p>\n<p>Entdecken Sie die verborgenen Sch\u00e4tze von\u00a0<strong>Skiathos<\/strong>\u00a0indem Sie den Wanderwegen folgen. Wandeln Sie auf den Spuren ber\u00fchmter Autoren wie\u00a0<em>Alexander Papadiamantis<\/em>, der durch Olivenhaine und tiefe W\u00e4lder auf dem griechischen Land wanderte.<\/p>\n<p>Der Koukounari\u00e9s-Wald und der Strofilia-See sind ein absolutes Muss f\u00fcr alle Naturliebhaber (L\u00e4nge 4,2 km). Alternativ bietet sich ein gem\u00fctlicher Spaziergang auf der Halbinsel Kanapitsa (4,9 Kilometer) an!<\/p>\n<p><em><strong> <a href=\"file:\/\/\/C:\/Downloaded%20Web%20Sites\/marine1\/powermarine.gr\/skiathos\/index.htm\">Lesen Sie mehr \u00fcber\u00a0<\/a><a href=\"\/de\/destination\/skiathos\/\" data-type=\"ignition_package_destination\" data-id=\"11\">Skiathos<\/a> <\/strong><\/em><\/p>\n<h3><strong>Skopelos<\/strong><\/h3>\n<p>Gr\u00fcn und Blau passen hier gut zusammen.<\/p>\n<p>Alle diese Elemente tragen zu diesem Bild bei.,\u00a0<strong>Griechenlands gr\u00fcnste Insel<\/strong>\u00a0mehr als die H\u00e4lfte seiner Fl\u00e4che ist von unber\u00fchrtem Kiefernwald bedeckt.<\/p>\n<p><strong><em> <a href=\"\/de\/destination\/skopelos\/\" data-type=\"ignition_package_destination\" data-id=\"17\">Lesen Sie mehr \u00fcber Skopelos<\/a> <\/em><\/strong><\/p>\n<h3><strong>Alonnisos<\/strong><\/h3>\n<p>Im Einklang mit der Umgebung f\u00fchle ich mich friedlich. Eine der faszinierendsten Inseln der Sporaden ist\u00a0<strong>Alonissos<\/strong>.<\/p>\n<p>Patitiri, der wundersch\u00f6ne Hafen der Insel, bietet eine F\u00fclle an Restaurants, Boutiquen und allem Komfort, den Sie nach einem langen Segeltag ben\u00f6tigen. Wie lautet das Kommando?<\/p>\n<p>Die Alonissos Chora liegt drei Kilometer von Patitiri entfernt und bietet einen herrlichen Blick auf den Hafen. Zu verschiedenen Tageszeiten k\u00f6nnen Sie hier die majest\u00e4tische Sch\u00f6nheit der \u00c4g\u00e4is und ihre vielf\u00e4ltigen Farben bewundern. Die beeindruckende Umgebung erinnert Sie an die besondere Natursch\u00f6nheit der Region.<\/p>\n<p><em><strong> <a href=\"\/de\/destination\/alonnisos\/\" data-type=\"ignition_package_destination\" data-id=\"14\">Lesen Sie mehr \u00fcber Alonnisos<\/a> <\/strong><\/em><\/p>\n<h3><strong>Skyros<\/strong><\/h3>\n<p>Obwohl\u00a0<strong>Skyros<\/strong>\u00a0Skyros (oder Skiros) ist eine der weniger bekannten Sporadeninseln, deren Sch\u00f6nheit jedoch unbestreitbar ist. Als eine jener weniger bekannten griechischen Inseln mit einer einzigartigen Geschichte und Kultur verdient sie mehr Aufmerksamkeit von Reisenden aus aller Welt.<\/p>\n<p>Chora, die Hauptstadt von Skyros, z\u00e4hlt zu den sch\u00f6nsten Siedlungen der Insel. Vom Gipfel des H\u00fcgels, auf dem die Villa steht, hat man einen herrlichen Blick auf die \u00c4g\u00e4is.<\/p>\n<p>Besuchen Sie die mittelalterliche Burg auf einem H\u00fcgel oberhalb von Chora, w\u00e4hrend Sie durch die kopfsteingepflasterten Gassen der Stadt schlendern und in einem der Caf\u00e9s einen Kaffee genie\u00dfen. F\u00fcr einen erholsamen Urlaub ist Skyros die perfekte griechische Insel!<\/p>\n<div class=\"bapf_apply_flatsome\">\t\n  \n    <div class=\"row large-columns-3 medium-columns- small-columns-2 row-small\" >\n  \n\t     <div class=\"product-small col has-hover product type-product post-998 status-publish first instock product_cat-trip-packages product_cat-multi-day product_cat-holidays-of-a-lifetime product_tag-alonnisos product_tag-skiathos product_tag-skopelos has-post-thumbnail virtual product-type-simple\">\n\t<div class=\"col-inner\">\n\t\n<div class=\"badge-container absolute left top z-1\">\n\n<\/div>\n\t<div class=\"product-small box\">\n\t\t<div class=\"box-image\">\n\t\t\t<div class=\"image-fade_in_back\">\n\t\t\t\t<a href=\"https:\/\/halkidikisailing.com\/de\/produkt\/5days-sailing-holidays-skiathos-skopelos-alonnisos\/\" aria-label=\"5-t\u00e4giger Segelurlaub (Skiathos \u2013 Skopelos \u2013 Alonnisos)\">\n\t\t\t\t\t<img decoding=\"async\" width=\"247\" height=\"296\" src=\"https:\/\/halkidikisailing.com\/wp-content\/uploads\/2024\/02\/halkidikisailing-Panormos-e1710346461749-247x296.jpg\" class=\"attachment-woocommerce_thumbnail size-woocommerce_thumbnail\" alt=\"5 days Sailing Holidays (Skiathos \u2013 Skopelos \u2013 Alonnisos)\" title=\"\"><img decoding=\"async\" width=\"247\" height=\"296\" src=\"https:\/\/halkidikisailing.com\/wp-content\/uploads\/2023\/12\/header_new-247x296.jpg\" class=\"show-on-hover absolute fill hide-for-small back-image\" alt=\"yacht charter halkidiki\" title=\"\">\t\t\t\t<\/a>\n\t\t\t<\/div>\n\t\t\t<div class=\"image-tools is-small top right show-on-hover\">\n\t\t\t\t\t\t\t<\/div>\n\t\t\t<div class=\"image-tools is-small hide-for-small bottom left show-on-hover\">\n\t\t\t\t\t\t\t<\/div>\n\t\t\t<div class=\"image-tools grid-tools text-center hide-for-small bottom hover-slide-in show-on-hover\">\n\t\t\t\t  <a class=\"quick-view\" data-prod=\"998\" href=\"#quick-view\">Schnellansicht<\/a>\t\t\t<\/div>\n\t\t\t\t\t<\/div>\n\n\t\t<div class=\"box-text box-text-products text-center grid-style-2\">\n\t\t\t<div class=\"title-wrapper\">\t\t<p class=\"category uppercase is-smaller no-text-overflow product-cat op-7\">\n\t\t\tReisepakete\t\t<\/p>\n\t<p class=\"name product-title woocommerce-loop-product__title\"><a href=\"https:\/\/halkidikisailing.com\/de\/produkt\/5days-sailing-holidays-skiathos-skopelos-alonnisos\/\" class=\"woocommerce-LoopProduct-link woocommerce-loop-product__link\">5-t\u00e4giger Segelurlaub (Skiathos \u2013 Skopelos \u2013 Alonnisos)<\/a><\/p><\/div><div class=\"price-wrapper\">\n\t<span class=\"price\">Aus <\/span>\n<\/div>\t\t<\/div>\n\t<\/div>\n\t\t<\/div>\n<\/div><div class=\"product-small col has-hover product type-product post-1005 status-publish instock product_cat-trip-packages product_cat-multi-day product_cat-holidays-of-a-lifetime product_tag-alonnisos has-post-thumbnail virtual product-type-simple\">\n\t<div class=\"col-inner\">\n\t\n<div class=\"badge-container absolute left top z-1\">\n\n<\/div>\n\t<div class=\"product-small box\">\n\t\t<div class=\"box-image\">\n\t\t\t<div class=\"image-fade_in_back\">\n\t\t\t\t<a href=\"https:\/\/halkidikisailing.com\/de\/produkt\/sailing-to-national-marine-park-alonnisos\/\" aria-label=\"Segelt\u00f6rn zum Nationalpark Alonnisos \u2013 7 Tage\">\n\t\t\t\t\t<img decoding=\"async\" width=\"247\" height=\"296\" src=\"https:\/\/halkidikisailing.com\/wp-content\/uploads\/2023\/12\/7powermarineyachting-alonnisos-1-247x296.jpg\" class=\"attachment-woocommerce_thumbnail size-woocommerce_thumbnail\" alt=\"Sailing to National Marine Park Alonnisos\" title=\"\"><img decoding=\"async\" width=\"247\" height=\"296\" src=\"https:\/\/halkidikisailing.com\/wp-content\/uploads\/2023\/12\/7powermarineyachting-alonnisos-2-247x296.jpg\" class=\"show-on-hover absolute fill hide-for-small back-image\" alt=\"\" title=\"\">\t\t\t\t<\/a>\n\t\t\t<\/div>\n\t\t\t<div class=\"image-tools is-small top right show-on-hover\">\n\t\t\t\t\t\t\t<\/div>\n\t\t\t<div class=\"image-tools is-small hide-for-small bottom left show-on-hover\">\n\t\t\t\t\t\t\t<\/div>\n\t\t\t<div class=\"image-tools grid-tools text-center hide-for-small bottom hover-slide-in show-on-hover\">\n\t\t\t\t  <a class=\"quick-view\" data-prod=\"1005\" href=\"#quick-view\">Schnellansicht<\/a>\t\t\t<\/div>\n\t\t\t\t\t<\/div>\n\n\t\t<div class=\"box-text box-text-products text-center grid-style-2\">\n\t\t\t<div class=\"title-wrapper\">\t\t<p class=\"category uppercase is-smaller no-text-overflow product-cat op-7\">\n\t\t\tReisepakete\t\t<\/p>\n\t<p class=\"name product-title woocommerce-loop-product__title\"><a href=\"https:\/\/halkidikisailing.com\/de\/produkt\/sailing-to-national-marine-park-alonnisos\/\" class=\"woocommerce-LoopProduct-link woocommerce-loop-product__link\">Segelt\u00f6rn zum Nationalpark Alonnisos \u2013 7 Tage<\/a><\/p><\/div><div class=\"price-wrapper\">\n\t<span class=\"price\">Aus <\/span>\n<\/div>\t\t<\/div>\n\t<\/div>\n\t\t<\/div>\n<\/div><div class=\"product-small col has-hover product type-product post-996 status-publish last instock product_cat-trip-packages product_cat-multi-day product_cat-holidays-of-a-lifetime product_tag-alonnisos product_tag-skiathos product_tag-skopelos has-post-thumbnail virtual product-type-simple\">\n\t<div class=\"col-inner\">\n\t\n<div class=\"badge-container absolute left top z-1\">\n\n<\/div>\n\t<div class=\"product-small box\">\n\t\t<div class=\"box-image\">\n\t\t\t<div class=\"image-fade_in_back\">\n\t\t\t\t<a href=\"https:\/\/halkidikisailing.com\/de\/produkt\/sailing-trip-skiathos-skopelos-alonnisos\/\" aria-label=\"7-t\u00e4giger Segelt\u00f6rn (Skiathos \u2013 Skopelos \u2013 Alonnisos)\">\n\t\t\t\t\t<img decoding=\"async\" width=\"247\" height=\"296\" src=\"https:\/\/halkidikisailing.com\/wp-content\/uploads\/2024\/03\/Alkyoni-Skopelos-247x296.png\" class=\"attachment-woocommerce_thumbnail size-woocommerce_thumbnail\" alt=\"Sailing trip (Skiathos \u2013 Skopelos \u2013 Alonnisos)\" title=\"\"><img decoding=\"async\" width=\"247\" height=\"296\" src=\"https:\/\/halkidikisailing.com\/wp-content\/uploads\/2024\/01\/4.Jeanneau53-halkidikisailing.com_-scaled-247x296.jpg\" class=\"show-on-hover absolute fill hide-for-small back-image\" alt=\"Jeanneau 53 - 7 DAYS SAILING TRIP (SKIATHOS \u2013 SKOPELOS \u2013 ALONNISOS)\" title=\"\">\t\t\t\t<\/a>\n\t\t\t<\/div>\n\t\t\t<div class=\"image-tools is-small top right show-on-hover\">\n\t\t\t\t\t\t\t<\/div>\n\t\t\t<div class=\"image-tools is-small hide-for-small bottom left show-on-hover\">\n\t\t\t\t\t\t\t<\/div>\n\t\t\t<div class=\"image-tools grid-tools text-center hide-for-small bottom hover-slide-in show-on-hover\">\n\t\t\t\t  <a class=\"quick-view\" data-prod=\"996\" href=\"#quick-view\">Schnellansicht<\/a>\t\t\t<\/div>\n\t\t\t\t\t<\/div>\n\n\t\t<div class=\"box-text box-text-products text-center grid-style-2\">\n\t\t\t<div class=\"title-wrapper\">\t\t<p class=\"category uppercase is-smaller no-text-overflow product-cat op-7\">\n\t\t\tReisepakete\t\t<\/p>\n\t<p class=\"name product-title woocommerce-loop-product__title\"><a href=\"https:\/\/halkidikisailing.com\/de\/produkt\/sailing-trip-skiathos-skopelos-alonnisos\/\" class=\"woocommerce-LoopProduct-link woocommerce-loop-product__link\">7-t\u00e4giger Segelt\u00f6rn (Skiathos \u2013 Skopelos \u2013 Alonnisos)<\/a><\/p><\/div><div class=\"price-wrapper\">\n\t<span class=\"price\">Aus <\/span>\n<\/div>\t\t<\/div>\n\t<\/div>\n\t\t<\/div>\n<\/div><\/div><\/div>\n\n\n\t\t<\/div>\n\t\t\t\t\t<\/div>\n\n\t\n\n<\/div>\n\n\t\t<\/div>\n\n\t\t\n<style>\n#section_1902526113 {\n  padding-top: 30px;\n  padding-bottom: 30px;\n}\n<\/style>\n\t<\/section>","protected":false},"excerpt":{"rendered":"","protected":false},"author":1,"featured_media":2571,"parent":2099,"menu_order":0,"comment_status":"closed","ping_status":"closed","template":"page-blank.php","meta":{"_acf_changed":false,"footnotes":""},"class_list":["post-1278","page","type-page","status-publish","has-post-thumbnail","hentry"],"acf":[],"yoast_head":"<!-- This site is optimized with the Yoast SEO plugin v21.9.1 - https:\/\/yoast.com\/wordpress\/plugins\/seo\/ -->\n<title>Sailing Holidays in Sporades - Halkidiki Sailing &amp; Sporades Islands Sporades<\/title>\n<meta name=\"description\" content=\"Go for\u00a0sailing holidays in Sporades\u00a0(Skiathos, Skopelos, Alonnisos, Skyros) and have a life-time vacations!\" \/>\n<meta name=\"robots\" content=\"index, follow, max-snippet:-1, max-image-preview:large, max-video-preview:-1\" \/>\n<link rel=\"canonical\" href=\"https:\/\/halkidikisailing.com\/de\/destinations\/sailing-holidays-in-sporades-greece\/\" \/>\n<meta property=\"og:locale\" content=\"de_DE\" \/>\n<meta property=\"og:type\" content=\"article\" \/>\n<meta property=\"og:title\" content=\"Sailing Holidays in Sporades - Halkidiki Sailing &amp; Sporades Islands Sporades\" \/>\n<meta property=\"og:description\" content=\"Go for\u00a0sailing holidays in Sporades\u00a0(Skiathos, Skopelos, Alonnisos, Skyros) and have a life-time vacations!\" \/>\n<meta property=\"og:url\" content=\"https:\/\/halkidikisailing.com\/de\/destinations\/sailing-holidays-in-sporades-greece\/\" \/>\n<meta property=\"og:site_name\" content=\"Halkidiki Sailing &amp; Sporades Islands\" \/>\n<meta property=\"article:publisher\" content=\"https:\/\/www.facebook.com\/halkidikisailin\" \/>\n<meta property=\"article:modified_time\" content=\"2025-03-07T07:07:12+00:00\" \/>\n<meta property=\"og:image\" content=\"https:\/\/halkidikisailing.com\/wp-content\/uploads\/2024\/02\/FB_IMG_1582130916388.jpg\" \/>\n\t<meta property=\"og:image:width\" content=\"720\" \/>\n\t<meta property=\"og:image:height\" content=\"720\" \/>\n\t<meta property=\"og:image:type\" content=\"image\/jpeg\" \/>\n<meta name=\"twitter:card\" content=\"summary_large_image\" \/>\n<meta name=\"twitter:label1\" content=\"Gesch\u00e4tzte Lesezeit\" \/>\n\t<meta name=\"twitter:data1\" content=\"3\u00a0Minuten\" \/>\n<script type=\"application\/ld+json\" class=\"yoast-schema-graph\">{\"@context\":\"https:\/\/schema.org\",\"@graph\":[{\"@type\":\"WebPage\",\"@id\":\"https:\/\/halkidikisailing.com\/destinations\/sailing-holidays-in-sporades-greece\/\",\"url\":\"https:\/\/halkidikisailing.com\/destinations\/sailing-holidays-in-sporades-greece\/\",\"name\":\"Sailing Holidays in Sporades - Halkidiki Sailing &amp; Sporades Islands Sporades\",\"isPartOf\":{\"@id\":\"https:\/\/halkidikisailing.com\/#website\"},\"datePublished\":\"2022-10-12T14:16:46+00:00\",\"dateModified\":\"2025-03-07T07:07:12+00:00\",\"description\":\"Go for\u00a0sailing holidays in Sporades\u00a0(Skiathos, Skopelos, Alonnisos, Skyros) and have a life-time vacations!\",\"breadcrumb\":{\"@id\":\"https:\/\/halkidikisailing.com\/destinations\/sailing-holidays-in-sporades-greece\/#breadcrumb\"},\"inLanguage\":\"de\",\"potentialAction\":[{\"@type\":\"ReadAction\",\"target\":[\"https:\/\/halkidikisailing.com\/destinations\/sailing-holidays-in-sporades-greece\/\"]}]},{\"@type\":\"BreadcrumbList\",\"@id\":\"https:\/\/halkidikisailing.com\/destinations\/sailing-holidays-in-sporades-greece\/#breadcrumb\",\"itemListElement\":[{\"@type\":\"ListItem\",\"position\":1,\"name\":\"Home\",\"item\":\"https:\/\/halkidikisailing.com\/\"},{\"@type\":\"ListItem\",\"position\":2,\"name\":\"Destinations\",\"item\":\"https:\/\/halkidikisailing.com\/destinations\/\"},{\"@type\":\"ListItem\",\"position\":3,\"name\":\"Sailing Holidays in Sporades\"}]},{\"@type\":\"WebSite\",\"@id\":\"https:\/\/halkidikisailing.com\/#website\",\"url\":\"https:\/\/halkidikisailing.com\/\",\"name\":\"Halkidiki Sailing &amp; Sporades Islands\",\"description\":\"Sailing Cruises and Yacht Chartering Halkidiki &amp; Sporades\",\"publisher\":{\"@id\":\"https:\/\/halkidikisailing.com\/#organization\"},\"alternateName\":\"Halkidiki Sailing\",\"potentialAction\":[{\"@type\":\"SearchAction\",\"target\":{\"@type\":\"EntryPoint\",\"urlTemplate\":\"https:\/\/halkidikisailing.com\/?s={search_term_string}\"},\"query-input\":\"required name=search_term_string\"}],\"inLanguage\":\"de\"},{\"@type\":\"Organization\",\"@id\":\"https:\/\/halkidikisailing.com\/#organization\",\"name\":\"Halkidiki Sailing & Sporades Islands\",\"alternateName\":\"Halkidiki Sailing\",\"url\":\"https:\/\/halkidikisailing.com\/\",\"logo\":{\"@type\":\"ImageObject\",\"inLanguage\":\"de\",\"@id\":\"https:\/\/halkidikisailing.com\/#\/schema\/logo\/image\/\",\"url\":\"https:\/\/halkidikisailing.com\/wp-content\/uploads\/2024\/02\/halkidiki-sailing-favicon.png\",\"contentUrl\":\"https:\/\/halkidikisailing.com\/wp-content\/uploads\/2024\/02\/halkidiki-sailing-favicon.png\",\"width\":199,\"height\":198,\"caption\":\"Halkidiki Sailing & Sporades Islands\"},\"image\":{\"@id\":\"https:\/\/halkidikisailing.com\/#\/schema\/logo\/image\/\"},\"sameAs\":[\"https:\/\/www.facebook.com\/halkidikisailin\"]}]}<\/script>\n<!-- \/ Yoast SEO plugin. -->","yoast_head_json":{"title":"Segelurlaub in den Sporaden - Chalkidiki Sailing &amp; Sporadeninseln","description":"Verbringen Sie einen Segelurlaub in den Sporaden (Skiathos, Skopelos, Alonnisos, Skyros) und erleben Sie einen unvergesslichen Urlaub!","robots":{"index":"index","follow":"follow","max-snippet":"max-snippet:-1","max-image-preview":"max-image-preview:large","max-video-preview":"max-video-preview:-1"},"canonical":"https:\/\/halkidikisailing.com\/de\/destinations\/sailing-holidays-in-sporades-greece\/","og_locale":"de_DE","og_type":"article","og_title":"Sailing Holidays in Sporades - Halkidiki Sailing &amp; Sporades Islands Sporades","og_description":"Go for\u00a0sailing holidays in Sporades\u00a0(Skiathos, Skopelos, Alonnisos, Skyros) and have a life-time vacations!","og_url":"https:\/\/halkidikisailing.com\/de\/destinations\/sailing-holidays-in-sporades-greece\/","og_site_name":"Halkidiki Sailing &amp; Sporades Islands","article_publisher":"https:\/\/www.facebook.com\/halkidikisailin","article_modified_time":"2025-03-07T07:07:12+00:00","og_image":[{"width":720,"height":720,"url":"https:\/\/halkidikisailing.com\/wp-content\/uploads\/2024\/02\/FB_IMG_1582130916388.jpg","type":"image\/jpeg"}],"twitter_card":"summary_large_image","twitter_misc":{"Gesch\u00e4tzte Lesezeit":"3\u00a0Minuten"},"schema":{"@context":"https:\/\/schema.org","@graph":[{"@type":"WebPage","@id":"https:\/\/halkidikisailing.com\/destinations\/sailing-holidays-in-sporades-greece\/","url":"https:\/\/halkidikisailing.com\/destinations\/sailing-holidays-in-sporades-greece\/","name":"Segelurlaub in den Sporaden - Chalkidiki Sailing &amp; Sporadeninseln","isPartOf":{"@id":"https:\/\/halkidikisailing.com\/#website"},"datePublished":"2022-10-12T14:16:46+00:00","dateModified":"2025-03-07T07:07:12+00:00","description":"Verbringen Sie einen Segelurlaub in den Sporaden (Skiathos, Skopelos, Alonnisos, Skyros) und erleben Sie einen unvergesslichen Urlaub!","breadcrumb":{"@id":"https:\/\/halkidikisailing.com\/destinations\/sailing-holidays-in-sporades-greece\/#breadcrumb"},"inLanguage":"de","potentialAction":[{"@type":"ReadAction","target":["https:\/\/halkidikisailing.com\/destinations\/sailing-holidays-in-sporades-greece\/"]}]},{"@type":"BreadcrumbList","@id":"https:\/\/halkidikisailing.com\/destinations\/sailing-holidays-in-sporades-greece\/#breadcrumb","itemListElement":[{"@type":"ListItem","position":1,"name":"Home","item":"https:\/\/halkidikisailing.com\/"},{"@type":"ListItem","position":2,"name":"Destinations","item":"https:\/\/halkidikisailing.com\/destinations\/"},{"@type":"ListItem","position":3,"name":"Sailing Holidays in Sporades"}]},{"@type":"WebSite","@id":"https:\/\/halkidikisailing.com\/#website","url":"https:\/\/halkidikisailing.com\/","name":"Segeln auf der Chalkidiki und zu den Sporadeninseln","description":"Segelkreuzfahrten und Yachtcharter Chalkidiki &amp; Sporaden","publisher":{"@id":"https:\/\/halkidikisailing.com\/#organization"},"alternateName":"Halkidiki Sailing","potentialAction":[{"@type":"SearchAction","target":{"@type":"EntryPoint","urlTemplate":"https:\/\/halkidikisailing.com\/?s={search_term_string}"},"query-input":"required name=search_term_string"}],"inLanguage":"de"},{"@type":"Organization","@id":"https:\/\/halkidikisailing.com\/#organization","name":"Segeln auf der Chalkidiki und zu den Sporadeninseln","alternateName":"Halkidiki Sailing","url":"https:\/\/halkidikisailing.com\/","logo":{"@type":"ImageObject","inLanguage":"de","@id":"https:\/\/halkidikisailing.com\/#\/schema\/logo\/image\/","url":"https:\/\/halkidikisailing.com\/wp-content\/uploads\/2024\/02\/halkidiki-sailing-favicon.png","contentUrl":"https:\/\/halkidikisailing.com\/wp-content\/uploads\/2024\/02\/halkidiki-sailing-favicon.png","width":199,"height":198,"caption":"Halkidiki Sailing & Sporades Islands"},"image":{"@id":"https:\/\/halkidikisailing.com\/#\/schema\/logo\/image\/"},"sameAs":["https:\/\/www.facebook.com\/halkidikisailin"]}]}},"_links":{"self":[{"href":"https:\/\/halkidikisailing.com\/de\/wp-json\/wp\/v2\/pages\/1278","targetHints":{"allow":["GET"]}}],"collection":[{"href":"https:\/\/halkidikisailing.com\/de\/wp-json\/wp\/v2\/pages"}],"about":[{"href":"https:\/\/halkidikisailing.com\/de\/wp-json\/wp\/v2\/types\/page"}],"author":[{"embeddable":true,"href":"https:\/\/halkidikisailing.com\/de\/wp-json\/wp\/v2\/users\/1"}],"replies":[{"embeddable":true,"href":"https:\/\/halkidikisailing.com\/de\/wp-json\/wp\/v2\/comments?post=1278"}],"version-history":[{"count":2,"href":"https:\/\/halkidikisailing.com\/de\/wp-json\/wp\/v2\/pages\/1278\/revisions"}],"predecessor-version":[{"id":3490,"href":"https:\/\/halkidikisailing.com\/de\/wp-json\/wp\/v2\/pages\/1278\/revisions\/3490"}],"up":[{"embeddable":true,"href":"https:\/\/halkidikisailing.com\/de\/wp-json\/wp\/v2\/pages\/2099"}],"wp:featuredmedia":[{"embeddable":true,"href":"https:\/\/halkidikisailing.com\/de\/wp-json\/wp\/v2\/media\/2571"}],"wp:attachment":[{"href":"https:\/\/halkidikisailing.com\/de\/wp-json\/wp\/v2\/media?parent=1278"}],"curies":[{"name":"wp","href":"https:\/\/api.w.org\/{rel}","templated":true}]}}