{"id":1280,"date":"2022-10-12T16:25:34","date_gmt":"2022-10-12T14:25:34","guid":{"rendered":"https:\/\/powermarine.gr\/?page_id=753"},"modified":"2024-02-28T17:35:06","modified_gmt":"2024-02-28T15:35:06","slug":"ecological-cheap-holidays","status":"publish","type":"page","link":"https:\/\/halkidikisailing.com\/de\/information\/ecological-cheap-holidays\/","title":{"rendered":"\u00d6kologischer und g\u00fcnstiger Urlaub mit einem Segelboot"},"content":{"rendered":"<section class=\"section\" id=\"section_1496574845\">\n\t\t<div class=\"bg section-bg fill bg-fill bg-loaded bg-loaded\" >\n\n\t\t\t\n\t\t\t\n\t\t\t\n\n\t\t<\/div>\n\n\t\t\n\n\t\t<div class=\"section-content relative\">\n\t\t\t\n\n<div class=\"row row-collapse row-full-width align-middle align-center\"  id=\"row-1889684895\">\n\n\n\t<div id=\"col-12627513\" class=\"col small-12 large-12\"  >\n\t\t\t\t<div class=\"col-inner\"  >\n\t\t\t\n\t\t\t\n\n  <div id=\"page-header-2060974382\" class=\"page-header-wrapper\">\n  <div class=\"page-title dark simple-title\">\n\n        <div class=\"page-title-bg\">\n      <div class=\"title-bg fill bg-fill\"\n        data-parallax-container=\".page-title\"\n        data-parallax-background\n data-parallax=\"-\">\n      <\/div>\n      <div class=\"title-overlay fill\"><\/div>\n    <\/div>\n    \n    <div class=\"page-title-inner container align-center text-center flex-row-col medium-flex-wrap\" >\n              <div class=\"title-wrapper uppercase flex-col\">\n          <h1 class=\"entry-title mb-0\">\n            \u00d6kologischer und g\u00fcnstiger Urlaub mit einem Segelboot          <\/h1>\n        <\/div>\n                <div class=\"page-title-sub op-7 flex-col\">\n          <p class=\"lead\">\u00d6kologischer und preiswerter Urlaub mit einer Segelyacht, mit Halkidiki Sailing nach Chalkidiki, Skiathos, Skopelos, Alonnisos.<\/p>\n        <\/div>\n                    <div class=\"title-content flex-col\">\n        <ul class=\"nav sm-touch-scroll nav-line nav-uppercase text-center nav-center\"><li class=\"nav-single-page hidden\"><\/li><\/ul>      <\/div>\n    <\/div>\n\n     \n<style>\n#page-header-2060974382 .page-title-inner {\n  min-height: 500px;\n}\n#page-header-2060974382 .title-bg {\n  background-image: url(https:\/\/halkidikisailing.com\/wp-content\/uploads\/2022\/10\/IMG_0884-scaled.jpg);\n  background-position: 49% 37%;\n}\n<\/style>\n  <\/div>\n    <\/div>\n  \n\n\n\t\t<\/div>\n\t\t\t\t\t<\/div>\n\n\t\n\n<\/div>\n\n\t\t<\/div>\n\n\t\t\n<style>\n#section_1496574845 {\n  padding-top: 0px;\n  padding-bottom: 0px;\n}\n<\/style>\n\t<\/section>\n\t\n\t<section class=\"section\" id=\"section_796047721\">\n\t\t<div class=\"bg section-bg fill bg-fill bg-loaded bg-loaded\" >\n\n\t\t\t\n\t\t\t\n\t\t\t\n\n\t\t<\/div>\n\n\t\t\n\n\t\t<div class=\"section-content relative\">\n\t\t\t\n\n<div class=\"row align-middle align-center\"  id=\"row-1370870199\">\n\n\n\t<div id=\"col-582304252\" class=\"col small-12 large-12\"  >\n\t\t\t\t<div class=\"col-inner\"  >\n\t\t\t\n\t\t\t\n\n<h1>Warum sollten Sie f\u00fcr Ihren Urlaub ein Segelboot w\u00e4hlen?<\/h1>\n<p>Wer Griechenland als Reiseziel f\u00fcr seinen Segelurlaub w\u00e4hlt, dem erwartet eine Vielfalt an atemberaubenden Landschaften und malerischen Ausblicken unz\u00e4hlige M\u00f6glichkeiten. Eine Segelreise ist ein ganz besonderes Erlebnis. Sie spricht sowohl Abenteuerlustige als auch Urlauber an, die ein alternatives Urlaubserlebnis suchen. Segelurlaube sind au\u00dferdem <strong><em>\u00d6kologische und g\u00fcnstige Urlaubsreisen<\/em><\/strong>.<\/p>\n<p>Ein Boot, das haupts\u00e4chlich vom Wind angetrieben wird, vermittelt ein unvergleichliches Freiheitsgef\u00fchl und eine enge Verbindung zur Natur. Zudem sind viele der atemberaubenden Str\u00e4nde Griechenlands, die auf herk\u00f6mmlichem Wege unzug\u00e4nglich sind, mit einem Segelboot problemlos erreichbar.<\/p>\n<p>Neben seiner Funktion als Transportmittel kann ein Segelboot auch als schwimmender Knotenpunkt f\u00fcr verschiedene Wassersportarten wie Windsurfen, Angeln und Tauchen dienen \u2013 Aktivit\u00e4ten, die <strong><em>Halkidiki Sailing<\/em><\/strong> bietet dies seinen Kunden gerne an. So kombinieren Sie <strong><em>\u00d6kologische und g\u00fcnstige Urlaubsreisen<\/em><\/strong> mit Action und Abenteuer.<\/p>\n<p>Wenn man die Abwesenheit von Seeverkehr, im krassen Gegensatz zu den \u00fcberf\u00fcllten Sommerstr\u00e4nden, erw\u00e4hnt, wird deutlich, dass ein Segelurlaub die optimale Art f\u00fcr einen Touristen ist, das Meer zu erkunden.<em><strong><a href=\"https:\/\/www.visitgreece.gr\/islands\/\" rel=\"noopener\"> Griechische Inseln<\/a><\/strong><\/em> und dar\u00fcber hinaus.<\/p>\n<p>Der \u00f6kologische Fu\u00dfabdruck einer Yacht ist ein weiterer spannender Aspekt, da sie mithilfe des Windes unbegrenzt segeln kann. Der Motoreinsatz beschr\u00e4nkt sich haupts\u00e4chlich auf Abfahrten, Ank\u00fcnfte oder ruhiges Wetter; die Bootsmotoren verf\u00fcgen \u00fcber eine moderate Leistung und einen ausgezeichneten Kraftstoffverbrauch.<\/p>\n<p>Entgegen einer weit verbreiteten Fehlvorstellung \u00fcber die Kosten von Segelurlauben sollten Sie sich auf Folgendes verlassen:<em><strong><a href=\"https:\/\/halkidikisailing.com\/de\/information\/sailing-holidays-greece\/\"> Halkidiki Sailing<\/a><\/strong><\/em> f\u00fcr die Gelegenheit, ein <strong><em>\u00d6kologische und g\u00fcnstige Urlaubsreisen<\/em><\/strong> in den bezaubernden griechischen Meeren.<\/p>\n\n\t\t<\/div>\n\t\t\t\t\t<\/div>\n\n\t\n\n<\/div>\n\n\t\t<\/div>\n\n\t\t\n<style>\n#section_796047721 {\n  padding-top: 30px;\n  padding-bottom: 30px;\n}\n<\/style>\n\t<\/section>","protected":false},"excerpt":{"rendered":"","protected":false},"author":1,"featured_media":2306,"parent":2101,"menu_order":0,"comment_status":"closed","ping_status":"closed","template":"page-blank.php","meta":{"_acf_changed":false,"footnotes":""},"class_list":["post-1280","page","type-page","status-publish","has-post-thumbnail","hentry"],"acf":[],"yoast_head":"<!-- This site is optimized with the Yoast SEO plugin v21.9.1 - https:\/\/yoast.com\/wordpress\/plugins\/seo\/ -->\n<title>Ecological and cheap holidays with a sailing boat - Halkidiki Sailing &amp; Sporades Islands<\/title>\n<meta name=\"description\" content=\"Ecological and cheap holidays with a sailing yacht, with Halkidiki Sailing to Halkidiki, Skiathos, Skopelos, Alonnisos.\" \/>\n<meta name=\"robots\" content=\"index, follow, max-snippet:-1, max-image-preview:large, max-video-preview:-1\" \/>\n<link rel=\"canonical\" href=\"https:\/\/halkidikisailing.com\/de\/information\/ecological-cheap-holidays\/\" \/>\n<meta property=\"og:locale\" content=\"de_DE\" \/>\n<meta property=\"og:type\" content=\"article\" \/>\n<meta property=\"og:title\" content=\"Ecological and cheap holidays with a sailing boat - Halkidiki Sailing &amp; Sporades Islands\" \/>\n<meta property=\"og:description\" content=\"Ecological and cheap holidays with a sailing yacht, with Halkidiki Sailing to Halkidiki, Skiathos, Skopelos, Alonnisos.\" \/>\n<meta property=\"og:url\" content=\"https:\/\/halkidikisailing.com\/de\/information\/ecological-cheap-holidays\/\" \/>\n<meta property=\"og:site_name\" content=\"Halkidiki Sailing &amp; Sporades Islands\" \/>\n<meta property=\"article:publisher\" content=\"https:\/\/www.facebook.com\/halkidikisailin\" \/>\n<meta property=\"article:modified_time\" content=\"2024-02-28T15:35:06+00:00\" \/>\n<meta property=\"og:image\" content=\"https:\/\/halkidikisailing.com\/wp-content\/uploads\/2022\/10\/11265559_751236158328718_3219780936808469175_n.jpg\" \/>\n\t<meta property=\"og:image:width\" content=\"960\" \/>\n\t<meta property=\"og:image:height\" content=\"720\" \/>\n\t<meta property=\"og:image:type\" content=\"image\/jpeg\" \/>\n<meta name=\"twitter:card\" content=\"summary_large_image\" \/>\n<meta name=\"twitter:label1\" content=\"Gesch\u00e4tzte Lesezeit\" \/>\n\t<meta name=\"twitter:data1\" content=\"2\u00a0Minuten\" \/>\n<script type=\"application\/ld+json\" class=\"yoast-schema-graph\">{\"@context\":\"https:\/\/schema.org\",\"@graph\":[{\"@type\":\"WebPage\",\"@id\":\"https:\/\/halkidikisailing.com\/information\/ecological-cheap-holidays\/\",\"url\":\"https:\/\/halkidikisailing.com\/information\/ecological-cheap-holidays\/\",\"name\":\"Ecological and cheap holidays with a sailing boat - Halkidiki Sailing &amp; Sporades Islands\",\"isPartOf\":{\"@id\":\"https:\/\/halkidikisailing.com\/#website\"},\"datePublished\":\"2022-10-12T14:25:34+00:00\",\"dateModified\":\"2024-02-28T15:35:06+00:00\",\"description\":\"Ecological and cheap holidays with a sailing yacht, with Halkidiki Sailing to Halkidiki, Skiathos, Skopelos, Alonnisos.\",\"breadcrumb\":{\"@id\":\"https:\/\/halkidikisailing.com\/information\/ecological-cheap-holidays\/#breadcrumb\"},\"inLanguage\":\"de\",\"potentialAction\":[{\"@type\":\"ReadAction\",\"target\":[\"https:\/\/halkidikisailing.com\/information\/ecological-cheap-holidays\/\"]}]},{\"@type\":\"BreadcrumbList\",\"@id\":\"https:\/\/halkidikisailing.com\/information\/ecological-cheap-holidays\/#breadcrumb\",\"itemListElement\":[{\"@type\":\"ListItem\",\"position\":1,\"name\":\"Home\",\"item\":\"https:\/\/halkidikisailing.com\/\"},{\"@type\":\"ListItem\",\"position\":2,\"name\":\"Information\",\"item\":\"https:\/\/halkidikisailing.com\/information\/\"},{\"@type\":\"ListItem\",\"position\":3,\"name\":\"Ecological and cheap holidays with a sailing boat\"}]},{\"@type\":\"WebSite\",\"@id\":\"https:\/\/halkidikisailing.com\/#website\",\"url\":\"https:\/\/halkidikisailing.com\/\",\"name\":\"Halkidiki Sailing &amp; Sporades Islands\",\"description\":\"Sailing Cruises and Yacht Chartering Halkidiki &amp; Sporades\",\"publisher\":{\"@id\":\"https:\/\/halkidikisailing.com\/#organization\"},\"alternateName\":\"Halkidiki Sailing\",\"potentialAction\":[{\"@type\":\"SearchAction\",\"target\":{\"@type\":\"EntryPoint\",\"urlTemplate\":\"https:\/\/halkidikisailing.com\/?s={search_term_string}\"},\"query-input\":\"required name=search_term_string\"}],\"inLanguage\":\"de\"},{\"@type\":\"Organization\",\"@id\":\"https:\/\/halkidikisailing.com\/#organization\",\"name\":\"Halkidiki Sailing & Sporades Islands\",\"alternateName\":\"Halkidiki Sailing\",\"url\":\"https:\/\/halkidikisailing.com\/\",\"logo\":{\"@type\":\"ImageObject\",\"inLanguage\":\"de\",\"@id\":\"https:\/\/halkidikisailing.com\/#\/schema\/logo\/image\/\",\"url\":\"https:\/\/halkidikisailing.com\/wp-content\/uploads\/2024\/02\/halkidiki-sailing-favicon.png\",\"contentUrl\":\"https:\/\/halkidikisailing.com\/wp-content\/uploads\/2024\/02\/halkidiki-sailing-favicon.png\",\"width\":199,\"height\":198,\"caption\":\"Halkidiki Sailing & Sporades Islands\"},\"image\":{\"@id\":\"https:\/\/halkidikisailing.com\/#\/schema\/logo\/image\/\"},\"sameAs\":[\"https:\/\/www.facebook.com\/halkidikisailin\"]}]}<\/script>\n<!-- \/ Yoast SEO plugin. -->","yoast_head_json":{"title":"\u00d6kologischer und preiswerter Segelurlaub \u2013 Chalkidiki und die Sporaden","description":"\u00d6kologischer und preiswerter Urlaub mit einer Segelyacht, mit Halkidiki Sailing nach Chalkidiki, Skiathos, Skopelos, Alonnisos.","robots":{"index":"index","follow":"follow","max-snippet":"max-snippet:-1","max-image-preview":"max-image-preview:large","max-video-preview":"max-video-preview:-1"},"canonical":"https:\/\/halkidikisailing.com\/de\/information\/ecological-cheap-holidays\/","og_locale":"de_DE","og_type":"article","og_title":"Ecological and cheap holidays with a sailing boat - Halkidiki Sailing &amp; Sporades Islands","og_description":"Ecological and cheap holidays with a sailing yacht, with Halkidiki Sailing to Halkidiki, Skiathos, Skopelos, Alonnisos.","og_url":"https:\/\/halkidikisailing.com\/de\/information\/ecological-cheap-holidays\/","og_site_name":"Halkidiki Sailing &amp; Sporades Islands","article_publisher":"https:\/\/www.facebook.com\/halkidikisailin","article_modified_time":"2024-02-28T15:35:06+00:00","og_image":[{"width":960,"height":720,"url":"https:\/\/halkidikisailing.com\/wp-content\/uploads\/2022\/10\/11265559_751236158328718_3219780936808469175_n.jpg","type":"image\/jpeg"}],"twitter_card":"summary_large_image","twitter_misc":{"Gesch\u00e4tzte Lesezeit":"2\u00a0Minuten"},"schema":{"@context":"https:\/\/schema.org","@graph":[{"@type":"WebPage","@id":"https:\/\/halkidikisailing.com\/information\/ecological-cheap-holidays\/","url":"https:\/\/halkidikisailing.com\/information\/ecological-cheap-holidays\/","name":"\u00d6kologischer und preiswerter Segelurlaub \u2013 Chalkidiki und die Sporaden","isPartOf":{"@id":"https:\/\/halkidikisailing.com\/#website"},"datePublished":"2022-10-12T14:25:34+00:00","dateModified":"2024-02-28T15:35:06+00:00","description":"\u00d6kologischer und preiswerter Urlaub mit einer Segelyacht, mit Halkidiki Sailing nach Chalkidiki, Skiathos, Skopelos, Alonnisos.","breadcrumb":{"@id":"https:\/\/halkidikisailing.com\/information\/ecological-cheap-holidays\/#breadcrumb"},"inLanguage":"de","potentialAction":[{"@type":"ReadAction","target":["https:\/\/halkidikisailing.com\/information\/ecological-cheap-holidays\/"]}]},{"@type":"BreadcrumbList","@id":"https:\/\/halkidikisailing.com\/information\/ecological-cheap-holidays\/#breadcrumb","itemListElement":[{"@type":"ListItem","position":1,"name":"Home","item":"https:\/\/halkidikisailing.com\/"},{"@type":"ListItem","position":2,"name":"Information","item":"https:\/\/halkidikisailing.com\/information\/"},{"@type":"ListItem","position":3,"name":"Ecological and cheap holidays with a sailing boat"}]},{"@type":"WebSite","@id":"https:\/\/halkidikisailing.com\/#website","url":"https:\/\/halkidikisailing.com\/","name":"Segeln auf der Chalkidiki und zu den Sporadeninseln","description":"Segelkreuzfahrten und Yachtcharter Chalkidiki &amp; Sporaden","publisher":{"@id":"https:\/\/halkidikisailing.com\/#organization"},"alternateName":"Halkidiki Sailing","potentialAction":[{"@type":"SearchAction","target":{"@type":"EntryPoint","urlTemplate":"https:\/\/halkidikisailing.com\/?s={search_term_string}"},"query-input":"required name=search_term_string"}],"inLanguage":"de"},{"@type":"Organization","@id":"https:\/\/halkidikisailing.com\/#organization","name":"Segeln auf der Chalkidiki und zu den Sporadeninseln","alternateName":"Halkidiki Sailing","url":"https:\/\/halkidikisailing.com\/","logo":{"@type":"ImageObject","inLanguage":"de","@id":"https:\/\/halkidikisailing.com\/#\/schema\/logo\/image\/","url":"https:\/\/halkidikisailing.com\/wp-content\/uploads\/2024\/02\/halkidiki-sailing-favicon.png","contentUrl":"https:\/\/halkidikisailing.com\/wp-content\/uploads\/2024\/02\/halkidiki-sailing-favicon.png","width":199,"height":198,"caption":"Halkidiki Sailing & Sporades Islands"},"image":{"@id":"https:\/\/halkidikisailing.com\/#\/schema\/logo\/image\/"},"sameAs":["https:\/\/www.facebook.com\/halkidikisailin"]}]}},"_links":{"self":[{"href":"https:\/\/halkidikisailing.com\/de\/wp-json\/wp\/v2\/pages\/1280","targetHints":{"allow":["GET"]}}],"collection":[{"href":"https:\/\/halkidikisailing.com\/de\/wp-json\/wp\/v2\/pages"}],"about":[{"href":"https:\/\/halkidikisailing.com\/de\/wp-json\/wp\/v2\/types\/page"}],"author":[{"embeddable":true,"href":"https:\/\/halkidikisailing.com\/de\/wp-json\/wp\/v2\/users\/1"}],"replies":[{"embeddable":true,"href":"https:\/\/halkidikisailing.com\/de\/wp-json\/wp\/v2\/comments?post=1280"}],"version-history":[{"count":0,"href":"https:\/\/halkidikisailing.com\/de\/wp-json\/wp\/v2\/pages\/1280\/revisions"}],"up":[{"embeddable":true,"href":"https:\/\/halkidikisailing.com\/de\/wp-json\/wp\/v2\/pages\/2101"}],"wp:featuredmedia":[{"embeddable":true,"href":"https:\/\/halkidikisailing.com\/de\/wp-json\/wp\/v2\/media\/2306"}],"wp:attachment":[{"href":"https:\/\/halkidikisailing.com\/de\/wp-json\/wp\/v2\/media?parent=1280"}],"curies":[{"name":"wp","href":"https:\/\/api.w.org\/{rel}","templated":true}]}}