{"id":1282,"date":"2022-10-12T16:30:54","date_gmt":"2022-10-12T14:30:54","guid":{"rendered":"https:\/\/powermarine.gr\/?page_id=762"},"modified":"2024-11-20T12:06:20","modified_gmt":"2024-11-20T10:06:20","slug":"rent-a-sailing-boat-details-and-informations","status":"publish","type":"page","link":"https:\/\/halkidikisailing.com\/de\/information\/rent-a-sailing-boat-details-and-informations\/","title":{"rendered":"Ein Segelboot chartern \u2013 Details und Informationen"},"content":{"rendered":"<section class=\"section\" id=\"section_1442637036\">\n\t\t<div class=\"bg section-bg fill bg-fill bg-loaded bg-loaded\" >\n\n\t\t\t\n\t\t\t\n\t\t\t\n\n\t\t<\/div>\n\n\t\t\n\n\t\t<div class=\"section-content relative\">\n\t\t\t\n\n<div class=\"row row-collapse row-full-width align-middle align-center\"  id=\"row-2081513170\">\n\n\n\t<div id=\"col-1402366606\" class=\"col small-12 large-12\"  >\n\t\t\t\t<div class=\"col-inner\"  >\n\t\t\t\n\t\t\t\n\n  <div id=\"page-header-6386174\" class=\"page-header-wrapper\">\n  <div class=\"page-title dark simple-title\">\n\n        <div class=\"page-title-bg\">\n      <div class=\"title-bg fill bg-fill\"\n        data-parallax-container=\".page-title\"\n        data-parallax-background\n data-parallax=\"-\">\n      <\/div>\n      <div class=\"title-overlay fill\"><\/div>\n    <\/div>\n    \n    <div class=\"page-title-inner container align-center text-center flex-row-col medium-flex-wrap\" >\n              <div class=\"title-wrapper uppercase flex-col\">\n          <h1 class=\"entry-title mb-0\">\n            Ein Segelboot chartern \u2013 Details und Informationen          <\/h1>\n        <\/div>\n                    <div class=\"title-content flex-col\">\n        <ul class=\"nav sm-touch-scroll nav-line nav-uppercase text-center nav-center\"><li class=\"nav-single-page hidden\"><\/li><\/ul>      <\/div>\n    <\/div>\n\n     \n<style>\n#page-header-6386174 .page-title-inner {\n  min-height: 500px;\n}\n#page-header-6386174 .title-bg {\n  background-image: url(https:\/\/halkidikisailing.com\/wp-content\/uploads\/2023\/12\/Rent-a-Sailing-Boat-\u2013-Details-and-Information-870x580-1.jpg);\n  background-position: 49% 63%;\n}\n<\/style>\n  <\/div>\n    <\/div>\n  \n\n\n\t\t<\/div>\n\t\t\t\t\t<\/div>\n\n\t\n\n<\/div>\n\n\t\t<\/div>\n\n\t\t\n<style>\n#section_1442637036 {\n  padding-top: 0px;\n  padding-bottom: 0px;\n}\n<\/style>\n\t<\/section>\n\t\n\t<section class=\"section\" id=\"section_1095511827\">\n\t\t<div class=\"bg section-bg fill bg-fill bg-loaded bg-loaded\" >\n\n\t\t\t\n\t\t\t\n\t\t\t\n\n\t\t<\/div>\n\n\t\t\n\n\t\t<div class=\"section-content relative\">\n\t\t\t\n\n<div class=\"row align-middle align-center\"  id=\"row-254946787\">\n\n\n\t<div id=\"col-1897458604\" class=\"col small-12 large-12\"  >\n\t\t\t\t<div class=\"col-inner\"  >\n\t\t\t\n\t\t\t\n\n<h2><strong>Chartern Sie ein Segelboot mit Skipper bei Halkidiki Sailing\u00a0<\/strong><\/h2>\n<p>Wenn Sie ein Segelboot mit Skipper von Halkidiki Sailing chartern, vermeiden Sie viele Schwierigkeiten, Verantwortlichkeiten und Fehler. Dank der Erfahrung und des Wissens unserer Skipper wird Ihre Reise komfortabler und unbeschwerter.<\/p>\n<p style=\"text-align: justify;\">Unsere Kunden stehen oft vor Zeitdruck und Herausforderungen bei der Beschaffung von Ausr\u00fcstung f\u00fcr ihre Segelausfl\u00fcge. <a href=\"https:\/\/halkidikisailing.com\/de\/about-us-halkidiki-sailing\/\">Halkidiki Sailing<\/a>, Wir haben alles im Griff.<\/p>\n<p style=\"text-align: justify;\">Teilen Sie uns einfach Ihre Bed\u00fcrfnisse mit, und wir beschaffen Ihnen die ben\u00f6tigten Produkte. So k\u00f6nnen Sie, sobald Sie an Bord eines Segelschiffs gehen, sofort die Segel setzen und Ihre Reise beginnen.<\/p>\n<h4 style=\"text-align: justify;\"><strong>Dieser Ansatz bietet Vorteile hinsichtlich Zeit, Platz und Kosten.<\/strong>:<\/h4>\n<ol style=\"text-align: justify;\">\n<li><a href=\"https:\/\/halkidikisailing.com\/de\/information\/supplies-before-the-sailing-vacation\/\">Fachm\u00e4nnisch zusammengestellte Produkte<\/a>Dank unserer Erfahrung im Bereich Segelreisen bieten wir Ihnen eine sorgf\u00e4ltig zusammengestellte Liste der besten Ausr\u00fcstung.<\/li>\n<li>Kosteneffiziente Beschaffung: Wir wissen, wo wir Materialien zu den g\u00fcnstigsten Preisen beziehen k\u00f6nnen und stellen so sicher, dass Sie ein gutes Preis-Leistungs-Verh\u00e4ltnis erhalten.<\/li>\n<li>Optimierter Stauraum an Bord: Wir stellen Ihnen eine Liste mit Gegenst\u00e4nden zur Verf\u00fcgung, die sich problemlos in den daf\u00fcr vorgesehenen Bereichen an Bord verstauen lassen. Sie m\u00fcssen sich nicht von Anfang an f\u00fcr die gesamte Reise eindecken, da alle H\u00e4fen entlang unserer Route alles Notwendige bereithalten.<\/li>\n<\/ol>\n<p style=\"text-align: justify;\">Diese Methode gibt Ihnen die Gewissheit, dass ein Gro\u00dfteil Ihrer Urlaubsvorbereitungen bereits erledigt ist. Sie k\u00f6nnen Ihr Segelabenteuer unbesorgt antreten und einen sicheren, gut organisierten Urlaub genie\u00dfen.<\/p>\n<p style=\"text-align: justify;\">Alle Artikel, die auf Wunsch eines Kunden bei uns gekauft wurden, werden bei Ankunft anhand der entsprechenden Quittung verifiziert.<\/p>\n<p style=\"text-align: justify;\">Erleben Sie einen sorgenfreien und reibungslos organisierten Segelurlaub mit Halkidiki Sailing!<\/p>\n<h3><strong>Erfahren Sie mehr \u00fcber das Chartern einer Segelyacht in Griechenland<\/strong><\/h3>\n<ul>\n<li>Ein Segelboot chartern, ohne Skipper (<a href=\"https:\/\/en.wikipedia.org\/wiki\/Bareboat_charter\" rel=\"noopener\"><strong><em>Bareboat-Charter<\/em><\/strong><\/a>) Sie ben\u00f6tigen zwei Hochseesegeldiplome.\u00a0 \u00a0 \u00a0 \u00a0<\/li>\n<li style=\"text-align: justify;\">F\u00fcr die Vereinbarung zur Charterung des Bootes ist eine Anzahlung von 50% des vereinbarten Preises erforderlich.<\/li>\n<li class=\"row has-sidebar\">\n<div id=\"site-content\" class=\"col-lg-9 col-12\">\n<article id=\"entry-762\" class=\"entry post-762 page type-page status-publish has-post-thumbnail hentry\">\n<div class=\"entry-content\">\n<div class=\"wp-block-group is-layout-constrained wp-block-group-is-layout-constrained\">\n<div class=\"wp-block-group__inner-container\">\n<p>Der Fahrpreis ist stets eine Woche vor Reiseantritt (vor der Abreise) zu entrichten.<\/p>\n<p>Der Charterer ist zus\u00e4tzlich zum vereinbarten Charterpreis verpflichtet, eine Garantiegeb\u00fchr zu zahlen, die nach Ende der Charterzeit nur dann zur\u00fcckerstattet wird, wenn das Schiff keine Sch\u00e4den aufweist.<\/p>\n<p>Der Charterer haftet f\u00fcr Sachsch\u00e4den nur bis zur H\u00f6he der Garantiesumme. Sch\u00e4den, die \u00fcber die Sicherheitsleistung hinausgehen, werden von der Versicherung \u00fcbernommen.<\/p>\n<p>Jegliche strafrechtliche Haftung f\u00fcr Unf\u00e4lle, die Insassen des gemieteten Schiffes erleiden, betrifft ausschlie\u00dflich den Kapit\u00e4n des Schiffes.<\/p>\n<p>Sollte der Charterer aus irgendeinem Grund (au\u00dfer bei Sch\u00e4den am Schiff, f\u00fcr die er nicht verantwortlich ist) das Schiff nicht zum vereinbarten Zeitpunkt in den vereinbarten Hafen zur\u00fcckbringen, so hat er die Transportkosten zuz\u00fcglich 50% Frachtkosten f\u00fcr die zus\u00e4tzlich ben\u00f6tigte Transportzeit zu tragen.<\/p>\n<h2 class=\"wp-block-heading\"><strong>Wor\u00fcber ein Charterer eines Schiffes Bescheid wissen muss<\/strong><\/h2>\n<h4 class=\"has-medium-font-size\"><strong>W\u00e4hrend der Abnahme des Schiffes durch die Chalkidiki Sailing<\/strong>:<\/h4>\n<ul class=\"has-medium-font-size\">\n<li>\n<p>Das Schiff ist in gutem Betriebszustand, Rumpf, Deck und Segel weisen keine Besch\u00e4digungen auf. Motor und alle anderen Anlagen funktionieren einwandfrei, \u00d6l- und Wassertanks sind voll. Bitte beachten Sie die genaue Position der Sicherheitsausr\u00fcstung.<\/p>\n<\/li>\n<li>\n<p>Zum Ausf\u00fcllen und Unterschreiben zusammen mit\u00a0<strong>Segeln auf der Chalkidiki und zu den Sporadeninseln<\/strong>, die Inventarliste. In dieser Liste sind alle Sch\u00e4den oder Funktionsst\u00f6rungen zu vermerken, die am Schiff oder seiner Ausr\u00fcstung festgestellt werden. Dadurch erh\u00e4lt der Charterer einen genauen \u00dcberblick \u00fcber die Ausr\u00fcstung des Schiffes.<\/p>\n<\/li>\n<li>\n<p>Jedes Schiff, das von der Fahrt zur\u00fcckkehrt, wird von einem Taucher auf seine R\u00fcmpfe hin untersucht.<\/p>\n<\/li>\n<\/ul>\n<h4 class=\"wp-block-heading\"><strong>W\u00e4hrend der Reise:<\/strong><\/h4>\n<ul class=\"has-medium-font-size\">\n<li>\n<p>Bei Windst\u00e4rken \u00fcber 6 Beaufort ist die Fahrt untersagt. Man ist mit dem Schiff nicht vertraut, und dies ist vom Charterer untersagt.<\/p>\n<\/li>\n<li>\n<p>Man sollte immer Karten konsultieren, um flache Gew\u00e4sser zu umfahren. Die Elektronikplatine kann fehlerhaft sein.<\/p>\n<\/li>\n<li>\n<p>Kontrollieren Sie regelm\u00e4\u00dfig den \u00d6lstand und die Motortemperatur.<\/p>\n<\/li>\n<li>\n<p>Die Grenzen der Takelage und der Segel d\u00fcrfen nicht erreicht werden.<\/p>\n<\/li>\n<li>\n<p>Zur Planung der Reise muss sichergestellt sein, dass man sich 48 Stunden vor Ende der Reise nicht weiter als 40 Seemeilen vom R\u00fcckkehrhafen entfernt befindet. (Diese Bedingung ist auch im Chartervertrag enthalten.).<\/p>\n<\/li>\n<\/ul>\n<h4 class=\"wp-block-heading\"><strong>In den H\u00e4fen:<\/strong><\/h4>\n<ul class=\"has-medium-font-size\">\n<li>\n<p>Verlassen Sie das Boot nicht f\u00fcr mehrere Stunden, Herr Charterer. W\u00e4hrend der Abwesenheit des Charterers entstehen weitere Verluste.<\/p>\n<\/li>\n<li>\n<p>Bef\u00fcllen Sie die Tanks mit Wasser und \u00d6l, sobald diese verf\u00fcgbar sind. Achten Sie dabei darauf, dass kein Wasser in den \u00d6ltank und umgekehrt gelangt. Stellen Sie sicher, dass das verwendete \u00d6l frei von Wasser ist.<\/p>\n<\/li>\n<li>\n<p>Den Motor mindestens drei Stunden pro Tag laufen lassen, um die Schiffsbatterien aufzuladen.<\/p>\n<\/li>\n<\/ul>\n<h4 class=\"wp-block-heading\"><strong>Bei der R\u00fcckgabe des Bootes in Chalkidiki Sailing &amp; Sporades Islands<\/strong><\/h4>\n<ul class=\"has-medium-font-size\">\n<li>\n<p>Bitte f\u00fcllen Sie die Tanks des Schiffes mit Wasser und \u00d6l. Schiffe werden mit vollen Tanks empfangen und mit vollen Tanks zur\u00fcckgegeben.<\/p>\n<\/li>\n<li>\n<p>Die Schiffsausr\u00fcstung befindet sich an ihrem urspr\u00fcnglichen Platz.<\/p>\n<\/li>\n<li>\n<p>Zu erledigen, in Abstimmung mit\u00a0<strong>Segeln auf der Chalkidiki und zu den Sporadeninseln<\/strong>\u00a0Der Vertreter ist f\u00fcr die Endabnahme zust\u00e4ndig und meldet etwaige Sch\u00e4den und Funktionsst\u00f6rungen des Schiffes.<\/p>\n<\/li>\n<li>\n<p>Schadensersatz leisten und die gegebene Garantie annehmen.<\/p>\n<\/li>\n<\/ul>\n<\/div>\n<\/div>\n<p class=\"wp-block-heading\">\u00a0<\/p>\n<\/div>\n<\/article>\n<\/div>\n<div class=\"col-lg-3 col-12\">\n<div class=\"sidebar\">\n<div id=\"text-1\" class=\"widget widget_text\">\n<p class=\"textwidget\">\u00a0<\/p>\n<\/div>\n<\/div>\n<\/div>\n<\/li>\n<\/ul>\n\n\t\t<\/div>\n\t\t\t\t\t<\/div>\n\n\t\n\n<\/div>\n\n\t\t<\/div>\n\n\t\t\n<style>\n#section_1095511827 {\n  padding-top: 30px;\n  padding-bottom: 30px;\n}\n<\/style>\n\t<\/section>","protected":false},"excerpt":{"rendered":"","protected":false},"author":1,"featured_media":2408,"parent":2101,"menu_order":0,"comment_status":"closed","ping_status":"closed","template":"page-blank.php","meta":{"_acf_changed":false,"footnotes":""},"class_list":["post-1282","page","type-page","status-publish","has-post-thumbnail","hentry"],"acf":[],"yoast_head":"<!-- This site is optimized with the Yoast SEO plugin v21.9.1 - https:\/\/yoast.com\/wordpress\/plugins\/seo\/ -->\n<title>Charter a Sailing Boat \u2013 Details and Information - Halkidiki Sailing &amp; Sporades Islands<\/title>\n<meta name=\"description\" content=\"Charter a Sailing Boat from Halkidiki Sailing. With us, responsibilities and mistakes are avoided and the trip becomes more comfortable.\" \/>\n<meta name=\"robots\" content=\"index, follow, max-snippet:-1, max-image-preview:large, max-video-preview:-1\" \/>\n<link rel=\"canonical\" href=\"https:\/\/halkidikisailing.com\/de\/information\/rent-a-sailing-boat-details-and-informations\/\" \/>\n<meta property=\"og:locale\" content=\"de_DE\" \/>\n<meta property=\"og:type\" content=\"article\" \/>\n<meta property=\"og:title\" content=\"Charter a Sailing Boat \u2013 Details and Information - Halkidiki Sailing &amp; Sporades Islands\" \/>\n<meta property=\"og:description\" content=\"Charter a Sailing Boat from Halkidiki Sailing. With us, responsibilities and mistakes are avoided and the trip becomes more comfortable.\" \/>\n<meta property=\"og:url\" content=\"https:\/\/halkidikisailing.com\/de\/information\/rent-a-sailing-boat-details-and-informations\/\" \/>\n<meta property=\"og:site_name\" content=\"Halkidiki Sailing &amp; Sporades Islands\" \/>\n<meta property=\"article:publisher\" content=\"https:\/\/www.facebook.com\/halkidikisailin\" \/>\n<meta property=\"article:modified_time\" content=\"2024-11-20T10:06:20+00:00\" \/>\n<meta property=\"og:image\" content=\"https:\/\/halkidikisailing.com\/wp-content\/uploads\/2022\/10\/IMG_1980-scaled.jpg\" \/>\n\t<meta property=\"og:image:width\" content=\"2560\" \/>\n\t<meta property=\"og:image:height\" content=\"1920\" \/>\n\t<meta property=\"og:image:type\" content=\"image\/jpeg\" \/>\n<meta name=\"twitter:card\" content=\"summary_large_image\" \/>\n<meta name=\"twitter:label1\" content=\"Gesch\u00e4tzte Lesezeit\" \/>\n\t<meta name=\"twitter:data1\" content=\"4\u00a0Minuten\" \/>\n<script type=\"application\/ld+json\" class=\"yoast-schema-graph\">{\"@context\":\"https:\/\/schema.org\",\"@graph\":[{\"@type\":\"WebPage\",\"@id\":\"https:\/\/halkidikisailing.com\/information\/rent-a-sailing-boat-details-and-informations\/\",\"url\":\"https:\/\/halkidikisailing.com\/information\/rent-a-sailing-boat-details-and-informations\/\",\"name\":\"Charter a Sailing Boat \u2013 Details and Information - Halkidiki Sailing &amp; Sporades Islands\",\"isPartOf\":{\"@id\":\"https:\/\/halkidikisailing.com\/#website\"},\"datePublished\":\"2022-10-12T14:30:54+00:00\",\"dateModified\":\"2024-11-20T10:06:20+00:00\",\"description\":\"Charter a Sailing Boat from Halkidiki Sailing. With us, responsibilities and mistakes are avoided and the trip becomes more comfortable.\",\"breadcrumb\":{\"@id\":\"https:\/\/halkidikisailing.com\/information\/rent-a-sailing-boat-details-and-informations\/#breadcrumb\"},\"inLanguage\":\"de\",\"potentialAction\":[{\"@type\":\"ReadAction\",\"target\":[\"https:\/\/halkidikisailing.com\/information\/rent-a-sailing-boat-details-and-informations\/\"]}]},{\"@type\":\"BreadcrumbList\",\"@id\":\"https:\/\/halkidikisailing.com\/information\/rent-a-sailing-boat-details-and-informations\/#breadcrumb\",\"itemListElement\":[{\"@type\":\"ListItem\",\"position\":1,\"name\":\"Home\",\"item\":\"https:\/\/halkidikisailing.com\/\"},{\"@type\":\"ListItem\",\"position\":2,\"name\":\"Information\",\"item\":\"https:\/\/halkidikisailing.com\/information\/\"},{\"@type\":\"ListItem\",\"position\":3,\"name\":\"Charter a Sailing Boat \u2013 Details and Information\"}]},{\"@type\":\"WebSite\",\"@id\":\"https:\/\/halkidikisailing.com\/#website\",\"url\":\"https:\/\/halkidikisailing.com\/\",\"name\":\"Halkidiki Sailing &amp; Sporades Islands\",\"description\":\"Sailing Cruises and Yacht Chartering Halkidiki &amp; Sporades\",\"publisher\":{\"@id\":\"https:\/\/halkidikisailing.com\/#organization\"},\"alternateName\":\"Halkidiki Sailing\",\"potentialAction\":[{\"@type\":\"SearchAction\",\"target\":{\"@type\":\"EntryPoint\",\"urlTemplate\":\"https:\/\/halkidikisailing.com\/?s={search_term_string}\"},\"query-input\":\"required name=search_term_string\"}],\"inLanguage\":\"de\"},{\"@type\":\"Organization\",\"@id\":\"https:\/\/halkidikisailing.com\/#organization\",\"name\":\"Halkidiki Sailing & Sporades Islands\",\"alternateName\":\"Halkidiki Sailing\",\"url\":\"https:\/\/halkidikisailing.com\/\",\"logo\":{\"@type\":\"ImageObject\",\"inLanguage\":\"de\",\"@id\":\"https:\/\/halkidikisailing.com\/#\/schema\/logo\/image\/\",\"url\":\"https:\/\/halkidikisailing.com\/wp-content\/uploads\/2024\/02\/halkidiki-sailing-favicon.png\",\"contentUrl\":\"https:\/\/halkidikisailing.com\/wp-content\/uploads\/2024\/02\/halkidiki-sailing-favicon.png\",\"width\":199,\"height\":198,\"caption\":\"Halkidiki Sailing & Sporades Islands\"},\"image\":{\"@id\":\"https:\/\/halkidikisailing.com\/#\/schema\/logo\/image\/\"},\"sameAs\":[\"https:\/\/www.facebook.com\/halkidikisailin\"]}]}<\/script>\n<!-- \/ Yoast SEO plugin. -->","yoast_head_json":{"title":"Segelboot chartern \u2013 Details und Informationen \u2013 Chalkidiki &amp; Sporaden","description":"Chartern Sie ein Segelboot bei Halkidiki Sailing. Mit uns vermeiden Sie Verantwortung und Fehler und genie\u00dfen eine komfortablere Reise.","robots":{"index":"index","follow":"follow","max-snippet":"max-snippet:-1","max-image-preview":"max-image-preview:large","max-video-preview":"max-video-preview:-1"},"canonical":"https:\/\/halkidikisailing.com\/de\/information\/rent-a-sailing-boat-details-and-informations\/","og_locale":"de_DE","og_type":"article","og_title":"Charter a Sailing Boat \u2013 Details and Information - Halkidiki Sailing &amp; Sporades Islands","og_description":"Charter a Sailing Boat from Halkidiki Sailing. With us, responsibilities and mistakes are avoided and the trip becomes more comfortable.","og_url":"https:\/\/halkidikisailing.com\/de\/information\/rent-a-sailing-boat-details-and-informations\/","og_site_name":"Halkidiki Sailing &amp; Sporades Islands","article_publisher":"https:\/\/www.facebook.com\/halkidikisailin","article_modified_time":"2024-11-20T10:06:20+00:00","og_image":[{"width":2560,"height":1920,"url":"https:\/\/halkidikisailing.com\/wp-content\/uploads\/2022\/10\/IMG_1980-scaled.jpg","type":"image\/jpeg"}],"twitter_card":"summary_large_image","twitter_misc":{"Gesch\u00e4tzte Lesezeit":"4\u00a0Minuten"},"schema":{"@context":"https:\/\/schema.org","@graph":[{"@type":"WebPage","@id":"https:\/\/halkidikisailing.com\/information\/rent-a-sailing-boat-details-and-informations\/","url":"https:\/\/halkidikisailing.com\/information\/rent-a-sailing-boat-details-and-informations\/","name":"Segelboot chartern \u2013 Details und Informationen \u2013 Chalkidiki &amp; Sporaden","isPartOf":{"@id":"https:\/\/halkidikisailing.com\/#website"},"datePublished":"2022-10-12T14:30:54+00:00","dateModified":"2024-11-20T10:06:20+00:00","description":"Chartern Sie ein Segelboot bei Halkidiki Sailing. Mit uns vermeiden Sie Verantwortung und Fehler und genie\u00dfen eine komfortablere Reise.","breadcrumb":{"@id":"https:\/\/halkidikisailing.com\/information\/rent-a-sailing-boat-details-and-informations\/#breadcrumb"},"inLanguage":"de","potentialAction":[{"@type":"ReadAction","target":["https:\/\/halkidikisailing.com\/information\/rent-a-sailing-boat-details-and-informations\/"]}]},{"@type":"BreadcrumbList","@id":"https:\/\/halkidikisailing.com\/information\/rent-a-sailing-boat-details-and-informations\/#breadcrumb","itemListElement":[{"@type":"ListItem","position":1,"name":"Home","item":"https:\/\/halkidikisailing.com\/"},{"@type":"ListItem","position":2,"name":"Information","item":"https:\/\/halkidikisailing.com\/information\/"},{"@type":"ListItem","position":3,"name":"Charter a Sailing Boat \u2013 Details and Information"}]},{"@type":"WebSite","@id":"https:\/\/halkidikisailing.com\/#website","url":"https:\/\/halkidikisailing.com\/","name":"Segeln auf der Chalkidiki und zu den Sporadeninseln","description":"Segelkreuzfahrten und Yachtcharter Chalkidiki &amp; Sporaden","publisher":{"@id":"https:\/\/halkidikisailing.com\/#organization"},"alternateName":"Halkidiki Sailing","potentialAction":[{"@type":"SearchAction","target":{"@type":"EntryPoint","urlTemplate":"https:\/\/halkidikisailing.com\/?s={search_term_string}"},"query-input":"required name=search_term_string"}],"inLanguage":"de"},{"@type":"Organization","@id":"https:\/\/halkidikisailing.com\/#organization","name":"Segeln auf der Chalkidiki und zu den Sporadeninseln","alternateName":"Halkidiki Sailing","url":"https:\/\/halkidikisailing.com\/","logo":{"@type":"ImageObject","inLanguage":"de","@id":"https:\/\/halkidikisailing.com\/#\/schema\/logo\/image\/","url":"https:\/\/halkidikisailing.com\/wp-content\/uploads\/2024\/02\/halkidiki-sailing-favicon.png","contentUrl":"https:\/\/halkidikisailing.com\/wp-content\/uploads\/2024\/02\/halkidiki-sailing-favicon.png","width":199,"height":198,"caption":"Halkidiki Sailing & Sporades Islands"},"image":{"@id":"https:\/\/halkidikisailing.com\/#\/schema\/logo\/image\/"},"sameAs":["https:\/\/www.facebook.com\/halkidikisailin"]}]}},"_links":{"self":[{"href":"https:\/\/halkidikisailing.com\/de\/wp-json\/wp\/v2\/pages\/1282","targetHints":{"allow":["GET"]}}],"collection":[{"href":"https:\/\/halkidikisailing.com\/de\/wp-json\/wp\/v2\/pages"}],"about":[{"href":"https:\/\/halkidikisailing.com\/de\/wp-json\/wp\/v2\/types\/page"}],"author":[{"embeddable":true,"href":"https:\/\/halkidikisailing.com\/de\/wp-json\/wp\/v2\/users\/1"}],"replies":[{"embeddable":true,"href":"https:\/\/halkidikisailing.com\/de\/wp-json\/wp\/v2\/comments?post=1282"}],"version-history":[{"count":1,"href":"https:\/\/halkidikisailing.com\/de\/wp-json\/wp\/v2\/pages\/1282\/revisions"}],"predecessor-version":[{"id":3252,"href":"https:\/\/halkidikisailing.com\/de\/wp-json\/wp\/v2\/pages\/1282\/revisions\/3252"}],"up":[{"embeddable":true,"href":"https:\/\/halkidikisailing.com\/de\/wp-json\/wp\/v2\/pages\/2101"}],"wp:featuredmedia":[{"embeddable":true,"href":"https:\/\/halkidikisailing.com\/de\/wp-json\/wp\/v2\/media\/2408"}],"wp:attachment":[{"href":"https:\/\/halkidikisailing.com\/de\/wp-json\/wp\/v2\/media?parent=1282"}],"curies":[{"name":"wp","href":"https:\/\/api.w.org\/{rel}","templated":true}]}}