{"id":2477,"date":"2024-02-22T17:36:03","date_gmt":"2024-02-22T15:36:03","guid":{"rendered":"https:\/\/halkidikisailing.com\/?page_id=2477"},"modified":"2024-12-03T10:09:54","modified_gmt":"2024-12-03T08:09:54","slug":"airports-transportation-transfers","status":"publish","type":"page","link":"https:\/\/halkidikisailing.com\/de\/information\/airports-transportation-transfers\/","title":{"rendered":"Flughafentransfer \u2013 Transfers"},"content":{"rendered":"<section class=\"section\" id=\"section_240054751\">\n\t\t<div class=\"bg section-bg fill bg-fill bg-loaded bg-loaded\" >\n\n\t\t\t\n\t\t\t\n\t\t\t\n\n\t\t<\/div>\n\n\t\t\n\n\t\t<div class=\"section-content relative\">\n\t\t\t\n\n<div class=\"row row-collapse row-full-width align-middle align-center\"  id=\"row-1562833468\">\n\n\n\t<div id=\"col-439979738\" class=\"col small-12 large-12\"  >\n\t\t\t\t<div class=\"col-inner\"  >\n\t\t\t\n\t\t\t\n\n  <div id=\"page-header-948053787\" class=\"page-header-wrapper\">\n  <div class=\"page-title dark simple-title\">\n\n        <div class=\"page-title-bg\">\n      <div class=\"title-bg fill bg-fill\"\n        data-parallax-container=\".page-title\"\n        data-parallax-background\n data-parallax=\"-\">\n      <\/div>\n      <div class=\"title-overlay fill\"><\/div>\n    <\/div>\n    \n    <div class=\"page-title-inner container align-center text-center flex-row-col medium-flex-wrap\" >\n              <div class=\"title-wrapper uppercase flex-col\">\n          <h1 class=\"entry-title mb-0\">\n            Flughafentransfer          <\/h1>\n        <\/div>\n                <div class=\"page-title-sub op-7 flex-col\">\n          <p class=\"lead\">Ein sehr wichtiger Aspekt von Segelurlauben ist der einfache Zugang zu den Segelbooten. Die Anreise von den Flugh\u00e4fen sollte komfortabel sein.<\/p>\n        <\/div>\n                    <div class=\"title-content flex-col\">\n        <ul class=\"nav sm-touch-scroll nav-simple nav-uppercase text-center nav-center\"><li class=\"nav-single-page hidden\"><\/li><\/ul>      <\/div>\n    <\/div>\n\n     \n<style>\n#page-header-948053787 .page-title-inner {\n  min-height: 500px;\n}\n#page-header-948053787 .title-bg {\n  background-image: url(https:\/\/halkidikisailing.com\/wp-content\/uploads\/2023\/12\/\u03b1\u03b5\u03c1\u03bf\u03b4\u03c1\u03cc\u03bc\u03b9\u03bf-\u03a3\u03ba\u03b9\u03ac\u03b8\u03bf\u03c5.jpg);\n  background-position: 51% 53%;\n}\n<\/style>\n  <\/div>\n    <\/div>\n  \n\n\n\t\t<\/div>\n\t\t\t\t\t<\/div>\n\n\t\n\n<\/div>\n\n\t\t<\/div>\n\n\t\t\n<style>\n#section_240054751 {\n  padding-top: 0px;\n  padding-bottom: 0px;\n}\n<\/style>\n\t<\/section>\n\t\n\t<section class=\"section\" id=\"section_87194596\">\n\t\t<div class=\"bg section-bg fill bg-fill bg-loaded bg-loaded\" >\n\n\t\t\t\n\t\t\t\n\t\t\t\n\n\t\t<\/div>\n\n\t\t\n\n\t\t<div class=\"section-content relative\">\n\t\t\t\n\n<div class=\"row align-middle align-center\"  id=\"row-802223650\">\n\n\n\t<div id=\"col-1969778774\" class=\"col small-12 large-12\"  >\n\t\t\t\t<div class=\"col-inner\"  >\n\t\t\t\n\t\t\t\n\n<p style=\"text-align: justify;\">Ein wesentlicher Bestandteil eines bezaubernden Segelurlaubs ist die problemlose Erreichbarkeit der Segelboote, die eine komfortable, stressfreie und sichere Anreise vom Flughafen gew\u00e4hrleistet. <em><strong><a href=\"https:\/\/halkidikisailing.com\/de\/contact\/\">Halkidiki Sailing<\/a><\/strong><\/em> Wir positionieren unsere Standorte strategisch in unmittelbarer N\u00e4he von Flugh\u00e4fen, um unseren gesch\u00e4tzten Kunden einen optimalen Service zu bieten. Zu den wichtigsten Flugh\u00e4fen, die einen einfachen Zugang zu unseren Standorten erm\u00f6glichen, geh\u00f6ren:<\/p>\n<ol style=\"text-align: justify;\">\n<li><a href=\"https:\/\/www.skg-airport.gr\/en\" target=\"_blank\" rel=\"noopener\">Flughafen Mazedonien, Thessaloniki<\/a>: 80 km von unserem St\u00fctzpunkt in Neos Marmaras, Chalkidiki, entfernt, ist es bequem \u00fcber die Nationalstra\u00dfe Thessaloniki \u2013 Chalkidiki zu erreichen. Die Fahrtzeit zum Hafen von Neos Marmara betr\u00e4gt etwa 1 Stunde.<\/li>\n<li><a href=\"https:\/\/www.jsi-airport.gr\/en\" target=\"_blank\" rel=\"noopener\">Flughafen Skiathos<\/a>: Nur 2 km von unserem St\u00fctzpunkt im Hafen von Skiathos-Stadt entfernt, bietet es eine schnelle 10-min\u00fctige Fahrt zum Hafen.<\/li>\n<li><a href=\"https:\/\/www.kva-airport.gr\/en\" target=\"_blank\" rel=\"noopener\">Nationaler Flughafen Kavala<\/a> \u201cMegas Alexandros\u201d: 30 km von unserem Hafenst\u00fctzpunkt Kavala entfernt, mit einer bequemen Fahrzeit von 30 Minuten zum Hafen.<\/li>\n<li><a href=\"https:\/\/www.thessalyairport.gr\/\" target=\"_blank\" rel=\"noopener\">Nationaler Flughafen Nea Anchialos<\/a>, Volos: Unser St\u00fctzpunkt liegt 24 km s\u00fcdwestlich des Stadtzentrums von Volos. Dank der guten Anbindung an die Nationalstra\u00dfe 1 (Athen \u2013 Thessaloniki) ist der Hafen von Volos in etwa 30 Minuten zu erreichen.<\/li>\n<\/ol>\n<p style=\"text-align: justify;\">Dank der strategisch g\u00fcnstigen Lage erreichen Sie Yachten und Einrichtungen von Halkidiki Sailing bequem direkt von den Flugh\u00e4fen aus. Ganz gleich, welches Segelziel Sie w\u00e4hlen, Halkidiki Sailing sorgt f\u00fcr Ihren Komfort und Ihre Bequemlichkeit.<\/p>\n<h4 style=\"text-align: justify;\"><strong>Flughafentransfer \u2013 Transfers zu den Segelbooten von Chalkidiki Sailing<\/strong><\/h4>\n<p style=\"text-align: justify;\">Um das Urlaubserlebnis unserer Kunden zu optimieren, hat Halkidiki Sailing ein Netzwerk f\u00fcr reibungslose und stressfreie Flughafentransfers eingerichtet. Unsere firmeneigene Fahrzeugflotte aus Pkw und Bussen gew\u00e4hrleistet einen reibungslosen Ablauf.<\/p>\n<p style=\"text-align: justify;\">Um den Transfer zu organisieren, kontaktieren Sie bitte Halkidiki Sailing unter halkidikisailing@gmail.com und geben Sie Details wie Ankunftsnummer, geplante Ankunftszeit, Personenzahl, besondere W\u00fcnsche usw. an. Das gleiche Verfahren gilt f\u00fcr Abfahrten von Yachten zu den Flugh\u00e4fen.<\/p>\n<h4><strong>Preise und Pakete<\/strong><\/h4>\n<p>Die Preise f\u00fcr Flughafentransfers werden nach individueller Vereinbarung mit dem Kunden festgelegt und k\u00f6nnen zus\u00e4tzliche Kosten beinhalten. Halkidiki Sailing ist bestrebt, wettbewerbsf\u00e4hige Transferpreise anzubieten und seinen Kunden die attraktivsten Urlaubspakete zu pr\u00e4sentieren. Ihre reibungslose Reise vom Flughafen in die faszinierende Welt des Segelns erwartet Sie!<\/p>\n\n\t\t<\/div>\n\t\t\t\t\t<\/div>\n\n\t\n\n<\/div>\n\n\t\t<\/div>\n\n\t\t\n<style>\n#section_87194596 {\n  padding-top: 30px;\n  padding-bottom: 30px;\n}\n<\/style>\n\t<\/section>","protected":false},"excerpt":{"rendered":"","protected":false},"author":2,"featured_media":0,"parent":2101,"menu_order":0,"comment_status":"closed","ping_status":"closed","template":"page-blank.php","meta":{"_acf_changed":false,"footnotes":""},"class_list":["post-2477","page","type-page","status-publish","hentry"],"acf":[],"yoast_head":"<!-- This site is optimized with the Yoast SEO plugin v21.9.1 - https:\/\/yoast.com\/wordpress\/plugins\/seo\/ -->\n<title>Airport transportation - Transfers - Halkidiki Sailing &amp; Sporades Islands Sailing Cruises<\/title>\n<meta name=\"description\" content=\"Halkidiki Sailing has established a network for seamless and stress-Free airport transportation - transfers\" \/>\n<meta name=\"robots\" content=\"index, follow, max-snippet:-1, max-image-preview:large, max-video-preview:-1\" \/>\n<link rel=\"canonical\" href=\"https:\/\/halkidikisailing.com\/de\/information\/airports-transportation-transfers\/\" \/>\n<meta property=\"og:locale\" content=\"de_DE\" \/>\n<meta property=\"og:type\" content=\"article\" \/>\n<meta property=\"og:title\" content=\"Airport transportation - Transfers - Halkidiki Sailing &amp; Sporades Islands Sailing Cruises\" \/>\n<meta property=\"og:description\" content=\"Halkidiki Sailing has established a network for seamless and stress-Free airport transportation - transfers\" \/>\n<meta property=\"og:url\" content=\"https:\/\/halkidikisailing.com\/de\/information\/airports-transportation-transfers\/\" \/>\n<meta property=\"og:site_name\" content=\"Halkidiki Sailing &amp; Sporades Islands\" \/>\n<meta property=\"article:publisher\" content=\"https:\/\/www.facebook.com\/halkidikisailin\" \/>\n<meta property=\"article:modified_time\" content=\"2024-12-03T08:09:54+00:00\" \/>\n<meta name=\"twitter:card\" content=\"summary_large_image\" \/>\n<meta name=\"twitter:label1\" content=\"Gesch\u00e4tzte Lesezeit\" \/>\n\t<meta name=\"twitter:data1\" content=\"2\u00a0Minuten\" \/>\n<script type=\"application\/ld+json\" class=\"yoast-schema-graph\">{\"@context\":\"https:\/\/schema.org\",\"@graph\":[{\"@type\":\"WebPage\",\"@id\":\"https:\/\/halkidikisailing.com\/information\/airports-transportation-transfers\/\",\"url\":\"https:\/\/halkidikisailing.com\/information\/airports-transportation-transfers\/\",\"name\":\"Airport transportation - Transfers - Halkidiki Sailing &amp; Sporades Islands Sailing Cruises\",\"isPartOf\":{\"@id\":\"https:\/\/halkidikisailing.com\/#website\"},\"datePublished\":\"2024-02-22T15:36:03+00:00\",\"dateModified\":\"2024-12-03T08:09:54+00:00\",\"description\":\"Halkidiki Sailing has established a network for seamless and stress-Free airport transportation - transfers\",\"breadcrumb\":{\"@id\":\"https:\/\/halkidikisailing.com\/information\/airports-transportation-transfers\/#breadcrumb\"},\"inLanguage\":\"de\",\"potentialAction\":[{\"@type\":\"ReadAction\",\"target\":[\"https:\/\/halkidikisailing.com\/information\/airports-transportation-transfers\/\"]}]},{\"@type\":\"BreadcrumbList\",\"@id\":\"https:\/\/halkidikisailing.com\/information\/airports-transportation-transfers\/#breadcrumb\",\"itemListElement\":[{\"@type\":\"ListItem\",\"position\":1,\"name\":\"Home\",\"item\":\"https:\/\/halkidikisailing.com\/\"},{\"@type\":\"ListItem\",\"position\":2,\"name\":\"Information\",\"item\":\"https:\/\/halkidikisailing.com\/information\/\"},{\"@type\":\"ListItem\",\"position\":3,\"name\":\"Airport Transportation &#8211; Transfers\"}]},{\"@type\":\"WebSite\",\"@id\":\"https:\/\/halkidikisailing.com\/#website\",\"url\":\"https:\/\/halkidikisailing.com\/\",\"name\":\"Halkidiki Sailing &amp; Sporades Islands\",\"description\":\"Sailing Cruises and Yacht Chartering Halkidiki &amp; Sporades\",\"publisher\":{\"@id\":\"https:\/\/halkidikisailing.com\/#organization\"},\"alternateName\":\"Halkidiki Sailing\",\"potentialAction\":[{\"@type\":\"SearchAction\",\"target\":{\"@type\":\"EntryPoint\",\"urlTemplate\":\"https:\/\/halkidikisailing.com\/?s={search_term_string}\"},\"query-input\":\"required name=search_term_string\"}],\"inLanguage\":\"de\"},{\"@type\":\"Organization\",\"@id\":\"https:\/\/halkidikisailing.com\/#organization\",\"name\":\"Halkidiki Sailing & Sporades Islands\",\"alternateName\":\"Halkidiki Sailing\",\"url\":\"https:\/\/halkidikisailing.com\/\",\"logo\":{\"@type\":\"ImageObject\",\"inLanguage\":\"de\",\"@id\":\"https:\/\/halkidikisailing.com\/#\/schema\/logo\/image\/\",\"url\":\"https:\/\/halkidikisailing.com\/wp-content\/uploads\/2024\/02\/halkidiki-sailing-favicon.png\",\"contentUrl\":\"https:\/\/halkidikisailing.com\/wp-content\/uploads\/2024\/02\/halkidiki-sailing-favicon.png\",\"width\":199,\"height\":198,\"caption\":\"Halkidiki Sailing & Sporades Islands\"},\"image\":{\"@id\":\"https:\/\/halkidikisailing.com\/#\/schema\/logo\/image\/\"},\"sameAs\":[\"https:\/\/www.facebook.com\/halkidikisailin\"]}]}<\/script>\n<!-- \/ Yoast SEO plugin. -->","yoast_head_json":{"title":"Flughafentransfer \u2013 Transfers \u2013 Segelt\u00f6rns rund um Chalkidiki und die Sporaden","description":"Halkidiki Sailing hat ein Netzwerk f\u00fcr reibungslose und stressfreie Flughafentransfers aufgebaut.","robots":{"index":"index","follow":"follow","max-snippet":"max-snippet:-1","max-image-preview":"max-image-preview:large","max-video-preview":"max-video-preview:-1"},"canonical":"https:\/\/halkidikisailing.com\/de\/information\/airports-transportation-transfers\/","og_locale":"de_DE","og_type":"article","og_title":"Airport transportation - Transfers - Halkidiki Sailing &amp; Sporades Islands Sailing Cruises","og_description":"Halkidiki Sailing has established a network for seamless and stress-Free airport transportation - transfers","og_url":"https:\/\/halkidikisailing.com\/de\/information\/airports-transportation-transfers\/","og_site_name":"Halkidiki Sailing &amp; Sporades Islands","article_publisher":"https:\/\/www.facebook.com\/halkidikisailin","article_modified_time":"2024-12-03T08:09:54+00:00","twitter_card":"summary_large_image","twitter_misc":{"Gesch\u00e4tzte Lesezeit":"2\u00a0Minuten"},"schema":{"@context":"https:\/\/schema.org","@graph":[{"@type":"WebPage","@id":"https:\/\/halkidikisailing.com\/information\/airports-transportation-transfers\/","url":"https:\/\/halkidikisailing.com\/information\/airports-transportation-transfers\/","name":"Flughafentransfer \u2013 Transfers \u2013 Segelt\u00f6rns rund um Chalkidiki und die Sporaden","isPartOf":{"@id":"https:\/\/halkidikisailing.com\/#website"},"datePublished":"2024-02-22T15:36:03+00:00","dateModified":"2024-12-03T08:09:54+00:00","description":"Halkidiki Sailing hat ein Netzwerk f\u00fcr reibungslose und stressfreie Flughafentransfers aufgebaut.","breadcrumb":{"@id":"https:\/\/halkidikisailing.com\/information\/airports-transportation-transfers\/#breadcrumb"},"inLanguage":"de","potentialAction":[{"@type":"ReadAction","target":["https:\/\/halkidikisailing.com\/information\/airports-transportation-transfers\/"]}]},{"@type":"BreadcrumbList","@id":"https:\/\/halkidikisailing.com\/information\/airports-transportation-transfers\/#breadcrumb","itemListElement":[{"@type":"ListItem","position":1,"name":"Home","item":"https:\/\/halkidikisailing.com\/"},{"@type":"ListItem","position":2,"name":"Information","item":"https:\/\/halkidikisailing.com\/information\/"},{"@type":"ListItem","position":3,"name":"Airport Transportation &#8211; Transfers"}]},{"@type":"WebSite","@id":"https:\/\/halkidikisailing.com\/#website","url":"https:\/\/halkidikisailing.com\/","name":"Segeln auf der Chalkidiki und zu den Sporadeninseln","description":"Segelkreuzfahrten und Yachtcharter Chalkidiki &amp; Sporaden","publisher":{"@id":"https:\/\/halkidikisailing.com\/#organization"},"alternateName":"Halkidiki Sailing","potentialAction":[{"@type":"SearchAction","target":{"@type":"EntryPoint","urlTemplate":"https:\/\/halkidikisailing.com\/?s={search_term_string}"},"query-input":"required name=search_term_string"}],"inLanguage":"de"},{"@type":"Organization","@id":"https:\/\/halkidikisailing.com\/#organization","name":"Segeln auf der Chalkidiki und zu den Sporadeninseln","alternateName":"Halkidiki Sailing","url":"https:\/\/halkidikisailing.com\/","logo":{"@type":"ImageObject","inLanguage":"de","@id":"https:\/\/halkidikisailing.com\/#\/schema\/logo\/image\/","url":"https:\/\/halkidikisailing.com\/wp-content\/uploads\/2024\/02\/halkidiki-sailing-favicon.png","contentUrl":"https:\/\/halkidikisailing.com\/wp-content\/uploads\/2024\/02\/halkidiki-sailing-favicon.png","width":199,"height":198,"caption":"Halkidiki Sailing & Sporades Islands"},"image":{"@id":"https:\/\/halkidikisailing.com\/#\/schema\/logo\/image\/"},"sameAs":["https:\/\/www.facebook.com\/halkidikisailin"]}]}},"_links":{"self":[{"href":"https:\/\/halkidikisailing.com\/de\/wp-json\/wp\/v2\/pages\/2477","targetHints":{"allow":["GET"]}}],"collection":[{"href":"https:\/\/halkidikisailing.com\/de\/wp-json\/wp\/v2\/pages"}],"about":[{"href":"https:\/\/halkidikisailing.com\/de\/wp-json\/wp\/v2\/types\/page"}],"author":[{"embeddable":true,"href":"https:\/\/halkidikisailing.com\/de\/wp-json\/wp\/v2\/users\/2"}],"replies":[{"embeddable":true,"href":"https:\/\/halkidikisailing.com\/de\/wp-json\/wp\/v2\/comments?post=2477"}],"version-history":[{"count":1,"href":"https:\/\/halkidikisailing.com\/de\/wp-json\/wp\/v2\/pages\/2477\/revisions"}],"predecessor-version":[{"id":3317,"href":"https:\/\/halkidikisailing.com\/de\/wp-json\/wp\/v2\/pages\/2477\/revisions\/3317"}],"up":[{"embeddable":true,"href":"https:\/\/halkidikisailing.com\/de\/wp-json\/wp\/v2\/pages\/2101"}],"wp:attachment":[{"href":"https:\/\/halkidikisailing.com\/de\/wp-json\/wp\/v2\/media?parent=2477"}],"curies":[{"name":"wp","href":"https:\/\/api.w.org\/{rel}","templated":true}]}}