{"id":296,"date":"2024-02-28T18:38:04","date_gmt":"2024-02-28T16:38:04","guid":{"rendered":"https:\/\/powermarine.gr\/?page_id=296"},"modified":"2024-04-18T09:58:56","modified_gmt":"2024-04-18T07:58:56","slug":"supplies-before-the-sailing-vacation","status":"publish","type":"page","link":"https:\/\/halkidikisailing.com\/de\/information\/supplies-before-the-sailing-vacation\/","title":{"rendered":"Ausr\u00fcstung vor dem Segelurlaub"},"content":{"rendered":"<section class=\"section\" id=\"section_1380132740\">\n\t\t<div class=\"bg section-bg fill bg-fill bg-loaded bg-loaded\" >\n\n\t\t\t\n\t\t\t\n\t\t\t\n\n\t\t<\/div>\n\n\t\t\n\n\t\t<div class=\"section-content relative\">\n\t\t\t\n\n<div class=\"row row-collapse row-full-width align-middle align-center\"  id=\"row-1167313636\">\n\n\n\t<div id=\"col-418331910\" class=\"col small-12 large-12\"  >\n\t\t\t\t<div class=\"col-inner\"  >\n\t\t\t\n\t\t\t\n\n  <div id=\"page-header-1587339161\" class=\"page-header-wrapper\">\n  <div class=\"page-title dark simple-title\">\n\n        <div class=\"page-title-bg\">\n      <div class=\"title-bg fill bg-fill\"\n        data-parallax-container=\".page-title\"\n        data-parallax-background\n data-parallax=\"-\">\n      <\/div>\n      <div class=\"title-overlay fill\"><\/div>\n    <\/div>\n    \n    <div class=\"page-title-inner container align-center text-center flex-row-col medium-flex-wrap\" >\n              <div class=\"title-wrapper flex-col\">\n          <h1 class=\"entry-title mb-0\">\n            Ausr\u00fcstung vor dem Segelurlaub          <\/h1>\n        <\/div>\n                <div class=\"page-title-sub op-7 flex-col\">\n          <p class=\"lead\">Unsere G\u00e4ste haben in der Regel wenig Zeit und finden es schwierig, sich mit Proviant f\u00fcr ihre Segelreise zu versorgen.<\/p>\n        <\/div>\n                    <div class=\"title-content flex-col\">\n        <ul class=\"nav sm-touch-scroll nav-line nav-uppercase text-center nav-center\"><li class=\"nav-single-page hidden\"><\/li><\/ul>      <\/div>\n    <\/div>\n\n     \n<style>\n#page-header-1587339161 .page-title-inner {\n  min-height: 500px;\n}\n#page-header-1587339161 .title-bg {\n  background-image: url(https:\/\/halkidikisailing.com\/wp-content\/uploads\/2022\/10\/20180621_185837-scaled.jpg);\n}\n<\/style>\n  <\/div>\n    <\/div>\n  \n\n\n\t\t<\/div>\n\t\t\t\t\t<\/div>\n\n\t\n\n<\/div>\n\n\t\t<\/div>\n\n\t\t\n<style>\n#section_1380132740 {\n  padding-top: 0px;\n  padding-bottom: 0px;\n}\n<\/style>\n\t<\/section>\n\t\n\t<section class=\"section\" id=\"section_292443604\">\n\t\t<div class=\"bg section-bg fill bg-fill bg-loaded bg-loaded\" >\n\n\t\t\t\n\t\t\t\n\t\t\t\n\n\t\t<\/div>\n\n\t\t\n\n\t\t<div class=\"section-content relative\">\n\t\t\t\n\n<div class=\"row align-middle align-center\"  id=\"row-1735391342\">\n\n\n\t<div id=\"col-796637922\" class=\"col small-12 large-12\"  >\n\t\t\t\t<div class=\"col-inner\"  >\n\t\t\t\n\t\t\t\n\n<h1>Ausr\u00fcstung vor dem Segelurlaub<\/h1>\n<p>Unsere Kunden stehen oft unter Zeitdruck und haben Schwierigkeiten, die ben\u00f6tigten Vorr\u00e4te f\u00fcr ihre Segelt\u00f6rns zu beschaffen. Genau das bietet die L\u00f6sung.<em><strong><a href=\"https:\/\/halkidikisailing.com\/de\/produkt\/halkidiki-day-sailing-cruise\/\"> Halkidiki Sailing<\/a><\/strong><\/em> Das Team hat es vorhergesagt.<\/p>\n<p>Teilen Sie uns einfach Ihre W\u00fcnsche mit, und wir beschaffen die ben\u00f6tigten Produkte f\u00fcr Sie. So k\u00f6nnen Sie, sobald Sie an Bord eines Segelboots gehen, sofort die Segel setzen und Ihre Reise beginnen.<br \/>Dieser Ansatz bietet Zeit-, Platz- und Kostenvorteile.<\/p>\n<h3>Fachm\u00e4nnisch zusammengestellte Produkte<\/h3>\n<p>Dank unserer Expertise im Bereich Segelreisen bieten wir Ihnen eine sorgf\u00e4ltig zusammengestellte Liste der besten Ausr\u00fcstung.<\/p>\n<h3>Kosteneffiziente Beschaffung<\/h3>\n<p>Wer wei\u00df, wo er Materialien zu den g\u00fcnstigsten Preisen beziehen kann, erh\u00e4lt garantiert ein gutes Preis-Leistungs-Verh\u00e4ltnis.<\/p>\n<h3>Optimierter On-Board-Speicher<\/h3>\n<p>Wir stellen Ihnen eine Liste mit Gegenst\u00e4nden zur Verf\u00fcgung, die sich problemlos in den daf\u00fcr vorgesehenen Bereichen an Bord verstauen lassen. Sie m\u00fcssen sich nicht f\u00fcr die gesamte Reise neu eindecken, da alle H\u00e4fen entlang unserer Route alles Notwendige bereithalten.<\/p>\n<p>Diese Methode gibt Ihnen die Gewissheit, dass ein wichtiger Teil Ihrer Urlaubsvorbereitungen bereits erledigt ist. Sie k\u00f6nnen Ihr Segelabenteuer unbesorgt beginnen und einen sicheren und bestens organisierten Urlaub genie\u00dfen.<\/p>\n<p>Alle auf Wunsch des Kunden bei uns gekauften Artikel werden bei Ankunft gegen Vorlage des entsprechenden Kaufbelegs \u00fcberpr\u00fcft.<\/p>\n<p>Erleben Sie einen unbeschwerten und perfekt organisierten Segelurlaub mit <em><strong><a href=\"https:\/\/www.visitgreece.gr\/mainland\/macedonia\/halkidiki\/\" rel=\"noopener\">Chalkidiki<\/a><\/strong><\/em> Segeln!<\/p>\n\n\t\t<\/div>\n\t\t\t\t\t<\/div>\n\n\t\n\n<\/div>\n\n\t\t<\/div>\n\n\t\t\n<style>\n#section_292443604 {\n  padding-top: 30px;\n  padding-bottom: 30px;\n}\n<\/style>\n\t<\/section>","protected":false},"excerpt":{"rendered":"","protected":false},"author":1,"featured_media":1910,"parent":2101,"menu_order":0,"comment_status":"closed","ping_status":"closed","template":"page-blank.php","meta":{"_acf_changed":false,"footnotes":""},"class_list":["post-296","page","type-page","status-publish","has-post-thumbnail","hentry"],"acf":[],"yoast_head":"<!-- This site is optimized with the Yoast SEO plugin v21.9.1 - https:\/\/yoast.com\/wordpress\/plugins\/seo\/ -->\n<title>Supplies Before Sailing Vacation - Halkidiki Sailing &amp; Sporades Islands<\/title>\n<meta name=\"description\" content=\"Supplies Before Sailing Vacation. Gives you peace of mind knowing that an important part of your holiday preparations has been taken care of.\" \/>\n<meta name=\"robots\" content=\"index, follow, max-snippet:-1, max-image-preview:large, max-video-preview:-1\" \/>\n<link rel=\"canonical\" href=\"https:\/\/halkidikisailing.com\/de\/information\/supplies-before-the-sailing-vacation\/\" \/>\n<meta property=\"og:locale\" content=\"de_DE\" \/>\n<meta property=\"og:type\" content=\"article\" \/>\n<meta property=\"og:title\" content=\"Supplies Before Sailing Vacation - Halkidiki Sailing &amp; Sporades Islands\" \/>\n<meta property=\"og:description\" content=\"Supplies Before Sailing Vacation. Gives you peace of mind knowing that an important part of your holiday preparations has been taken care of.\" \/>\n<meta property=\"og:url\" content=\"https:\/\/halkidikisailing.com\/de\/information\/supplies-before-the-sailing-vacation\/\" \/>\n<meta property=\"og:site_name\" content=\"Halkidiki Sailing &amp; Sporades Islands\" \/>\n<meta property=\"article:publisher\" content=\"https:\/\/www.facebook.com\/halkidikisailin\" \/>\n<meta property=\"article:modified_time\" content=\"2024-04-18T07:58:56+00:00\" \/>\n<meta property=\"og:image\" content=\"https:\/\/halkidikisailing.com\/wp-content\/uploads\/2024\/01\/halkidikisailing_SKIATHOS-POWERMARINE.jpg\" \/>\n\t<meta property=\"og:image:width\" content=\"960\" \/>\n\t<meta property=\"og:image:height\" content=\"720\" \/>\n\t<meta property=\"og:image:type\" content=\"image\/jpeg\" \/>\n<meta name=\"twitter:card\" content=\"summary_large_image\" \/>\n<meta name=\"twitter:label1\" content=\"Gesch\u00e4tzte Lesezeit\" \/>\n\t<meta name=\"twitter:data1\" content=\"2\u00a0Minuten\" \/>\n<script type=\"application\/ld+json\" class=\"yoast-schema-graph\">{\"@context\":\"https:\/\/schema.org\",\"@graph\":[{\"@type\":\"WebPage\",\"@id\":\"https:\/\/halkidikisailing.com\/information\/supplies-before-the-sailing-vacation\/\",\"url\":\"https:\/\/halkidikisailing.com\/information\/supplies-before-the-sailing-vacation\/\",\"name\":\"Supplies Before Sailing Vacation - Halkidiki Sailing &amp; Sporades Islands\",\"isPartOf\":{\"@id\":\"https:\/\/halkidikisailing.com\/#website\"},\"datePublished\":\"2024-02-28T16:38:04+00:00\",\"dateModified\":\"2024-04-18T07:58:56+00:00\",\"description\":\"Supplies Before Sailing Vacation. Gives you peace of mind knowing that an important part of your holiday preparations has been taken care of.\",\"breadcrumb\":{\"@id\":\"https:\/\/halkidikisailing.com\/information\/supplies-before-the-sailing-vacation\/#breadcrumb\"},\"inLanguage\":\"de\",\"potentialAction\":[{\"@type\":\"ReadAction\",\"target\":[\"https:\/\/halkidikisailing.com\/information\/supplies-before-the-sailing-vacation\/\"]}]},{\"@type\":\"BreadcrumbList\",\"@id\":\"https:\/\/halkidikisailing.com\/information\/supplies-before-the-sailing-vacation\/#breadcrumb\",\"itemListElement\":[{\"@type\":\"ListItem\",\"position\":1,\"name\":\"Home\",\"item\":\"https:\/\/halkidikisailing.com\/\"},{\"@type\":\"ListItem\",\"position\":2,\"name\":\"Information\",\"item\":\"https:\/\/halkidikisailing.com\/information\/\"},{\"@type\":\"ListItem\",\"position\":3,\"name\":\"Supplies Before Sailing Vacation\"}]},{\"@type\":\"WebSite\",\"@id\":\"https:\/\/halkidikisailing.com\/#website\",\"url\":\"https:\/\/halkidikisailing.com\/\",\"name\":\"Halkidiki Sailing &amp; Sporades Islands\",\"description\":\"Sailing Cruises and Yacht Chartering Halkidiki &amp; Sporades\",\"publisher\":{\"@id\":\"https:\/\/halkidikisailing.com\/#organization\"},\"alternateName\":\"Halkidiki Sailing\",\"potentialAction\":[{\"@type\":\"SearchAction\",\"target\":{\"@type\":\"EntryPoint\",\"urlTemplate\":\"https:\/\/halkidikisailing.com\/?s={search_term_string}\"},\"query-input\":\"required name=search_term_string\"}],\"inLanguage\":\"de\"},{\"@type\":\"Organization\",\"@id\":\"https:\/\/halkidikisailing.com\/#organization\",\"name\":\"Halkidiki Sailing & Sporades Islands\",\"alternateName\":\"Halkidiki Sailing\",\"url\":\"https:\/\/halkidikisailing.com\/\",\"logo\":{\"@type\":\"ImageObject\",\"inLanguage\":\"de\",\"@id\":\"https:\/\/halkidikisailing.com\/#\/schema\/logo\/image\/\",\"url\":\"https:\/\/halkidikisailing.com\/wp-content\/uploads\/2024\/02\/halkidiki-sailing-favicon.png\",\"contentUrl\":\"https:\/\/halkidikisailing.com\/wp-content\/uploads\/2024\/02\/halkidiki-sailing-favicon.png\",\"width\":199,\"height\":198,\"caption\":\"Halkidiki Sailing & Sporades Islands\"},\"image\":{\"@id\":\"https:\/\/halkidikisailing.com\/#\/schema\/logo\/image\/\"},\"sameAs\":[\"https:\/\/www.facebook.com\/halkidikisailin\"]}]}<\/script>\n<!-- \/ Yoast SEO plugin. -->","yoast_head_json":{"title":"Ausr\u00fcstung f\u00fcr den Segelurlaub \u2013 Chalkidiki &amp; Sporaden","description":"Ausr\u00fcstung f\u00fcr Ihren Segelurlaub. So k\u00f6nnen Sie beruhigt in den Urlaub starten, denn ein wichtiger Teil Ihrer Urlaubsvorbereitungen ist bereits erledigt.","robots":{"index":"index","follow":"follow","max-snippet":"max-snippet:-1","max-image-preview":"max-image-preview:large","max-video-preview":"max-video-preview:-1"},"canonical":"https:\/\/halkidikisailing.com\/de\/information\/supplies-before-the-sailing-vacation\/","og_locale":"de_DE","og_type":"article","og_title":"Supplies Before Sailing Vacation - Halkidiki Sailing &amp; Sporades Islands","og_description":"Supplies Before Sailing Vacation. Gives you peace of mind knowing that an important part of your holiday preparations has been taken care of.","og_url":"https:\/\/halkidikisailing.com\/de\/information\/supplies-before-the-sailing-vacation\/","og_site_name":"Halkidiki Sailing &amp; Sporades Islands","article_publisher":"https:\/\/www.facebook.com\/halkidikisailin","article_modified_time":"2024-04-18T07:58:56+00:00","og_image":[{"width":960,"height":720,"url":"https:\/\/halkidikisailing.com\/wp-content\/uploads\/2024\/01\/halkidikisailing_SKIATHOS-POWERMARINE.jpg","type":"image\/jpeg"}],"twitter_card":"summary_large_image","twitter_misc":{"Gesch\u00e4tzte Lesezeit":"2\u00a0Minuten"},"schema":{"@context":"https:\/\/schema.org","@graph":[{"@type":"WebPage","@id":"https:\/\/halkidikisailing.com\/information\/supplies-before-the-sailing-vacation\/","url":"https:\/\/halkidikisailing.com\/information\/supplies-before-the-sailing-vacation\/","name":"Ausr\u00fcstung f\u00fcr den Segelurlaub \u2013 Chalkidiki &amp; Sporaden","isPartOf":{"@id":"https:\/\/halkidikisailing.com\/#website"},"datePublished":"2024-02-28T16:38:04+00:00","dateModified":"2024-04-18T07:58:56+00:00","description":"Ausr\u00fcstung f\u00fcr Ihren Segelurlaub. So k\u00f6nnen Sie beruhigt in den Urlaub starten, denn ein wichtiger Teil Ihrer Urlaubsvorbereitungen ist bereits erledigt.","breadcrumb":{"@id":"https:\/\/halkidikisailing.com\/information\/supplies-before-the-sailing-vacation\/#breadcrumb"},"inLanguage":"de","potentialAction":[{"@type":"ReadAction","target":["https:\/\/halkidikisailing.com\/information\/supplies-before-the-sailing-vacation\/"]}]},{"@type":"BreadcrumbList","@id":"https:\/\/halkidikisailing.com\/information\/supplies-before-the-sailing-vacation\/#breadcrumb","itemListElement":[{"@type":"ListItem","position":1,"name":"Home","item":"https:\/\/halkidikisailing.com\/"},{"@type":"ListItem","position":2,"name":"Information","item":"https:\/\/halkidikisailing.com\/information\/"},{"@type":"ListItem","position":3,"name":"Supplies Before Sailing Vacation"}]},{"@type":"WebSite","@id":"https:\/\/halkidikisailing.com\/#website","url":"https:\/\/halkidikisailing.com\/","name":"Segeln auf der Chalkidiki und zu den Sporadeninseln","description":"Segelkreuzfahrten und Yachtcharter Chalkidiki &amp; Sporaden","publisher":{"@id":"https:\/\/halkidikisailing.com\/#organization"},"alternateName":"Halkidiki Sailing","potentialAction":[{"@type":"SearchAction","target":{"@type":"EntryPoint","urlTemplate":"https:\/\/halkidikisailing.com\/?s={search_term_string}"},"query-input":"required name=search_term_string"}],"inLanguage":"de"},{"@type":"Organization","@id":"https:\/\/halkidikisailing.com\/#organization","name":"Segeln auf der Chalkidiki und zu den Sporadeninseln","alternateName":"Halkidiki Sailing","url":"https:\/\/halkidikisailing.com\/","logo":{"@type":"ImageObject","inLanguage":"de","@id":"https:\/\/halkidikisailing.com\/#\/schema\/logo\/image\/","url":"https:\/\/halkidikisailing.com\/wp-content\/uploads\/2024\/02\/halkidiki-sailing-favicon.png","contentUrl":"https:\/\/halkidikisailing.com\/wp-content\/uploads\/2024\/02\/halkidiki-sailing-favicon.png","width":199,"height":198,"caption":"Halkidiki Sailing & Sporades Islands"},"image":{"@id":"https:\/\/halkidikisailing.com\/#\/schema\/logo\/image\/"},"sameAs":["https:\/\/www.facebook.com\/halkidikisailin"]}]}},"_links":{"self":[{"href":"https:\/\/halkidikisailing.com\/de\/wp-json\/wp\/v2\/pages\/296","targetHints":{"allow":["GET"]}}],"collection":[{"href":"https:\/\/halkidikisailing.com\/de\/wp-json\/wp\/v2\/pages"}],"about":[{"href":"https:\/\/halkidikisailing.com\/de\/wp-json\/wp\/v2\/types\/page"}],"author":[{"embeddable":true,"href":"https:\/\/halkidikisailing.com\/de\/wp-json\/wp\/v2\/users\/1"}],"replies":[{"embeddable":true,"href":"https:\/\/halkidikisailing.com\/de\/wp-json\/wp\/v2\/comments?post=296"}],"version-history":[{"count":0,"href":"https:\/\/halkidikisailing.com\/de\/wp-json\/wp\/v2\/pages\/296\/revisions"}],"up":[{"embeddable":true,"href":"https:\/\/halkidikisailing.com\/de\/wp-json\/wp\/v2\/pages\/2101"}],"wp:featuredmedia":[{"embeddable":true,"href":"https:\/\/halkidikisailing.com\/de\/wp-json\/wp\/v2\/media\/1910"}],"wp:attachment":[{"href":"https:\/\/halkidikisailing.com\/de\/wp-json\/wp\/v2\/media?parent=296"}],"curies":[{"name":"wp","href":"https:\/\/api.w.org\/{rel}","templated":true}]}}