{"id":3022,"date":"2024-04-09T16:33:35","date_gmt":"2024-04-09T14:33:35","guid":{"rendered":"https:\/\/halkidikisailing.com\/?page_id=3022"},"modified":"2025-02-20T09:04:01","modified_gmt":"2025-02-20T07:04:01","slug":"yacht-charter-cancellation-policy","status":"publish","type":"page","link":"https:\/\/halkidikisailing.com\/de\/information\/yacht-charter-cancellation-policy\/","title":{"rendered":"Stornierungsbedingungen f\u00fcr Yachtcharter"},"content":{"rendered":"<section class=\"section\" id=\"section_1405585983\">\n\t\t<div class=\"bg section-bg fill bg-fill bg-loaded bg-loaded\" >\n\n\t\t\t\n\t\t\t\n\t\t\t\n\n\t\t<\/div>\n\n\t\t\n\n\t\t<div class=\"section-content relative\">\n\t\t\t\n\n  <div id=\"page-header-803359976\" class=\"page-header-wrapper\">\n  <div class=\"page-title dark featured-title\">\n\n        <div class=\"page-title-bg\">\n      <div class=\"title-bg fill bg-fill\"\n        data-parallax-container=\".page-title\"\n        data-parallax-background\n data-parallax=\"-\">\n      <\/div>\n      <div class=\"title-overlay fill\"><\/div>\n    <\/div>\n    \n    <div class=\"page-title-inner container align-center text-center flex-row-col medium-flex-wrap\" >\n              <div class=\"title-wrapper uppercase is-xlarge flex-col\">\n          <h1 class=\"entry-title mb-0\">\n            Stornierungsbedingungen f\u00fcr Yachtcharter          <\/h1>\n        <\/div>\n                    <div class=\"title-content flex-col\">\n        <div class=\"title-breadcrumbs pb-half pt-half\"><nav class=\"woocommerce-breadcrumb breadcrumbs uppercase\" data-no-translation=\"\" data-trp-gettext=\"\">Startseite<\/nav><\/div>      <\/div>\n    <\/div>\n\n     \n<style>\n#page-header-803359976 .page-title-inner {\n  min-height: 800px;\n}\n#page-header-803359976 .title-bg {\n  background-image: url(https:\/\/halkidikisailing.com\/wp-content\/uploads\/2024\/02\/IMG_20200718_002401_048-scaled.jpg);\n}\n<\/style>\n  <\/div>\n    <\/div>\n  \n\n<h1><strong>Stornierungsbedingungen f\u00fcr Yachtcharter<\/strong><\/h1>\n<p><a href=\"https:\/\/halkidikisailing.com\/de\/\">Chalkidiki-Segeln<\/a> Es gelten die unten aufgef\u00fchrten Stornierungsbedingungen f\u00fcr Yachtcharter. Es empfiehlt sich, diese zu lesen, damit Sie genau wissen, was gilt.<\/p>\n<p>Um eine Kreuzfahrt zu stornieren und eine prozentuale oder vollst\u00e4ndige R\u00fcckerstattung des Reisepreises zu erhalten, m\u00fcssen folgende Bedingungen erf\u00fcllt sein:<\/p>\n<p>Zur Best\u00e4tigung jeder Buchung ist eine Anzahlung von 30-50% erforderlich.<\/p>\n<p>Die Chartergeb\u00fchr muss vor dem Einsteigen der Passagiere vollst\u00e4ndig bezahlt sein.<\/p>\n<h3><strong>F\u00fcr t\u00e4gliche Kreuzfahrten<\/strong><\/h3>\n<p>Die Anmeldung sollte bis sp\u00e4testens 24 Stunden vor dem festgelegten Charterbeginn erfolgen.,<\/p>\n<p>\u2013 Es m\u00fcssen schwerwiegende gesundheitliche Gr\u00fcnde vorliegen, die durch ein \u00e4rztliches Attest oder ein Krankenhausszeugnis belegt werden m\u00fcssen (R\u00fcckerstattung von 50% der Kaution).<\/p>\n<p>\u2013 Der Wind muss st\u00e4rker als 7 sein <em><a href=\"https:\/\/en.wikipedia.org\/wiki\/Beaufort_scale\" rel=\"noopener\">Beaufort<\/a><\/em> auf See, am Tag und zur Uhrzeit der Charter (<em>Dies gilt f\u00fcr eint\u00e4gige Kreuzfahrten.<\/em>*). Dies basiert jedoch auf den Ank\u00fcndigungen der \u00f6rtlichen Hafenbeh\u00f6rden (R\u00fcckerstattung von 50\u20131001 TP3T). Der Betrag h\u00e4ngt vom Buchungszeitpunkt ab. Bei einer Buchung 48 Stunden oder mehr im Voraus werden 1001 TP3T der Anzahlung zur\u00fcckerstattet. Andernfalls betr\u00e4gt die R\u00fcckerstattung 501 TP3T.<\/p>\n<p>Bei Regen, sofern dieser nicht von Windst\u00e4rke 7 Beaufort begleitet wird, kann die Charter nicht storniert werden. (Basierend auf den Daten der \u00f6rtlichen Hafenbeh\u00f6rden).<\/p>\n<p>Wird die Stornierung weniger als 24 Stunden vor dem geplanten Zeitpunkt der Kreuzfahrt erkl\u00e4rt, erfolgt keine R\u00fcckerstattung und der Charterpreis betr\u00e4gt 100%.<\/p>\n<h3><strong>F\u00fcr mehrt\u00e4gige Kreuzfahrten<\/strong><\/h3>\n<ul>\n<li>Wenn Sie stornieren <em>28 Tage<\/em> vor dem planm\u00e4\u00dfigen Abflug gibt es <em>keine Stornogeb\u00fchr<\/em>.\n<\/li>\n<li>F\u00fcr Stornierungen zwischen <em>28 \u2013 7 Tage<\/em> Bei planm\u00e4\u00dfiger Abfahrt gibt es eine <em>50% Stornogeb\u00fchr (der Anzahlung).<\/em>\n<\/li>\n<li>Stornierungen innerhalb<em> 7 Tage<\/em> bei planm\u00e4\u00dfiger Abreise entstehen Kosten <em>100% Stornogeb\u00fchr (der Anzahlung).<\/em><\/li>\n<\/ul>\n<p><em>*Mehrt\u00e4gige Kreuzfahrten k\u00f6nnen aufgrund von Wetterbedingungen nicht abgesagt werden.<\/em><\/p>\n\n\t\t<\/div>\n\n\t\t\n<style>\n#section_1405585983 {\n  padding-top: 30px;\n  padding-bottom: 30px;\n}\n<\/style>\n\t<\/section>","protected":false},"excerpt":{"rendered":"","protected":false},"author":1,"featured_media":2620,"parent":2101,"menu_order":0,"comment_status":"closed","ping_status":"closed","template":"","meta":{"_acf_changed":false,"footnotes":""},"class_list":["post-3022","page","type-page","status-publish","has-post-thumbnail","hentry"],"acf":[],"yoast_head":"<!-- This site is optimized with the Yoast SEO plugin v21.9.1 - https:\/\/yoast.com\/wordpress\/plugins\/seo\/ -->\n<title>Yacht Charter Cancellation Policy - Halkidiki Sailing &amp; Sporades Islands<\/title>\n<meta name=\"description\" content=\"Yacht Charter Cancellation Policy. All you need to know about the cancellation policy of a sailing charter.\" \/>\n<meta name=\"robots\" content=\"index, follow, max-snippet:-1, max-image-preview:large, max-video-preview:-1\" \/>\n<link rel=\"canonical\" href=\"https:\/\/halkidikisailing.com\/de\/information\/yacht-charter-cancellation-policy\/\" \/>\n<meta property=\"og:locale\" content=\"de_DE\" \/>\n<meta property=\"og:type\" content=\"article\" \/>\n<meta property=\"og:title\" content=\"Yacht Charter Cancellation Policy - Halkidiki Sailing &amp; Sporades Islands\" \/>\n<meta property=\"og:description\" content=\"Yacht Charter Cancellation Policy. All you need to know about the cancellation policy of a sailing charter.\" \/>\n<meta property=\"og:url\" content=\"https:\/\/halkidikisailing.com\/de\/information\/yacht-charter-cancellation-policy\/\" \/>\n<meta property=\"og:site_name\" content=\"Halkidiki Sailing &amp; Sporades Islands\" \/>\n<meta property=\"article:publisher\" content=\"https:\/\/www.facebook.com\/halkidikisailin\" \/>\n<meta property=\"article:modified_time\" content=\"2025-02-20T07:04:01+00:00\" \/>\n<meta property=\"og:image\" content=\"https:\/\/halkidikisailing.com\/wp-content\/uploads\/2024\/02\/IMG_20200718_002401_048-scaled.jpg\" \/>\n\t<meta property=\"og:image:width\" content=\"2560\" \/>\n\t<meta property=\"og:image:height\" content=\"2560\" \/>\n\t<meta property=\"og:image:type\" content=\"image\/jpeg\" \/>\n<meta name=\"twitter:card\" content=\"summary_large_image\" \/>\n<meta name=\"twitter:label1\" content=\"Gesch\u00e4tzte Lesezeit\" \/>\n\t<meta name=\"twitter:data1\" content=\"2\u00a0Minuten\" \/>\n<script type=\"application\/ld+json\" class=\"yoast-schema-graph\">{\"@context\":\"https:\/\/schema.org\",\"@graph\":[{\"@type\":\"WebPage\",\"@id\":\"https:\/\/halkidikisailing.com\/information\/yacht-charter-cancellation-policy\/\",\"url\":\"https:\/\/halkidikisailing.com\/information\/yacht-charter-cancellation-policy\/\",\"name\":\"Yacht Charter Cancellation Policy - Halkidiki Sailing &amp; Sporades Islands\",\"isPartOf\":{\"@id\":\"https:\/\/halkidikisailing.com\/#website\"},\"datePublished\":\"2024-04-09T14:33:35+00:00\",\"dateModified\":\"2025-02-20T07:04:01+00:00\",\"description\":\"Yacht Charter Cancellation Policy. All you need to know about the cancellation policy of a sailing charter.\",\"breadcrumb\":{\"@id\":\"https:\/\/halkidikisailing.com\/information\/yacht-charter-cancellation-policy\/#breadcrumb\"},\"inLanguage\":\"de\",\"potentialAction\":[{\"@type\":\"ReadAction\",\"target\":[\"https:\/\/halkidikisailing.com\/information\/yacht-charter-cancellation-policy\/\"]}]},{\"@type\":\"BreadcrumbList\",\"@id\":\"https:\/\/halkidikisailing.com\/information\/yacht-charter-cancellation-policy\/#breadcrumb\",\"itemListElement\":[{\"@type\":\"ListItem\",\"position\":1,\"name\":\"Home\",\"item\":\"https:\/\/halkidikisailing.com\/\"},{\"@type\":\"ListItem\",\"position\":2,\"name\":\"Information\",\"item\":\"https:\/\/halkidikisailing.com\/information\/\"},{\"@type\":\"ListItem\",\"position\":3,\"name\":\"Yacht Charter Cancellation Policy\"}]},{\"@type\":\"WebSite\",\"@id\":\"https:\/\/halkidikisailing.com\/#website\",\"url\":\"https:\/\/halkidikisailing.com\/\",\"name\":\"Halkidiki Sailing &amp; Sporades Islands\",\"description\":\"Sailing Cruises and Yacht Chartering Halkidiki &amp; Sporades\",\"publisher\":{\"@id\":\"https:\/\/halkidikisailing.com\/#organization\"},\"alternateName\":\"Halkidiki Sailing\",\"potentialAction\":[{\"@type\":\"SearchAction\",\"target\":{\"@type\":\"EntryPoint\",\"urlTemplate\":\"https:\/\/halkidikisailing.com\/?s={search_term_string}\"},\"query-input\":\"required name=search_term_string\"}],\"inLanguage\":\"de\"},{\"@type\":\"Organization\",\"@id\":\"https:\/\/halkidikisailing.com\/#organization\",\"name\":\"Halkidiki Sailing & Sporades Islands\",\"alternateName\":\"Halkidiki Sailing\",\"url\":\"https:\/\/halkidikisailing.com\/\",\"logo\":{\"@type\":\"ImageObject\",\"inLanguage\":\"de\",\"@id\":\"https:\/\/halkidikisailing.com\/#\/schema\/logo\/image\/\",\"url\":\"https:\/\/halkidikisailing.com\/wp-content\/uploads\/2024\/02\/halkidiki-sailing-favicon.png\",\"contentUrl\":\"https:\/\/halkidikisailing.com\/wp-content\/uploads\/2024\/02\/halkidiki-sailing-favicon.png\",\"width\":199,\"height\":198,\"caption\":\"Halkidiki Sailing & Sporades Islands\"},\"image\":{\"@id\":\"https:\/\/halkidikisailing.com\/#\/schema\/logo\/image\/\"},\"sameAs\":[\"https:\/\/www.facebook.com\/halkidikisailin\"]}]}<\/script>\n<!-- \/ Yoast SEO plugin. -->","yoast_head_json":{"title":"Stornierungsbedingungen f\u00fcr Yachtcharter \u2013 Chalkidiki und die Sporaden","description":"Stornierungsbedingungen f\u00fcr Yachtcharter. Alles, was Sie \u00fcber die Stornierungsbedingungen einer Segelcharter wissen m\u00fcssen.","robots":{"index":"index","follow":"follow","max-snippet":"max-snippet:-1","max-image-preview":"max-image-preview:large","max-video-preview":"max-video-preview:-1"},"canonical":"https:\/\/halkidikisailing.com\/de\/information\/yacht-charter-cancellation-policy\/","og_locale":"de_DE","og_type":"article","og_title":"Yacht Charter Cancellation Policy - Halkidiki Sailing &amp; Sporades Islands","og_description":"Yacht Charter Cancellation Policy. All you need to know about the cancellation policy of a sailing charter.","og_url":"https:\/\/halkidikisailing.com\/de\/information\/yacht-charter-cancellation-policy\/","og_site_name":"Halkidiki Sailing &amp; Sporades Islands","article_publisher":"https:\/\/www.facebook.com\/halkidikisailin","article_modified_time":"2025-02-20T07:04:01+00:00","og_image":[{"width":2560,"height":2560,"url":"https:\/\/halkidikisailing.com\/wp-content\/uploads\/2024\/02\/IMG_20200718_002401_048-scaled.jpg","type":"image\/jpeg"}],"twitter_card":"summary_large_image","twitter_misc":{"Gesch\u00e4tzte Lesezeit":"2\u00a0Minuten"},"schema":{"@context":"https:\/\/schema.org","@graph":[{"@type":"WebPage","@id":"https:\/\/halkidikisailing.com\/information\/yacht-charter-cancellation-policy\/","url":"https:\/\/halkidikisailing.com\/information\/yacht-charter-cancellation-policy\/","name":"Stornierungsbedingungen f\u00fcr Yachtcharter \u2013 Chalkidiki und die Sporaden","isPartOf":{"@id":"https:\/\/halkidikisailing.com\/#website"},"datePublished":"2024-04-09T14:33:35+00:00","dateModified":"2025-02-20T07:04:01+00:00","description":"Stornierungsbedingungen f\u00fcr Yachtcharter. Alles, was Sie \u00fcber die Stornierungsbedingungen einer Segelcharter wissen m\u00fcssen.","breadcrumb":{"@id":"https:\/\/halkidikisailing.com\/information\/yacht-charter-cancellation-policy\/#breadcrumb"},"inLanguage":"de","potentialAction":[{"@type":"ReadAction","target":["https:\/\/halkidikisailing.com\/information\/yacht-charter-cancellation-policy\/"]}]},{"@type":"BreadcrumbList","@id":"https:\/\/halkidikisailing.com\/information\/yacht-charter-cancellation-policy\/#breadcrumb","itemListElement":[{"@type":"ListItem","position":1,"name":"Home","item":"https:\/\/halkidikisailing.com\/"},{"@type":"ListItem","position":2,"name":"Information","item":"https:\/\/halkidikisailing.com\/information\/"},{"@type":"ListItem","position":3,"name":"Yacht Charter Cancellation Policy"}]},{"@type":"WebSite","@id":"https:\/\/halkidikisailing.com\/#website","url":"https:\/\/halkidikisailing.com\/","name":"Segeln auf der Chalkidiki und zu den Sporadeninseln","description":"Segelkreuzfahrten und Yachtcharter Chalkidiki &amp; Sporaden","publisher":{"@id":"https:\/\/halkidikisailing.com\/#organization"},"alternateName":"Halkidiki Sailing","potentialAction":[{"@type":"SearchAction","target":{"@type":"EntryPoint","urlTemplate":"https:\/\/halkidikisailing.com\/?s={search_term_string}"},"query-input":"required name=search_term_string"}],"inLanguage":"de"},{"@type":"Organization","@id":"https:\/\/halkidikisailing.com\/#organization","name":"Segeln auf der Chalkidiki und zu den Sporadeninseln","alternateName":"Halkidiki Sailing","url":"https:\/\/halkidikisailing.com\/","logo":{"@type":"ImageObject","inLanguage":"de","@id":"https:\/\/halkidikisailing.com\/#\/schema\/logo\/image\/","url":"https:\/\/halkidikisailing.com\/wp-content\/uploads\/2024\/02\/halkidiki-sailing-favicon.png","contentUrl":"https:\/\/halkidikisailing.com\/wp-content\/uploads\/2024\/02\/halkidiki-sailing-favicon.png","width":199,"height":198,"caption":"Halkidiki Sailing & Sporades Islands"},"image":{"@id":"https:\/\/halkidikisailing.com\/#\/schema\/logo\/image\/"},"sameAs":["https:\/\/www.facebook.com\/halkidikisailin"]}]}},"_links":{"self":[{"href":"https:\/\/halkidikisailing.com\/de\/wp-json\/wp\/v2\/pages\/3022","targetHints":{"allow":["GET"]}}],"collection":[{"href":"https:\/\/halkidikisailing.com\/de\/wp-json\/wp\/v2\/pages"}],"about":[{"href":"https:\/\/halkidikisailing.com\/de\/wp-json\/wp\/v2\/types\/page"}],"author":[{"embeddable":true,"href":"https:\/\/halkidikisailing.com\/de\/wp-json\/wp\/v2\/users\/1"}],"replies":[{"embeddable":true,"href":"https:\/\/halkidikisailing.com\/de\/wp-json\/wp\/v2\/comments?post=3022"}],"version-history":[{"count":2,"href":"https:\/\/halkidikisailing.com\/de\/wp-json\/wp\/v2\/pages\/3022\/revisions"}],"predecessor-version":[{"id":3479,"href":"https:\/\/halkidikisailing.com\/de\/wp-json\/wp\/v2\/pages\/3022\/revisions\/3479"}],"up":[{"embeddable":true,"href":"https:\/\/halkidikisailing.com\/de\/wp-json\/wp\/v2\/pages\/2101"}],"wp:featuredmedia":[{"embeddable":true,"href":"https:\/\/halkidikisailing.com\/de\/wp-json\/wp\/v2\/media\/2620"}],"wp:attachment":[{"href":"https:\/\/halkidikisailing.com\/de\/wp-json\/wp\/v2\/media?parent=3022"}],"curies":[{"name":"wp","href":"https:\/\/api.w.org\/{rel}","templated":true}]}}