{"id":303,"date":"2022-10-11T14:36:36","date_gmt":"2022-10-11T12:36:36","guid":{"rendered":"https:\/\/powermarine.gr\/?page_id=303"},"modified":"2024-04-11T13:41:30","modified_gmt":"2024-04-11T11:41:30","slug":"privacy-policy","status":"publish","type":"page","link":"https:\/\/halkidikisailing.com\/de\/privacy-policy\/","title":{"rendered":"Datenschutzrichtlinie &amp; DSGVO-Konformit\u00e4t"},"content":{"rendered":"<section class=\"section\" id=\"section_477296828\">\n\t\t<div class=\"bg section-bg fill bg-fill bg-loaded bg-loaded\" >\n\n\t\t\t\n\t\t\t\n\t\t\t\n\n\t\t<\/div>\n\n\t\t\n\n\t\t<div class=\"section-content relative\">\n\t\t\t\n\n  <div id=\"page-header-101697141\" class=\"page-header-wrapper\">\n  <div class=\"page-title dark featured-title\">\n\n        <div class=\"page-title-bg\">\n      <div class=\"title-bg fill bg-fill\"\n        data-parallax-container=\".page-title\"\n        data-parallax-background\n data-parallax=\"-\">\n      <\/div>\n      <div class=\"title-overlay fill\"><\/div>\n    <\/div>\n    \n    <div class=\"page-title-inner container align-center text-center flex-row-col medium-flex-wrap\" >\n              <div class=\"title-wrapper uppercase is-larger flex-col\">\n          <h1 class=\"entry-title mb-0\">\n            Datenschutzrichtlinie &amp; DSGVO-Konformit\u00e4t          <\/h1>\n        <\/div>\n                    <div class=\"title-content flex-col\">\n        <div class=\"title-breadcrumbs pb-half pt-half\"><nav class=\"woocommerce-breadcrumb breadcrumbs uppercase\" data-no-translation=\"\" data-trp-gettext=\"\">Startseite<\/nav><\/div>      <\/div>\n    <\/div>\n\n     \n<style>\n#page-header-101697141 .page-title-inner {\n  min-height: 600px;\n}\n#page-header-101697141 .title-bg {\n  background-image: url(https:\/\/halkidikisailing.com\/wp-content\/uploads\/2024\/04\/Privacy-Policy-GDPR-Compliance.png);\n}\n<\/style>\n  <\/div>\n    <\/div>\n  \n\n<h1>Datenschutzrichtlinie&nbsp;<\/h1>\n<p>Unter halkidikisailing.com, erreichbar von<a href=\"https:\/\/halkidikisailing.com\/de\/\"> https:\/\/halkidikisailing.com<\/a>, Der Schutz der Privatsph\u00e4re unserer Besucher ist uns ein wichtiges Anliegen. Diese Datenschutzerkl\u00e4rung beschreibt, welche Arten von Informationen von halkidikisailing.com erfasst und gespeichert werden und wie wir diese nutzen.<\/p>\n<p>Sollten Sie weitere Fragen haben oder mehr Informationen zu unserer Datenschutzrichtlinie ben\u00f6tigen, z\u00f6gern Sie nicht, uns zu kontaktieren.<\/p>\n<h2>Datenschutz-Grundverordnung (<a href=\"https:\/\/gdpr-info.eu\/\" rel=\"noopener\">DSGVO<\/a>)<\/h2>\n<p>Wir sind der Datenverantwortliche f\u00fcr Ihre Daten.<\/p>\n<p>Die Rechtsgrundlage von HalkidikiSailing f\u00fcr die Erhebung und Nutzung der in dieser Datenschutzerkl\u00e4rung beschriebenen personenbezogenen Daten h\u00e4ngt von den erhobenen personenbezogenen Daten und dem spezifischen Kontext ab, in dem wir die Daten erheben:<\/p>\n<ul>\n<li>HalkidikiSailing muss einen Vertrag mit Ihnen erf\u00fcllen<\/li>\n<li>Sie haben HalkidikiSailing die Erlaubnis dazu erteilt.<\/li>\n<li>Die Verarbeitung Ihrer personenbezogenen Daten liegt im berechtigten Interesse von HalkidikiSailing.<\/li>\n<li>HalkidikiSailing muss sich an das Gesetz halten.<\/li>\n<\/ul>\n<p>HalkidikiSailing speichert Ihre personenbezogenen Daten nur so lange, wie es f\u00fcr die in dieser Datenschutzerkl\u00e4rung dargelegten Zwecke erforderlich ist. Wir speichern und verwenden Ihre Daten, soweit dies zur Erf\u00fcllung unserer rechtlichen Verpflichtungen, zur Beilegung von Streitigkeiten und zur Durchsetzung unserer Richtlinien erforderlich ist.<\/p>\n<p>Wenn Sie im Europ\u00e4ischen Wirtschaftsraum (EWR) ans\u00e4ssig sind, haben Sie bestimmte Datenschutzrechte. Wenn Sie wissen m\u00f6chten, welche personenbezogenen Daten wir \u00fcber Sie speichern und diese aus unseren Systemen l\u00f6schen lassen m\u00f6chten, kontaktieren Sie uns bitte.<\/p>\n<p>Unter bestimmten Umst\u00e4nden haben Sie folgende Datenschutzrechte:<\/p>\n<ul>\n<li>Das Recht, auf die bei uns gespeicherten Informationen \u00fcber Sie zuzugreifen, diese zu aktualisieren oder zu l\u00f6schen.<\/li>\n<li>Das Recht auf Berichtigung.<\/li>\n<li>Das Widerspruchsrecht.<\/li>\n<li>Das Recht auf Einschr\u00e4nkung.<\/li>\n<li>Das Recht auf Daten\u00fcbertragbarkeit<\/li>\n<li>Das Recht, die Einwilligung zu widerrufen<\/li>\n<\/ul>\n<h2>Protokolldateien<\/h2>\n<p>halkidikisailing.com verwendet standardm\u00e4\u00dfig Logdateien. Diese Dateien protokollieren die Besuche auf der Website. Dies ist bei allen Hosting-Anbietern \u00fcblich und Teil der Webanalyse. Die in den Logdateien erfassten Informationen umfassen IP-Adressen, Browsertyp, Internetdienstanbieter (ISP), Datum und Uhrzeit des Zugriffs, verweisende Seiten und gegebenenfalls die Anzahl der Klicks. Diese Daten werden nicht mit personenbezogenen Daten verkn\u00fcpft. Sie dienen der Analyse von Trends, der Administration der Website, der Nachverfolgung der Nutzeraktivit\u00e4ten und der Erhebung demografischer Informationen.<\/p>\n<h2>Cookies und Web Beacons<\/h2>\n<p>Wie jede andere Website verwendet auch halkidikisailing.com Cookies. Diese Cookies speichern Informationen wie die Pr\u00e4ferenzen der Besucher und die von ihnen aufgerufenen Seiten. Anhand dieser Informationen optimieren wir die Nutzererfahrung, indem wir die Inhalte unserer Webseite an den Browsertyp und\/oder andere Informationen der Besucher anpassen.<\/p>\n<h2>Datenschutzrichtlinien<\/h2>\n<p>In dieser Liste finden Sie die Datenschutzrichtlinien der einzelnen Werbepartner von halkidikisailing.com.<\/p>\n<p>Drittanbieter-Werbeserver oder -Werbenetzwerke verwenden Technologien wie Cookies, JavaScript oder Web Beacons in ihren jeweiligen Anzeigen und Links, die auf yakosailing.com erscheinen und direkt an den Browser der Nutzer gesendet werden. Dabei wird automatisch Ihre IP-Adresse erfasst. Diese Technologien dienen dazu, die Effektivit\u00e4t ihrer Werbekampagnen zu messen und\/oder die Werbeinhalte, die Sie auf besuchten Websites sehen, zu personalisieren.<\/p>\n<p>Bitte beachten Sie, dass halkidikisailing.com keinen Zugriff auf oder keine Kontrolle \u00fcber diese Cookies hat, die von Drittanbietern verwendet werden.<\/p>\n<h2>Datenschutzrichtlinien von Drittanbietern<\/h2>\n<p>Die Datenschutzrichtlinie von halkidikisailing.com gilt nicht f\u00fcr andere Werbetreibende oder Websites. Wir empfehlen Ihnen daher, die jeweiligen Datenschutzrichtlinien dieser Drittanbieter-Werbeserver f\u00fcr detailliertere Informationen einzusehen. Diese enthalten unter anderem Informationen zu deren Praktiken und Anweisungen zum Deaktivieren bestimmter Optionen. Eine vollst\u00e4ndige Liste dieser Datenschutzrichtlinien und deren Links finden Sie hier: Links zu Datenschutzrichtlinien.<\/p>\n<p>Sie k\u00f6nnen Cookies in den Einstellungen Ihres Browsers deaktivieren. Ausf\u00fchrlichere Informationen zur Cookie-Verwaltung in den einzelnen Webbrowsern finden Sie auf den jeweiligen Webseiten der Browserhersteller. Was sind Cookies?<\/p>\n<h2>Informationen f\u00fcr Kinder<\/h2>\n<p>Ein weiterer Schwerpunkt unserer Arbeit liegt im Schutz von Kindern im Internet. Wir ermutigen Eltern und Erziehungsberechtigte, die Online-Aktivit\u00e4ten ihrer Kinder zu beobachten, sich daran zu beteiligen und\/oder sie zu \u00fcberwachen und zu begleiten.<\/p>\n<p>halkidikisailing.com erhebt wissentlich keine personenbezogenen Daten von Kindern unter 13 Jahren. Sollten Sie vermuten, dass Ihr Kind solche Daten auf unserer Website angegeben hat, bitten wir Sie dringend, uns umgehend zu kontaktieren. Wir werden uns bem\u00fchen, diese Daten schnellstm\u00f6glich aus unseren Aufzeichnungen zu entfernen.<\/p>\n<h2>Nur Online-Datenschutzrichtlinie<\/h2>\n<p>Unsere Datenschutzrichtlinie gilt ausschlie\u00dflich f\u00fcr unsere Online-Aktivit\u00e4ten und ist f\u00fcr Besucher unserer Website hinsichtlich der Informationen g\u00fcltig, die sie auf halkidikisailing.com teilen und\/oder dort erfasst werden. Diese Richtlinie gilt nicht f\u00fcr Informationen, die offline oder \u00fcber andere Kan\u00e4le als diese Website erfasst werden.<\/p>\n<h2>Zustimmung<\/h2>\n<p>Durch die Nutzung unserer Website erkl\u00e4ren Sie sich mit unserer Datenschutzrichtlinie und deren Bedingungen einverstanden.<\/p>\n\n\t\t<\/div>\n\n\t\t\n<style>\n#section_477296828 {\n  padding-top: 30px;\n  padding-bottom: 30px;\n}\n<\/style>\n\t<\/section>","protected":false},"excerpt":{"rendered":"","protected":false},"author":1,"featured_media":3044,"parent":0,"menu_order":0,"comment_status":"closed","ping_status":"closed","template":"","meta":{"_acf_changed":false,"footnotes":""},"class_list":["post-303","page","type-page","status-publish","has-post-thumbnail","hentry"],"acf":[],"yoast_head":"<!-- This site is optimized with the Yoast SEO plugin v21.9.1 - https:\/\/yoast.com\/wordpress\/plugins\/seo\/ -->\n<title>Privacy Policy &amp; GDPR Compliance - Halkidiki Sailing &amp; Sporades Islands<\/title>\n<meta name=\"description\" content=\"This Privacy Policy document contains types of information that is collected and recorded by halkidikisailing.com and how we use it.\" \/>\n<meta name=\"robots\" content=\"index, follow, max-snippet:-1, max-image-preview:large, max-video-preview:-1\" \/>\n<link rel=\"canonical\" href=\"https:\/\/halkidikisailing.com\/de\/privacy-policy\/\" \/>\n<meta property=\"og:locale\" content=\"de_DE\" \/>\n<meta property=\"og:type\" content=\"article\" \/>\n<meta property=\"og:title\" content=\"Privacy Policy &amp; GDPR Compliance - Halkidiki Sailing &amp; Sporades Islands\" \/>\n<meta property=\"og:description\" content=\"This Privacy Policy document contains types of information that is collected and recorded by halkidikisailing.com and how we use it.\" \/>\n<meta property=\"og:url\" content=\"https:\/\/halkidikisailing.com\/de\/privacy-policy\/\" \/>\n<meta property=\"og:site_name\" content=\"Halkidiki Sailing &amp; Sporades Islands\" \/>\n<meta property=\"article:publisher\" content=\"https:\/\/www.facebook.com\/halkidikisailin\" \/>\n<meta property=\"article:modified_time\" content=\"2024-04-11T11:41:30+00:00\" \/>\n<meta property=\"og:image\" content=\"https:\/\/halkidikisailing.com\/wp-content\/uploads\/2024\/04\/Privacy-Policy-GDPR-Compliance.png\" \/>\n\t<meta property=\"og:image:width\" content=\"513\" \/>\n\t<meta property=\"og:image:height\" content=\"289\" \/>\n\t<meta property=\"og:image:type\" content=\"image\/png\" \/>\n<meta name=\"twitter:card\" content=\"summary_large_image\" \/>\n<meta name=\"twitter:label1\" content=\"Gesch\u00e4tzte Lesezeit\" \/>\n\t<meta name=\"twitter:data1\" content=\"4\u00a0Minuten\" \/>\n<script type=\"application\/ld+json\" class=\"yoast-schema-graph\">{\"@context\":\"https:\/\/schema.org\",\"@graph\":[{\"@type\":\"WebPage\",\"@id\":\"https:\/\/halkidikisailing.com\/privacy-policy\/\",\"url\":\"https:\/\/halkidikisailing.com\/privacy-policy\/\",\"name\":\"Privacy Policy &amp; GDPR Compliance - Halkidiki Sailing &amp; Sporades Islands\",\"isPartOf\":{\"@id\":\"https:\/\/halkidikisailing.com\/#website\"},\"datePublished\":\"2022-10-11T12:36:36+00:00\",\"dateModified\":\"2024-04-11T11:41:30+00:00\",\"description\":\"This Privacy Policy document contains types of information that is collected and recorded by halkidikisailing.com and how we use it.\",\"breadcrumb\":{\"@id\":\"https:\/\/halkidikisailing.com\/privacy-policy\/#breadcrumb\"},\"inLanguage\":\"de\",\"potentialAction\":[{\"@type\":\"ReadAction\",\"target\":[\"https:\/\/halkidikisailing.com\/privacy-policy\/\"]}]},{\"@type\":\"BreadcrumbList\",\"@id\":\"https:\/\/halkidikisailing.com\/privacy-policy\/#breadcrumb\",\"itemListElement\":[{\"@type\":\"ListItem\",\"position\":1,\"name\":\"Home\",\"item\":\"https:\/\/halkidikisailing.com\/\"},{\"@type\":\"ListItem\",\"position\":2,\"name\":\"Privacy Policy &amp; GDPR Compliance\"}]},{\"@type\":\"WebSite\",\"@id\":\"https:\/\/halkidikisailing.com\/#website\",\"url\":\"https:\/\/halkidikisailing.com\/\",\"name\":\"Halkidiki Sailing &amp; Sporades Islands\",\"description\":\"Sailing Cruises and Yacht Chartering Halkidiki &amp; Sporades\",\"publisher\":{\"@id\":\"https:\/\/halkidikisailing.com\/#organization\"},\"alternateName\":\"Halkidiki Sailing\",\"potentialAction\":[{\"@type\":\"SearchAction\",\"target\":{\"@type\":\"EntryPoint\",\"urlTemplate\":\"https:\/\/halkidikisailing.com\/?s={search_term_string}\"},\"query-input\":\"required name=search_term_string\"}],\"inLanguage\":\"de\"},{\"@type\":\"Organization\",\"@id\":\"https:\/\/halkidikisailing.com\/#organization\",\"name\":\"Halkidiki Sailing & Sporades Islands\",\"alternateName\":\"Halkidiki Sailing\",\"url\":\"https:\/\/halkidikisailing.com\/\",\"logo\":{\"@type\":\"ImageObject\",\"inLanguage\":\"de\",\"@id\":\"https:\/\/halkidikisailing.com\/#\/schema\/logo\/image\/\",\"url\":\"https:\/\/halkidikisailing.com\/wp-content\/uploads\/2024\/02\/halkidiki-sailing-favicon.png\",\"contentUrl\":\"https:\/\/halkidikisailing.com\/wp-content\/uploads\/2024\/02\/halkidiki-sailing-favicon.png\",\"width\":199,\"height\":198,\"caption\":\"Halkidiki Sailing & Sporades Islands\"},\"image\":{\"@id\":\"https:\/\/halkidikisailing.com\/#\/schema\/logo\/image\/\"},\"sameAs\":[\"https:\/\/www.facebook.com\/halkidikisailin\"]}]}<\/script>\n<!-- \/ Yoast SEO plugin. -->","yoast_head_json":{"title":"Datenschutzrichtlinie &amp; DSGVO-Konformit\u00e4t \u2013 Chalkidiki Sailing &amp; Sporadeninseln","description":"This Privacy Policy document contains types of information that is collected and recorded by halkidikisailing.com and how we use it.","robots":{"index":"index","follow":"follow","max-snippet":"max-snippet:-1","max-image-preview":"max-image-preview:large","max-video-preview":"max-video-preview:-1"},"canonical":"https:\/\/halkidikisailing.com\/de\/privacy-policy\/","og_locale":"de_DE","og_type":"article","og_title":"Privacy Policy &amp; GDPR Compliance - Halkidiki Sailing &amp; Sporades Islands","og_description":"This Privacy Policy document contains types of information that is collected and recorded by halkidikisailing.com and how we use it.","og_url":"https:\/\/halkidikisailing.com\/de\/privacy-policy\/","og_site_name":"Halkidiki Sailing &amp; Sporades Islands","article_publisher":"https:\/\/www.facebook.com\/halkidikisailin","article_modified_time":"2024-04-11T11:41:30+00:00","og_image":[{"width":513,"height":289,"url":"https:\/\/halkidikisailing.com\/wp-content\/uploads\/2024\/04\/Privacy-Policy-GDPR-Compliance.png","type":"image\/png"}],"twitter_card":"summary_large_image","twitter_misc":{"Gesch\u00e4tzte Lesezeit":"4\u00a0Minuten"},"schema":{"@context":"https:\/\/schema.org","@graph":[{"@type":"WebPage","@id":"https:\/\/halkidikisailing.com\/privacy-policy\/","url":"https:\/\/halkidikisailing.com\/privacy-policy\/","name":"Datenschutzrichtlinie &amp; DSGVO-Konformit\u00e4t \u2013 Chalkidiki Sailing &amp; Sporadeninseln","isPartOf":{"@id":"https:\/\/halkidikisailing.com\/#website"},"datePublished":"2022-10-11T12:36:36+00:00","dateModified":"2024-04-11T11:41:30+00:00","description":"This Privacy Policy document contains types of information that is collected and recorded by halkidikisailing.com and how we use it.","breadcrumb":{"@id":"https:\/\/halkidikisailing.com\/privacy-policy\/#breadcrumb"},"inLanguage":"de","potentialAction":[{"@type":"ReadAction","target":["https:\/\/halkidikisailing.com\/privacy-policy\/"]}]},{"@type":"BreadcrumbList","@id":"https:\/\/halkidikisailing.com\/privacy-policy\/#breadcrumb","itemListElement":[{"@type":"ListItem","position":1,"name":"Home","item":"https:\/\/halkidikisailing.com\/"},{"@type":"ListItem","position":2,"name":"Privacy Policy &amp; GDPR Compliance"}]},{"@type":"WebSite","@id":"https:\/\/halkidikisailing.com\/#website","url":"https:\/\/halkidikisailing.com\/","name":"Segeln auf der Chalkidiki und zu den Sporadeninseln","description":"Segelkreuzfahrten und Yachtcharter Chalkidiki &amp; Sporaden","publisher":{"@id":"https:\/\/halkidikisailing.com\/#organization"},"alternateName":"Halkidiki Sailing","potentialAction":[{"@type":"SearchAction","target":{"@type":"EntryPoint","urlTemplate":"https:\/\/halkidikisailing.com\/?s={search_term_string}"},"query-input":"required name=search_term_string"}],"inLanguage":"de"},{"@type":"Organization","@id":"https:\/\/halkidikisailing.com\/#organization","name":"Segeln auf der Chalkidiki und zu den Sporadeninseln","alternateName":"Halkidiki Sailing","url":"https:\/\/halkidikisailing.com\/","logo":{"@type":"ImageObject","inLanguage":"de","@id":"https:\/\/halkidikisailing.com\/#\/schema\/logo\/image\/","url":"https:\/\/halkidikisailing.com\/wp-content\/uploads\/2024\/02\/halkidiki-sailing-favicon.png","contentUrl":"https:\/\/halkidikisailing.com\/wp-content\/uploads\/2024\/02\/halkidiki-sailing-favicon.png","width":199,"height":198,"caption":"Halkidiki Sailing & Sporades Islands"},"image":{"@id":"https:\/\/halkidikisailing.com\/#\/schema\/logo\/image\/"},"sameAs":["https:\/\/www.facebook.com\/halkidikisailin"]}]}},"_links":{"self":[{"href":"https:\/\/halkidikisailing.com\/de\/wp-json\/wp\/v2\/pages\/303","targetHints":{"allow":["GET"]}}],"collection":[{"href":"https:\/\/halkidikisailing.com\/de\/wp-json\/wp\/v2\/pages"}],"about":[{"href":"https:\/\/halkidikisailing.com\/de\/wp-json\/wp\/v2\/types\/page"}],"author":[{"embeddable":true,"href":"https:\/\/halkidikisailing.com\/de\/wp-json\/wp\/v2\/users\/1"}],"replies":[{"embeddable":true,"href":"https:\/\/halkidikisailing.com\/de\/wp-json\/wp\/v2\/comments?post=303"}],"version-history":[{"count":0,"href":"https:\/\/halkidikisailing.com\/de\/wp-json\/wp\/v2\/pages\/303\/revisions"}],"wp:featuredmedia":[{"embeddable":true,"href":"https:\/\/halkidikisailing.com\/de\/wp-json\/wp\/v2\/media\/3044"}],"wp:attachment":[{"href":"https:\/\/halkidikisailing.com\/de\/wp-json\/wp\/v2\/media?parent=303"}],"curies":[{"name":"wp","href":"https:\/\/api.w.org\/{rel}","templated":true}]}}