{"id":79,"date":"2017-01-27T21:53:15","date_gmt":"2017-01-27T21:53:15","guid":{"rendered":"https:\/\/halkidikisailing.com\/?page_id=79"},"modified":"2024-10-23T09:45:29","modified_gmt":"2024-10-23T07:45:29","slug":"about-us-halkidiki-sailing","status":"publish","type":"page","link":"https:\/\/halkidikisailing.com\/de\/about-us-halkidiki-sailing\/","title":{"rendered":"\u00dcber uns"},"content":{"rendered":"<div class=\"img has-hover x md-x lg-x y md-y lg-y\" id=\"image_939118123\">\n\t\t\t\t\t\t\t\t<div class=\"img-inner image-cover dark\" style=\"padding-top:50%;\">\n\t\t\t<img decoding=\"async\" width=\"1020\" height=\"1020\" src=\"https:\/\/halkidikisailing.com\/wp-content\/uploads\/2024\/02\/IMG_20200508_183457_220-1024x1024.jpg\" class=\"attachment-large size-large\" alt=\"About Us \u2013 Halkidiki Sailing\" title=\"IMG_20200508_183457_220\" srcset=\"https:\/\/halkidikisailing.com\/wp-content\/uploads\/2024\/02\/IMG_20200508_183457_220-1024x1024.jpg 1024w, https:\/\/halkidikisailing.com\/wp-content\/uploads\/2024\/02\/IMG_20200508_183457_220-scaled-100x100.jpg 100w, https:\/\/halkidikisailing.com\/wp-content\/uploads\/2024\/02\/IMG_20200508_183457_220-scaled-510x510.jpg 510w, https:\/\/halkidikisailing.com\/wp-content\/uploads\/2024\/02\/IMG_20200508_183457_220-300x300.jpg 300w, https:\/\/halkidikisailing.com\/wp-content\/uploads\/2024\/02\/IMG_20200508_183457_220-150x150.jpg 150w, https:\/\/halkidikisailing.com\/wp-content\/uploads\/2024\/02\/IMG_20200508_183457_220-768x768.jpg 768w, https:\/\/halkidikisailing.com\/wp-content\/uploads\/2024\/02\/IMG_20200508_183457_220-1536x1536.jpg 1536w, https:\/\/halkidikisailing.com\/wp-content\/uploads\/2024\/02\/IMG_20200508_183457_220-2048x2048.jpg 2048w\" sizes=\"(max-width: 1020px) 100vw, 1020px\" \/>\t\t\t\t\t\t\n\t\t\t\t\t<\/div>\n\t\t\t\t\t\t\t\t\n<style>\n#image_939118123 {\n  width: 100%;\n}\n<\/style>\n\t<\/div>\n\t\n\n<h1>\u00dcber uns \u2013 Chalkidiki Sailing &amp; Sporades Islands<\/h1>\n<h2 class=\"threedclass-big\">Unsere Philosophie\u00a0<\/h2>\n<p><em><strong>Halkidiki Sailing<\/strong><\/em> Das Team ist Experte in der Organisation<em> Segelurlaub in Griechenland<\/em> auf die beste Art und Weise! <em><a href=\"https:\/\/halkidikisailing.com\/de\/contact\/\"><strong>Halkidiki Sailing<\/strong><\/a><\/em> Das Unternehmen wurde gegr\u00fcndet, nachdem Greg Giovanis den Familienbetrieb, in dem er gearbeitet hatte, verlassen hatte. Nach seinem Studium der Wirtschaftswissenschaften an der Universit\u00e4t von Mazedonien beschloss er, seinen Traum zu verwirklichen.<\/p>\n<p class=\"\">Er nutzte seine Erfahrung im Wirtschaftssektor und seine Leidenschaft f\u00fcr das Segeln, um ein innovatives Unternehmen zu gr\u00fcnden, das sich an Menschen richtet, die dieselbe Philosophie teilen: die Liebe zum Meer, zum Segeln und zu alternativen Urlaubsreisen.<\/p>\n<p class=\"\">Dar\u00fcber hinaus die Philosophie, dass <strong><em><a href=\"https:\/\/halkidikisailing.com\/de\/how-to-plan-your-dream-vacation\/\">Halkidiki Sailing<\/a><\/em><\/strong> Unser Konzept ist einfach: seet\u00fcchtige, gut gewartete und sichere Yachten, erfahrene und vertrauensw\u00fcrdige Kapit\u00e4ne und jede Menge gute Laune! Seitdem und jedes Jahr begr\u00fc\u00dfen wir G\u00e4ste aus aller Welt an Bord. Unser Ziel ist es, ihnen einen angenehmen Aufenthalt zu erm\u00f6glichen und ihnen die Sch\u00f6nheit der Welt n\u00e4herzubringen. <em><strong><a href=\"https:\/\/www.visitgreece.gr\/islands\/\" rel=\"noopener\">Griechische Inseln<\/a><\/strong><\/em>, um die traditionelle griechische K\u00fcche zu genie\u00dfen und vor allem um das einzigartige Erlebnis der griechischen Inseln zu sp\u00fcren.<\/p>\n<h2>Segeln Sie mit uns<\/h2>\n<p>Wer die Kunst des Segelns beherrscht, ist von diesem Sport begeistert. Er ist aufregend, erfrischend und ein abenteuerliches Erlebnis, das viel verlangt, aber gleichzeitig viele Belohnungen bietet. Segeln ist zu einem Sport f\u00fcr alle geworden, die die Wellen des Meeres erkunden m\u00f6chten. Es ist nicht mehr nur Profiseglern und Eliten vorbehalten, die mit ihren Booten unterwegs sind. Sondern all jenen, die die Verbindung von Land und Meer erleben und einen Ort aus einer anderen, spannenden Perspektive entdecken m\u00f6chten. Kommen Sie vorbei! <em>Segelurlaub in Griechenland<\/em> mit den Besten!<\/p>\n<p><strong><em>Halkidiki Sailing<\/em><\/strong> ist ein Unternehmen, das in der n\u00f6rdlichen \u00c4g\u00e4is, auf den Sporaden (Skiathos, Skopelos, Alonissos und Skyros) und auf Chalkidiki t\u00e4tig ist. Unsere Flotte besteht aus Segel- und Motorbooten verschiedener Gr\u00f6\u00dfen. Alle unsere Boote werden tadellos gewartet und entsprechen h\u00f6chsten internationalen Standards.<\/p>\n<p class=\"\">Entspannt und <em><a href=\"https:\/\/halkidikisailing.com\/de\/destinations\/unknown-greek-islands-sailing-holidays\/\" data-type=\"page\" data-id=\"736\">unvergessliche Segelurlaube<\/a><\/em> Das ist unser Ziel. Kommen Sie mit uns an Bord und erleben Sie ein einzigartiges Abenteuer!<\/p>\n<p>Entdecken Sie die sch\u00f6nsten Inseln der Welt! Verbringen Sie einen Segelurlaub in Griechenland!<\/p>","protected":false},"excerpt":{"rendered":"","protected":false},"author":1,"featured_media":2615,"parent":0,"menu_order":0,"comment_status":"closed","ping_status":"closed","template":"","meta":{"_acf_changed":false,"footnotes":""},"class_list":["post-79","page","type-page","status-publish","has-post-thumbnail","hentry"],"acf":[],"yoast_head":"<!-- This site is optimized with the Yoast SEO plugin v21.9.1 - https:\/\/yoast.com\/wordpress\/plugins\/seo\/ -->\n<title>About Us - Halkidiki Sailing - Live the dream with the best<\/title>\n<meta name=\"description\" content=\"Halkidiki Sailing was based is simple: seaworthy, well maintained and safe yachts, experienced and trustworthy captains and lots of smiles!\" \/>\n<meta name=\"robots\" content=\"index, follow, max-snippet:-1, max-image-preview:large, max-video-preview:-1\" \/>\n<link rel=\"canonical\" href=\"https:\/\/halkidikisailing.com\/de\/about-us-halkidiki-sailing\/\" \/>\n<meta property=\"og:locale\" content=\"de_DE\" \/>\n<meta property=\"og:type\" content=\"article\" \/>\n<meta property=\"og:title\" content=\"About Us - Halkidiki Sailing - Live the dream with the best\" \/>\n<meta property=\"og:description\" content=\"Halkidiki Sailing was based is simple: seaworthy, well maintained and safe yachts, experienced and trustworthy captains and lots of smiles!\" \/>\n<meta property=\"og:url\" content=\"https:\/\/halkidikisailing.com\/de\/about-us-halkidiki-sailing\/\" \/>\n<meta property=\"og:site_name\" content=\"Halkidiki Sailing &amp; Sporades Islands\" \/>\n<meta property=\"article:publisher\" content=\"https:\/\/www.facebook.com\/halkidikisailin\" \/>\n<meta property=\"article:modified_time\" content=\"2024-10-23T07:45:29+00:00\" \/>\n<meta property=\"og:image\" content=\"https:\/\/halkidikisailing.com\/wp-content\/uploads\/2024\/02\/IMG_20200508_183457_220-scaled.jpg\" \/>\n\t<meta property=\"og:image:width\" content=\"2560\" \/>\n\t<meta property=\"og:image:height\" content=\"2560\" \/>\n\t<meta property=\"og:image:type\" content=\"image\/jpeg\" \/>\n<meta name=\"twitter:card\" content=\"summary_large_image\" \/>\n<meta name=\"twitter:label1\" content=\"Gesch\u00e4tzte Lesezeit\" \/>\n\t<meta name=\"twitter:data1\" content=\"2\u00a0Minuten\" \/>\n<script type=\"application\/ld+json\" class=\"yoast-schema-graph\">{\"@context\":\"https:\/\/schema.org\",\"@graph\":[{\"@type\":\"WebPage\",\"@id\":\"https:\/\/halkidikisailing.com\/about-us-halkidiki-sailing\/\",\"url\":\"https:\/\/halkidikisailing.com\/about-us-halkidiki-sailing\/\",\"name\":\"About Us - Halkidiki Sailing - Live the dream with the best\",\"isPartOf\":{\"@id\":\"https:\/\/halkidikisailing.com\/#website\"},\"datePublished\":\"2017-01-27T21:53:15+00:00\",\"dateModified\":\"2024-10-23T07:45:29+00:00\",\"description\":\"Halkidiki Sailing was based is simple: seaworthy, well maintained and safe yachts, experienced and trustworthy captains and lots of smiles!\",\"breadcrumb\":{\"@id\":\"https:\/\/halkidikisailing.com\/about-us-halkidiki-sailing\/#breadcrumb\"},\"inLanguage\":\"de\",\"potentialAction\":[{\"@type\":\"ReadAction\",\"target\":[\"https:\/\/halkidikisailing.com\/about-us-halkidiki-sailing\/\"]}]},{\"@type\":\"BreadcrumbList\",\"@id\":\"https:\/\/halkidikisailing.com\/about-us-halkidiki-sailing\/#breadcrumb\",\"itemListElement\":[{\"@type\":\"ListItem\",\"position\":1,\"name\":\"Home\",\"item\":\"https:\/\/halkidikisailing.com\/\"},{\"@type\":\"ListItem\",\"position\":2,\"name\":\"About Us\"}]},{\"@type\":\"WebSite\",\"@id\":\"https:\/\/halkidikisailing.com\/#website\",\"url\":\"https:\/\/halkidikisailing.com\/\",\"name\":\"Halkidiki Sailing &amp; Sporades Islands\",\"description\":\"Sailing Cruises and Yacht Chartering Halkidiki &amp; Sporades\",\"publisher\":{\"@id\":\"https:\/\/halkidikisailing.com\/#organization\"},\"alternateName\":\"Halkidiki Sailing\",\"potentialAction\":[{\"@type\":\"SearchAction\",\"target\":{\"@type\":\"EntryPoint\",\"urlTemplate\":\"https:\/\/halkidikisailing.com\/?s={search_term_string}\"},\"query-input\":\"required name=search_term_string\"}],\"inLanguage\":\"de\"},{\"@type\":\"Organization\",\"@id\":\"https:\/\/halkidikisailing.com\/#organization\",\"name\":\"Halkidiki Sailing & Sporades Islands\",\"alternateName\":\"Halkidiki Sailing\",\"url\":\"https:\/\/halkidikisailing.com\/\",\"logo\":{\"@type\":\"ImageObject\",\"inLanguage\":\"de\",\"@id\":\"https:\/\/halkidikisailing.com\/#\/schema\/logo\/image\/\",\"url\":\"https:\/\/halkidikisailing.com\/wp-content\/uploads\/2024\/02\/halkidiki-sailing-favicon.png\",\"contentUrl\":\"https:\/\/halkidikisailing.com\/wp-content\/uploads\/2024\/02\/halkidiki-sailing-favicon.png\",\"width\":199,\"height\":198,\"caption\":\"Halkidiki Sailing & Sporades Islands\"},\"image\":{\"@id\":\"https:\/\/halkidikisailing.com\/#\/schema\/logo\/image\/\"},\"sameAs\":[\"https:\/\/www.facebook.com\/halkidikisailin\"]}]}<\/script>\n<!-- \/ Yoast SEO plugin. -->","yoast_head_json":{"title":"\u00dcber uns \u2013 Chalkidiki Sailing \u2013 Erleben Sie Ihren Traum mit den Besten","description":"Das Konzept von Halkidiki Sailing ist einfach: seet\u00fcchtige, gut gewartete und sichere Yachten, erfahrene und vertrauensw\u00fcrdige Kapit\u00e4ne und jede Menge gute Laune!","robots":{"index":"index","follow":"follow","max-snippet":"max-snippet:-1","max-image-preview":"max-image-preview:large","max-video-preview":"max-video-preview:-1"},"canonical":"https:\/\/halkidikisailing.com\/de\/about-us-halkidiki-sailing\/","og_locale":"de_DE","og_type":"article","og_title":"About Us - Halkidiki Sailing - Live the dream with the best","og_description":"Halkidiki Sailing was based is simple: seaworthy, well maintained and safe yachts, experienced and trustworthy captains and lots of smiles!","og_url":"https:\/\/halkidikisailing.com\/de\/about-us-halkidiki-sailing\/","og_site_name":"Halkidiki Sailing &amp; Sporades Islands","article_publisher":"https:\/\/www.facebook.com\/halkidikisailin","article_modified_time":"2024-10-23T07:45:29+00:00","og_image":[{"width":2560,"height":2560,"url":"https:\/\/halkidikisailing.com\/wp-content\/uploads\/2024\/02\/IMG_20200508_183457_220-scaled.jpg","type":"image\/jpeg"}],"twitter_card":"summary_large_image","twitter_misc":{"Gesch\u00e4tzte Lesezeit":"2\u00a0Minuten"},"schema":{"@context":"https:\/\/schema.org","@graph":[{"@type":"WebPage","@id":"https:\/\/halkidikisailing.com\/about-us-halkidiki-sailing\/","url":"https:\/\/halkidikisailing.com\/about-us-halkidiki-sailing\/","name":"\u00dcber uns \u2013 Chalkidiki Sailing \u2013 Erleben Sie Ihren Traum mit den Besten","isPartOf":{"@id":"https:\/\/halkidikisailing.com\/#website"},"datePublished":"2017-01-27T21:53:15+00:00","dateModified":"2024-10-23T07:45:29+00:00","description":"Das Konzept von Halkidiki Sailing ist einfach: seet\u00fcchtige, gut gewartete und sichere Yachten, erfahrene und vertrauensw\u00fcrdige Kapit\u00e4ne und jede Menge gute Laune!","breadcrumb":{"@id":"https:\/\/halkidikisailing.com\/about-us-halkidiki-sailing\/#breadcrumb"},"inLanguage":"de","potentialAction":[{"@type":"ReadAction","target":["https:\/\/halkidikisailing.com\/about-us-halkidiki-sailing\/"]}]},{"@type":"BreadcrumbList","@id":"https:\/\/halkidikisailing.com\/about-us-halkidiki-sailing\/#breadcrumb","itemListElement":[{"@type":"ListItem","position":1,"name":"Home","item":"https:\/\/halkidikisailing.com\/"},{"@type":"ListItem","position":2,"name":"About Us"}]},{"@type":"WebSite","@id":"https:\/\/halkidikisailing.com\/#website","url":"https:\/\/halkidikisailing.com\/","name":"Segeln auf der Chalkidiki und zu den Sporadeninseln","description":"Segelkreuzfahrten und Yachtcharter Chalkidiki &amp; Sporaden","publisher":{"@id":"https:\/\/halkidikisailing.com\/#organization"},"alternateName":"Halkidiki Sailing","potentialAction":[{"@type":"SearchAction","target":{"@type":"EntryPoint","urlTemplate":"https:\/\/halkidikisailing.com\/?s={search_term_string}"},"query-input":"required name=search_term_string"}],"inLanguage":"de"},{"@type":"Organization","@id":"https:\/\/halkidikisailing.com\/#organization","name":"Segeln auf der Chalkidiki und zu den Sporadeninseln","alternateName":"Halkidiki Sailing","url":"https:\/\/halkidikisailing.com\/","logo":{"@type":"ImageObject","inLanguage":"de","@id":"https:\/\/halkidikisailing.com\/#\/schema\/logo\/image\/","url":"https:\/\/halkidikisailing.com\/wp-content\/uploads\/2024\/02\/halkidiki-sailing-favicon.png","contentUrl":"https:\/\/halkidikisailing.com\/wp-content\/uploads\/2024\/02\/halkidiki-sailing-favicon.png","width":199,"height":198,"caption":"Halkidiki Sailing & Sporades Islands"},"image":{"@id":"https:\/\/halkidikisailing.com\/#\/schema\/logo\/image\/"},"sameAs":["https:\/\/www.facebook.com\/halkidikisailin"]}]}},"_links":{"self":[{"href":"https:\/\/halkidikisailing.com\/de\/wp-json\/wp\/v2\/pages\/79","targetHints":{"allow":["GET"]}}],"collection":[{"href":"https:\/\/halkidikisailing.com\/de\/wp-json\/wp\/v2\/pages"}],"about":[{"href":"https:\/\/halkidikisailing.com\/de\/wp-json\/wp\/v2\/types\/page"}],"author":[{"embeddable":true,"href":"https:\/\/halkidikisailing.com\/de\/wp-json\/wp\/v2\/users\/1"}],"replies":[{"embeddable":true,"href":"https:\/\/halkidikisailing.com\/de\/wp-json\/wp\/v2\/comments?post=79"}],"version-history":[{"count":1,"href":"https:\/\/halkidikisailing.com\/de\/wp-json\/wp\/v2\/pages\/79\/revisions"}],"predecessor-version":[{"id":3210,"href":"https:\/\/halkidikisailing.com\/de\/wp-json\/wp\/v2\/pages\/79\/revisions\/3210"}],"wp:featuredmedia":[{"embeddable":true,"href":"https:\/\/halkidikisailing.com\/de\/wp-json\/wp\/v2\/media\/2615"}],"wp:attachment":[{"href":"https:\/\/halkidikisailing.com\/de\/wp-json\/wp\/v2\/media?parent=79"}],"curies":[{"name":"wp","href":"https:\/\/api.w.org\/{rel}","templated":true}]}}