{"id":1000,"date":"2022-10-11T10:39:54","date_gmt":"2022-10-11T08:39:54","guid":{"rendered":"https:\/\/halkidikisailing.com\/product\/5-days-sailing-vacations-in-halkidiki\/"},"modified":"2026-02-14T23:38:39","modified_gmt":"2026-02-14T21:38:39","slug":"5-days-sailing-vacations-in-halkidiki","status":"publish","type":"product","link":"https:\/\/halkidikisailing.com\/de\/produkt\/5-days-sailing-vacations-in-halkidiki\/","title":{"rendered":"5 Tage Segelurlaub in Chalkidiki"},"content":{"rendered":"<h1 style=\"text-align: justify;\">Entdecken Sie die Wunder von Chalkidiki auf einem 5-t\u00e4gigen Segelabenteuer!<\/h1>\n<p>Willkommen in einer Welt voller unvergleichlicher Abenteuer und grenzenloser Entdeckungen! Wir laden Sie ein, an Bord zu einer einzigartigen Reise zu gehen, auf der Sie der sanfte Wind zu den bezauberndsten Orten der Welt f\u00fchrt. Unsere Segelurlaube sind sorgf\u00e4ltig geplant, um Ihnen ein au\u00dfergew\u00f6hnliches Erlebnis zu bieten \u2013 eine harmonische Verbindung von Luxus, Entdeckungen und purer Begeisterung auf dem offenen Meer. Setzen Sie mit uns die Segel und begeben Sie sich auf eine Reise, die Ihnen unvergessliche Erinnerungen bescheren wird.<\/p>\n<p class=\"\" style=\"text-align: justify;\">Begeben Sie sich an Bord eines Segelboots auf eine Reise, um die bekannten und verborgenen Sch\u00e4tze Kassandras und Sithonias zu entdecken. Unser sorgf\u00e4ltig ausgearbeitetes Programm garantiert Ihnen, dass Sie in nur f\u00fcnf Tagen die unvergleichliche Sch\u00f6nheit dieser Inseln erleben werden. <strong><em><a href=\"https:\/\/halkidikisailing.com\/de\/destination\/halkidiki\/\">Chalkidiki<\/a>.<\/em><\/strong><br \/>\nSegelurlaube in <a href=\"https:\/\/halkidikisailing.com\/de\/destination\/halkidiki\/\">Chalkidiki<\/a> Es ist ein wunderbares Erlebnis, selbst f\u00fcr diejenigen ohne vorherige Seeerfahrung. Die milden Winde und die kurzen Routen erm\u00f6glichen ein reibungsloses und genussvolles Segeln von K\u00fcste zu K\u00fcste.<\/p>\n<h2 class=\"anchor-title is-style-ignition-cousteau-pro-anchor-title\" style=\"text-align: justify;\">Route<\/h2>\n<p class=\"\" style=\"text-align: justify;\">Nachfolgend pr\u00e4sentieren wir Ihnen den detaillierten Zeitplan f\u00fcr Ihren 5-t\u00e4gigen Segelt\u00f6rn.<\/p>\n<h3 class=\"boxed-title is-style-ignition-cousteau-pro-boxed-content\" style=\"text-align: justify;\">Tag 1<\/h3>\n<p class=\"\" style=\"text-align: justify;\">Gehen Sie an Bord, und der Kapit\u00e4n wird Ihnen wichtige Informationen zur Reise geben, einschlie\u00dflich Details zu Verpflegung und Flughafentransfers. Um 11:00 Uhr stechen Sie in See zu einem erfrischenden Bad entlang der S\u00fcdwestk\u00fcste von Sithonia. Die Buchten von <strong><em><a href=\"https:\/\/el.wikipedia.org\/wiki\/%CE%A0%CF%8C%CF%81%CF%84%CE%BF_%CE%9A%CE%B1%CF%81%CF%81%CE%AC%CF%82\" rel=\"noopener\">Porto Carras<\/a> <\/em><\/strong>Die Region um Toroni bietet einzigartige, wundersch\u00f6ne Landschaften. Nach einem erfrischenden Bad im kristallklaren Wasser geht es weiter zum Naturhafen Porto Koufo, wo Sie \u00fcbernachten k\u00f6nnen.<\/p>\n<h3 class=\"boxed-title is-style-ignition-cousteau-pro-boxed-content\" style=\"text-align: justify;\">Tag 2<\/h3>\n<p class=\"\" style=\"text-align: justify;\">Anker fr\u00fchzeitig lichten und Kurs auf die gegen\u00fcberliegende Seite von Sithonia nehmen. Genie\u00dfen Sie das Segelerlebnis, bestaunen Sie das Meer und erhaschen Sie einen Blick auf den majest\u00e4tischen Berg Athos. Legen Sie einen Zwischenstopp an den bezaubernden Diaporos-Inseln ein, um sich bis zum Nachmittag im Meer zu erfrischen. Anschlie\u00dfend geht es weiter zum Hafen von Panagia Bay, wo Sie \u00fcbernachten.<\/p>\n<h3 class=\"boxed-title is-style-ignition-cousteau-pro-boxed-content\" style=\"text-align: justify;\">Tag 3<\/h3>\n<p class=\"\" style=\"text-align: justify;\">Beginnen Sie Ihren Tag fr\u00fch, um die atemberaubenden Str\u00e4nde an der Ostk\u00fcste von Sithonia zu erkunden. Besuchen Sie Dream Coast, Armenistis, Kavourotripes, Platanitsi und Sarti. Zum Abschluss erreichen Sie die Sykia-Bucht, wo Sie \u00fcbernachten.<\/p>\n<h3 class=\"boxed-title is-style-ignition-cousteau-pro-boxed-content\" style=\"text-align: justify;\">Tag 4<\/h3>\n<p class=\"\" style=\"text-align: justify;\">Genie\u00dfen Sie ein k\u00f6stliches Fr\u00fchst\u00fcck, bevor Sie nach Akti Klimataria, Kriaritsi und Kalamitsi segeln, wo Sie sich im t\u00fcrkisfarbenen Wasser erfrischen k\u00f6nnen. Gegen Mittag erreichen Sie Kassandra und unsere Basis, wo Sie die Nacht verbringen werden.<\/p>\n<h3 class=\"boxed-title is-style-ignition-cousteau-pro-boxed-content\" style=\"text-align: justify;\">Tag 5<\/h3>\n<p class=\"\" style=\"text-align: justify;\">Setzen Sie die Segel fr\u00fch, um Ihren letzten Tag optimal zu nutzen. Legen Sie Badestopps in Porto Valitsa, Koursaros und Xenia ein \u2013 der Goldk\u00fcste nebenan. <em><strong><a href=\"https:\/\/www.visit-halkidiki.gr\/el\/portfolio-view\/glarokavos\/\" rel=\"noopener\">Glarokavos<\/a>.<\/strong><\/em> Runden Sie Ihr Segelabenteuer mit einem Besuch der Insel Kelyfos f\u00fcr einen letzten Tauchgang ab. R\u00fcckkehr zu unserer Basis bis 19:00 Uhr.<\/p>\n<p class=\"\" style=\"text-align: justify;\">Erleben Sie die perfekte Mischung aus Abenteuer und Entspannung auf diesem unvergesslichen Segelurlaub und entdecken Sie die Reize von <a href=\"https:\/\/halkidikisailing.com\/de\/destination\/halkidiki\/\">Chalkidiki<\/a>.<\/p>\n<div class=\"wp-block-group is-style-ignition-cousteau-pro-boxed-content\" style=\"text-align: justify;\"><\/div>","protected":false},"excerpt":{"rendered":"<p>Explore the Wonders of Halkidiki on a 5-Day Sailing Adventure! Welcome to the realm of unparalleled adventure and boundless exploration! At our helm, we invite you to embark on a voyage like no other, where the whisper of the wind guides you to the most enchanting corners of the world. Our sailing vacations are meticulously [&#8230;]\n","protected":false},"featured_media":929,"template":"","meta":{"_acf_changed":false},"destination":[56],"yacht-destination":[],"product_brand":[],"product_cat":[15,38,37],"product_tag":[42],"class_list":{"0":"post-1000","1":"product","2":"type-product","3":"status-publish","4":"has-post-thumbnail","6":"destination-halkidiki","7":"product_cat-trip-packages","8":"product_cat-multi-day","9":"product_cat-holidays-of-a-lifetime","10":"product_tag-halkidiki","12":"first","13":"instock","14":"virtual","15":"product-type-simple"},"acf":[],"yoast_head":"<!-- This site is optimized with the Yoast SEO plugin v21.9.1 - https:\/\/yoast.com\/wordpress\/plugins\/seo\/ -->\n<title>Sailing Vacations - 5 days sailing vacations in Halkidiki - Halkidiki Sailing &amp; Sporades Islands<\/title>\n<meta name=\"description\" content=\"Set sail of a lifetime with our exclusive sailing vacations. Experience the freedom of the open sea, discover hidden gems in breathtaking destinations.\" \/>\n<meta name=\"robots\" content=\"index, follow, max-snippet:-1, max-image-preview:large, max-video-preview:-1\" \/>\n<link rel=\"canonical\" href=\"https:\/\/halkidikisailing.com\/de\/produkt\/5-days-sailing-vacations-in-halkidiki\/\" \/>\n<meta property=\"og:locale\" content=\"de_DE\" \/>\n<meta property=\"og:type\" content=\"article\" \/>\n<meta property=\"og:title\" content=\"Sailing Vacations - 5 days sailing vacations in Halkidiki - Halkidiki Sailing &amp; Sporades Islands\" \/>\n<meta property=\"og:description\" content=\"Set sail of a lifetime with our exclusive sailing vacations. Experience the freedom of the open sea, discover hidden gems in breathtaking destinations.\" \/>\n<meta property=\"og:url\" content=\"https:\/\/halkidikisailing.com\/de\/produkt\/5-days-sailing-vacations-in-halkidiki\/\" \/>\n<meta property=\"og:site_name\" content=\"Halkidiki Sailing &amp; Sporades Islands\" \/>\n<meta property=\"article:publisher\" content=\"https:\/\/www.facebook.com\/halkidikisailin\" \/>\n<meta property=\"article:modified_time\" content=\"2026-02-14T21:38:39+00:00\" \/>\n<meta property=\"og:image\" content=\"https:\/\/halkidikisailing.com\/wp-content\/uploads\/2023\/12\/7powermarineyachting-alonnisos-3.jpg\" \/>\n\t<meta property=\"og:image:width\" content=\"1400\" \/>\n\t<meta property=\"og:image:height\" content=\"800\" \/>\n\t<meta property=\"og:image:type\" content=\"image\/jpeg\" \/>\n<meta name=\"twitter:card\" content=\"summary_large_image\" \/>\n<meta name=\"twitter:label1\" content=\"Gesch\u00e4tzte Lesezeit\" \/>\n\t<meta name=\"twitter:data1\" content=\"3\u00a0Minuten\" \/>\n<script type=\"application\/ld+json\" class=\"yoast-schema-graph\">{\"@context\":\"https:\/\/schema.org\",\"@graph\":[{\"@type\":\"WebPage\",\"@id\":\"https:\/\/halkidikisailing.com\/product\/5-days-sailing-vacations-in-halkidiki\/\",\"url\":\"https:\/\/halkidikisailing.com\/product\/5-days-sailing-vacations-in-halkidiki\/\",\"name\":\"Sailing Vacations - 5 days sailing vacations in Halkidiki - Halkidiki Sailing &amp; Sporades Islands\",\"isPartOf\":{\"@id\":\"https:\/\/halkidikisailing.com\/#website\"},\"datePublished\":\"2022-10-11T08:39:54+00:00\",\"dateModified\":\"2026-02-14T21:38:39+00:00\",\"description\":\"Set sail of a lifetime with our exclusive sailing vacations. Experience the freedom of the open sea, discover hidden gems in breathtaking destinations.\",\"breadcrumb\":{\"@id\":\"https:\/\/halkidikisailing.com\/product\/5-days-sailing-vacations-in-halkidiki\/#breadcrumb\"},\"inLanguage\":\"de\",\"potentialAction\":[{\"@type\":\"ReadAction\",\"target\":[\"https:\/\/halkidikisailing.com\/product\/5-days-sailing-vacations-in-halkidiki\/\"]}]},{\"@type\":\"BreadcrumbList\",\"@id\":\"https:\/\/halkidikisailing.com\/product\/5-days-sailing-vacations-in-halkidiki\/#breadcrumb\",\"itemListElement\":[{\"@type\":\"ListItem\",\"position\":1,\"name\":\"Home\",\"item\":\"https:\/\/halkidikisailing.com\/\"},{\"@type\":\"ListItem\",\"position\":2,\"name\":\"Shop\",\"item\":\"https:\/\/halkidikisailing.com\/shop\/\"},{\"@type\":\"ListItem\",\"position\":3,\"name\":\"5 days sailing vacations in Halkidiki\"}]},{\"@type\":\"WebSite\",\"@id\":\"https:\/\/halkidikisailing.com\/#website\",\"url\":\"https:\/\/halkidikisailing.com\/\",\"name\":\"Halkidiki Sailing &amp; Sporades Islands\",\"description\":\"Sailing Cruises and Yacht Chartering Halkidiki &amp; Sporades\",\"publisher\":{\"@id\":\"https:\/\/halkidikisailing.com\/#organization\"},\"alternateName\":\"Halkidiki Sailing\",\"potentialAction\":[{\"@type\":\"SearchAction\",\"target\":{\"@type\":\"EntryPoint\",\"urlTemplate\":\"https:\/\/halkidikisailing.com\/?s={search_term_string}\"},\"query-input\":\"required name=search_term_string\"}],\"inLanguage\":\"de\"},{\"@type\":\"Organization\",\"@id\":\"https:\/\/halkidikisailing.com\/#organization\",\"name\":\"Halkidiki Sailing & Sporades Islands\",\"alternateName\":\"Halkidiki Sailing\",\"url\":\"https:\/\/halkidikisailing.com\/\",\"logo\":{\"@type\":\"ImageObject\",\"inLanguage\":\"de\",\"@id\":\"https:\/\/halkidikisailing.com\/#\/schema\/logo\/image\/\",\"url\":\"https:\/\/halkidikisailing.com\/wp-content\/uploads\/2024\/02\/halkidiki-sailing-favicon.png\",\"contentUrl\":\"https:\/\/halkidikisailing.com\/wp-content\/uploads\/2024\/02\/halkidiki-sailing-favicon.png\",\"width\":199,\"height\":198,\"caption\":\"Halkidiki Sailing & Sporades Islands\"},\"image\":{\"@id\":\"https:\/\/halkidikisailing.com\/#\/schema\/logo\/image\/\"},\"sameAs\":[\"https:\/\/www.facebook.com\/halkidikisailin\"]}]}<\/script>\n<!-- \/ Yoast SEO plugin. -->","yoast_head_json":{"title":"Segelurlaub \u2013 5 Tage Segelurlaub in Chalkidiki \u2013 Chalkidiki Sailing &amp; Sporadeninseln","description":"Erleben Sie mit unseren exklusiven Segelreisen ein unvergessliches Abenteuer. Genie\u00dfen Sie die Freiheit des offenen Meeres und entdecken Sie verborgene Sch\u00e4tze in atemberaubenden Reisezielen.","robots":{"index":"index","follow":"follow","max-snippet":"max-snippet:-1","max-image-preview":"max-image-preview:large","max-video-preview":"max-video-preview:-1"},"canonical":"https:\/\/halkidikisailing.com\/de\/produkt\/5-days-sailing-vacations-in-halkidiki\/","og_locale":"de_DE","og_type":"article","og_title":"Sailing Vacations - 5 days sailing vacations in Halkidiki - Halkidiki Sailing &amp; Sporades Islands","og_description":"Set sail of a lifetime with our exclusive sailing vacations. Experience the freedom of the open sea, discover hidden gems in breathtaking destinations.","og_url":"https:\/\/halkidikisailing.com\/de\/produkt\/5-days-sailing-vacations-in-halkidiki\/","og_site_name":"Halkidiki Sailing &amp; Sporades Islands","article_publisher":"https:\/\/www.facebook.com\/halkidikisailin","article_modified_time":"2026-02-14T21:38:39+00:00","og_image":[{"width":1400,"height":800,"url":"https:\/\/halkidikisailing.com\/wp-content\/uploads\/2023\/12\/7powermarineyachting-alonnisos-3.jpg","type":"image\/jpeg"}],"twitter_card":"summary_large_image","twitter_misc":{"Gesch\u00e4tzte Lesezeit":"3\u00a0Minuten"},"schema":{"@context":"https:\/\/schema.org","@graph":[{"@type":"WebPage","@id":"https:\/\/halkidikisailing.com\/product\/5-days-sailing-vacations-in-halkidiki\/","url":"https:\/\/halkidikisailing.com\/product\/5-days-sailing-vacations-in-halkidiki\/","name":"Segelurlaub \u2013 5 Tage Segelurlaub in Chalkidiki \u2013 Chalkidiki Sailing &amp; Sporadeninseln","isPartOf":{"@id":"https:\/\/halkidikisailing.com\/#website"},"datePublished":"2022-10-11T08:39:54+00:00","dateModified":"2026-02-14T21:38:39+00:00","description":"Erleben Sie mit unseren exklusiven Segelreisen ein unvergessliches Abenteuer. Genie\u00dfen Sie die Freiheit des offenen Meeres und entdecken Sie verborgene Sch\u00e4tze in atemberaubenden Reisezielen.","breadcrumb":{"@id":"https:\/\/halkidikisailing.com\/product\/5-days-sailing-vacations-in-halkidiki\/#breadcrumb"},"inLanguage":"de","potentialAction":[{"@type":"ReadAction","target":["https:\/\/halkidikisailing.com\/product\/5-days-sailing-vacations-in-halkidiki\/"]}]},{"@type":"BreadcrumbList","@id":"https:\/\/halkidikisailing.com\/product\/5-days-sailing-vacations-in-halkidiki\/#breadcrumb","itemListElement":[{"@type":"ListItem","position":1,"name":"Home","item":"https:\/\/halkidikisailing.com\/"},{"@type":"ListItem","position":2,"name":"Shop","item":"https:\/\/halkidikisailing.com\/shop\/"},{"@type":"ListItem","position":3,"name":"5 days sailing vacations in Halkidiki"}]},{"@type":"WebSite","@id":"https:\/\/halkidikisailing.com\/#website","url":"https:\/\/halkidikisailing.com\/","name":"Segeln auf der Chalkidiki und zu den Sporadeninseln","description":"Segelkreuzfahrten und Yachtcharter Chalkidiki &amp; Sporaden","publisher":{"@id":"https:\/\/halkidikisailing.com\/#organization"},"alternateName":"Halkidiki Sailing","potentialAction":[{"@type":"SearchAction","target":{"@type":"EntryPoint","urlTemplate":"https:\/\/halkidikisailing.com\/?s={search_term_string}"},"query-input":"required name=search_term_string"}],"inLanguage":"de"},{"@type":"Organization","@id":"https:\/\/halkidikisailing.com\/#organization","name":"Segeln auf der Chalkidiki und zu den Sporadeninseln","alternateName":"Halkidiki Sailing","url":"https:\/\/halkidikisailing.com\/","logo":{"@type":"ImageObject","inLanguage":"de","@id":"https:\/\/halkidikisailing.com\/#\/schema\/logo\/image\/","url":"https:\/\/halkidikisailing.com\/wp-content\/uploads\/2024\/02\/halkidiki-sailing-favicon.png","contentUrl":"https:\/\/halkidikisailing.com\/wp-content\/uploads\/2024\/02\/halkidiki-sailing-favicon.png","width":199,"height":198,"caption":"Halkidiki Sailing & Sporades Islands"},"image":{"@id":"https:\/\/halkidikisailing.com\/#\/schema\/logo\/image\/"},"sameAs":["https:\/\/www.facebook.com\/halkidikisailin"]}]}},"_links":{"self":[{"href":"https:\/\/halkidikisailing.com\/de\/wp-json\/wp\/v2\/product\/1000","targetHints":{"allow":["GET"]}}],"collection":[{"href":"https:\/\/halkidikisailing.com\/de\/wp-json\/wp\/v2\/product"}],"about":[{"href":"https:\/\/halkidikisailing.com\/de\/wp-json\/wp\/v2\/types\/product"}],"wp:featuredmedia":[{"embeddable":true,"href":"https:\/\/halkidikisailing.com\/de\/wp-json\/wp\/v2\/media\/929"}],"wp:attachment":[{"href":"https:\/\/halkidikisailing.com\/de\/wp-json\/wp\/v2\/media?parent=1000"}],"wp:term":[{"taxonomy":"destination","embeddable":true,"href":"https:\/\/halkidikisailing.com\/de\/wp-json\/wp\/v2\/destination?post=1000"},{"taxonomy":"yacht-destination","embeddable":true,"href":"https:\/\/halkidikisailing.com\/de\/wp-json\/wp\/v2\/yacht-destination?post=1000"},{"taxonomy":"product_brand","embeddable":true,"href":"https:\/\/halkidikisailing.com\/de\/wp-json\/wp\/v2\/product_brand?post=1000"},{"taxonomy":"product_cat","embeddable":true,"href":"https:\/\/halkidikisailing.com\/de\/wp-json\/wp\/v2\/product_cat?post=1000"},{"taxonomy":"product_tag","embeddable":true,"href":"https:\/\/halkidikisailing.com\/de\/wp-json\/wp\/v2\/product_tag?post=1000"}],"curies":[{"name":"wp","href":"https:\/\/api.w.org\/{rel}","templated":true}]}}