{"id":1007,"date":"2022-10-11T12:53:40","date_gmt":"2022-10-11T10:53:40","guid":{"rendered":"https:\/\/halkidikisailing.com\/product\/your-best-bachelor-bachelorette-in-a-sailing-yacht\/"},"modified":"2026-02-14T17:35:14","modified_gmt":"2026-02-14T15:35:14","slug":"bachelor-on-a-sailing-yacht","status":"publish","type":"product","link":"https:\/\/halkidikisailing.com\/de\/produkt\/bachelor-on-a-sailing-yacht\/","title":{"rendered":"Junggeselle auf einer Segelyacht"},"content":{"rendered":"<h3>Stilvoll feiern: Organisieren Sie einen einzigartigen Junggesellenabschied auf einer Segelyacht<\/h3>\n<p>Planen Sie Ihren Junggesellenabschied und w\u00fcnschen sich ein unvergessliches Erlebnis? Ein Junggesellenabschied auf einer Segelyacht ist die perfekte Art zu feiern. Stellen Sie sich vor, Sie betreten mit Ihren engsten Freunden eine Luxusyacht und segeln \u00fcber das glitzernde Wasser. <strong><em><a href=\"https:\/\/halkidikisailing.com\/de\/destination\/halkidiki\/\">Chalkidiki<\/a><\/em><\/strong>. Dieses atemberaubende Reiseziel liegt im Herzen von <em><strong><a href=\"https:\/\/en.wikipedia.org\/wiki\/Aegean_Sea\" rel=\"noopener\">\u00e4g\u00e4isch<\/a><\/strong><\/em>, Chalkidiki bietet atemberaubende Ausblicke, ein pulsierendes Nachtleben und ein unvergleichliches Freiheitsgef\u00fchl. Jedes Detail Ihres Junggesellenabschieds l\u00e4sst sich individuell gestalten, um unvergessliche Erinnerungen zu schaffen. Eine Segelyacht ist mehr als nur ein Transportmittel. Sie ist Ihr privater Veranstaltungsort, Ihr luxuri\u00f6ser R\u00fcckzugsort und Ihr Ausgangspunkt f\u00fcr Abenteuer. Chalkidiki ist ber\u00fchmt f\u00fcr seine Natursch\u00f6nheit, versteckten Str\u00e4nde und lebhaften H\u00e4fen. Die Kombination all dessen mit der ausgelassenen Stimmung eines Junggesellenabschieds garantiert ein au\u00dfergew\u00f6hnliches Erlebnis. Entdecken Sie, warum ein Junggesellenabschied auf einer Segelyacht die ultimative Art zu feiern ist.<\/p>\n<p><img decoding=\"async\" class=\"size-medium wp-image-1408 alignleft\" src=\"https:\/\/halkidikisailing.com\/wp-content\/uploads\/2023\/12\/Bachelorette-in-a-Sailing-Boat-e1713349637757-300x276.jpg\" alt=\"Bachelorette on a Sailing Boat\" width=\"300\" height=\"276\" title=\"\" srcset=\"https:\/\/halkidikisailing.com\/wp-content\/uploads\/2023\/12\/Bachelorette-in-a-Sailing-Boat-e1713349637757-300x276.jpg 300w, https:\/\/halkidikisailing.com\/wp-content\/uploads\/2023\/12\/Bachelorette-in-a-Sailing-Boat-e1713349637757-510x470.jpg 510w, https:\/\/halkidikisailing.com\/wp-content\/uploads\/2023\/12\/Bachelorette-in-a-Sailing-Boat-e1713349637757-768x707.jpg 768w, https:\/\/halkidikisailing.com\/wp-content\/uploads\/2023\/12\/Bachelorette-in-a-Sailing-Boat-e1713349637757.jpg 976w\" sizes=\"(max-width: 300px) 100vw, 300px\" \/><\/p>\n<p>&nbsp;<\/p>\n<h3>Die unvergleichliche Privatsph\u00e4re eines Junggesellen auf einer Segelyacht<\/h3>\n<p>Einer der gr\u00f6\u00dften Vorteile einer Yacht ist die gebotene Privatsph\u00e4re. Vergessen Sie \u00fcberf\u00fcllte Bars, laute Clubs und lange Warteschlangen. Auf einer Yacht haben Sie und Ihre Freunde den gesamten Raum f\u00fcr sich allein. Sie k\u00f6nnen lachen, feiern und entspannen, ohne gest\u00f6rt zu werden. Und das Beste daran? <strong><em><a href=\"https:\/\/halkidikisailing.com\/de\/halkidiki-is-the-best-area-for-sailing-tours\/\">Chalkidiki<\/a> <\/em><\/strong>Griechenland ist voller versteckter Buchten und einsamer Str\u00e4nde. Diese Orte sind nur mit dem Boot erreichbar und bieten Ihnen exklusiven Zugang zu einigen der unber\u00fchrtesten Flecken der Insel. Sie bestimmen Ihre Reiseroute selbst. M\u00f6chten Sie an einem ruhigen Strand ankern und schwimmen? Kein Problem. Oder lieber gem\u00fctlich die K\u00fcste entlang segeln und dabei einen Drink genie\u00dfen? Auch das ist problemlos m\u00f6glich. Ein Junggeselle auf einer Segelyacht macht es m\u00f6glich.<strong><em><a href=\"https:\/\/halkidikisailing.com\/de\/produkt\/tailor-made-sailing-holidays\/\"> Sie erstellen einen Zeitplan<\/a><\/em><\/strong> Das passt perfekt zu eurer Gruppe. Ob ihr den Tag mit Erkundungen verbringen oder in der Sonne entspannen wollt, die Wahl liegt ganz bei euch.<\/p>\n<h3>Auf dem offenen Meer wartet ein Abenteuer.<\/h3>\n<p><em><a href=\"https:\/\/halkidikisailing.com\/de\/destinations\/unknown-greek-islands-sailing-holidays\/\">Segeln ist mehr als nur eine Art der Fortbewegung.<\/a><\/em>Es ist ein Abenteuer. Sobald man das Deck einer Yacht betritt, \u00fcberkommt einen ein Gef\u00fchl von Freiheit, das sich kaum beschreiben l\u00e4sst. Der Wind tr\u00e4gt einen \u00fcber das Wasser, und die Wellen bilden den rhythmischen Soundtrack der Reise. Jeder Moment auf dem offenen Meer ist aufregend. Ein Junggesellenabschied auf einer Segelyacht bietet die Chance, diese Begeisterung selbst zu erleben. Stell dir vor, wie du die Yacht steuerst und deine Freunde dich anfeuern. Stell dir das Lachen vor, w\u00e4hrend du die Gischt im Gesicht sp\u00fcrst. Jeder Augenblick ist voller Energie und Freude. Segeln ist ein unvergleichliches Erlebnis, und es mit den besten Freunden zu teilen, macht es noch besonderer.<\/p>\n<p><img decoding=\"async\" class=\"size-medium wp-image-3007 alignright\" src=\"https:\/\/halkidikisailing.com\/wp-content\/uploads\/2024\/04\/20190608_120009-300x225.jpg\" alt=\"Bachelor on a sailing yacht\" width=\"300\" height=\"225\" title=\"\" srcset=\"https:\/\/halkidikisailing.com\/wp-content\/uploads\/2024\/04\/20190608_120009-300x225.jpg 300w, https:\/\/halkidikisailing.com\/wp-content\/uploads\/2024\/04\/20190608_120009-scaled-510x383.jpg 510w, https:\/\/halkidikisailing.com\/wp-content\/uploads\/2024\/04\/20190608_120009-1024x768.jpg 1024w, https:\/\/halkidikisailing.com\/wp-content\/uploads\/2024\/04\/20190608_120009-768x576.jpg 768w, https:\/\/halkidikisailing.com\/wp-content\/uploads\/2024\/04\/20190608_120009-1536x1152.jpg 1536w, https:\/\/halkidikisailing.com\/wp-content\/uploads\/2024\/04\/20190608_120009-2048x1536.jpg 2048w\" sizes=\"(max-width: 300px) 100vw, 300px\" \/><\/p>\n<h3>Atemberaubende Ausblicke, die Sie nur vom Wasser aus erleben k\u00f6nnen<\/h3>\n<p>Chalkidiki ist f\u00fcr seine atemberaubende Natursch\u00f6nheit bekannt, die man am besten vom Wasser aus erlebt. W\u00e4hrend Ihre Yacht entlang der K\u00fcste gleitet, sehen Sie \u00fcppig gr\u00fcne H\u00fcgel, die sanft in kristallklares Wasser abfallen. Die Aussicht ist einfach \u00fcberw\u00e4ltigend. Vom Deck Ihrer Yacht aus wirkt jeder Sonnenuntergang noch intensiver, jeder Strand noch magischer. Sie entdecken Orte, von denen Sie nie wussten, dass sie existieren. Versteckte Buchten, einsame Str\u00e4nde und unber\u00fchrte Natur warten darauf, von Ihnen erkundet zu werden. Diese Orte finden Sie in keinem Reisef\u00fchrer. Ein Junggesellenurlaub auf einer Segelyacht erm\u00f6glicht es Ihnen, dem Trubel zu entfliehen und die Sch\u00f6nheit Chalkidikis aus einer einzigartigen Perspektive zu erleben. Es ist, als h\u00e4tten Sie Ihr ganz privates St\u00fcck Paradies.<\/p>\n<h3>Komfort und Luxus an Bord<\/h3>\n<p><em><a href=\"https:\/\/halkidikisailing.com\/de\/produkt-kategorie\/yachts\/\">Segelyachten<\/a><\/em> Sie sind so konzipiert, dass sie die perfekte Mischung aus Komfort und Abenteuer bieten. Moderne Yachten sind mit allem ausgestattet, was Sie f\u00fcr stilvolle Entspannung ben\u00f6tigen. Ger\u00e4umige Kabinen bieten viel Platz zum Relaxen. Die Klimaanlage sorgt selbst an den hei\u00dfesten Tagen f\u00fcr angenehme K\u00fchle. In den Lounge-Bereichen k\u00f6nnen Sie die Aussicht in vollen Z\u00fcgen genie\u00dfen. Manche Yachten setzen noch einen drauf. Stellen Sie sich vor, wie Sie in einem Whirlpool entspannen, w\u00e4hrend die Sonne \u00fcber der \u00c4g\u00e4is untergeht. Oder wie Sie auf einem eleganten Deck unter dem Sternenhimmel Champagner schl\u00fcrfen. Ein Junggesellenurlaub auf einer Segelyacht vereint Luxus und Abenteuer und bietet Ihnen das Beste aus beiden Welten. Sie werden sich wie ein K\u00f6nig f\u00fchlen, w\u00e4hrend Sie durch die Sch\u00f6nheit Griechenlands gleiten.<\/p>\n<h3>Die kulinarischen Gen\u00fcsse eines Junggesellenabschieds auf einer Yacht<\/h3>\n<p>Keine Feier ist komplett ohne gutes Essen und Trinken. Ein Junggesellenabschied auf einer Segelyacht hebt das kulinarische Erlebnis auf ein ganz neues Niveau. Viele Yachten bieten die M\u00f6glichkeit, einen Bordkoch zu engagieren, der Mahlzeiten ganz nach Ihren W\u00fcnschen zubereitet. Fangfrische Meeresfr\u00fcchte, klassische griechische Gerichte und mediterrane Aromen machen jede Mahlzeit zu einem Festmahl. Genie\u00dfen Sie dazu eine Auswahl an k\u00fchlen Bieren, handgemachten Cocktails oder preisgekr\u00f6nten Getr\u00e4nken.<strong><em><a href=\"https:\/\/en.wikipedia.org\/wiki\/Greek_wine\" rel=\"noopener\"> Griechische Weine<\/a><\/em><\/strong>. Die Yachtcrew sorgt daf\u00fcr, dass Ihr Glas nie leer und Ihr Teller immer voll ist. Ein Essen auf einer Yacht ist mehr als nur Genuss \u2013 es ist ein Erlebnis. Gemeinsam mit Freunden zu speisen und dabei den Wellen zuzusehen, wie sie sanft gegen das Boot pl\u00e4tschern, ist ein unvergessliches Erlebnis.<\/p>\n<p><img decoding=\"async\" class=\"size-medium wp-image-750 alignleft\" src=\"https:\/\/halkidikisailing.com\/wp-content\/uploads\/2019\/06\/halkidiki-summer-2019-2-225x300.jpg\" alt=\"Bachelor on a sailing yacht\" width=\"225\" height=\"300\" title=\"\" srcset=\"https:\/\/halkidikisailing.com\/wp-content\/uploads\/2019\/06\/halkidiki-summer-2019-2-225x300.jpg 225w, https:\/\/halkidikisailing.com\/wp-content\/uploads\/2019\/06\/halkidiki-summer-2019-2-510x680.jpg 510w, https:\/\/halkidikisailing.com\/wp-content\/uploads\/2019\/06\/halkidiki-summer-2019-2-768x1024.jpg 768w, https:\/\/halkidikisailing.com\/wp-content\/uploads\/2019\/06\/halkidiki-summer-2019-2-1152x1536.jpg 1152w, https:\/\/halkidikisailing.com\/wp-content\/uploads\/2019\/06\/halkidiki-summer-2019-2.jpg 1536w\" sizes=\"(max-width: 225px) 100vw, 225px\" \/><\/p>\n<h3>Unz\u00e4hlige Aktivit\u00e4ten zum Genie\u00dfen<\/h3>\n<p>Auf einer Yacht gibt es so viel mehr zu erleben als nur Segeln. Das offene Meer wird zu Ihrem Spielplatz. Tauchen Sie ein in kristallklares Wasser und erfrischen Sie sich. Schnappen Sie sich einen Schnorchel und entdecken Sie die faszinierende Unterwasserwelt. Werfen Sie die Angel aus und versuchen Sie Ihr Gl\u00fcck beim Angeln. Jede Aktivit\u00e4t bringt Sie der Natur n\u00e4her und schafft gemeinsame, unvergessliche Momente. Wassersport sorgt f\u00fcr zus\u00e4tzlichen Nervenkitzel. Stand-Up-Paddling, Jetski und Kajakfahren sind nur einige der M\u00f6glichkeiten. Wenn Sie es lieber etwas ruhiger angehen m\u00f6chten, sonnen Sie sich an Deck oder entspannen Sie sich mit einem Buch. Ein Junggesellenurlaub auf einer Segelyacht bietet grenzenlose M\u00f6glichkeiten f\u00fcr Spa\u00df und Abenteuer. Was auch immer Sie unternehmen, Sie werden eine unvergessliche Zeit erleben.<\/p>\n<h3>Der Zauber der N\u00e4chte auf dem Wasser<\/h3>\n<p>Wenn die Sonne untergeht, entfaltet sich der Zauber einer Yachtparty erst richtig. Fernab der Lichter der Stadt leuchten die Sterne besonders hell. Das sanfte Schaukeln der Yacht und das Rauschen der Wellen schaffen eine friedliche Atmosph\u00e4re. Der perfekte Rahmen f\u00fcr tiefgr\u00fcndige Gespr\u00e4che, ausgelassenes Lachen und unvergessliche Momente. Wer es etwas aufregender mag, kann in der N\u00e4he eines lebhaften Hafens ankern und das Nachtleben von Chalkidiki erleben. Von Strandbars bis hin zu pulsierenden Clubs \u2013 es gibt unz\u00e4hlige M\u00f6glichkeiten zum Tanzen und Feiern. Ein Junggesellenabschied auf einer Segelyacht bietet das Beste aus beiden Welten: ruhige N\u00e4chte unter dem Sternenhimmel und pulsierende Abende voller Musik und Energie.<\/p>\n<h3>Erinnerungen festhalten, die f\u00fcr immer w\u00e4hren<\/h3>\n<p><strong>Ein Junggesellenabschied auf einer Yacht ist mehr als nur eine Feier.<\/strong> Es ist ein Erlebnis, das Sie Ihr Leben lang nicht vergessen werden. Jeder Moment ist ein perfektes Fotomotiv \u2013 von der atemberaubenden Kulisse der \u00c4g\u00e4is bis zum unbeschwerten Lachen Ihrer Freunde. Halten Sie die Freude am Sprung ins Meer, die Sch\u00f6nheit eines Sonnenuntergangs und die Begeisterung beim Erkunden neuer Orte fest. Ein Junggesellenabschied auf einer Segelyacht bietet Ihnen unz\u00e4hlige M\u00f6glichkeiten, Erinnerungen zu schaffen und festzuhalten. Das sind die Geschichten, die Sie noch Jahre sp\u00e4ter erz\u00e4hlen werden, die Momente, an die Sie mit einem L\u00e4cheln zur\u00fcckdenken werden.<\/p>","protected":false},"excerpt":{"rendered":"<p>Celebrate in Style: Organize a Unique Bachelor on a Sailing Yacht Are you planning your bachelor party and want something truly unforgettable? A Bachelor on a sailing yacht is the perfect way to celebrate. Imagine stepping aboard a luxury yacht with your closest friends, ready to sail across the sparkling waters of Halkidiki. This stunning [&#8230;]\n","protected":false},"featured_media":936,"template":"","meta":{"_acf_changed":false},"destination":[56],"yacht-destination":[],"product_brand":[],"product_cat":[15,43],"product_tag":[42],"class_list":{"0":"post-1007","1":"product","2":"type-product","3":"status-publish","4":"has-post-thumbnail","6":"destination-halkidiki","7":"product_cat-trip-packages","8":"product_cat-day-trips","9":"product_tag-halkidiki","11":"first","12":"instock","13":"virtual","14":"product-type-simple"},"acf":[],"yoast_head":"<!-- This site is optimized with the Yoast SEO plugin v21.9.1 - https:\/\/yoast.com\/wordpress\/plugins\/seo\/ -->\n<title>Bachelor on a sailing yacht - Halkidiki Sailing &amp; Sporades Islands<\/title>\n<meta name=\"description\" content=\"A Bachelor on a sailing yacht is the perfect way to celebrate in style. It\u2019s an experience that you\u2019ll remember for the rest of your life.\" \/>\n<meta name=\"robots\" content=\"index, follow, max-snippet:-1, max-image-preview:large, max-video-preview:-1\" \/>\n<link rel=\"canonical\" href=\"https:\/\/halkidikisailing.com\/de\/produkt\/bachelor-on-a-sailing-yacht\/\" \/>\n<meta property=\"og:locale\" content=\"de_DE\" \/>\n<meta property=\"og:type\" content=\"article\" \/>\n<meta property=\"og:title\" content=\"Bachelor on a sailing yacht - Halkidiki Sailing &amp; Sporades Islands\" \/>\n<meta property=\"og:description\" content=\"A Bachelor on a sailing yacht is the perfect way to celebrate in style. It\u2019s an experience that you\u2019ll remember for the rest of your life.\" \/>\n<meta property=\"og:url\" content=\"https:\/\/halkidikisailing.com\/de\/produkt\/bachelor-on-a-sailing-yacht\/\" \/>\n<meta property=\"og:site_name\" content=\"Halkidiki Sailing &amp; Sporades Islands\" \/>\n<meta property=\"article:publisher\" content=\"https:\/\/www.facebook.com\/halkidikisailin\" \/>\n<meta property=\"article:modified_time\" content=\"2026-02-14T15:35:14+00:00\" \/>\n<meta property=\"og:image\" content=\"https:\/\/halkidikisailing.com\/wp-content\/uploads\/2023\/12\/Your-best-Bachelor-Bachelorette-in-a-sailing-yacht.jpg\" \/>\n\t<meta property=\"og:image:width\" content=\"1400\" \/>\n\t<meta property=\"og:image:height\" content=\"800\" \/>\n\t<meta property=\"og:image:type\" content=\"image\/jpeg\" \/>\n<meta name=\"twitter:card\" content=\"summary_large_image\" \/>\n<meta name=\"twitter:label1\" content=\"Gesch\u00e4tzte Lesezeit\" \/>\n\t<meta name=\"twitter:data1\" content=\"6\u00a0Minuten\" \/>\n<script type=\"application\/ld+json\" class=\"yoast-schema-graph\">{\"@context\":\"https:\/\/schema.org\",\"@graph\":[{\"@type\":\"WebPage\",\"@id\":\"https:\/\/halkidikisailing.com\/product\/bachelor-on-a-sailing-yacht\/\",\"url\":\"https:\/\/halkidikisailing.com\/product\/bachelor-on-a-sailing-yacht\/\",\"name\":\"Bachelor on a sailing yacht - Halkidiki Sailing &amp; Sporades Islands\",\"isPartOf\":{\"@id\":\"https:\/\/halkidikisailing.com\/#website\"},\"datePublished\":\"2022-10-11T10:53:40+00:00\",\"dateModified\":\"2026-02-14T15:35:14+00:00\",\"description\":\"A Bachelor on a sailing yacht is the perfect way to celebrate in style. It\u2019s an experience that you\u2019ll remember for the rest of your life.\",\"breadcrumb\":{\"@id\":\"https:\/\/halkidikisailing.com\/product\/bachelor-on-a-sailing-yacht\/#breadcrumb\"},\"inLanguage\":\"de\",\"potentialAction\":[{\"@type\":\"ReadAction\",\"target\":[\"https:\/\/halkidikisailing.com\/product\/bachelor-on-a-sailing-yacht\/\"]}]},{\"@type\":\"BreadcrumbList\",\"@id\":\"https:\/\/halkidikisailing.com\/product\/bachelor-on-a-sailing-yacht\/#breadcrumb\",\"itemListElement\":[{\"@type\":\"ListItem\",\"position\":1,\"name\":\"Home\",\"item\":\"https:\/\/halkidikisailing.com\/\"},{\"@type\":\"ListItem\",\"position\":2,\"name\":\"Shop\",\"item\":\"https:\/\/halkidikisailing.com\/shop\/\"},{\"@type\":\"ListItem\",\"position\":3,\"name\":\"Bachelor on a sailing yacht\"}]},{\"@type\":\"WebSite\",\"@id\":\"https:\/\/halkidikisailing.com\/#website\",\"url\":\"https:\/\/halkidikisailing.com\/\",\"name\":\"Halkidiki Sailing &amp; Sporades Islands\",\"description\":\"Sailing Cruises and Yacht Chartering Halkidiki &amp; Sporades\",\"publisher\":{\"@id\":\"https:\/\/halkidikisailing.com\/#organization\"},\"alternateName\":\"Halkidiki Sailing\",\"potentialAction\":[{\"@type\":\"SearchAction\",\"target\":{\"@type\":\"EntryPoint\",\"urlTemplate\":\"https:\/\/halkidikisailing.com\/?s={search_term_string}\"},\"query-input\":\"required name=search_term_string\"}],\"inLanguage\":\"de\"},{\"@type\":\"Organization\",\"@id\":\"https:\/\/halkidikisailing.com\/#organization\",\"name\":\"Halkidiki Sailing & Sporades Islands\",\"alternateName\":\"Halkidiki Sailing\",\"url\":\"https:\/\/halkidikisailing.com\/\",\"logo\":{\"@type\":\"ImageObject\",\"inLanguage\":\"de\",\"@id\":\"https:\/\/halkidikisailing.com\/#\/schema\/logo\/image\/\",\"url\":\"https:\/\/halkidikisailing.com\/wp-content\/uploads\/2024\/02\/halkidiki-sailing-favicon.png\",\"contentUrl\":\"https:\/\/halkidikisailing.com\/wp-content\/uploads\/2024\/02\/halkidiki-sailing-favicon.png\",\"width\":199,\"height\":198,\"caption\":\"Halkidiki Sailing & Sporades Islands\"},\"image\":{\"@id\":\"https:\/\/halkidikisailing.com\/#\/schema\/logo\/image\/\"},\"sameAs\":[\"https:\/\/www.facebook.com\/halkidikisailin\"]}]}<\/script>\n<!-- \/ Yoast SEO plugin. -->","yoast_head_json":{"title":"Junggesellenabschied auf einer Segelyacht \u2013 Chalkidiki und die Sporaden","description":"Ein Junggesellenabschied auf einer Segelyacht ist die perfekte Art, stilvoll zu feiern. Es ist ein Erlebnis, das Sie Ihr Leben lang in Erinnerung behalten werden.","robots":{"index":"index","follow":"follow","max-snippet":"max-snippet:-1","max-image-preview":"max-image-preview:large","max-video-preview":"max-video-preview:-1"},"canonical":"https:\/\/halkidikisailing.com\/de\/produkt\/bachelor-on-a-sailing-yacht\/","og_locale":"de_DE","og_type":"article","og_title":"Bachelor on a sailing yacht - Halkidiki Sailing &amp; Sporades Islands","og_description":"A Bachelor on a sailing yacht is the perfect way to celebrate in style. It\u2019s an experience that you\u2019ll remember for the rest of your life.","og_url":"https:\/\/halkidikisailing.com\/de\/produkt\/bachelor-on-a-sailing-yacht\/","og_site_name":"Halkidiki Sailing &amp; Sporades Islands","article_publisher":"https:\/\/www.facebook.com\/halkidikisailin","article_modified_time":"2026-02-14T15:35:14+00:00","og_image":[{"width":1400,"height":800,"url":"https:\/\/halkidikisailing.com\/wp-content\/uploads\/2023\/12\/Your-best-Bachelor-Bachelorette-in-a-sailing-yacht.jpg","type":"image\/jpeg"}],"twitter_card":"summary_large_image","twitter_misc":{"Gesch\u00e4tzte Lesezeit":"6\u00a0Minuten"},"schema":{"@context":"https:\/\/schema.org","@graph":[{"@type":"WebPage","@id":"https:\/\/halkidikisailing.com\/product\/bachelor-on-a-sailing-yacht\/","url":"https:\/\/halkidikisailing.com\/product\/bachelor-on-a-sailing-yacht\/","name":"Junggesellenabschied auf einer Segelyacht \u2013 Chalkidiki und die Sporaden","isPartOf":{"@id":"https:\/\/halkidikisailing.com\/#website"},"datePublished":"2022-10-11T10:53:40+00:00","dateModified":"2026-02-14T15:35:14+00:00","description":"Ein Junggesellenabschied auf einer Segelyacht ist die perfekte Art, stilvoll zu feiern. Es ist ein Erlebnis, das Sie Ihr Leben lang in Erinnerung behalten werden.","breadcrumb":{"@id":"https:\/\/halkidikisailing.com\/product\/bachelor-on-a-sailing-yacht\/#breadcrumb"},"inLanguage":"de","potentialAction":[{"@type":"ReadAction","target":["https:\/\/halkidikisailing.com\/product\/bachelor-on-a-sailing-yacht\/"]}]},{"@type":"BreadcrumbList","@id":"https:\/\/halkidikisailing.com\/product\/bachelor-on-a-sailing-yacht\/#breadcrumb","itemListElement":[{"@type":"ListItem","position":1,"name":"Home","item":"https:\/\/halkidikisailing.com\/"},{"@type":"ListItem","position":2,"name":"Shop","item":"https:\/\/halkidikisailing.com\/shop\/"},{"@type":"ListItem","position":3,"name":"Bachelor on a sailing yacht"}]},{"@type":"WebSite","@id":"https:\/\/halkidikisailing.com\/#website","url":"https:\/\/halkidikisailing.com\/","name":"Segeln auf der Chalkidiki und zu den Sporadeninseln","description":"Segelkreuzfahrten und Yachtcharter Chalkidiki &amp; Sporaden","publisher":{"@id":"https:\/\/halkidikisailing.com\/#organization"},"alternateName":"Halkidiki Sailing","potentialAction":[{"@type":"SearchAction","target":{"@type":"EntryPoint","urlTemplate":"https:\/\/halkidikisailing.com\/?s={search_term_string}"},"query-input":"required name=search_term_string"}],"inLanguage":"de"},{"@type":"Organization","@id":"https:\/\/halkidikisailing.com\/#organization","name":"Segeln auf der Chalkidiki und zu den Sporadeninseln","alternateName":"Halkidiki Sailing","url":"https:\/\/halkidikisailing.com\/","logo":{"@type":"ImageObject","inLanguage":"de","@id":"https:\/\/halkidikisailing.com\/#\/schema\/logo\/image\/","url":"https:\/\/halkidikisailing.com\/wp-content\/uploads\/2024\/02\/halkidiki-sailing-favicon.png","contentUrl":"https:\/\/halkidikisailing.com\/wp-content\/uploads\/2024\/02\/halkidiki-sailing-favicon.png","width":199,"height":198,"caption":"Halkidiki Sailing & Sporades Islands"},"image":{"@id":"https:\/\/halkidikisailing.com\/#\/schema\/logo\/image\/"},"sameAs":["https:\/\/www.facebook.com\/halkidikisailin"]}]}},"_links":{"self":[{"href":"https:\/\/halkidikisailing.com\/de\/wp-json\/wp\/v2\/product\/1007","targetHints":{"allow":["GET"]}}],"collection":[{"href":"https:\/\/halkidikisailing.com\/de\/wp-json\/wp\/v2\/product"}],"about":[{"href":"https:\/\/halkidikisailing.com\/de\/wp-json\/wp\/v2\/types\/product"}],"wp:featuredmedia":[{"embeddable":true,"href":"https:\/\/halkidikisailing.com\/de\/wp-json\/wp\/v2\/media\/936"}],"wp:attachment":[{"href":"https:\/\/halkidikisailing.com\/de\/wp-json\/wp\/v2\/media?parent=1007"}],"wp:term":[{"taxonomy":"destination","embeddable":true,"href":"https:\/\/halkidikisailing.com\/de\/wp-json\/wp\/v2\/destination?post=1007"},{"taxonomy":"yacht-destination","embeddable":true,"href":"https:\/\/halkidikisailing.com\/de\/wp-json\/wp\/v2\/yacht-destination?post=1007"},{"taxonomy":"product_brand","embeddable":true,"href":"https:\/\/halkidikisailing.com\/de\/wp-json\/wp\/v2\/product_brand?post=1007"},{"taxonomy":"product_cat","embeddable":true,"href":"https:\/\/halkidikisailing.com\/de\/wp-json\/wp\/v2\/product_cat?post=1007"},{"taxonomy":"product_tag","embeddable":true,"href":"https:\/\/halkidikisailing.com\/de\/wp-json\/wp\/v2\/product_tag?post=1007"}],"curies":[{"name":"wp","href":"https:\/\/api.w.org\/{rel}","templated":true}]}}