{"id":1725,"date":"2023-12-27T19:02:20","date_gmt":"2023-12-27T17:02:20","guid":{"rendered":"https:\/\/halkidikisailing.com\/?post_type=product&#038;p=1725"},"modified":"2024-02-09T11:23:53","modified_gmt":"2024-02-09T09:23:53","slug":"jeanneau-sun-odyssey-36-2","status":"publish","type":"product","link":"https:\/\/halkidikisailing.com\/de\/produkt\/jeanneau-sun-odyssey-36-2\/","title":{"rendered":"Jeanneau Sun Odyssey 36.2"},"content":{"rendered":"<p>Jacques Fauroux&#039; elegantes und harmonisches Design ist agil und schnell. Selbst bei leichtem Wind vermittelt es ein Gef\u00fchl der Kontrolle. Die Sun Odyssey 36.2 vereint einfache Handhabung mit hohem Komfort an Bord. Im Vergleich zu Konkurrenzmodellen gleicher Gr\u00f6\u00dfe ist sie mit Abstand die schnellste. Der breite Heckbereich bietet Platz f\u00fcr ein Steuerstandpodium und einen Cockpittisch. Die Philosophie der Sun Odyssey (Luftzirkulation, Bel\u00fcftung, gro\u00dfz\u00fcgiger Cockpitbereich, Badeplattform am Heck) wird in der Sun Odyssey 36.2 beispielhaft umgesetzt. Rumpf und Deck bieten hohen Wohnkomfort.<br \/>\nCockpit mit Steuerstand und Sitzen mit Stauf\u00e4chern an beiden Decks und Cockpitdusche. Im Heck befindet sich der Kapit\u00e4nssitz, der sich vollst\u00e4ndig \u00f6ffnen l\u00e4sst und Zugang zur Badeplattform bietet. Im Innenraum befindet sich rechts eine voll ausgestattete Pantry mit Elektroherd und Gasofen, K\u00fchlschrank mit Gefrierfach und Doppelsp\u00fcle aus Edelstahl mit Warm- und Kaltwasseranschluss. Rechts befindet sich ein Kartentisch mit elektronischem Bedienfeld. In der Mitte steht ein Esstisch mit Sofas (der Originaltisch ist erhalten). Im Bug befindet sich eine Doppelkabine mit Doppelbett und Stauraum. Im Heck befinden sich zwei Doppelkabinen und ein WC mit Toilette, Waschbecken und Dusche mit Warm- und Kaltwasseranschluss.<\/p>","protected":false},"excerpt":{"rendered":"<div class=\"page-hero page-hero-align-left page-hero-align-bottom\">\n<div class=\"container\">\n<div class=\"row\">\n<div class=\"col-12\">\n<div class=\"page-hero-content\">\n<div class=\"page-hero-subtitle\">\n<p>Das \u201cbenutzerfreundliche\u201d Segelboot Jeanneau Sun Odyssey 36.2 \u2013 11 m<\/p>\n<\/div>\n<\/div>\n<\/div>\n<\/div>\n<\/div>\n<\/div>","protected":false},"featured_media":1748,"template":"","meta":{"_acf_changed":false},"destination":[],"yacht-destination":[71,73,69,70,72],"product_brand":[],"product_cat":[36],"product_tag":[],"class_list":{"0":"post-1725","1":"product","2":"type-product","3":"status-publish","4":"has-post-thumbnail","6":"yacht-destination-alonnisos","7":"yacht-destination-thessaloniki","8":"yacht-destination-halkidiki","9":"yacht-destination-skiathos","10":"yacht-destination-skopelos","11":"product_cat-yachts","13":"first","14":"instock","15":"virtual","16":"product-type-simple"},"acf":[],"yoast_head":"<!-- This site is optimized with the Yoast SEO plugin v21.9.1 - https:\/\/yoast.com\/wordpress\/plugins\/seo\/ -->\n<title>Jeanneau Sun Odyssey 36.2 - Halkidiki Sailing &amp; Sporades Islands<\/title>\n<meta name=\"robots\" content=\"index, follow, max-snippet:-1, max-image-preview:large, max-video-preview:-1\" \/>\n<link rel=\"canonical\" href=\"https:\/\/halkidikisailing.com\/de\/produkt\/jeanneau-sun-odyssey-36-2\/\" \/>\n<meta property=\"og:locale\" content=\"de_DE\" \/>\n<meta property=\"og:type\" content=\"article\" \/>\n<meta property=\"og:title\" content=\"Jeanneau Sun Odyssey 36.2 - Halkidiki Sailing &amp; Sporades Islands\" \/>\n<meta property=\"og:description\" content=\"The \u201cuser friendly\u201d sailboat Jeanneau Sun Odyssey 36.2 \u2013 11 m\" \/>\n<meta property=\"og:url\" content=\"https:\/\/halkidikisailing.com\/de\/produkt\/jeanneau-sun-odyssey-36-2\/\" \/>\n<meta property=\"og:site_name\" content=\"Halkidiki Sailing &amp; Sporades Islands\" \/>\n<meta property=\"article:publisher\" content=\"https:\/\/www.facebook.com\/halkidikisailin\" \/>\n<meta property=\"article:modified_time\" content=\"2024-02-09T09:23:53+00:00\" \/>\n<meta property=\"og:image\" content=\"https:\/\/halkidikisailing.com\/wp-content\/uploads\/2023\/12\/Jeanneau-Sun-Odyssey-36.2-870x580-1.jpg\" \/>\n\t<meta property=\"og:image:width\" content=\"870\" \/>\n\t<meta property=\"og:image:height\" content=\"580\" \/>\n\t<meta property=\"og:image:type\" content=\"image\/jpeg\" \/>\n<meta name=\"twitter:card\" content=\"summary_large_image\" \/>\n<meta name=\"twitter:label1\" content=\"Gesch\u00e4tzte Lesezeit\" \/>\n\t<meta name=\"twitter:data1\" content=\"2\u00a0Minuten\" \/>\n<script type=\"application\/ld+json\" class=\"yoast-schema-graph\">{\"@context\":\"https:\/\/schema.org\",\"@graph\":[{\"@type\":\"WebPage\",\"@id\":\"https:\/\/halkidikisailing.com\/product\/jeanneau-sun-odyssey-36-2\/\",\"url\":\"https:\/\/halkidikisailing.com\/product\/jeanneau-sun-odyssey-36-2\/\",\"name\":\"Jeanneau Sun Odyssey 36.2 - Halkidiki Sailing &amp; Sporades Islands\",\"isPartOf\":{\"@id\":\"https:\/\/halkidikisailing.com\/#website\"},\"datePublished\":\"2023-12-27T17:02:20+00:00\",\"dateModified\":\"2024-02-09T09:23:53+00:00\",\"breadcrumb\":{\"@id\":\"https:\/\/halkidikisailing.com\/product\/jeanneau-sun-odyssey-36-2\/#breadcrumb\"},\"inLanguage\":\"de\",\"potentialAction\":[{\"@type\":\"ReadAction\",\"target\":[\"https:\/\/halkidikisailing.com\/product\/jeanneau-sun-odyssey-36-2\/\"]}]},{\"@type\":\"BreadcrumbList\",\"@id\":\"https:\/\/halkidikisailing.com\/product\/jeanneau-sun-odyssey-36-2\/#breadcrumb\",\"itemListElement\":[{\"@type\":\"ListItem\",\"position\":1,\"name\":\"Home\",\"item\":\"https:\/\/halkidikisailing.com\/\"},{\"@type\":\"ListItem\",\"position\":2,\"name\":\"Shop\",\"item\":\"https:\/\/halkidikisailing.com\/shop\/\"},{\"@type\":\"ListItem\",\"position\":3,\"name\":\"Jeanneau Sun Odyssey 36.2\"}]},{\"@type\":\"WebSite\",\"@id\":\"https:\/\/halkidikisailing.com\/#website\",\"url\":\"https:\/\/halkidikisailing.com\/\",\"name\":\"Halkidiki Sailing &amp; Sporades Islands\",\"description\":\"Sailing Cruises and Yacht Chartering Halkidiki &amp; Sporades\",\"publisher\":{\"@id\":\"https:\/\/halkidikisailing.com\/#organization\"},\"alternateName\":\"Halkidiki Sailing\",\"potentialAction\":[{\"@type\":\"SearchAction\",\"target\":{\"@type\":\"EntryPoint\",\"urlTemplate\":\"https:\/\/halkidikisailing.com\/?s={search_term_string}\"},\"query-input\":\"required name=search_term_string\"}],\"inLanguage\":\"de\"},{\"@type\":\"Organization\",\"@id\":\"https:\/\/halkidikisailing.com\/#organization\",\"name\":\"Halkidiki Sailing & Sporades Islands\",\"alternateName\":\"Halkidiki Sailing\",\"url\":\"https:\/\/halkidikisailing.com\/\",\"logo\":{\"@type\":\"ImageObject\",\"inLanguage\":\"de\",\"@id\":\"https:\/\/halkidikisailing.com\/#\/schema\/logo\/image\/\",\"url\":\"https:\/\/halkidikisailing.com\/wp-content\/uploads\/2024\/02\/halkidiki-sailing-favicon.png\",\"contentUrl\":\"https:\/\/halkidikisailing.com\/wp-content\/uploads\/2024\/02\/halkidiki-sailing-favicon.png\",\"width\":199,\"height\":198,\"caption\":\"Halkidiki Sailing & Sporades Islands\"},\"image\":{\"@id\":\"https:\/\/halkidikisailing.com\/#\/schema\/logo\/image\/\"},\"sameAs\":[\"https:\/\/www.facebook.com\/halkidikisailin\"]}]}<\/script>\n<!-- \/ Yoast SEO plugin. -->","yoast_head_json":{"title":"Jeanneau Sun Odyssey 36.2 \u2013 Segeln in Chalkidiki und den Sporaden","robots":{"index":"index","follow":"follow","max-snippet":"max-snippet:-1","max-image-preview":"max-image-preview:large","max-video-preview":"max-video-preview:-1"},"canonical":"https:\/\/halkidikisailing.com\/de\/produkt\/jeanneau-sun-odyssey-36-2\/","og_locale":"de_DE","og_type":"article","og_title":"Jeanneau Sun Odyssey 36.2 - Halkidiki Sailing &amp; Sporades Islands","og_description":"The \u201cuser friendly\u201d sailboat Jeanneau Sun Odyssey 36.2 \u2013 11 m","og_url":"https:\/\/halkidikisailing.com\/de\/produkt\/jeanneau-sun-odyssey-36-2\/","og_site_name":"Halkidiki Sailing &amp; Sporades Islands","article_publisher":"https:\/\/www.facebook.com\/halkidikisailin","article_modified_time":"2024-02-09T09:23:53+00:00","og_image":[{"width":870,"height":580,"url":"https:\/\/halkidikisailing.com\/wp-content\/uploads\/2023\/12\/Jeanneau-Sun-Odyssey-36.2-870x580-1.jpg","type":"image\/jpeg"}],"twitter_card":"summary_large_image","twitter_misc":{"Gesch\u00e4tzte Lesezeit":"2\u00a0Minuten"},"schema":{"@context":"https:\/\/schema.org","@graph":[{"@type":"WebPage","@id":"https:\/\/halkidikisailing.com\/product\/jeanneau-sun-odyssey-36-2\/","url":"https:\/\/halkidikisailing.com\/product\/jeanneau-sun-odyssey-36-2\/","name":"Jeanneau Sun Odyssey 36.2 \u2013 Segeln in Chalkidiki und den Sporaden","isPartOf":{"@id":"https:\/\/halkidikisailing.com\/#website"},"datePublished":"2023-12-27T17:02:20+00:00","dateModified":"2024-02-09T09:23:53+00:00","breadcrumb":{"@id":"https:\/\/halkidikisailing.com\/product\/jeanneau-sun-odyssey-36-2\/#breadcrumb"},"inLanguage":"de","potentialAction":[{"@type":"ReadAction","target":["https:\/\/halkidikisailing.com\/product\/jeanneau-sun-odyssey-36-2\/"]}]},{"@type":"BreadcrumbList","@id":"https:\/\/halkidikisailing.com\/product\/jeanneau-sun-odyssey-36-2\/#breadcrumb","itemListElement":[{"@type":"ListItem","position":1,"name":"Home","item":"https:\/\/halkidikisailing.com\/"},{"@type":"ListItem","position":2,"name":"Shop","item":"https:\/\/halkidikisailing.com\/shop\/"},{"@type":"ListItem","position":3,"name":"Jeanneau Sun Odyssey 36.2"}]},{"@type":"WebSite","@id":"https:\/\/halkidikisailing.com\/#website","url":"https:\/\/halkidikisailing.com\/","name":"Segeln auf der Chalkidiki und zu den Sporadeninseln","description":"Segelkreuzfahrten und Yachtcharter Chalkidiki &amp; Sporaden","publisher":{"@id":"https:\/\/halkidikisailing.com\/#organization"},"alternateName":"Halkidiki Sailing","potentialAction":[{"@type":"SearchAction","target":{"@type":"EntryPoint","urlTemplate":"https:\/\/halkidikisailing.com\/?s={search_term_string}"},"query-input":"required name=search_term_string"}],"inLanguage":"de"},{"@type":"Organization","@id":"https:\/\/halkidikisailing.com\/#organization","name":"Segeln auf der Chalkidiki und zu den Sporadeninseln","alternateName":"Halkidiki Sailing","url":"https:\/\/halkidikisailing.com\/","logo":{"@type":"ImageObject","inLanguage":"de","@id":"https:\/\/halkidikisailing.com\/#\/schema\/logo\/image\/","url":"https:\/\/halkidikisailing.com\/wp-content\/uploads\/2024\/02\/halkidiki-sailing-favicon.png","contentUrl":"https:\/\/halkidikisailing.com\/wp-content\/uploads\/2024\/02\/halkidiki-sailing-favicon.png","width":199,"height":198,"caption":"Halkidiki Sailing & Sporades Islands"},"image":{"@id":"https:\/\/halkidikisailing.com\/#\/schema\/logo\/image\/"},"sameAs":["https:\/\/www.facebook.com\/halkidikisailin"]}]}},"_links":{"self":[{"href":"https:\/\/halkidikisailing.com\/de\/wp-json\/wp\/v2\/product\/1725","targetHints":{"allow":["GET"]}}],"collection":[{"href":"https:\/\/halkidikisailing.com\/de\/wp-json\/wp\/v2\/product"}],"about":[{"href":"https:\/\/halkidikisailing.com\/de\/wp-json\/wp\/v2\/types\/product"}],"wp:featuredmedia":[{"embeddable":true,"href":"https:\/\/halkidikisailing.com\/de\/wp-json\/wp\/v2\/media\/1748"}],"wp:attachment":[{"href":"https:\/\/halkidikisailing.com\/de\/wp-json\/wp\/v2\/media?parent=1725"}],"wp:term":[{"taxonomy":"destination","embeddable":true,"href":"https:\/\/halkidikisailing.com\/de\/wp-json\/wp\/v2\/destination?post=1725"},{"taxonomy":"yacht-destination","embeddable":true,"href":"https:\/\/halkidikisailing.com\/de\/wp-json\/wp\/v2\/yacht-destination?post=1725"},{"taxonomy":"product_brand","embeddable":true,"href":"https:\/\/halkidikisailing.com\/de\/wp-json\/wp\/v2\/product_brand?post=1725"},{"taxonomy":"product_cat","embeddable":true,"href":"https:\/\/halkidikisailing.com\/de\/wp-json\/wp\/v2\/product_cat?post=1725"},{"taxonomy":"product_tag","embeddable":true,"href":"https:\/\/halkidikisailing.com\/de\/wp-json\/wp\/v2\/product_tag?post=1725"}],"curies":[{"name":"wp","href":"https:\/\/api.w.org\/{rel}","templated":true}]}}