{"id":2199,"date":"2024-01-31T22:47:18","date_gmt":"2024-01-31T20:47:18","guid":{"rendered":"https:\/\/halkidikisailing.com\/?post_type=product&#038;p=2199"},"modified":"2026-03-28T13:07:02","modified_gmt":"2026-03-28T11:07:02","slug":"bavaria-cruiser-42c","status":"publish","type":"product","link":"https:\/\/halkidikisailing.com\/de\/produkt\/bavaria-cruiser-42c\/","title":{"rendered":"Bavaria Cruiser 42C"},"content":{"rendered":"<p>Die Bavaria 42 Cruiser ist ein sorgf\u00e4ltig gefertigtes, praktisches Segelboot, das zahlreiche Vorteile f\u00fcr eine komfortable Kreuzfahrt mit Freunden oder Familie bietet. Der Steuerstand bietet hervorragende Sicht nach vorn und sorgt so f\u00fcr ein stabiles Fahrgef\u00fchl. Das ger\u00e4umige Cockpit vermittelt auch bei Kr\u00e4ngung ein Gef\u00fchl der Sicherheit. Decksausr\u00fcstung und Takelage sind speziell f\u00fcr Hochseet\u00f6rns ausgelegt und erm\u00f6glichen eine pr\u00e4zise Segelkontrolle. Das Steuern bietet ein begeisterndes Erlebnis, und Sie werden das Segeln mit diesem beeindruckenden 42-Fu\u00df-Einrumpfboot zweifellos genie\u00dfen.<\/p>\n<div>Die Bavaria 42C bietet mit ihren drei Kabinen ein sehr gro\u00dfz\u00fcgiges Raumangebot: Eine Bugkabine mit eigenem Bad, zwei weitere ger\u00e4umige Kabinen und ein gro\u00dfer Salon bieten viel Platz f\u00fcr alle. Dank des riesigen Cockpits und der zwei Steuerst\u00e4nde ist sie der perfekte Fahrtensegler.<\/div>","protected":false},"excerpt":{"rendered":"<p>The Bavaria 42 Cruiser is a meticulously crafted, practical sailboat that offers numerous benefits for a comfortable cruise with friends or family. The helm provides excellent forward visibility, ensuring a sense of stability, and the spacious cockpit instills a feeling of safety even during moments of heeling. The deck fittings and rigging are designed specifically [&#8230;]\n","protected":false},"featured_media":2196,"template":"","meta":{"_acf_changed":false},"destination":[],"yacht-destination":[73,69,70,72,71],"product_brand":[],"product_cat":[36],"product_tag":[],"class_list":{"0":"post-2199","1":"product","2":"type-product","3":"status-publish","4":"has-post-thumbnail","6":"yacht-destination-thessaloniki","7":"yacht-destination-halkidiki","8":"yacht-destination-skiathos","9":"yacht-destination-skopelos","10":"yacht-destination-alonnisos","11":"product_cat-yachts","13":"first","14":"instock","15":"shipping-taxable","16":"product-type-simple"},"acf":[],"yoast_head":"<!-- This site is optimized with the Yoast SEO plugin v21.9.1 - https:\/\/yoast.com\/wordpress\/plugins\/seo\/ -->\n<title>Bavaria Cruiser 42C - Halkidiki Sailing &amp; Sporades Islands<\/title>\n<meta name=\"robots\" content=\"index, follow, max-snippet:-1, max-image-preview:large, max-video-preview:-1\" \/>\n<link rel=\"canonical\" href=\"https:\/\/halkidikisailing.com\/de\/produkt\/bavaria-cruiser-42c\/\" \/>\n<meta property=\"og:locale\" content=\"de_DE\" \/>\n<meta property=\"og:type\" content=\"article\" \/>\n<meta property=\"og:title\" content=\"Bavaria Cruiser 42C - Halkidiki Sailing &amp; Sporades Islands\" \/>\n<meta property=\"og:description\" content=\"The Bavaria 42 Cruiser is a meticulously crafted, practical sailboat that offers numerous benefits for a comfortable cruise with friends or family. The helm provides excellent forward visibility, ensuring a sense of stability, and the spacious cockpit instills a feeling of safety even during moments of heeling. The deck fittings and rigging are designed specifically [...]\" \/>\n<meta property=\"og:url\" content=\"https:\/\/halkidikisailing.com\/de\/produkt\/bavaria-cruiser-42c\/\" \/>\n<meta property=\"og:site_name\" content=\"Halkidiki Sailing &amp; Sporades Islands\" \/>\n<meta property=\"article:publisher\" content=\"https:\/\/www.facebook.com\/halkidikisailin\" \/>\n<meta property=\"article:modified_time\" content=\"2026-03-28T11:07:02+00:00\" \/>\n<meta property=\"og:image\" content=\"https:\/\/halkidikisailing.com\/wp-content\/uploads\/2024\/01\/Bavaria-42e-halkidikisailing.com_-scaled.jpeg\" \/>\n\t<meta property=\"og:image:width\" content=\"2560\" \/>\n\t<meta property=\"og:image:height\" content=\"1920\" \/>\n\t<meta property=\"og:image:type\" content=\"image\/jpeg\" \/>\n<meta name=\"twitter:card\" content=\"summary_large_image\" \/>\n<meta name=\"twitter:label1\" content=\"Gesch\u00e4tzte Lesezeit\" \/>\n\t<meta name=\"twitter:data1\" content=\"1\u00a0Minute\" \/>\n<script type=\"application\/ld+json\" class=\"yoast-schema-graph\">{\"@context\":\"https:\/\/schema.org\",\"@graph\":[{\"@type\":\"WebPage\",\"@id\":\"https:\/\/halkidikisailing.com\/product\/bavaria-cruiser-42c\/\",\"url\":\"https:\/\/halkidikisailing.com\/product\/bavaria-cruiser-42c\/\",\"name\":\"Bavaria Cruiser 42C - Halkidiki Sailing &amp; Sporades Islands\",\"isPartOf\":{\"@id\":\"https:\/\/halkidikisailing.com\/#website\"},\"datePublished\":\"2024-01-31T20:47:18+00:00\",\"dateModified\":\"2026-03-28T11:07:02+00:00\",\"breadcrumb\":{\"@id\":\"https:\/\/halkidikisailing.com\/product\/bavaria-cruiser-42c\/#breadcrumb\"},\"inLanguage\":\"de\",\"potentialAction\":[{\"@type\":\"ReadAction\",\"target\":[\"https:\/\/halkidikisailing.com\/product\/bavaria-cruiser-42c\/\"]}]},{\"@type\":\"BreadcrumbList\",\"@id\":\"https:\/\/halkidikisailing.com\/product\/bavaria-cruiser-42c\/#breadcrumb\",\"itemListElement\":[{\"@type\":\"ListItem\",\"position\":1,\"name\":\"Home\",\"item\":\"https:\/\/halkidikisailing.com\/\"},{\"@type\":\"ListItem\",\"position\":2,\"name\":\"Shop\",\"item\":\"https:\/\/halkidikisailing.com\/shop\/\"},{\"@type\":\"ListItem\",\"position\":3,\"name\":\"Bavaria Cruiser 42C\"}]},{\"@type\":\"WebSite\",\"@id\":\"https:\/\/halkidikisailing.com\/#website\",\"url\":\"https:\/\/halkidikisailing.com\/\",\"name\":\"Halkidiki Sailing &amp; Sporades Islands\",\"description\":\"Sailing Cruises and Yacht Chartering Halkidiki &amp; Sporades\",\"publisher\":{\"@id\":\"https:\/\/halkidikisailing.com\/#organization\"},\"alternateName\":\"Halkidiki Sailing\",\"potentialAction\":[{\"@type\":\"SearchAction\",\"target\":{\"@type\":\"EntryPoint\",\"urlTemplate\":\"https:\/\/halkidikisailing.com\/?s={search_term_string}\"},\"query-input\":\"required name=search_term_string\"}],\"inLanguage\":\"de\"},{\"@type\":\"Organization\",\"@id\":\"https:\/\/halkidikisailing.com\/#organization\",\"name\":\"Halkidiki Sailing & Sporades Islands\",\"alternateName\":\"Halkidiki Sailing\",\"url\":\"https:\/\/halkidikisailing.com\/\",\"logo\":{\"@type\":\"ImageObject\",\"inLanguage\":\"de\",\"@id\":\"https:\/\/halkidikisailing.com\/#\/schema\/logo\/image\/\",\"url\":\"https:\/\/halkidikisailing.com\/wp-content\/uploads\/2024\/02\/halkidiki-sailing-favicon.png\",\"contentUrl\":\"https:\/\/halkidikisailing.com\/wp-content\/uploads\/2024\/02\/halkidiki-sailing-favicon.png\",\"width\":199,\"height\":198,\"caption\":\"Halkidiki Sailing & Sporades Islands\"},\"image\":{\"@id\":\"https:\/\/halkidikisailing.com\/#\/schema\/logo\/image\/\"},\"sameAs\":[\"https:\/\/www.facebook.com\/halkidikisailin\"]}]}<\/script>\n<!-- \/ Yoast SEO plugin. -->","yoast_head_json":{"title":"Bavaria Cruiser 42C \u2013 Segeln in Chalkidiki und den Sporaden","robots":{"index":"index","follow":"follow","max-snippet":"max-snippet:-1","max-image-preview":"max-image-preview:large","max-video-preview":"max-video-preview:-1"},"canonical":"https:\/\/halkidikisailing.com\/de\/produkt\/bavaria-cruiser-42c\/","og_locale":"de_DE","og_type":"article","og_title":"Bavaria Cruiser 42C - Halkidiki Sailing &amp; Sporades Islands","og_description":"The Bavaria 42 Cruiser is a meticulously crafted, practical sailboat that offers numerous benefits for a comfortable cruise with friends or family. The helm provides excellent forward visibility, ensuring a sense of stability, and the spacious cockpit instills a feeling of safety even during moments of heeling. The deck fittings and rigging are designed specifically [...]","og_url":"https:\/\/halkidikisailing.com\/de\/produkt\/bavaria-cruiser-42c\/","og_site_name":"Halkidiki Sailing &amp; Sporades Islands","article_publisher":"https:\/\/www.facebook.com\/halkidikisailin","article_modified_time":"2026-03-28T11:07:02+00:00","og_image":[{"width":2560,"height":1920,"url":"https:\/\/halkidikisailing.com\/wp-content\/uploads\/2024\/01\/Bavaria-42e-halkidikisailing.com_-scaled.jpeg","type":"image\/jpeg"}],"twitter_card":"summary_large_image","twitter_misc":{"Gesch\u00e4tzte Lesezeit":"1\u00a0Minute"},"schema":{"@context":"https:\/\/schema.org","@graph":[{"@type":"WebPage","@id":"https:\/\/halkidikisailing.com\/product\/bavaria-cruiser-42c\/","url":"https:\/\/halkidikisailing.com\/product\/bavaria-cruiser-42c\/","name":"Bavaria Cruiser 42C \u2013 Segeln in Chalkidiki und den Sporaden","isPartOf":{"@id":"https:\/\/halkidikisailing.com\/#website"},"datePublished":"2024-01-31T20:47:18+00:00","dateModified":"2026-03-28T11:07:02+00:00","breadcrumb":{"@id":"https:\/\/halkidikisailing.com\/product\/bavaria-cruiser-42c\/#breadcrumb"},"inLanguage":"de","potentialAction":[{"@type":"ReadAction","target":["https:\/\/halkidikisailing.com\/product\/bavaria-cruiser-42c\/"]}]},{"@type":"BreadcrumbList","@id":"https:\/\/halkidikisailing.com\/product\/bavaria-cruiser-42c\/#breadcrumb","itemListElement":[{"@type":"ListItem","position":1,"name":"Home","item":"https:\/\/halkidikisailing.com\/"},{"@type":"ListItem","position":2,"name":"Shop","item":"https:\/\/halkidikisailing.com\/shop\/"},{"@type":"ListItem","position":3,"name":"Bavaria Cruiser 42C"}]},{"@type":"WebSite","@id":"https:\/\/halkidikisailing.com\/#website","url":"https:\/\/halkidikisailing.com\/","name":"Segeln auf der Chalkidiki und zu den Sporadeninseln","description":"Segelkreuzfahrten und Yachtcharter Chalkidiki &amp; Sporaden","publisher":{"@id":"https:\/\/halkidikisailing.com\/#organization"},"alternateName":"Halkidiki Sailing","potentialAction":[{"@type":"SearchAction","target":{"@type":"EntryPoint","urlTemplate":"https:\/\/halkidikisailing.com\/?s={search_term_string}"},"query-input":"required name=search_term_string"}],"inLanguage":"de"},{"@type":"Organization","@id":"https:\/\/halkidikisailing.com\/#organization","name":"Segeln auf der Chalkidiki und zu den Sporadeninseln","alternateName":"Halkidiki Sailing","url":"https:\/\/halkidikisailing.com\/","logo":{"@type":"ImageObject","inLanguage":"de","@id":"https:\/\/halkidikisailing.com\/#\/schema\/logo\/image\/","url":"https:\/\/halkidikisailing.com\/wp-content\/uploads\/2024\/02\/halkidiki-sailing-favicon.png","contentUrl":"https:\/\/halkidikisailing.com\/wp-content\/uploads\/2024\/02\/halkidiki-sailing-favicon.png","width":199,"height":198,"caption":"Halkidiki Sailing & Sporades Islands"},"image":{"@id":"https:\/\/halkidikisailing.com\/#\/schema\/logo\/image\/"},"sameAs":["https:\/\/www.facebook.com\/halkidikisailin"]}]}},"_links":{"self":[{"href":"https:\/\/halkidikisailing.com\/de\/wp-json\/wp\/v2\/product\/2199","targetHints":{"allow":["GET"]}}],"collection":[{"href":"https:\/\/halkidikisailing.com\/de\/wp-json\/wp\/v2\/product"}],"about":[{"href":"https:\/\/halkidikisailing.com\/de\/wp-json\/wp\/v2\/types\/product"}],"wp:featuredmedia":[{"embeddable":true,"href":"https:\/\/halkidikisailing.com\/de\/wp-json\/wp\/v2\/media\/2196"}],"wp:attachment":[{"href":"https:\/\/halkidikisailing.com\/de\/wp-json\/wp\/v2\/media?parent=2199"}],"wp:term":[{"taxonomy":"destination","embeddable":true,"href":"https:\/\/halkidikisailing.com\/de\/wp-json\/wp\/v2\/destination?post=2199"},{"taxonomy":"yacht-destination","embeddable":true,"href":"https:\/\/halkidikisailing.com\/de\/wp-json\/wp\/v2\/yacht-destination?post=2199"},{"taxonomy":"product_brand","embeddable":true,"href":"https:\/\/halkidikisailing.com\/de\/wp-json\/wp\/v2\/product_brand?post=2199"},{"taxonomy":"product_cat","embeddable":true,"href":"https:\/\/halkidikisailing.com\/de\/wp-json\/wp\/v2\/product_cat?post=2199"},{"taxonomy":"product_tag","embeddable":true,"href":"https:\/\/halkidikisailing.com\/de\/wp-json\/wp\/v2\/product_tag?post=2199"}],"curies":[{"name":"wp","href":"https:\/\/api.w.org\/{rel}","templated":true}]}}