{"id":2463,"date":"2024-03-06T16:48:21","date_gmt":"2024-03-06T14:48:21","guid":{"rendered":"https:\/\/halkidikisailing.com\/?post_type=product&#038;p=2463"},"modified":"2026-02-14T23:39:06","modified_gmt":"2026-02-14T21:39:06","slug":"tailor-made-sailing-holidays","status":"publish","type":"product","link":"https:\/\/halkidikisailing.com\/de\/produkt\/tailor-made-sailing-holidays\/","title":{"rendered":"Ma\u00dfgeschneiderte Segelurlaube"},"content":{"rendered":"<h1><strong>Ma\u00dfgeschneiderte Segelurlaube in Chalkidiki und den Sporaden<\/strong><\/h1>\n<p>Genie\u00dfen Sie einen privaten, individuell gestalteten Urlaub, der mit Leidenschaft und jahrelanger Erfahrung kreiert wurde.<br \/>\nDie Kombination aus <em><a href=\"https:\/\/halkidikisailing.com\/de\/destinations\/unknown-greek-islands-sailing-holidays\/\">Halkidiki Sailing<\/a><\/em> Kapit\u00e4ne mit au\u00dfergew\u00f6hnlicher Expertise. Die einzigartige und vielf\u00e4ltige Meereslandschaft. Der authentische Geist der Einheimischen sowie die Br\u00e4uche und Traditionen der <em><a href=\"https:\/\/www.jenreviews.com\/best-things-to-do-in-greece\/\" rel=\"noopener\">Griechische Inseln<\/a><\/em>.Nat\u00fcrlich sind Originalit\u00e4t und Fantasie die Zutaten f\u00fcr den Erfolg.<strong> Ma\u00dfgeschneiderte Segelurlaube!<\/strong><\/p>\n<p>Zus\u00e4tzlich zu den vorgeschlagenen Programmen von <em><a href=\"https:\/\/halkidikisailing.com\/de\/destinations\/sailing-holidays-to-mama-mia-islands\/\">Halkidiki Sailing<\/a><\/em>, Sie k\u00f6nnen Ihre eigene Segelreise planen, genau so, wie Sie es sich ertr\u00e4umt haben.<\/p>\n<h2>F\u00fcr jeden Geschmack<\/h2>\n<ul>\n<li>Liebst du unber\u00fchrte Str\u00e4nde?<\/li>\n<li>M\u00f6chten Sie das Meer mit Wandern oder Radfahren verbinden?<\/li>\n<li>Gefallen Ihnen die kulinarischen Geheimnisse der jeweiligen regionalen K\u00fcchen?<\/li>\n<li>Bevorzugen Sie elegante Bars oder eher Mainstream-Clubs?<\/li>\n<li>Suchen Sie Luxus in allen Aspekten Ihres Urlaubs?<\/li>\n<li>Planen Sie, ein originelles Hochzeitsgeschenk oder ein Geschenk f\u00fcr Ihre Lieben zu verschenken?<\/li>\n<li>M\u00f6chtest du mit deinen Freunden eine unvergessliche Reise erleben?<\/li>\n<\/ul>\n<p>Nehmen Sie Kontakt mit uns auf und buchen Sie einen Ausflug, der genau auf Ihre Bed\u00fcrfnisse zugeschnitten ist.<\/p>\n<p>Unser Team hat einige Pakete f\u00fcr unvergessliche Urlaube zusammengestellt. Diese Pakete basieren auf unseren Erfahrungen aus unz\u00e4hligen Reisen. Eines dieser Pakete ist: <a href=\"https:\/\/halkidikisailing.com\/de\/produkt\/sailing-to-national-marine-park-alonnisos\/\"><strong><em>Segelt\u00f6rn zum Nationalpark<\/em><\/strong><\/a> Und <a href=\"https:\/\/halkidikisailing.com\/de\/destinations\/sailing-holidays-to-mama-mia-islands\/\"><em><strong>Segelurlaub auf den Mama Mia Inseln<\/strong><\/em><\/a><\/p>\n<p>Ma\u00dfgeschneiderte Reisen sind alternative Urlaubserlebnisse. Sie k\u00f6nnen Wandern oder Radfahren, Klettern, Tauchen, Reiten oder Wein- und Kulinarikproben beinhalten. F\u00fcr all diese Aktivit\u00e4ten ist jedoch die Unterst\u00fctzung unseres erfahrenen Teams unerl\u00e4sslich.<\/p>\n<p>Gemeinsam planen wir Ihre Auszeit vom Alltag \u2013 unkompliziert, unterhaltsam und ganz nach Ihren W\u00fcnschen. Sie erz\u00e4hlen uns von Ihren Tr\u00e4umen, wohin und wann Sie reisen m\u00f6chten und wie lange Ihre Reise dauern soll. Unter Ber\u00fccksichtigung Ihrer W\u00fcnsche, der Wetterbedingungen und der Einzigartigkeit der Inseln plant das Team von Halkidiki Sailing eine besondere Reise in den Gew\u00e4ssern von Chalkidiki und den Sporaden.<\/p>\n<p>&nbsp;<\/p>\n<p>Die erfahrenen Skipper von Halkidiki Sailing helfen Ihnen bei der Organisation Ihrer Traum-Segelt\u00f6rns.<\/p>","protected":false},"excerpt":{"rendered":"<p>Tailor-made sailing holidays in Halkidiki and Sporades islands Enjoy a private personalized getaway crafted with passion and years of experience. The combination of Halkidiki Sailing skippers with exceptional expertise. The unique and diverse seascape. The authentic spirit of the local people and the customs and traditions of the Greek Islands.\u00a0 \u039ff course, originality and imagination [&#8230;]\n","protected":false},"featured_media":2659,"template":"","meta":{"_acf_changed":false},"destination":[56,52,53,51],"yacht-destination":[69,70,72,71],"product_brand":[],"product_cat":[15,38,37],"product_tag":[],"class_list":{"0":"post-2463","1":"product","2":"type-product","3":"status-publish","4":"has-post-thumbnail","6":"destination-halkidiki","7":"destination-skiathos","8":"destination-skopelos","9":"destination-alonnisos","10":"yacht-destination-halkidiki","11":"yacht-destination-skiathos","12":"yacht-destination-skopelos","13":"yacht-destination-alonnisos","14":"product_cat-trip-packages","15":"product_cat-multi-day","16":"product_cat-holidays-of-a-lifetime","18":"first","19":"instock","20":"shipping-taxable","21":"product-type-simple"},"acf":[],"yoast_head":"<!-- This site is optimized with the Yoast SEO plugin v21.9.1 - https:\/\/yoast.com\/wordpress\/plugins\/seo\/ -->\n<title>Tailor-made sailing holidays - Halkidiki Sailing &amp; Sporades Islands Tailor-made sailing holidays<\/title>\n<meta name=\"description\" content=\"Tailor-made sailing holidays. You can plan your own sailing trip, exactly as you had dreamed of. The Halkidiki Sailing team will guarantee a special trip.\" \/>\n<meta name=\"robots\" content=\"index, follow, max-snippet:-1, max-image-preview:large, max-video-preview:-1\" \/>\n<link rel=\"canonical\" href=\"https:\/\/halkidikisailing.com\/de\/produkt\/tailor-made-sailing-holidays\/\" \/>\n<meta property=\"og:locale\" content=\"de_DE\" \/>\n<meta property=\"og:type\" content=\"article\" \/>\n<meta property=\"og:title\" content=\"Tailor-made sailing holidays - Halkidiki Sailing &amp; Sporades Islands Tailor-made sailing holidays\" \/>\n<meta property=\"og:description\" content=\"Tailor-made sailing holidays. You can plan your own sailing trip, exactly as you had dreamed of. The Halkidiki Sailing team will guarantee a special trip.\" \/>\n<meta property=\"og:url\" content=\"https:\/\/halkidikisailing.com\/de\/produkt\/tailor-made-sailing-holidays\/\" \/>\n<meta property=\"og:site_name\" content=\"Halkidiki Sailing &amp; Sporades Islands\" \/>\n<meta property=\"article:publisher\" content=\"https:\/\/www.facebook.com\/halkidikisailin\" \/>\n<meta property=\"article:modified_time\" content=\"2026-02-14T21:39:06+00:00\" \/>\n<meta property=\"og:image\" content=\"https:\/\/halkidikisailing.com\/wp-content\/uploads\/2024\/02\/temp_image_for_default_share-2.png\" \/>\n\t<meta property=\"og:image:width\" content=\"1620\" \/>\n\t<meta property=\"og:image:height\" content=\"1080\" \/>\n\t<meta property=\"og:image:type\" content=\"image\/png\" \/>\n<meta name=\"twitter:card\" content=\"summary_large_image\" \/>\n<meta name=\"twitter:label1\" content=\"Gesch\u00e4tzte Lesezeit\" \/>\n\t<meta name=\"twitter:data1\" content=\"2\u00a0Minuten\" \/>\n<script type=\"application\/ld+json\" class=\"yoast-schema-graph\">{\"@context\":\"https:\/\/schema.org\",\"@graph\":[{\"@type\":\"WebPage\",\"@id\":\"https:\/\/halkidikisailing.com\/product\/tailor-made-sailing-holidays\/\",\"url\":\"https:\/\/halkidikisailing.com\/product\/tailor-made-sailing-holidays\/\",\"name\":\"Tailor-made sailing holidays - Halkidiki Sailing &amp; Sporades Islands Tailor-made sailing holidays\",\"isPartOf\":{\"@id\":\"https:\/\/halkidikisailing.com\/#website\"},\"datePublished\":\"2024-03-06T14:48:21+00:00\",\"dateModified\":\"2026-02-14T21:39:06+00:00\",\"description\":\"Tailor-made sailing holidays. You can plan your own sailing trip, exactly as you had dreamed of. The Halkidiki Sailing team will guarantee a special trip.\",\"breadcrumb\":{\"@id\":\"https:\/\/halkidikisailing.com\/product\/tailor-made-sailing-holidays\/#breadcrumb\"},\"inLanguage\":\"de\",\"potentialAction\":[{\"@type\":\"ReadAction\",\"target\":[\"https:\/\/halkidikisailing.com\/product\/tailor-made-sailing-holidays\/\"]}]},{\"@type\":\"BreadcrumbList\",\"@id\":\"https:\/\/halkidikisailing.com\/product\/tailor-made-sailing-holidays\/#breadcrumb\",\"itemListElement\":[{\"@type\":\"ListItem\",\"position\":1,\"name\":\"Home\",\"item\":\"https:\/\/halkidikisailing.com\/\"},{\"@type\":\"ListItem\",\"position\":2,\"name\":\"Shop\",\"item\":\"https:\/\/halkidikisailing.com\/shop\/\"},{\"@type\":\"ListItem\",\"position\":3,\"name\":\"Tailor-made sailing holidays\"}]},{\"@type\":\"WebSite\",\"@id\":\"https:\/\/halkidikisailing.com\/#website\",\"url\":\"https:\/\/halkidikisailing.com\/\",\"name\":\"Halkidiki Sailing &amp; Sporades Islands\",\"description\":\"Sailing Cruises and Yacht Chartering Halkidiki &amp; Sporades\",\"publisher\":{\"@id\":\"https:\/\/halkidikisailing.com\/#organization\"},\"alternateName\":\"Halkidiki Sailing\",\"potentialAction\":[{\"@type\":\"SearchAction\",\"target\":{\"@type\":\"EntryPoint\",\"urlTemplate\":\"https:\/\/halkidikisailing.com\/?s={search_term_string}\"},\"query-input\":\"required name=search_term_string\"}],\"inLanguage\":\"de\"},{\"@type\":\"Organization\",\"@id\":\"https:\/\/halkidikisailing.com\/#organization\",\"name\":\"Halkidiki Sailing & Sporades Islands\",\"alternateName\":\"Halkidiki Sailing\",\"url\":\"https:\/\/halkidikisailing.com\/\",\"logo\":{\"@type\":\"ImageObject\",\"inLanguage\":\"de\",\"@id\":\"https:\/\/halkidikisailing.com\/#\/schema\/logo\/image\/\",\"url\":\"https:\/\/halkidikisailing.com\/wp-content\/uploads\/2024\/02\/halkidiki-sailing-favicon.png\",\"contentUrl\":\"https:\/\/halkidikisailing.com\/wp-content\/uploads\/2024\/02\/halkidiki-sailing-favicon.png\",\"width\":199,\"height\":198,\"caption\":\"Halkidiki Sailing & Sporades Islands\"},\"image\":{\"@id\":\"https:\/\/halkidikisailing.com\/#\/schema\/logo\/image\/\"},\"sameAs\":[\"https:\/\/www.facebook.com\/halkidikisailin\"]}]}<\/script>\n<!-- \/ Yoast SEO plugin. -->","yoast_head_json":{"title":"Ma\u00dfgeschneiderte Segelurlaube \u2013 Chalkidiki &amp; Sporaden","description":"Ma\u00dfgeschneiderte Segelreisen. Planen Sie Ihre Segelreise ganz nach Ihren W\u00fcnschen. Das Team von Halkidiki Sailing garantiert Ihnen ein unvergessliches Erlebnis.","robots":{"index":"index","follow":"follow","max-snippet":"max-snippet:-1","max-image-preview":"max-image-preview:large","max-video-preview":"max-video-preview:-1"},"canonical":"https:\/\/halkidikisailing.com\/de\/produkt\/tailor-made-sailing-holidays\/","og_locale":"de_DE","og_type":"article","og_title":"Tailor-made sailing holidays - Halkidiki Sailing &amp; Sporades Islands Tailor-made sailing holidays","og_description":"Tailor-made sailing holidays. You can plan your own sailing trip, exactly as you had dreamed of. The Halkidiki Sailing team will guarantee a special trip.","og_url":"https:\/\/halkidikisailing.com\/de\/produkt\/tailor-made-sailing-holidays\/","og_site_name":"Halkidiki Sailing &amp; Sporades Islands","article_publisher":"https:\/\/www.facebook.com\/halkidikisailin","article_modified_time":"2026-02-14T21:39:06+00:00","og_image":[{"width":1620,"height":1080,"url":"https:\/\/halkidikisailing.com\/wp-content\/uploads\/2024\/02\/temp_image_for_default_share-2.png","type":"image\/png"}],"twitter_card":"summary_large_image","twitter_misc":{"Gesch\u00e4tzte Lesezeit":"2\u00a0Minuten"},"schema":{"@context":"https:\/\/schema.org","@graph":[{"@type":"WebPage","@id":"https:\/\/halkidikisailing.com\/product\/tailor-made-sailing-holidays\/","url":"https:\/\/halkidikisailing.com\/product\/tailor-made-sailing-holidays\/","name":"Ma\u00dfgeschneiderte Segelurlaube \u2013 Chalkidiki &amp; Sporaden","isPartOf":{"@id":"https:\/\/halkidikisailing.com\/#website"},"datePublished":"2024-03-06T14:48:21+00:00","dateModified":"2026-02-14T21:39:06+00:00","description":"Ma\u00dfgeschneiderte Segelreisen. Planen Sie Ihre Segelreise ganz nach Ihren W\u00fcnschen. Das Team von Halkidiki Sailing garantiert Ihnen ein unvergessliches Erlebnis.","breadcrumb":{"@id":"https:\/\/halkidikisailing.com\/product\/tailor-made-sailing-holidays\/#breadcrumb"},"inLanguage":"de","potentialAction":[{"@type":"ReadAction","target":["https:\/\/halkidikisailing.com\/product\/tailor-made-sailing-holidays\/"]}]},{"@type":"BreadcrumbList","@id":"https:\/\/halkidikisailing.com\/product\/tailor-made-sailing-holidays\/#breadcrumb","itemListElement":[{"@type":"ListItem","position":1,"name":"Home","item":"https:\/\/halkidikisailing.com\/"},{"@type":"ListItem","position":2,"name":"Shop","item":"https:\/\/halkidikisailing.com\/shop\/"},{"@type":"ListItem","position":3,"name":"Tailor-made sailing holidays"}]},{"@type":"WebSite","@id":"https:\/\/halkidikisailing.com\/#website","url":"https:\/\/halkidikisailing.com\/","name":"Segeln auf der Chalkidiki und zu den Sporadeninseln","description":"Segelkreuzfahrten und Yachtcharter Chalkidiki &amp; Sporaden","publisher":{"@id":"https:\/\/halkidikisailing.com\/#organization"},"alternateName":"Halkidiki Sailing","potentialAction":[{"@type":"SearchAction","target":{"@type":"EntryPoint","urlTemplate":"https:\/\/halkidikisailing.com\/?s={search_term_string}"},"query-input":"required name=search_term_string"}],"inLanguage":"de"},{"@type":"Organization","@id":"https:\/\/halkidikisailing.com\/#organization","name":"Segeln auf der Chalkidiki und zu den Sporadeninseln","alternateName":"Halkidiki Sailing","url":"https:\/\/halkidikisailing.com\/","logo":{"@type":"ImageObject","inLanguage":"de","@id":"https:\/\/halkidikisailing.com\/#\/schema\/logo\/image\/","url":"https:\/\/halkidikisailing.com\/wp-content\/uploads\/2024\/02\/halkidiki-sailing-favicon.png","contentUrl":"https:\/\/halkidikisailing.com\/wp-content\/uploads\/2024\/02\/halkidiki-sailing-favicon.png","width":199,"height":198,"caption":"Halkidiki Sailing & Sporades Islands"},"image":{"@id":"https:\/\/halkidikisailing.com\/#\/schema\/logo\/image\/"},"sameAs":["https:\/\/www.facebook.com\/halkidikisailin"]}]}},"_links":{"self":[{"href":"https:\/\/halkidikisailing.com\/de\/wp-json\/wp\/v2\/product\/2463","targetHints":{"allow":["GET"]}}],"collection":[{"href":"https:\/\/halkidikisailing.com\/de\/wp-json\/wp\/v2\/product"}],"about":[{"href":"https:\/\/halkidikisailing.com\/de\/wp-json\/wp\/v2\/types\/product"}],"wp:featuredmedia":[{"embeddable":true,"href":"https:\/\/halkidikisailing.com\/de\/wp-json\/wp\/v2\/media\/2659"}],"wp:attachment":[{"href":"https:\/\/halkidikisailing.com\/de\/wp-json\/wp\/v2\/media?parent=2463"}],"wp:term":[{"taxonomy":"destination","embeddable":true,"href":"https:\/\/halkidikisailing.com\/de\/wp-json\/wp\/v2\/destination?post=2463"},{"taxonomy":"yacht-destination","embeddable":true,"href":"https:\/\/halkidikisailing.com\/de\/wp-json\/wp\/v2\/yacht-destination?post=2463"},{"taxonomy":"product_brand","embeddable":true,"href":"https:\/\/halkidikisailing.com\/de\/wp-json\/wp\/v2\/product_brand?post=2463"},{"taxonomy":"product_cat","embeddable":true,"href":"https:\/\/halkidikisailing.com\/de\/wp-json\/wp\/v2\/product_cat?post=2463"},{"taxonomy":"product_tag","embeddable":true,"href":"https:\/\/halkidikisailing.com\/de\/wp-json\/wp\/v2\/product_tag?post=2463"}],"curies":[{"name":"wp","href":"https:\/\/api.w.org\/{rel}","templated":true}]}}