{"id":3416,"date":"2025-02-05T15:21:33","date_gmt":"2025-02-05T13:21:33","guid":{"rendered":"https:\/\/halkidikisailing.com\/?post_type=product&#038;p=3416"},"modified":"2025-10-29T09:34:01","modified_gmt":"2025-10-29T07:34:01","slug":"lagoon-400-s2","status":"publish","type":"product","link":"https:\/\/halkidikisailing.com\/de\/produkt\/lagoon-400-s2\/","title":{"rendered":"Lagoon 400 S2"},"content":{"rendered":"<h3><strong>Lagoon 400 S2 \u2013 Die perfekte Kombination aus Komfort und Leistung<\/strong><\/h3>\n<p>Der<strong> Lagoon 400 S2<\/strong>\u00a0ist ein moderner, ger\u00e4umiger und hocheffizienter Segelkatamaran, der f\u00fcr ein ultimatives Segelerlebnis entwickelt wurde. Gebaut in <strong>2015<\/strong> von <a href=\"https:\/\/www.catamarans-lagoon.com\/\" rel=\"noopener\"><strong>Lagunenyachten<\/strong><\/a>, eine der renommiertesten Werften der Branche, diese <strong>40 Fu\u00df<\/strong> Das Schiff bietet die perfekte Balance zwischen Komfort, Leistung und Stil. Ob Sie einen Familienurlaub, ein Gruppenabenteuer oder eine Charterreise planen, das <strong>Lagoon 400 S2\u00a0<\/strong>bietet die ideale Kombination aus Luxus, Stabilit\u00e4t und Seet\u00fcchtigkeit.<\/p>\n<h3><strong>Ger\u00e4umige und komfortable Unterkunft<\/strong><\/h3>\n<p>Mit seinem <strong>4+2 Kabinen<\/strong> Und <strong>10 Schlafpl\u00e4tze<\/strong>, Die <strong>Lagoon 400 S2\u00a0<\/strong>\u00a0ist f\u00fcr eine Kapazit\u00e4t von bis zu <strong>10 G\u00e4ste<\/strong>, und sorgt so f\u00fcr einen komfortablen und angenehmen Aufenthalt an Bord. Die durchdachte Inneneinrichtung bietet <strong>viel nat\u00fcrliches Licht<\/strong>, Dank seiner gro\u00dfen Panoramafenster, die einen atemberaubenden Blick auf das Meer bieten. <strong>ger\u00e4umiger Salon und Komb\u00fcse<\/strong> Es wird eine einladende und gesellige Atmosph\u00e4re geschaffen, die sich perfekt zum Entspannen nach einem Segeltag eignet.<\/p>\n<p>Die Yacht verf\u00fcgt \u00fcber <strong>2 WC.<\/strong>, Dadurch wird der Komfort f\u00fcr alle G\u00e4ste an Bord gew\u00e4hrleistet. <strong>Mannschaftskabinen<\/strong> bietet zus\u00e4tzliche Flexibilit\u00e4t und ist daher eine ausgezeichnete Wahl sowohl f\u00fcr den privaten Gebrauch als auch f\u00fcr Charterfahrten.<\/p>\n<h3><strong>Hervorragende Leistung und Stabilit\u00e4t<\/strong><\/h3>\n<p>Angetrieben von einem <strong>Yanmar-Motor<\/strong>, Die <strong>Lagune 400\u00a0 <\/strong>\u00a0ist f\u00fcr reibungsloses und effizientes Segeln konzipiert. <strong>1,50 m Tiefgang<\/strong> erm\u00f6glicht leichte Man\u00f6vrierbarkeit in flachen Gew\u00e4ssern und eignet sich daher perfekt zur Erkundung versteckter Buchten und malerischer K\u00fcstenabschnitte. <strong>Voll durchgelattetes Gro\u00dfsegel und Rollkopfsegel<\/strong> gew\u00e4hrleisten hervorragende Segeleigenschaften, auch bei wechselnden Windbedingungen.<\/p>\n<p>F\u00fcr zus\u00e4tzlichen Komfort und Pr\u00e4zision ist die Yacht mit erstklassigen Navigations- und Kontrollsystemen ausgestattet, darunter:<\/p>\n<ul>\n<li><strong>GPS-Plotter<\/strong><\/li>\n<li><strong>AIS (Automatisches Identifizierungssystem)<\/strong><\/li>\n<li><strong>Autopilot<\/strong><\/li>\n<li><strong>Geschwindigkeits-, Wind- und Tiefenmesser (alle von B&amp;G)<\/strong><\/li>\n<\/ul>\n<p>Diese fortschrittlichen Technologien erh\u00f6hen die Sicherheit und erleichtern die Navigation, sodass Segler ein sorgenfreies Erlebnis auf dem Wasser genie\u00dfen k\u00f6nnen.<\/p>\n<h3><strong>Moderne Annehmlichkeiten und Ausstattung<\/strong><\/h3>\n<p>Der <strong>Lagoon 400 S2<\/strong> ist komplett ausgestattet mit allem, was f\u00fcr einen komfortablen und luxuri\u00f6sen Aufenthalt ben\u00f6tigt wird. Zu den wichtigsten Ausstattungsmerkmalen geh\u00f6ren:<\/p>\n<p>\u2705 <strong>Beiboot + Au\u00dfenbordmotor<\/strong> \u2013 Gew\u00e4hrleistung eines einfachen Zugangs zum Ufer und zu den nahegelegenen Inseln.<br \/>\n\u2705 <strong>220-V-Wechselrichter<\/strong> \u2013 Zuverl\u00e4ssige Stromversorgung aller elektronischen Ger\u00e4te an Bord.<br \/>\n\u2705 <strong>LED-Beleuchtung<\/strong> \u2013 Steigerung der Energieeffizienz und Schaffung einer warmen, einladenden Atmosph\u00e4re.<br \/>\n\u2705 <strong>Elektrischer K\u00fchlschrank mit Gefrierfach<\/strong> \u2013 Speisen und Getr\u00e4nke w\u00e4hrend der gesamten Reise frisch halten.<\/p>\n<p>Diese Eigenschaften machen das <strong>Lagoon 400 S2<\/strong> nicht nur eine Hochleistungssegelyacht, sondern auch eine <strong>schwimmendes Zuhause<\/strong> Das bietet Ihnen allen Komfort f\u00fcr ein wahrhaft unvergessliches Segelerlebnis.<\/p>\n<h3><strong>Warum sollten Sie sich f\u00fcr die Lagoon 400 S2 entscheiden?<\/strong><\/h3>\n<ul>\n<li><strong>Gro\u00dfz\u00fcgiges und komfortables Design<\/strong>, Ideal f\u00fcr Familien, Gruppen und Charterfl\u00fcge.<\/li>\n<li><strong>Hervorragende Segelleistung<\/strong> mit hoher Stabilit\u00e4t und einfacher Handhabung.<\/li>\n<li><strong>Fortschrittliche Navigationstechnologie<\/strong> f\u00fcr eine reibungslose und sichere Reise.<\/li>\n<li><strong>Moderne Ausstattung<\/strong> Wir sorgen f\u00fcr Komfort und Luxus an Bord.<\/li>\n<\/ul>\n<p>Ob Sie sich auf eine lange Reise begeben <a href=\"https:\/\/halkidikisailing.com\/de\/contact-yacht-charter-halkidiki\/\">Segelabenteuer<\/a> oder einen Kurzurlaub genie\u00dfen, <strong>Lagoon 400 S2\u00a0<\/strong>ist die perfekte Wahl f\u00fcr ein wahrhaft unvergessliches Erlebnis auf See.<\/p>","protected":false},"excerpt":{"rendered":"<p>Durchgelattetes Gro\u00dfsegel und Rollfock, Beiboot mit Au\u00dfenbordmotor, GPS-Plotter, 220-V-Wechselrichter, LED-Beleuchtung, elektrischer K\u00fchlschrank und Gefrierschrank, Autopilot, AIS, Geschwindigkeits-, Wind- und Echolot (alles von B&amp;G)<\/p>","protected":false},"featured_media":3418,"template":"","meta":{"_acf_changed":false},"destination":[56,52,53,51],"yacht-destination":[69,70,72,71],"product_brand":[],"product_cat":[36],"product_tag":[],"class_list":{"0":"post-3416","1":"product","2":"type-product","3":"status-publish","4":"has-post-thumbnail","6":"destination-halkidiki","7":"destination-skiathos","8":"destination-skopelos","9":"destination-alonnisos","10":"yacht-destination-halkidiki","11":"yacht-destination-skiathos","12":"yacht-destination-skopelos","13":"yacht-destination-alonnisos","14":"product_cat-yachts","16":"first","17":"instock","18":"shipping-taxable","19":"product-type-simple"},"acf":[],"yoast_head":"<!-- This site is optimized with the Yoast SEO plugin v21.9.1 - https:\/\/yoast.com\/wordpress\/plugins\/seo\/ -->\n<title>Lagoon 400 S2 - Halkidiki Sailing &amp; Sporades Islands<\/title>\n<meta name=\"description\" content=\"The Lagoon 400 S2 is a modern, spacious, and highly efficient sailing catamaran, designed to provide the ultimate sailing experience.\" \/>\n<meta name=\"robots\" content=\"index, follow, max-snippet:-1, max-image-preview:large, max-video-preview:-1\" \/>\n<link rel=\"canonical\" href=\"https:\/\/halkidikisailing.com\/de\/produkt\/lagoon-400-s2\/\" \/>\n<meta property=\"og:locale\" content=\"de_DE\" \/>\n<meta property=\"og:type\" content=\"article\" \/>\n<meta property=\"og:title\" content=\"Lagoon 400 S2 - Halkidiki Sailing &amp; Sporades Islands\" \/>\n<meta property=\"og:description\" content=\"The Lagoon 400 S2 is a modern, spacious, and highly efficient sailing catamaran, designed to provide the ultimate sailing experience.\" \/>\n<meta property=\"og:url\" content=\"https:\/\/halkidikisailing.com\/de\/produkt\/lagoon-400-s2\/\" \/>\n<meta property=\"og:site_name\" content=\"Halkidiki Sailing &amp; Sporades Islands\" \/>\n<meta property=\"article:publisher\" content=\"https:\/\/www.facebook.com\/halkidikisailin\" \/>\n<meta property=\"article:modified_time\" content=\"2025-10-29T07:34:01+00:00\" \/>\n<meta property=\"og:image\" content=\"https:\/\/halkidikisailing.com\/wp-content\/uploads\/2025\/02\/2107270922403604_lagoon400s2_1.webp\" \/>\n\t<meta property=\"og:image:width\" content=\"720\" \/>\n\t<meta property=\"og:image:height\" content=\"540\" \/>\n\t<meta property=\"og:image:type\" content=\"image\/webp\" \/>\n<meta name=\"twitter:card\" content=\"summary_large_image\" \/>\n<meta name=\"twitter:label1\" content=\"Gesch\u00e4tzte Lesezeit\" \/>\n\t<meta name=\"twitter:data1\" content=\"3\u00a0Minuten\" \/>\n<script type=\"application\/ld+json\" class=\"yoast-schema-graph\">{\"@context\":\"https:\/\/schema.org\",\"@graph\":[{\"@type\":\"WebPage\",\"@id\":\"https:\/\/halkidikisailing.com\/product\/lagoon-400-s2\/\",\"url\":\"https:\/\/halkidikisailing.com\/product\/lagoon-400-s2\/\",\"name\":\"Lagoon 400 S2 - Halkidiki Sailing &amp; Sporades Islands\",\"isPartOf\":{\"@id\":\"https:\/\/halkidikisailing.com\/#website\"},\"datePublished\":\"2025-02-05T13:21:33+00:00\",\"dateModified\":\"2025-10-29T07:34:01+00:00\",\"description\":\"The Lagoon 400 S2 is a modern, spacious, and highly efficient sailing catamaran, designed to provide the ultimate sailing experience.\",\"breadcrumb\":{\"@id\":\"https:\/\/halkidikisailing.com\/product\/lagoon-400-s2\/#breadcrumb\"},\"inLanguage\":\"de\",\"potentialAction\":[{\"@type\":\"ReadAction\",\"target\":[\"https:\/\/halkidikisailing.com\/product\/lagoon-400-s2\/\"]}]},{\"@type\":\"BreadcrumbList\",\"@id\":\"https:\/\/halkidikisailing.com\/product\/lagoon-400-s2\/#breadcrumb\",\"itemListElement\":[{\"@type\":\"ListItem\",\"position\":1,\"name\":\"Home\",\"item\":\"https:\/\/halkidikisailing.com\/\"},{\"@type\":\"ListItem\",\"position\":2,\"name\":\"Shop\",\"item\":\"https:\/\/halkidikisailing.com\/shop\/\"},{\"@type\":\"ListItem\",\"position\":3,\"name\":\"Lagoon 400 S2\"}]},{\"@type\":\"WebSite\",\"@id\":\"https:\/\/halkidikisailing.com\/#website\",\"url\":\"https:\/\/halkidikisailing.com\/\",\"name\":\"Halkidiki Sailing &amp; Sporades Islands\",\"description\":\"Sailing Cruises and Yacht Chartering Halkidiki &amp; Sporades\",\"publisher\":{\"@id\":\"https:\/\/halkidikisailing.com\/#organization\"},\"alternateName\":\"Halkidiki Sailing\",\"potentialAction\":[{\"@type\":\"SearchAction\",\"target\":{\"@type\":\"EntryPoint\",\"urlTemplate\":\"https:\/\/halkidikisailing.com\/?s={search_term_string}\"},\"query-input\":\"required name=search_term_string\"}],\"inLanguage\":\"de\"},{\"@type\":\"Organization\",\"@id\":\"https:\/\/halkidikisailing.com\/#organization\",\"name\":\"Halkidiki Sailing & Sporades Islands\",\"alternateName\":\"Halkidiki Sailing\",\"url\":\"https:\/\/halkidikisailing.com\/\",\"logo\":{\"@type\":\"ImageObject\",\"inLanguage\":\"de\",\"@id\":\"https:\/\/halkidikisailing.com\/#\/schema\/logo\/image\/\",\"url\":\"https:\/\/halkidikisailing.com\/wp-content\/uploads\/2024\/02\/halkidiki-sailing-favicon.png\",\"contentUrl\":\"https:\/\/halkidikisailing.com\/wp-content\/uploads\/2024\/02\/halkidiki-sailing-favicon.png\",\"width\":199,\"height\":198,\"caption\":\"Halkidiki Sailing & Sporades Islands\"},\"image\":{\"@id\":\"https:\/\/halkidikisailing.com\/#\/schema\/logo\/image\/\"},\"sameAs\":[\"https:\/\/www.facebook.com\/halkidikisailin\"]}]}<\/script>\n<!-- \/ Yoast SEO plugin. -->","yoast_head_json":{"title":"Lagoon 400 S2 \u2013 Segeln auf Chalkidiki und den Sporadeninseln","description":"Der Lagoon 400 S2 ist ein moderner, ger\u00e4umiger und hocheffizienter Segelkatamaran, der f\u00fcr ein ultimatives Segelerlebnis entwickelt wurde.","robots":{"index":"index","follow":"follow","max-snippet":"max-snippet:-1","max-image-preview":"max-image-preview:large","max-video-preview":"max-video-preview:-1"},"canonical":"https:\/\/halkidikisailing.com\/de\/produkt\/lagoon-400-s2\/","og_locale":"de_DE","og_type":"article","og_title":"Lagoon 400 S2 - Halkidiki Sailing &amp; Sporades Islands","og_description":"The Lagoon 400 S2 is a modern, spacious, and highly efficient sailing catamaran, designed to provide the ultimate sailing experience.","og_url":"https:\/\/halkidikisailing.com\/de\/produkt\/lagoon-400-s2\/","og_site_name":"Halkidiki Sailing &amp; Sporades Islands","article_publisher":"https:\/\/www.facebook.com\/halkidikisailin","article_modified_time":"2025-10-29T07:34:01+00:00","og_image":[{"width":720,"height":540,"url":"https:\/\/halkidikisailing.com\/wp-content\/uploads\/2025\/02\/2107270922403604_lagoon400s2_1.webp","type":"image\/webp"}],"twitter_card":"summary_large_image","twitter_misc":{"Gesch\u00e4tzte Lesezeit":"3\u00a0Minuten"},"schema":{"@context":"https:\/\/schema.org","@graph":[{"@type":"WebPage","@id":"https:\/\/halkidikisailing.com\/product\/lagoon-400-s2\/","url":"https:\/\/halkidikisailing.com\/product\/lagoon-400-s2\/","name":"Lagoon 400 S2 \u2013 Segeln auf Chalkidiki und den Sporadeninseln","isPartOf":{"@id":"https:\/\/halkidikisailing.com\/#website"},"datePublished":"2025-02-05T13:21:33+00:00","dateModified":"2025-10-29T07:34:01+00:00","description":"Der Lagoon 400 S2 ist ein moderner, ger\u00e4umiger und hocheffizienter Segelkatamaran, der f\u00fcr ein ultimatives Segelerlebnis entwickelt wurde.","breadcrumb":{"@id":"https:\/\/halkidikisailing.com\/product\/lagoon-400-s2\/#breadcrumb"},"inLanguage":"de","potentialAction":[{"@type":"ReadAction","target":["https:\/\/halkidikisailing.com\/product\/lagoon-400-s2\/"]}]},{"@type":"BreadcrumbList","@id":"https:\/\/halkidikisailing.com\/product\/lagoon-400-s2\/#breadcrumb","itemListElement":[{"@type":"ListItem","position":1,"name":"Home","item":"https:\/\/halkidikisailing.com\/"},{"@type":"ListItem","position":2,"name":"Shop","item":"https:\/\/halkidikisailing.com\/shop\/"},{"@type":"ListItem","position":3,"name":"Lagoon 400 S2"}]},{"@type":"WebSite","@id":"https:\/\/halkidikisailing.com\/#website","url":"https:\/\/halkidikisailing.com\/","name":"Segeln auf der Chalkidiki und zu den Sporadeninseln","description":"Segelkreuzfahrten und Yachtcharter Chalkidiki &amp; Sporaden","publisher":{"@id":"https:\/\/halkidikisailing.com\/#organization"},"alternateName":"Halkidiki Sailing","potentialAction":[{"@type":"SearchAction","target":{"@type":"EntryPoint","urlTemplate":"https:\/\/halkidikisailing.com\/?s={search_term_string}"},"query-input":"required name=search_term_string"}],"inLanguage":"de"},{"@type":"Organization","@id":"https:\/\/halkidikisailing.com\/#organization","name":"Segeln auf der Chalkidiki und zu den Sporadeninseln","alternateName":"Halkidiki Sailing","url":"https:\/\/halkidikisailing.com\/","logo":{"@type":"ImageObject","inLanguage":"de","@id":"https:\/\/halkidikisailing.com\/#\/schema\/logo\/image\/","url":"https:\/\/halkidikisailing.com\/wp-content\/uploads\/2024\/02\/halkidiki-sailing-favicon.png","contentUrl":"https:\/\/halkidikisailing.com\/wp-content\/uploads\/2024\/02\/halkidiki-sailing-favicon.png","width":199,"height":198,"caption":"Halkidiki Sailing & Sporades Islands"},"image":{"@id":"https:\/\/halkidikisailing.com\/#\/schema\/logo\/image\/"},"sameAs":["https:\/\/www.facebook.com\/halkidikisailin"]}]}},"_links":{"self":[{"href":"https:\/\/halkidikisailing.com\/de\/wp-json\/wp\/v2\/product\/3416","targetHints":{"allow":["GET"]}}],"collection":[{"href":"https:\/\/halkidikisailing.com\/de\/wp-json\/wp\/v2\/product"}],"about":[{"href":"https:\/\/halkidikisailing.com\/de\/wp-json\/wp\/v2\/types\/product"}],"wp:featuredmedia":[{"embeddable":true,"href":"https:\/\/halkidikisailing.com\/de\/wp-json\/wp\/v2\/media\/3418"}],"wp:attachment":[{"href":"https:\/\/halkidikisailing.com\/de\/wp-json\/wp\/v2\/media?parent=3416"}],"wp:term":[{"taxonomy":"destination","embeddable":true,"href":"https:\/\/halkidikisailing.com\/de\/wp-json\/wp\/v2\/destination?post=3416"},{"taxonomy":"yacht-destination","embeddable":true,"href":"https:\/\/halkidikisailing.com\/de\/wp-json\/wp\/v2\/yacht-destination?post=3416"},{"taxonomy":"product_brand","embeddable":true,"href":"https:\/\/halkidikisailing.com\/de\/wp-json\/wp\/v2\/product_brand?post=3416"},{"taxonomy":"product_cat","embeddable":true,"href":"https:\/\/halkidikisailing.com\/de\/wp-json\/wp\/v2\/product_cat?post=3416"},{"taxonomy":"product_tag","embeddable":true,"href":"https:\/\/halkidikisailing.com\/de\/wp-json\/wp\/v2\/product_tag?post=3416"}],"curies":[{"name":"wp","href":"https:\/\/api.w.org\/{rel}","templated":true}]}}