{"id":3432,"date":"2025-02-05T15:27:36","date_gmt":"2025-02-05T13:27:36","guid":{"rendered":"https:\/\/halkidikisailing.com\/?post_type=product&#038;p=3432"},"modified":"2025-02-05T17:43:48","modified_gmt":"2025-02-05T15:43:48","slug":"dufour-520-grand-large","status":"publish","type":"product","link":"https:\/\/halkidikisailing.com\/de\/produkt\/dufour-520-grand-large\/","title":{"rendered":"Dufour 520 Grand Large"},"content":{"rendered":"<h3><strong>Dufour 520 Grand Large \u2013 Die perfekte Verbindung von Luxus, Leistung und Innovation<\/strong><\/h3>\n<p>Der <strong>Dufour 520 Grand Large<\/strong> ist eine hochwertige Segelyacht. Sie bietet die perfekte Balance aus Luxus, Komfort und Leistung. Gebaut in <strong>2020<\/strong> von <em><a href=\"https:\/\/www.dufour-yachts.com\/en\/\" rel=\"noopener\"><strong>Dufour Yachten<\/strong><\/a><\/em>, Das <strong>52 Fu\u00df<\/strong> Das Schiff besticht durch sein elegantes Design und seine fortschrittlichen Ausstattungsmerkmale. Es eignet sich ideal f\u00fcr lange Kreuzfahrten, Inselhopping oder Charterfahrten. <strong>Dufour 520 Grand Large<\/strong> garantiert ein reibungsloses und angenehmes Segelerlebnis.<\/p>\n<h3><strong>Gro\u00dfz\u00fcgiges und elegantes Interieur<\/strong><\/h3>\n<p>Diese Yacht bietet eine <strong>ger\u00e4umiges und gut gestaltetes Interieur<\/strong>. Es hat <strong>5 Kabinen<\/strong> Und <strong>10 Schlafpl\u00e4tze<\/strong>, Dadurch ist es perfekt f\u00fcr Familien oder Gruppen geeignet. Es bietet Platz f\u00fcr bis zu <strong>10 G\u00e4ste<\/strong> mit <strong>drei WCs<\/strong>, So werden Privatsph\u00e4re und Komfort gew\u00e4hrleistet. Die Raumaufteilung ist sorgf\u00e4ltig geplant, um Raum und Licht optimal zu nutzen. <strong>Gro\u00dfe Panoramafenster<\/strong> bieten einen atemberaubenden Meerblick.<\/p>\n<p>Die Materialien und Oberfl\u00e4chen sind von hoher Qualit\u00e4t. Sie vereinen moderne \u00c4sthetik mit funktionalem Design. <strong>Saloon<\/strong> ist ger\u00e4umig und einladend. Es ist perfekt zum Entspannen nach einem Segeltag. <strong>voll ausgestattete Komb\u00fcse<\/strong> macht die Zubereitung von Mahlzeiten einfach. Die Passagiere k\u00f6nnen ihre Mahlzeiten drinnen oder drau\u00dfen genie\u00dfen. <strong>Teak-Cockpit<\/strong>.<\/p>\n<h3><strong>Au\u00dfergew\u00f6hnliche Segelleistung<\/strong><\/h3>\n<p>Der <strong>Dufour 520 Grand Large<\/strong> Es geht nicht nur um Luxus. Es ist auch ein <strong>Hochleistungsyacht<\/strong>, das f\u00fcr verschiedene Seebedingungen ausgelegt ist. Es wird angetrieben von einem <strong>Volvo Penta Motor<\/strong>, und gew\u00e4hrleistet so Zuverl\u00e4ssigkeit. Mit einem <strong>2,30 m Tiefgang<\/strong>, Es bietet ausgezeichnete Stabilit\u00e4t und ein reibungsloses Handling.<\/p>\n<p>Die Yacht verf\u00fcgt \u00fcber eine <strong>Voll durchgelattetes Gro\u00dfsegel und ein Rollkopfsegel<\/strong>. Diese bieten hervorragende Geschwindigkeit und Effizienz unter Segeln. <strong>Klapppropeller<\/strong> verringert den Luftwiderstand und verbessert so die Leistung. <strong>einziehbares Bugstrahlruder<\/strong> Das Andocken wird dadurch erleichtert. Das Man\u00f6vrieren auf engstem Raum gelingt m\u00fchelos. Diese Eigenschaften machen das Schiff besonders attraktiv. <strong>Dufour 520<\/strong>\u00a0Leicht zu segeln, auch f\u00fcr weniger erfahrene Segler.<\/p>\n<h3><strong>Erweiterte Navigations- und technische Funktionen<\/strong><\/h3>\n<p>Die Yacht ist mit modernster Navigationstechnik ausgestattet. <strong>GPS-Plotter im Cockpit<\/strong> Und <strong>Raymarine-Instrumente<\/strong> Gew\u00e4hrleistet eine pr\u00e4zise Navigation. Das System liefert Echtzeitdaten \u00fcber <strong>Geschwindigkeit, Wind und Tiefe<\/strong>. Der <strong>Autopilot<\/strong> erh\u00f6ht den Komfort, da weniger st\u00e4ndiges Lenken erforderlich ist.<\/p>\n<h3><strong>Moderne Ausstattung f\u00fcr maximalen Komfort<\/strong><\/h3>\n<p>Der <strong>Dufour 520 Grand Large<\/strong> bietet alle modernen Annehmlichkeiten. Zu den wichtigsten Merkmalen geh\u00f6ren:<\/p>\n<ul>\n<li><strong>Teak-Cockpit<\/strong> f\u00fcr Langlebigkeit und ein luxuri\u00f6ses Aussehen.<\/li>\n<li><strong>Bimini-Top und Sprayhood<\/strong> Zum Schutz vor Sonne und Witterungseinfl\u00fcssen.<\/li>\n<li><strong>Elektrischer K\u00fchlschrank und Cockpitplancha<\/strong> f\u00fcr frische Lebensmittel und Essen im Freien.<\/li>\n<li><strong>220-V-Wechselrichter &amp; LED-Beleuchtung<\/strong> zur Steigerung der Energieeffizienz.<\/li>\n<li><strong>Beiboot mit Au\u00dfenbordmotor<\/strong> f\u00fcr einen einfachen Zugang zum Ufer.<\/li>\n<\/ul>\n<p>Diese Ausstattungsmerkmale gew\u00e4hrleisten ein komfortables und bequemes Leben an Bord.<\/p>\n<h3><strong>Warum sollten Sie sich f\u00fcr den Dufour 520 Grand Large entscheiden?<\/strong><\/h3>\n<p>Der <strong>Dufour 520 Grand Large<\/strong> ist die perfekte Wahl f\u00fcr Segler, die beides wollen <strong>Luxus und Leistung<\/strong>. Es eignet sich ideal f\u00fcr lange Reisen, Charterfahrten oder K\u00fcstenerkundungen. <strong>ger\u00e4umige Unterk\u00fcnfte, fortschrittliche Segelfunktionen und moderner Komfort.<\/strong>, es garantiert ein <a href=\"https:\/\/halkidikisailing.com\/de\/produkt\/7-days-sailing-trip-skiathos-skopelos-alonnisos\/\"><strong>ein unvergessliches Segelerlebnis<\/strong><\/a>.<\/p>","protected":false},"excerpt":{"rendered":"<p>Teak im Cockpit, Bimini, Sprayhood, durchgelattetes Gro\u00dfsegel und Rollfock, Faltpropeller, einziehbares Bugstrahlruder, Beiboot mit Au\u00dfenbordmotor, GPS-Plotter im Cockpit, 220-V-Wechselrichter, LED-Beleuchtung, elektrischer K\u00fchlschrank, Cockpitplancha, Autopilot, Geschwindigkeits-, Wind- und Echolot (alle von Raymarine)<\/p>","protected":false},"featured_media":3449,"template":"","meta":{"_acf_changed":false},"destination":[],"yacht-destination":[],"product_brand":[],"product_cat":[36],"product_tag":[],"class_list":{"0":"post-3432","1":"product","2":"type-product","3":"status-publish","4":"has-post-thumbnail","6":"product_cat-yachts","8":"first","9":"instock","10":"shipping-taxable","11":"product-type-simple"},"acf":[],"yoast_head":"<!-- This site is optimized with the Yoast SEO plugin v21.9.1 - https:\/\/yoast.com\/wordpress\/plugins\/seo\/ -->\n<title>Dufour 520 Grand Large - Halkidiki Sailing &amp; Sporades Islands<\/title>\n<meta name=\"description\" content=\"The Dufour 520 Grand Large is a sophisticated and high-performance sailing yacht, the perfect balance between luxury, comfort, and seaworthiness.\" \/>\n<meta name=\"robots\" content=\"index, follow, max-snippet:-1, max-image-preview:large, max-video-preview:-1\" \/>\n<link rel=\"canonical\" href=\"https:\/\/halkidikisailing.com\/de\/produkt\/dufour-520-grand-large\/\" \/>\n<meta property=\"og:locale\" content=\"de_DE\" \/>\n<meta property=\"og:type\" content=\"article\" \/>\n<meta property=\"og:title\" content=\"Dufour 520 Grand Large - Halkidiki Sailing &amp; Sporades Islands\" \/>\n<meta property=\"og:description\" content=\"The Dufour 520 Grand Large is a sophisticated and high-performance sailing yacht, the perfect balance between luxury, comfort, and seaworthiness.\" \/>\n<meta property=\"og:url\" content=\"https:\/\/halkidikisailing.com\/de\/produkt\/dufour-520-grand-large\/\" \/>\n<meta property=\"og:site_name\" content=\"Halkidiki Sailing &amp; Sporades Islands\" \/>\n<meta property=\"article:publisher\" content=\"https:\/\/www.facebook.com\/halkidikisailin\" \/>\n<meta property=\"article:modified_time\" content=\"2025-02-05T15:43:48+00:00\" \/>\n<meta property=\"og:image\" content=\"https:\/\/halkidikisailing.com\/wp-content\/uploads\/2025\/02\/DUFOUR-52-2.webp\" \/>\n\t<meta property=\"og:image:width\" content=\"720\" \/>\n\t<meta property=\"og:image:height\" content=\"540\" \/>\n\t<meta property=\"og:image:type\" content=\"image\/webp\" \/>\n<meta name=\"twitter:card\" content=\"summary_large_image\" \/>\n<meta name=\"twitter:label1\" content=\"Gesch\u00e4tzte Lesezeit\" \/>\n\t<meta name=\"twitter:data1\" content=\"3\u00a0Minuten\" \/>\n<script type=\"application\/ld+json\" class=\"yoast-schema-graph\">{\"@context\":\"https:\/\/schema.org\",\"@graph\":[{\"@type\":\"WebPage\",\"@id\":\"https:\/\/halkidikisailing.com\/product\/dufour-520-grand-large\/\",\"url\":\"https:\/\/halkidikisailing.com\/product\/dufour-520-grand-large\/\",\"name\":\"Dufour 520 Grand Large - Halkidiki Sailing &amp; Sporades Islands\",\"isPartOf\":{\"@id\":\"https:\/\/halkidikisailing.com\/#website\"},\"datePublished\":\"2025-02-05T13:27:36+00:00\",\"dateModified\":\"2025-02-05T15:43:48+00:00\",\"description\":\"The Dufour 520 Grand Large is a sophisticated and high-performance sailing yacht, the perfect balance between luxury, comfort, and seaworthiness.\",\"breadcrumb\":{\"@id\":\"https:\/\/halkidikisailing.com\/product\/dufour-520-grand-large\/#breadcrumb\"},\"inLanguage\":\"de\",\"potentialAction\":[{\"@type\":\"ReadAction\",\"target\":[\"https:\/\/halkidikisailing.com\/product\/dufour-520-grand-large\/\"]}]},{\"@type\":\"BreadcrumbList\",\"@id\":\"https:\/\/halkidikisailing.com\/product\/dufour-520-grand-large\/#breadcrumb\",\"itemListElement\":[{\"@type\":\"ListItem\",\"position\":1,\"name\":\"Home\",\"item\":\"https:\/\/halkidikisailing.com\/\"},{\"@type\":\"ListItem\",\"position\":2,\"name\":\"Shop\",\"item\":\"https:\/\/halkidikisailing.com\/shop\/\"},{\"@type\":\"ListItem\",\"position\":3,\"name\":\"Dufour 520 Grand Large\"}]},{\"@type\":\"WebSite\",\"@id\":\"https:\/\/halkidikisailing.com\/#website\",\"url\":\"https:\/\/halkidikisailing.com\/\",\"name\":\"Halkidiki Sailing &amp; Sporades Islands\",\"description\":\"Sailing Cruises and Yacht Chartering Halkidiki &amp; Sporades\",\"publisher\":{\"@id\":\"https:\/\/halkidikisailing.com\/#organization\"},\"alternateName\":\"Halkidiki Sailing\",\"potentialAction\":[{\"@type\":\"SearchAction\",\"target\":{\"@type\":\"EntryPoint\",\"urlTemplate\":\"https:\/\/halkidikisailing.com\/?s={search_term_string}\"},\"query-input\":\"required name=search_term_string\"}],\"inLanguage\":\"de\"},{\"@type\":\"Organization\",\"@id\":\"https:\/\/halkidikisailing.com\/#organization\",\"name\":\"Halkidiki Sailing & Sporades Islands\",\"alternateName\":\"Halkidiki Sailing\",\"url\":\"https:\/\/halkidikisailing.com\/\",\"logo\":{\"@type\":\"ImageObject\",\"inLanguage\":\"de\",\"@id\":\"https:\/\/halkidikisailing.com\/#\/schema\/logo\/image\/\",\"url\":\"https:\/\/halkidikisailing.com\/wp-content\/uploads\/2024\/02\/halkidiki-sailing-favicon.png\",\"contentUrl\":\"https:\/\/halkidikisailing.com\/wp-content\/uploads\/2024\/02\/halkidiki-sailing-favicon.png\",\"width\":199,\"height\":198,\"caption\":\"Halkidiki Sailing & Sporades Islands\"},\"image\":{\"@id\":\"https:\/\/halkidikisailing.com\/#\/schema\/logo\/image\/\"},\"sameAs\":[\"https:\/\/www.facebook.com\/halkidikisailin\"]}]}<\/script>\n<!-- \/ Yoast SEO plugin. -->","yoast_head_json":{"title":"Dufour 520 Grand Large \u2013 Segeln auf Chalkidiki und den Sporaden","description":"Die Dufour 520 Grand Large ist eine anspruchsvolle und leistungsstarke Segelyacht, die die perfekte Balance zwischen Luxus, Komfort und Seet\u00fcchtigkeit bietet.","robots":{"index":"index","follow":"follow","max-snippet":"max-snippet:-1","max-image-preview":"max-image-preview:large","max-video-preview":"max-video-preview:-1"},"canonical":"https:\/\/halkidikisailing.com\/de\/produkt\/dufour-520-grand-large\/","og_locale":"de_DE","og_type":"article","og_title":"Dufour 520 Grand Large - Halkidiki Sailing &amp; Sporades Islands","og_description":"The Dufour 520 Grand Large is a sophisticated and high-performance sailing yacht, the perfect balance between luxury, comfort, and seaworthiness.","og_url":"https:\/\/halkidikisailing.com\/de\/produkt\/dufour-520-grand-large\/","og_site_name":"Halkidiki Sailing &amp; Sporades Islands","article_publisher":"https:\/\/www.facebook.com\/halkidikisailin","article_modified_time":"2025-02-05T15:43:48+00:00","og_image":[{"width":720,"height":540,"url":"https:\/\/halkidikisailing.com\/wp-content\/uploads\/2025\/02\/DUFOUR-52-2.webp","type":"image\/webp"}],"twitter_card":"summary_large_image","twitter_misc":{"Gesch\u00e4tzte Lesezeit":"3\u00a0Minuten"},"schema":{"@context":"https:\/\/schema.org","@graph":[{"@type":"WebPage","@id":"https:\/\/halkidikisailing.com\/product\/dufour-520-grand-large\/","url":"https:\/\/halkidikisailing.com\/product\/dufour-520-grand-large\/","name":"Dufour 520 Grand Large \u2013 Segeln auf Chalkidiki und den Sporaden","isPartOf":{"@id":"https:\/\/halkidikisailing.com\/#website"},"datePublished":"2025-02-05T13:27:36+00:00","dateModified":"2025-02-05T15:43:48+00:00","description":"Die Dufour 520 Grand Large ist eine anspruchsvolle und leistungsstarke Segelyacht, die die perfekte Balance zwischen Luxus, Komfort und Seet\u00fcchtigkeit bietet.","breadcrumb":{"@id":"https:\/\/halkidikisailing.com\/product\/dufour-520-grand-large\/#breadcrumb"},"inLanguage":"de","potentialAction":[{"@type":"ReadAction","target":["https:\/\/halkidikisailing.com\/product\/dufour-520-grand-large\/"]}]},{"@type":"BreadcrumbList","@id":"https:\/\/halkidikisailing.com\/product\/dufour-520-grand-large\/#breadcrumb","itemListElement":[{"@type":"ListItem","position":1,"name":"Home","item":"https:\/\/halkidikisailing.com\/"},{"@type":"ListItem","position":2,"name":"Shop","item":"https:\/\/halkidikisailing.com\/shop\/"},{"@type":"ListItem","position":3,"name":"Dufour 520 Grand Large"}]},{"@type":"WebSite","@id":"https:\/\/halkidikisailing.com\/#website","url":"https:\/\/halkidikisailing.com\/","name":"Segeln auf der Chalkidiki und zu den Sporadeninseln","description":"Segelkreuzfahrten und Yachtcharter Chalkidiki &amp; Sporaden","publisher":{"@id":"https:\/\/halkidikisailing.com\/#organization"},"alternateName":"Halkidiki Sailing","potentialAction":[{"@type":"SearchAction","target":{"@type":"EntryPoint","urlTemplate":"https:\/\/halkidikisailing.com\/?s={search_term_string}"},"query-input":"required name=search_term_string"}],"inLanguage":"de"},{"@type":"Organization","@id":"https:\/\/halkidikisailing.com\/#organization","name":"Segeln auf der Chalkidiki und zu den Sporadeninseln","alternateName":"Halkidiki Sailing","url":"https:\/\/halkidikisailing.com\/","logo":{"@type":"ImageObject","inLanguage":"de","@id":"https:\/\/halkidikisailing.com\/#\/schema\/logo\/image\/","url":"https:\/\/halkidikisailing.com\/wp-content\/uploads\/2024\/02\/halkidiki-sailing-favicon.png","contentUrl":"https:\/\/halkidikisailing.com\/wp-content\/uploads\/2024\/02\/halkidiki-sailing-favicon.png","width":199,"height":198,"caption":"Halkidiki Sailing & Sporades Islands"},"image":{"@id":"https:\/\/halkidikisailing.com\/#\/schema\/logo\/image\/"},"sameAs":["https:\/\/www.facebook.com\/halkidikisailin"]}]}},"_links":{"self":[{"href":"https:\/\/halkidikisailing.com\/de\/wp-json\/wp\/v2\/product\/3432","targetHints":{"allow":["GET"]}}],"collection":[{"href":"https:\/\/halkidikisailing.com\/de\/wp-json\/wp\/v2\/product"}],"about":[{"href":"https:\/\/halkidikisailing.com\/de\/wp-json\/wp\/v2\/types\/product"}],"wp:featuredmedia":[{"embeddable":true,"href":"https:\/\/halkidikisailing.com\/de\/wp-json\/wp\/v2\/media\/3449"}],"wp:attachment":[{"href":"https:\/\/halkidikisailing.com\/de\/wp-json\/wp\/v2\/media?parent=3432"}],"wp:term":[{"taxonomy":"destination","embeddable":true,"href":"https:\/\/halkidikisailing.com\/de\/wp-json\/wp\/v2\/destination?post=3432"},{"taxonomy":"yacht-destination","embeddable":true,"href":"https:\/\/halkidikisailing.com\/de\/wp-json\/wp\/v2\/yacht-destination?post=3432"},{"taxonomy":"product_brand","embeddable":true,"href":"https:\/\/halkidikisailing.com\/de\/wp-json\/wp\/v2\/product_brand?post=3432"},{"taxonomy":"product_cat","embeddable":true,"href":"https:\/\/halkidikisailing.com\/de\/wp-json\/wp\/v2\/product_cat?post=3432"},{"taxonomy":"product_tag","embeddable":true,"href":"https:\/\/halkidikisailing.com\/de\/wp-json\/wp\/v2\/product_tag?post=3432"}],"curies":[{"name":"wp","href":"https:\/\/api.w.org\/{rel}","templated":true}]}}