{"id":3491,"date":"2025-03-11T17:22:26","date_gmt":"2025-03-11T15:22:26","guid":{"rendered":"https:\/\/halkidikisailing.com\/?post_type=product&#038;p=3491"},"modified":"2026-02-14T17:32:27","modified_gmt":"2026-02-14T15:32:27","slug":"5-hours-semi-private-sailing-cruise","status":"publish","type":"product","link":"https:\/\/halkidikisailing.com\/de\/produkt\/5-hours-semi-private-sailing-cruise\/","title":{"rendered":"5-st\u00fcndige halbprivate Segelkreuzfahrt"},"content":{"rendered":"<h2 style=\"text-align: left;\"><strong>5-st\u00fcndige halbprivate Segelkreuzfahrt: <\/strong><strong>von Miraggio nach <\/strong><strong>Str\u00e4nde und Inseln von West Sithonia<\/strong><\/h2>\n<p>Setzen Sie die Segel zu einem unvergesslichen Abenteuer entlang der Westk\u00fcste Sithonias. <strong>halbprivate Segelkreuzfahrt<\/strong> bietet die perfekte Balance aus Entspannung, Entdeckung und Abenteuer. Gehen Sie an Bord einer komfortablen Yacht und entdecken Sie versteckte Buchten, kristallklares Wasser und \u00fcppig gr\u00fcne Landschaften. Genie\u00dfen Sie Schwimmen, Schnorcheln und Stand-Up-Paddling und lassen Sie sich dabei von atemberaubenden Ausblicken verzaubern. <strong><em><a href=\"https:\/\/halkidikisailing.com\/de\/destination\/halkidiki\/\">Chalkidiki<\/a><\/em><\/strong> Unber\u00fchrte Sch\u00f6nheit.<\/p>\n<h3><strong>Route<\/strong><\/h3>\n<h4><strong>Morgendliche Abfahrt<\/strong><\/h4>\n<p data-pm-slice=\"1 1 []\">Wir <strong>Abfahrt um 10:00 Uhr<\/strong> vom Yachthafen Miraggio aus, bereit, die Umgebung zu erkunden <strong>unber\u00fchrte Gew\u00e4sser des Westens <a href=\"https:\/\/www.visitgreece.gr\/blog\/travel-tips\/1495\/sithonia-discover-the-gem-of-northern-greece\/\" rel=\"noopener\">Sithonia<\/a><\/strong>. W\u00e4hrend die Yacht sanft \u00fcber die \u00c4g\u00e4is gleitet, k\u00f6nnen Sie an Deck entspannen, die Sonne genie\u00dfen und die Meeresbrise sp\u00fcren. Unser erstes Ziel ist <strong>die Buchten s\u00fcdlich von Neos Marmaras \u2013 Porto Carras<\/strong>, Ein K\u00fcstenabschnitt, bekannt f\u00fcr sein kristallklares Wasser und die atemberaubende Umgebung. Hier machen wir unseren ersten Stopp f\u00fcr ein erfrischendes Bad. Sie k\u00f6nnen direkt von der Yacht ins ruhige Meer springen, die Unterwasserwelt mit Schnorchelausr\u00fcstung erkunden oder einfach treiben lassen und die Stille der Bucht genie\u00dfen.<\/p>\n<h4><strong>Die Erforschung der Spalathronisia<\/strong><\/h4>\n<p>Nachdem wir einige Zeit an diesem idyllischen Ort verbracht hatten, <strong>Wir setzen unsere Reise in Richtung Spalathronisia fort.<\/strong>, eine kleine Inselgruppe, die f\u00fcr ihre unber\u00fchrte Natur und \u00fcppige Vegetation bekannt ist. Die Yacht ankert in der N\u00e4he <strong>Lemos Beach<\/strong>, Ein einzigartiger Ort, ber\u00fchmt f\u00fcr seinen schmalen Sandstreifen, an dem sich das Meer zu beiden Seiten erstreckt. Dieses Naturph\u00e4nomen schafft eine traumhafte Kulisse, perfekt zum Schwimmen, Stand-Up-Paddling und Sonnenbaden. Oder wir ankern in der N\u00e4he.<strong> Insel Tsakonisi,<\/strong> Ein traumhafter Ort mit t\u00fcrkisfarbenem Wasser, goldenem Sand und \u00fcppiger Vegetation. Der Kontrast zwischen dem goldenen Sand und dem t\u00fcrkisfarbenen Wasser macht ihn zu einem der fotogensten Pl\u00e4tze der Kreuzfahrt.<\/p>\n<h4><strong>Letztes Schwimmen\u00a0<\/strong><\/h4>\n<p>W\u00e4hrend wir weitersegeln, machen wir einen letzten Halt bei <strong>Strand von Agia Kyriaki<\/strong>, Ein abgeschiedenes Paradies, nur auf dem Seeweg erreichbar. Dieser friedliche Ort ist von dichten Pinienw\u00e4ldern umgeben, die bis ans Wasser reichen. Die Abgeschiedenheit des Strandes garantiert Ruhe und macht ihn zum idealen Ort zum Entspannen. Schwimmen Sie im kristallklaren Wasser, erkunden Sie die Unterwasserwelt oder genie\u00dfen Sie einfach die Aussicht von der Terrasse.<\/p>\n<h4><strong>Zur\u00fcck zum Ausgangspunkt<\/strong><\/h4>\n<p>Von <strong>15:00 Uhr<\/strong>, Wir kehren nach Miraggio zur\u00fcck und vollenden damit eine perfekte Reise. <strong>f\u00fcnfst\u00fcndiges Segelerlebnis<\/strong> voller atemberaubender Landschaften, erfrischender Badem\u00f6glichkeiten und unvergesslicher Momente.<\/p>\n<h3 data-pm-slice=\"1 3 []\"><strong>Im Preis enthalten: 5-st\u00fcndige halbprivate Segeltour<\/strong><\/h3>\n<p>Um maximalen Komfort und Genuss zu gew\u00e4hrleisten, bieten wir an Bord eine Reihe von Serviceleistungen und Annehmlichkeiten an:<\/p>\n<ul data-spread=\"false\">\n<li><strong>Professioneller Skipper<\/strong> \u2013 Ein sachkundiger und erfahrener Kapit\u00e4n, der Sie navigiert und f\u00fcr ein reibungsloses Segelerlebnis sorgt.<\/li>\n<li><strong>Yachttreibstoff<\/strong> \u2013 Alle Treibstoffkosten sind abgedeckt, sodass Sie sich einfach entspannen und die Fahrt genie\u00dfen k\u00f6nnen.<\/li>\n<li><strong>Marina- und Hafengeb\u00fchren<\/strong> \u2013 Inklusive Strom- und Wasserversorgung f\u00fcr die Yacht.<\/li>\n<li><strong>Musiksystem &amp; WLAN<\/strong> \u2013 Genie\u00dfen Sie w\u00e4hrend der Fahrt Ihre Lieblingsmusik und bleiben Sie bei Bedarf in Verbindung.<\/li>\n<li><strong>Frischwasser zum Waschen<\/strong> \u2013 Nach dem Schwimmen steht S\u00fc\u00dfwasser zum Absp\u00fclen zur Verf\u00fcgung.<\/li>\n<li><strong>Mineralwasser und S\u00e4fte<\/strong> \u2013 Bleiben Sie mit kostenlosen Erfrischungen ausreichend hydriert.<\/li>\n<li><strong>Reinigungskosten<\/strong> \u2013 Die Yacht wird zu Ihrem Komfort sauber und gut gewartet gehalten.<\/li>\n<li><strong>Nutzung von SUP- und Schnorchelausr\u00fcstung<\/strong> \u2013 Erleben Sie den Nervenkitzel beim Stand-Up-Paddling oder erkunden Sie die Unterwasserwelt mit unserer Schnorchelausr\u00fcstung.<\/li>\n<\/ul>\n<h3 data-pm-slice=\"1 3 []\"><strong>Zus\u00e4tzliche Informationen f\u00fcr <\/strong><strong>5-st\u00fcndige halbprivate Segelkreuzfahrt<\/strong><\/h3>\n<p>Um Ihre Kreuzfahrt noch angenehmer zu gestalten, finden Sie hier einige Tipps. <strong>weitere Details<\/strong> Was Sie beachten sollten:<\/p>\n<ul data-spread=\"false\">\n<li><strong>Sie k\u00f6nnen gerne Ihre eigenen Snacks, Fr\u00fcchte und Getr\u00e4nke mitbringen.<\/strong> Wir stellen Ihnen Gl\u00e4ser, Teller und einen K\u00fchlschrank zur Verf\u00fcgung. Fragen Sie einfach den Kapit\u00e4n, falls Sie etwas ben\u00f6tigen.<\/li>\n<li><strong>Der Reiseverlauf kann sich je nach Wetterlage oder G\u00e4stew\u00fcnschen \u00e4ndern.<\/strong> Sicherheit und Komfort haben f\u00fcr uns stets oberste Priorit\u00e4t.<\/li>\n<li><strong>Unbegleitete Minderj\u00e4hrige sind nicht gestattet.<\/strong> Kinder m\u00fcssen von einem Erwachsenen begleitet werden.<\/li>\n<li><strong>Diese Tour wird f\u00fcr Personen mit eingeschr\u00e4nkter Mobilit\u00e4t nicht empfohlen.<\/strong> Aufgrund der Art des Segelns kann die Fortbewegung auf der Yacht eine gewisse Beweglichkeit erfordern.<\/li>\n<li><strong>Maximale Kapazit\u00e4t von 8 G\u00e4sten.<\/strong> Die Yacht ist f\u00fcr ein halbprivates Erlebnis konzipiert und gew\u00e4hrleistet so eine komfortable und individuelle Reise.<\/li>\n<li><strong>Ausstattung an Bord:<\/strong> Unsere Segelyacht ist ausgestattet mit einem <strong>Toilette, Warmwasser, Sicherheitsausr\u00fcstung und ein Bimini-Top<\/strong> (ein schattiges Zelt \u00fcber dem Cockpit) f\u00fcr zus\u00e4tzlichen Komfort.<\/li>\n<\/ul>\n<p><script src=\"https:\/\/assets.ticketinghub.com\/checkout.js\" data-widget=\"8789ad80-7bf1-4f2e-9b7a-d2386b42dad9\"><\/script><\/p>\n<p>Listencode<br \/>\n<script src=\"https:\/\/assets.ticketinghub.com\/checkout.js\" data-widget=\"4d96a881-e3f3-47f2-b564-e20b4b90d49f\"><\/script><\/p>","protected":false},"excerpt":{"rendered":"<p>5 Hours Semi-Private Sailing Cruise: from Miraggio to W. Sithonia Beaches &amp; Islands Set sail for an unforgettable adventure along the western coast of Sithonia. This semi-private sailing cruise offers the perfect balance of relaxation, exploration, and adventure. Board a comfortable yacht and discover hidden coves, crystal-clear waters, and lush green landscapes. Enjoy swimming, snorkeling, [&#8230;]\n","protected":false},"featured_media":2318,"template":"","meta":{"_acf_changed":false},"destination":[56],"yacht-destination":[],"product_brand":[],"product_cat":[15,44],"product_tag":[],"class_list":{"0":"post-3491","1":"product","2":"type-product","3":"status-publish","4":"has-post-thumbnail","6":"destination-halkidiki","7":"product_cat-trip-packages","8":"product_cat-half-day","10":"first","11":"instock","12":"shipping-taxable","13":"product-type-simple"},"acf":[],"yoast_head":"<!-- This site is optimized with the Yoast SEO plugin v21.9.1 - https:\/\/yoast.com\/wordpress\/plugins\/seo\/ -->\n<title>5 Hours Semi-Private Sailing Cruise - Halkidiki Sailing &amp; Sporades Islands<\/title>\n<meta name=\"description\" content=\"5 Hours Semi-Private Sailing Cruise: from Miraggio to W. Sithonia Beaches. Explore the stunning islands and coves of Halkidiki on a sailing yacht tour.\" \/>\n<meta name=\"robots\" content=\"index, follow, max-snippet:-1, max-image-preview:large, max-video-preview:-1\" \/>\n<link rel=\"canonical\" href=\"https:\/\/halkidikisailing.com\/de\/produkt\/5-hours-semi-private-sailing-cruise\/\" \/>\n<meta property=\"og:locale\" content=\"de_DE\" \/>\n<meta property=\"og:type\" content=\"article\" \/>\n<meta property=\"og:title\" content=\"5 Hours Semi-Private Sailing Cruise - Halkidiki Sailing &amp; Sporades Islands\" \/>\n<meta property=\"og:description\" content=\"5 Hours Semi-Private Sailing Cruise: from Miraggio to W. Sithonia Beaches. Explore the stunning islands and coves of Halkidiki on a sailing yacht tour.\" \/>\n<meta property=\"og:url\" content=\"https:\/\/halkidikisailing.com\/de\/produkt\/5-hours-semi-private-sailing-cruise\/\" \/>\n<meta property=\"og:site_name\" content=\"Halkidiki Sailing &amp; Sporades Islands\" \/>\n<meta property=\"article:publisher\" content=\"https:\/\/www.facebook.com\/halkidikisailin\" \/>\n<meta property=\"article:modified_time\" content=\"2026-02-14T15:32:27+00:00\" \/>\n<meta property=\"og:image\" content=\"https:\/\/halkidikisailing.com\/wp-content\/uploads\/2022\/10\/20180512_123124-scaled.jpg\" \/>\n\t<meta property=\"og:image:width\" content=\"2560\" \/>\n\t<meta property=\"og:image:height\" content=\"1920\" \/>\n\t<meta property=\"og:image:type\" content=\"image\/jpeg\" \/>\n<meta name=\"twitter:card\" content=\"summary_large_image\" \/>\n<meta name=\"twitter:label1\" content=\"Gesch\u00e4tzte Lesezeit\" \/>\n\t<meta name=\"twitter:data1\" content=\"4\u00a0Minuten\" \/>\n<script type=\"application\/ld+json\" class=\"yoast-schema-graph\">{\"@context\":\"https:\/\/schema.org\",\"@graph\":[{\"@type\":\"WebPage\",\"@id\":\"https:\/\/halkidikisailing.com\/product\/5-hours-semi-private-sailing-cruise\/\",\"url\":\"https:\/\/halkidikisailing.com\/product\/5-hours-semi-private-sailing-cruise\/\",\"name\":\"5 Hours Semi-Private Sailing Cruise - Halkidiki Sailing &amp; Sporades Islands\",\"isPartOf\":{\"@id\":\"https:\/\/halkidikisailing.com\/#website\"},\"datePublished\":\"2025-03-11T15:22:26+00:00\",\"dateModified\":\"2026-02-14T15:32:27+00:00\",\"description\":\"5 Hours Semi-Private Sailing Cruise: from Miraggio to W. Sithonia Beaches. Explore the stunning islands and coves of Halkidiki on a sailing yacht tour.\",\"breadcrumb\":{\"@id\":\"https:\/\/halkidikisailing.com\/product\/5-hours-semi-private-sailing-cruise\/#breadcrumb\"},\"inLanguage\":\"de\",\"potentialAction\":[{\"@type\":\"ReadAction\",\"target\":[\"https:\/\/halkidikisailing.com\/product\/5-hours-semi-private-sailing-cruise\/\"]}]},{\"@type\":\"BreadcrumbList\",\"@id\":\"https:\/\/halkidikisailing.com\/product\/5-hours-semi-private-sailing-cruise\/#breadcrumb\",\"itemListElement\":[{\"@type\":\"ListItem\",\"position\":1,\"name\":\"Home\",\"item\":\"https:\/\/halkidikisailing.com\/\"},{\"@type\":\"ListItem\",\"position\":2,\"name\":\"Shop\",\"item\":\"https:\/\/halkidikisailing.com\/shop\/\"},{\"@type\":\"ListItem\",\"position\":3,\"name\":\"5 Hours Semi-Private Sailing Cruise\"}]},{\"@type\":\"WebSite\",\"@id\":\"https:\/\/halkidikisailing.com\/#website\",\"url\":\"https:\/\/halkidikisailing.com\/\",\"name\":\"Halkidiki Sailing &amp; Sporades Islands\",\"description\":\"Sailing Cruises and Yacht Chartering Halkidiki &amp; Sporades\",\"publisher\":{\"@id\":\"https:\/\/halkidikisailing.com\/#organization\"},\"alternateName\":\"Halkidiki Sailing\",\"potentialAction\":[{\"@type\":\"SearchAction\",\"target\":{\"@type\":\"EntryPoint\",\"urlTemplate\":\"https:\/\/halkidikisailing.com\/?s={search_term_string}\"},\"query-input\":\"required name=search_term_string\"}],\"inLanguage\":\"de\"},{\"@type\":\"Organization\",\"@id\":\"https:\/\/halkidikisailing.com\/#organization\",\"name\":\"Halkidiki Sailing & Sporades Islands\",\"alternateName\":\"Halkidiki Sailing\",\"url\":\"https:\/\/halkidikisailing.com\/\",\"logo\":{\"@type\":\"ImageObject\",\"inLanguage\":\"de\",\"@id\":\"https:\/\/halkidikisailing.com\/#\/schema\/logo\/image\/\",\"url\":\"https:\/\/halkidikisailing.com\/wp-content\/uploads\/2024\/02\/halkidiki-sailing-favicon.png\",\"contentUrl\":\"https:\/\/halkidikisailing.com\/wp-content\/uploads\/2024\/02\/halkidiki-sailing-favicon.png\",\"width\":199,\"height\":198,\"caption\":\"Halkidiki Sailing & Sporades Islands\"},\"image\":{\"@id\":\"https:\/\/halkidikisailing.com\/#\/schema\/logo\/image\/\"},\"sameAs\":[\"https:\/\/www.facebook.com\/halkidikisailin\"]}]}<\/script>\n<!-- \/ Yoast SEO plugin. -->","yoast_head_json":{"title":"5-st\u00fcndige halbprivate Segelkreuzfahrt \u2013 Chalkidiki und die Sporaden","description":"5-st\u00fcndiger Segelt\u00f6rn in halbprivater Runde: von Miraggio zu den Str\u00e4nden von West-Sithonia. Erkunden Sie die atemberaubenden Inseln und Buchten von Chalkidiki auf einer Segelyacht-Tour.","robots":{"index":"index","follow":"follow","max-snippet":"max-snippet:-1","max-image-preview":"max-image-preview:large","max-video-preview":"max-video-preview:-1"},"canonical":"https:\/\/halkidikisailing.com\/de\/produkt\/5-hours-semi-private-sailing-cruise\/","og_locale":"de_DE","og_type":"article","og_title":"5 Hours Semi-Private Sailing Cruise - Halkidiki Sailing &amp; Sporades Islands","og_description":"5 Hours Semi-Private Sailing Cruise: from Miraggio to W. Sithonia Beaches. Explore the stunning islands and coves of Halkidiki on a sailing yacht tour.","og_url":"https:\/\/halkidikisailing.com\/de\/produkt\/5-hours-semi-private-sailing-cruise\/","og_site_name":"Halkidiki Sailing &amp; Sporades Islands","article_publisher":"https:\/\/www.facebook.com\/halkidikisailin","article_modified_time":"2026-02-14T15:32:27+00:00","og_image":[{"width":2560,"height":1920,"url":"https:\/\/halkidikisailing.com\/wp-content\/uploads\/2022\/10\/20180512_123124-scaled.jpg","type":"image\/jpeg"}],"twitter_card":"summary_large_image","twitter_misc":{"Gesch\u00e4tzte Lesezeit":"4\u00a0Minuten"},"schema":{"@context":"https:\/\/schema.org","@graph":[{"@type":"WebPage","@id":"https:\/\/halkidikisailing.com\/product\/5-hours-semi-private-sailing-cruise\/","url":"https:\/\/halkidikisailing.com\/product\/5-hours-semi-private-sailing-cruise\/","name":"5-st\u00fcndige halbprivate Segelkreuzfahrt \u2013 Chalkidiki und die Sporaden","isPartOf":{"@id":"https:\/\/halkidikisailing.com\/#website"},"datePublished":"2025-03-11T15:22:26+00:00","dateModified":"2026-02-14T15:32:27+00:00","description":"5-st\u00fcndiger Segelt\u00f6rn in halbprivater Runde: von Miraggio zu den Str\u00e4nden von West-Sithonia. Erkunden Sie die atemberaubenden Inseln und Buchten von Chalkidiki auf einer Segelyacht-Tour.","breadcrumb":{"@id":"https:\/\/halkidikisailing.com\/product\/5-hours-semi-private-sailing-cruise\/#breadcrumb"},"inLanguage":"de","potentialAction":[{"@type":"ReadAction","target":["https:\/\/halkidikisailing.com\/product\/5-hours-semi-private-sailing-cruise\/"]}]},{"@type":"BreadcrumbList","@id":"https:\/\/halkidikisailing.com\/product\/5-hours-semi-private-sailing-cruise\/#breadcrumb","itemListElement":[{"@type":"ListItem","position":1,"name":"Home","item":"https:\/\/halkidikisailing.com\/"},{"@type":"ListItem","position":2,"name":"Shop","item":"https:\/\/halkidikisailing.com\/shop\/"},{"@type":"ListItem","position":3,"name":"5 Hours Semi-Private Sailing Cruise"}]},{"@type":"WebSite","@id":"https:\/\/halkidikisailing.com\/#website","url":"https:\/\/halkidikisailing.com\/","name":"Segeln auf der Chalkidiki und zu den Sporadeninseln","description":"Segelkreuzfahrten und Yachtcharter Chalkidiki &amp; Sporaden","publisher":{"@id":"https:\/\/halkidikisailing.com\/#organization"},"alternateName":"Halkidiki Sailing","potentialAction":[{"@type":"SearchAction","target":{"@type":"EntryPoint","urlTemplate":"https:\/\/halkidikisailing.com\/?s={search_term_string}"},"query-input":"required name=search_term_string"}],"inLanguage":"de"},{"@type":"Organization","@id":"https:\/\/halkidikisailing.com\/#organization","name":"Segeln auf der Chalkidiki und zu den Sporadeninseln","alternateName":"Halkidiki Sailing","url":"https:\/\/halkidikisailing.com\/","logo":{"@type":"ImageObject","inLanguage":"de","@id":"https:\/\/halkidikisailing.com\/#\/schema\/logo\/image\/","url":"https:\/\/halkidikisailing.com\/wp-content\/uploads\/2024\/02\/halkidiki-sailing-favicon.png","contentUrl":"https:\/\/halkidikisailing.com\/wp-content\/uploads\/2024\/02\/halkidiki-sailing-favicon.png","width":199,"height":198,"caption":"Halkidiki Sailing & Sporades Islands"},"image":{"@id":"https:\/\/halkidikisailing.com\/#\/schema\/logo\/image\/"},"sameAs":["https:\/\/www.facebook.com\/halkidikisailin"]}]}},"_links":{"self":[{"href":"https:\/\/halkidikisailing.com\/de\/wp-json\/wp\/v2\/product\/3491","targetHints":{"allow":["GET"]}}],"collection":[{"href":"https:\/\/halkidikisailing.com\/de\/wp-json\/wp\/v2\/product"}],"about":[{"href":"https:\/\/halkidikisailing.com\/de\/wp-json\/wp\/v2\/types\/product"}],"wp:featuredmedia":[{"embeddable":true,"href":"https:\/\/halkidikisailing.com\/de\/wp-json\/wp\/v2\/media\/2318"}],"wp:attachment":[{"href":"https:\/\/halkidikisailing.com\/de\/wp-json\/wp\/v2\/media?parent=3491"}],"wp:term":[{"taxonomy":"destination","embeddable":true,"href":"https:\/\/halkidikisailing.com\/de\/wp-json\/wp\/v2\/destination?post=3491"},{"taxonomy":"yacht-destination","embeddable":true,"href":"https:\/\/halkidikisailing.com\/de\/wp-json\/wp\/v2\/yacht-destination?post=3491"},{"taxonomy":"product_brand","embeddable":true,"href":"https:\/\/halkidikisailing.com\/de\/wp-json\/wp\/v2\/product_brand?post=3491"},{"taxonomy":"product_cat","embeddable":true,"href":"https:\/\/halkidikisailing.com\/de\/wp-json\/wp\/v2\/product_cat?post=3491"},{"taxonomy":"product_tag","embeddable":true,"href":"https:\/\/halkidikisailing.com\/de\/wp-json\/wp\/v2\/product_tag?post=3491"}],"curies":[{"name":"wp","href":"https:\/\/api.w.org\/{rel}","templated":true}]}}