{"id":3547,"date":"2025-10-22T18:04:28","date_gmt":"2025-10-22T16:04:28","guid":{"rendered":"https:\/\/halkidikisailing.com\/?post_type=product&#038;p=3547"},"modified":"2025-10-22T20:19:59","modified_gmt":"2025-10-22T18:19:59","slug":"dufour-460-grand-large","status":"publish","type":"product","link":"https:\/\/halkidikisailing.com\/de\/produkt\/dufour-460-grand-large\/","title":{"rendered":"Dufour 460 Grand Large"},"content":{"rendered":"<h1 data-start=\"363\" data-end=\"444\"><strong data-start=\"365\" data-end=\"444\">Dufour 460 Grand Large: Luxussegeln neu definiert mit HalkidikiSailing.com<\/strong><\/h1>\n<p data-start=\"446\" data-end=\"934\">Der <strong data-start=\"450\" data-end=\"476\">Dufour 460 Grand Large<\/strong> Verk\u00f6rpert die perfekte Verbindung von Eleganz, Leistung und Innovation. Entworfen von <strong data-start=\"561\" data-end=\"578\">Umberto Felci<\/strong> und gestartet von <strong data-start=\"595\" data-end=\"612\">Dufour Yachten<\/strong> Diese beeindruckende 14 Meter lange Segelyacht aus dem Jahr 2019 verk\u00f6rpert die Leidenschaft der Werft f\u00fcr handwerkliches K\u00f6nnen und intelligentes Design. Gebaut f\u00fcr alle, die Komfort und Abenteuer gleicherma\u00dfen sch\u00e4tzen, bietet sie ein unvergessliches Segelerlebnis \u2013 ob Sie die kristallklaren Gew\u00e4sser der \u00c4g\u00e4is erkunden oder in einer ruhigen Bucht vor Anker entspannen.<\/p>\n<p data-start=\"936\" data-end=\"1133\">Verf\u00fcgbar zur Charter \u00fcber <strong data-start=\"966\" data-end=\"1022\"><a class=\"decorated-link\" href=\"https:\/\/halkidikisailing.com\/de\/\" target=\"_new\" rel=\"noopener\" data-start=\"968\" data-end=\"1020\">HalkidikiSailing.com<\/a><\/strong>, Der Dufour 460 Grand Large verspricht, jede Fahrt mit Luxus, Sicherheit und m\u00fcheloser Leistung zu einem besonderen Erlebnis zu machen.<\/p>\n<hr data-start=\"1135\" data-end=\"1138\" \/>\n<h2 data-start=\"1140\" data-end=\"1175\"><strong data-start=\"1143\" data-end=\"1175\">Design und \u00e4u\u00dfere Eleganz<\/strong><\/h2>\n<p data-start=\"1177\" data-end=\"1532\">Schon beim Betreten der Dufour 460 Grand Large sp\u00fcrt man ihre Eleganz und ihren modernen Stil. Ihr schlankes Rumpfdesign, das gro\u00dfz\u00fcgige Deckslayout und die ausgewogenen Proportionen unterstreichen die au\u00dfergew\u00f6hnliche Schiffsarchitektur von Umberto Felci. Der breite Rumpf und der feine Bug garantieren Stabilit\u00e4t, Wendigkeit und Komfort unter Segeln \u2013 selbst bei anspruchsvollen Bedingungen.<\/p>\n<p data-start=\"1534\" data-end=\"2060\">Das Deck bietet ein \u00fcbersichtliches und freies Layout, das sicheres und einfaches Bewegen erm\u00f6glicht. Zwei Steuerr\u00e4der sorgen f\u00fcr hervorragende Sicht und pr\u00e4zise Steuerung, w\u00e4hrend das ergonomische Cockpit Komfort und Sicherheit erh\u00f6ht. Ein gro\u00dfer Klapptisch bildet das Herzst\u00fcck des Cockpits und schafft einen einladenden Au\u00dfenbereich zum Essen oder Entspannen mit Familie und Freunden. Das Heck l\u00e4sst sich zu einer breiten Badeplattform ausklappen und bietet direkten Zugang zum Meer \u2013 ideal zum Schwimmen, Schnorcheln oder einfach nur, um die W\u00e4rme zu genie\u00dfen. <a href=\"https:\/\/en.wikipedia.org\/wiki\/Aegean_Sea\" rel=\"noopener\">\u00e4g\u00e4isch<\/a> Brise.<\/p>\n<hr data-start=\"2062\" data-end=\"2065\" \/>\n<h2 data-start=\"2067\" data-end=\"2103\"><strong data-start=\"2070\" data-end=\"2103\">Gro\u00dfz\u00fcgiges und elegantes Interieur<\/strong><\/h2>\n<p data-start=\"2105\" data-end=\"2450\">Unter Deck, die <strong data-start=\"2121\" data-end=\"2147\">Dufour 460 Grand Large<\/strong> offenbart ein Interieur, das hell, modern und au\u00dfergew\u00f6hnlich ger\u00e4umig wirkt. <strong data-start=\"2233\" data-end=\"2287\">vier komfortable Kabinen und vier private Badezimmer<\/strong>, Diese Yacht bietet erstklassigen Komfort f\u00fcr bis zu acht G\u00e4ste. Das Interieurdesign spiegelt Dufours charakteristische Balance zwischen Funktionalit\u00e4t und raffinierter \u00c4sthetik wider.<\/p>\n<p data-start=\"2452\" data-end=\"2892\">Der gro\u00dfz\u00fcgige Salon empf\u00e4ngt Sie mit einem ger\u00e4umigen Essbereich, bequemen Sitzgelegenheiten und Panoramafenstern, die den Raum mit Tageslicht durchfluten. Die L-f\u00f6rmige Komb\u00fcse ist mit allem ausgestattet, was Sie f\u00fcr lange Kreuzfahrten ben\u00f6tigen \u2013 einem gro\u00dfen K\u00fchlschrank, Backofen, Herd und viel Stauraum. Ob Sie vor Anker vor Skopelos eine Mahlzeit zubereiten oder vor der Abfahrt nach Alonnisos fr\u00fchst\u00fccken m\u00f6chten, die durchdachte Gestaltung der Komb\u00fcse garantiert Ihnen jederzeit h\u00f6chsten Komfort.<\/p>\n<p data-start=\"2894\" data-end=\"3203\">Jede Kabine bietet Privatsph\u00e4re und Ruhe dank hochwertiger Materialien, Bel\u00fcftung und sanfter Beleuchtung, die eine entspannende Atmosph\u00e4re schaffen. Die vier Badezimmer bieten den G\u00e4sten individuellen Komfort \u2013 ein seltenes Merkmal auf Yachten dieser Gr\u00f6\u00dfe \u2013 und gew\u00e4hrleisten so, dass jeder w\u00e4hrend der Reise sowohl Platz als auch Unabh\u00e4ngigkeit genie\u00dft.<\/p>\n<hr data-start=\"3205\" data-end=\"3208\" \/>\n<h2 data-start=\"3210\" data-end=\"3251\"><strong data-start=\"3213\" data-end=\"3251\">Leistung, Performance und F\u00e4higkeiten<\/strong><\/h2>\n<p data-start=\"3253\" data-end=\"3563\">Die Dufour 460 Grand Large bietet herausragende Segeleigenschaften und ist damit die ideale Yacht f\u00fcr erfahrene Segler und Einsteiger, die ein entspanntes und genussvolles Segelerlebnis suchen. Ihr reaktionsschnelles Ruder, das ausgewogene Segelplan und das moderne Rumpfdesign erm\u00f6glichen ein m\u00fcheloses, pr\u00e4zises und stabiles Gleiten durchs Wasser.<\/p>\n<p data-start=\"3565\" data-end=\"4062\">Angetrieben von einem <strong data-start=\"3578\" data-end=\"3626\">60 PS Volvo Penta Dieselmotor (Modell 2019)<\/strong>, Die Yacht bietet zuverl\u00e4ssigen Antrieb und beeindruckende Man\u00f6vrierf\u00e4higkeit, selbst in engen Marinas oder bei ruhiger See. <strong data-start=\"3743\" data-end=\"3774\">Kraftstoffkapazit\u00e4t von 250 Litern<\/strong> gew\u00e4hrleistet eine gr\u00f6\u00dfere Reichweite, w\u00e4hrend die <strong data-start=\"3809\" data-end=\"3838\">560-Liter-Frischwassertank<\/strong> Sie erm\u00f6glicht l\u00e4ngere T\u00f6rns ohne Kompromisse beim Komfort. Ob Sie zwischen Skiathos und Skopelos navigieren oder vor Alonnisos zum Schwimmen ankern \u2013 diese Yacht bietet die Unabh\u00e4ngigkeit und Effizienz, die jeder Segler zu sch\u00e4tzen wei\u00df.<\/p>\n<p data-start=\"4064\" data-end=\"4256\">Mit fortschrittlicher Takelage, einfacher Segelhandhabung und reaktionsschneller Steuerung bietet die Dufour 460 Grand Large hervorragende Leistungen bei allen Windbedingungen \u2013 und liefert auf jeder Passage sowohl Geschwindigkeit als auch Komfort.<\/p>\n<hr data-start=\"4258\" data-end=\"4261\" \/>\n<h2 data-start=\"4263\" data-end=\"4310\"><strong data-start=\"4266\" data-end=\"4310\">Luxuri\u00f6ses Segeln mit HalkidikiSailing.com<\/strong><\/h2>\n<p data-start=\"4312\" data-end=\"4641\">Chartern der <strong data-start=\"4327\" data-end=\"4353\">Dufour 460 Grand Large<\/strong> durch <strong data-start=\"4362\" data-end=\"4386\">HalkidikiSailing.com<\/strong> bietet mehr als nur eine Yacht \u2013 es bietet ein umfassendes Segelerlebnis. Das Unternehmen ist auf Luxusyachtcharter in den N\u00f6rdlichen Sporaden und Chalkidiki spezialisiert und bietet professionellen Service, individuelle Routen und fundierte Ortskenntnisse.<\/p>\n<p data-start=\"4643\" data-end=\"4950\">Vom ersten Moment an, in dem Sie an Bord gehen, sorgt das Team von HalkidikiSailing.com daf\u00fcr, dass jedes Detail Ihrer Reise sorgf\u00e4ltig geplant und umgesetzt wird. Ob Sie einen entspannten Familienurlaub oder eine abenteuerliche Inselhopping-Expedition bevorzugen \u2013 die Dufour 460 Grand Large bietet die ideale Plattform f\u00fcr einen unvergesslichen Ausflug in die \u00c4g\u00e4is.<\/p>\n<hr data-start=\"4952\" data-end=\"4955\" \/>\n<h2 data-start=\"4957\" data-end=\"4974\">\u00a0<strong data-start=\"5026\" data-end=\"5052\">Dufour 460 Grand Large \u2013 Luxus und Leistung\u00a0<\/strong><\/h2>\n<p data-start=\"4976\" data-end=\"5310\">Elegant, ger\u00e4umig und au\u00dfergew\u00f6hnlich leistungsf\u00e4hig, die <strong data-start=\"5026\" data-end=\"5052\">Dufour 460 Grand Large<\/strong> gilt als eine der besten Yachten der Dufour-Flotte. <strong data-start=\"5114\" data-end=\"5227\">vier Kabinen, vier Badezimmer, ein 60 PS starker Volvo Penta-Motor, 560 Liter Wasser und 250 Liter Treibstoffkapazit\u00e4t<\/strong>, Es bietet die perfekte Kombination aus Luxus und Leistung f\u00fcr moderne Segler.<\/p>\n<p data-start=\"5312\" data-end=\"5613\">Erleben Sie die Freiheit des Meeres, die Sch\u00f6nheit der Sporaden und den unvergleichlichen Komfort einer Segelreise an Bord dieser pr\u00e4chtigen Yacht.<br data-start=\"5445\" data-end=\"5448\" \/>Buchen Sie noch heute Ihre n\u00e4chste Reise mit <strong data-start=\"5481\" data-end=\"5537\">HalkidikiSailing.com<\/strong> \u2014 und lassen Sie die Dufour 460 Grand Large Ihre Segeltr\u00e4ume Wirklichkeit werden.<\/p>","protected":false},"excerpt":{"rendered":"<p>Dufour 460 Grand Large: Redefining Luxury Sailing with HalkidikiSailing.com The Dufour 460 Grand Large represents the perfect fusion of elegance, performance, and innovation. Designed by Umberto Felci and launched by Dufour Yachts in 2019, this impressive 46-foot sailing yacht embodies the shipyard\u2019s passion for craftsmanship and intelligent design. Built for those who value both comfort [&#8230;]\n","protected":false},"featured_media":3562,"template":"","meta":{"_acf_changed":false},"destination":[],"yacht-destination":[73,69,70,72,71],"product_brand":[],"product_cat":[36],"product_tag":[],"class_list":{"0":"post-3547","1":"product","2":"type-product","3":"status-publish","4":"has-post-thumbnail","6":"yacht-destination-thessaloniki","7":"yacht-destination-halkidiki","8":"yacht-destination-skiathos","9":"yacht-destination-skopelos","10":"yacht-destination-alonnisos","11":"product_cat-yachts","13":"first","14":"instock","15":"shipping-taxable","16":"product-type-simple"},"acf":[],"yoast_head":"<!-- This site is optimized with the Yoast SEO plugin v21.9.1 - https:\/\/yoast.com\/wordpress\/plugins\/seo\/ -->\n<title>Dufour 460 Grand Large - Halkidiki Sailing &amp; Sporades Islands<\/title>\n<meta name=\"description\" content=\"The Dufour 460 Grand Large represents the perfect fusion of elegance, performance, and innovation. Built for those who value both comfort and adventure.\" \/>\n<meta name=\"robots\" content=\"index, follow, max-snippet:-1, max-image-preview:large, max-video-preview:-1\" \/>\n<link rel=\"canonical\" href=\"https:\/\/halkidikisailing.com\/de\/produkt\/dufour-460-grand-large\/\" \/>\n<meta property=\"og:locale\" content=\"de_DE\" \/>\n<meta property=\"og:type\" content=\"article\" \/>\n<meta property=\"og:title\" content=\"Dufour 460 Grand Large - Halkidiki Sailing &amp; Sporades Islands\" \/>\n<meta property=\"og:description\" content=\"The Dufour 460 Grand Large represents the perfect fusion of elegance, performance, and innovation. Built for those who value both comfort and adventure.\" \/>\n<meta property=\"og:url\" content=\"https:\/\/halkidikisailing.com\/de\/produkt\/dufour-460-grand-large\/\" \/>\n<meta property=\"og:site_name\" content=\"Halkidiki Sailing &amp; Sporades Islands\" \/>\n<meta property=\"article:publisher\" content=\"https:\/\/www.facebook.com\/halkidikisailin\" \/>\n<meta property=\"article:modified_time\" content=\"2025-10-22T18:19:59+00:00\" \/>\n<meta property=\"og:image\" content=\"https:\/\/halkidikisailing.com\/wp-content\/uploads\/2025\/10\/aspx.webp\" \/>\n\t<meta property=\"og:image:width\" content=\"540\" \/>\n\t<meta property=\"og:image:height\" content=\"506\" \/>\n\t<meta property=\"og:image:type\" content=\"image\/webp\" \/>\n<meta name=\"twitter:card\" content=\"summary_large_image\" \/>\n<meta name=\"twitter:label1\" content=\"Gesch\u00e4tzte Lesezeit\" \/>\n\t<meta name=\"twitter:data1\" content=\"4\u00a0Minuten\" \/>\n<script type=\"application\/ld+json\" class=\"yoast-schema-graph\">{\"@context\":\"https:\/\/schema.org\",\"@graph\":[{\"@type\":\"WebPage\",\"@id\":\"https:\/\/halkidikisailing.com\/product\/dufour-460-grand-large\/\",\"url\":\"https:\/\/halkidikisailing.com\/product\/dufour-460-grand-large\/\",\"name\":\"Dufour 460 Grand Large - Halkidiki Sailing &amp; Sporades Islands\",\"isPartOf\":{\"@id\":\"https:\/\/halkidikisailing.com\/#website\"},\"datePublished\":\"2025-10-22T16:04:28+00:00\",\"dateModified\":\"2025-10-22T18:19:59+00:00\",\"description\":\"The Dufour 460 Grand Large represents the perfect fusion of elegance, performance, and innovation. Built for those who value both comfort and adventure.\",\"breadcrumb\":{\"@id\":\"https:\/\/halkidikisailing.com\/product\/dufour-460-grand-large\/#breadcrumb\"},\"inLanguage\":\"de\",\"potentialAction\":[{\"@type\":\"ReadAction\",\"target\":[\"https:\/\/halkidikisailing.com\/product\/dufour-460-grand-large\/\"]}]},{\"@type\":\"BreadcrumbList\",\"@id\":\"https:\/\/halkidikisailing.com\/product\/dufour-460-grand-large\/#breadcrumb\",\"itemListElement\":[{\"@type\":\"ListItem\",\"position\":1,\"name\":\"Home\",\"item\":\"https:\/\/halkidikisailing.com\/\"},{\"@type\":\"ListItem\",\"position\":2,\"name\":\"Shop\",\"item\":\"https:\/\/halkidikisailing.com\/shop\/\"},{\"@type\":\"ListItem\",\"position\":3,\"name\":\"Dufour 460 Grand Large\"}]},{\"@type\":\"WebSite\",\"@id\":\"https:\/\/halkidikisailing.com\/#website\",\"url\":\"https:\/\/halkidikisailing.com\/\",\"name\":\"Halkidiki Sailing &amp; Sporades Islands\",\"description\":\"Sailing Cruises and Yacht Chartering Halkidiki &amp; Sporades\",\"publisher\":{\"@id\":\"https:\/\/halkidikisailing.com\/#organization\"},\"alternateName\":\"Halkidiki Sailing\",\"potentialAction\":[{\"@type\":\"SearchAction\",\"target\":{\"@type\":\"EntryPoint\",\"urlTemplate\":\"https:\/\/halkidikisailing.com\/?s={search_term_string}\"},\"query-input\":\"required name=search_term_string\"}],\"inLanguage\":\"de\"},{\"@type\":\"Organization\",\"@id\":\"https:\/\/halkidikisailing.com\/#organization\",\"name\":\"Halkidiki Sailing & Sporades Islands\",\"alternateName\":\"Halkidiki Sailing\",\"url\":\"https:\/\/halkidikisailing.com\/\",\"logo\":{\"@type\":\"ImageObject\",\"inLanguage\":\"de\",\"@id\":\"https:\/\/halkidikisailing.com\/#\/schema\/logo\/image\/\",\"url\":\"https:\/\/halkidikisailing.com\/wp-content\/uploads\/2024\/02\/halkidiki-sailing-favicon.png\",\"contentUrl\":\"https:\/\/halkidikisailing.com\/wp-content\/uploads\/2024\/02\/halkidiki-sailing-favicon.png\",\"width\":199,\"height\":198,\"caption\":\"Halkidiki Sailing & Sporades Islands\"},\"image\":{\"@id\":\"https:\/\/halkidikisailing.com\/#\/schema\/logo\/image\/\"},\"sameAs\":[\"https:\/\/www.facebook.com\/halkidikisailin\"]}]}<\/script>\n<!-- \/ Yoast SEO plugin. -->","yoast_head_json":{"title":"Dufour 460 Grand Large \u2013 Segeln auf Chalkidiki und den Sporaden","description":"Die Dufour 460 Grand Large verk\u00f6rpert die perfekte Verbindung von Eleganz, Leistung und Innovation. Gebaut f\u00fcr alle, die Komfort und Abenteuer gleicherma\u00dfen sch\u00e4tzen.","robots":{"index":"index","follow":"follow","max-snippet":"max-snippet:-1","max-image-preview":"max-image-preview:large","max-video-preview":"max-video-preview:-1"},"canonical":"https:\/\/halkidikisailing.com\/de\/produkt\/dufour-460-grand-large\/","og_locale":"de_DE","og_type":"article","og_title":"Dufour 460 Grand Large - Halkidiki Sailing &amp; Sporades Islands","og_description":"The Dufour 460 Grand Large represents the perfect fusion of elegance, performance, and innovation. Built for those who value both comfort and adventure.","og_url":"https:\/\/halkidikisailing.com\/de\/produkt\/dufour-460-grand-large\/","og_site_name":"Halkidiki Sailing &amp; Sporades Islands","article_publisher":"https:\/\/www.facebook.com\/halkidikisailin","article_modified_time":"2025-10-22T18:19:59+00:00","og_image":[{"width":540,"height":506,"url":"https:\/\/halkidikisailing.com\/wp-content\/uploads\/2025\/10\/aspx.webp","type":"image\/webp"}],"twitter_card":"summary_large_image","twitter_misc":{"Gesch\u00e4tzte Lesezeit":"4\u00a0Minuten"},"schema":{"@context":"https:\/\/schema.org","@graph":[{"@type":"WebPage","@id":"https:\/\/halkidikisailing.com\/product\/dufour-460-grand-large\/","url":"https:\/\/halkidikisailing.com\/product\/dufour-460-grand-large\/","name":"Dufour 460 Grand Large \u2013 Segeln auf Chalkidiki und den Sporaden","isPartOf":{"@id":"https:\/\/halkidikisailing.com\/#website"},"datePublished":"2025-10-22T16:04:28+00:00","dateModified":"2025-10-22T18:19:59+00:00","description":"Die Dufour 460 Grand Large verk\u00f6rpert die perfekte Verbindung von Eleganz, Leistung und Innovation. Gebaut f\u00fcr alle, die Komfort und Abenteuer gleicherma\u00dfen sch\u00e4tzen.","breadcrumb":{"@id":"https:\/\/halkidikisailing.com\/product\/dufour-460-grand-large\/#breadcrumb"},"inLanguage":"de","potentialAction":[{"@type":"ReadAction","target":["https:\/\/halkidikisailing.com\/product\/dufour-460-grand-large\/"]}]},{"@type":"BreadcrumbList","@id":"https:\/\/halkidikisailing.com\/product\/dufour-460-grand-large\/#breadcrumb","itemListElement":[{"@type":"ListItem","position":1,"name":"Home","item":"https:\/\/halkidikisailing.com\/"},{"@type":"ListItem","position":2,"name":"Shop","item":"https:\/\/halkidikisailing.com\/shop\/"},{"@type":"ListItem","position":3,"name":"Dufour 460 Grand Large"}]},{"@type":"WebSite","@id":"https:\/\/halkidikisailing.com\/#website","url":"https:\/\/halkidikisailing.com\/","name":"Segeln auf der Chalkidiki und zu den Sporadeninseln","description":"Segelkreuzfahrten und Yachtcharter Chalkidiki &amp; Sporaden","publisher":{"@id":"https:\/\/halkidikisailing.com\/#organization"},"alternateName":"Halkidiki Sailing","potentialAction":[{"@type":"SearchAction","target":{"@type":"EntryPoint","urlTemplate":"https:\/\/halkidikisailing.com\/?s={search_term_string}"},"query-input":"required name=search_term_string"}],"inLanguage":"de"},{"@type":"Organization","@id":"https:\/\/halkidikisailing.com\/#organization","name":"Segeln auf der Chalkidiki und zu den Sporadeninseln","alternateName":"Halkidiki Sailing","url":"https:\/\/halkidikisailing.com\/","logo":{"@type":"ImageObject","inLanguage":"de","@id":"https:\/\/halkidikisailing.com\/#\/schema\/logo\/image\/","url":"https:\/\/halkidikisailing.com\/wp-content\/uploads\/2024\/02\/halkidiki-sailing-favicon.png","contentUrl":"https:\/\/halkidikisailing.com\/wp-content\/uploads\/2024\/02\/halkidiki-sailing-favicon.png","width":199,"height":198,"caption":"Halkidiki Sailing & Sporades Islands"},"image":{"@id":"https:\/\/halkidikisailing.com\/#\/schema\/logo\/image\/"},"sameAs":["https:\/\/www.facebook.com\/halkidikisailin"]}]}},"_links":{"self":[{"href":"https:\/\/halkidikisailing.com\/de\/wp-json\/wp\/v2\/product\/3547","targetHints":{"allow":["GET"]}}],"collection":[{"href":"https:\/\/halkidikisailing.com\/de\/wp-json\/wp\/v2\/product"}],"about":[{"href":"https:\/\/halkidikisailing.com\/de\/wp-json\/wp\/v2\/types\/product"}],"wp:featuredmedia":[{"embeddable":true,"href":"https:\/\/halkidikisailing.com\/de\/wp-json\/wp\/v2\/media\/3562"}],"wp:attachment":[{"href":"https:\/\/halkidikisailing.com\/de\/wp-json\/wp\/v2\/media?parent=3547"}],"wp:term":[{"taxonomy":"destination","embeddable":true,"href":"https:\/\/halkidikisailing.com\/de\/wp-json\/wp\/v2\/destination?post=3547"},{"taxonomy":"yacht-destination","embeddable":true,"href":"https:\/\/halkidikisailing.com\/de\/wp-json\/wp\/v2\/yacht-destination?post=3547"},{"taxonomy":"product_brand","embeddable":true,"href":"https:\/\/halkidikisailing.com\/de\/wp-json\/wp\/v2\/product_brand?post=3547"},{"taxonomy":"product_cat","embeddable":true,"href":"https:\/\/halkidikisailing.com\/de\/wp-json\/wp\/v2\/product_cat?post=3547"},{"taxonomy":"product_tag","embeddable":true,"href":"https:\/\/halkidikisailing.com\/de\/wp-json\/wp\/v2\/product_tag?post=3547"}],"curies":[{"name":"wp","href":"https:\/\/api.w.org\/{rel}","templated":true}]}}