{"id":996,"date":"2021-07-01T12:38:51","date_gmt":"2021-07-01T10:38:51","guid":{"rendered":"https:\/\/halkidikisailing.com\/product\/7-days-sailing-trip-skiathos-skopelos-alonnisos\/"},"modified":"2026-02-14T23:39:06","modified_gmt":"2026-02-14T21:39:06","slug":"sailing-trip-skiathos-skopelos-alonnisos","status":"publish","type":"product","link":"https:\/\/halkidikisailing.com\/de\/produkt\/sailing-trip-skiathos-skopelos-alonnisos\/","title":{"rendered":"7-t\u00e4giger Segelt\u00f6rn (Skiathos \u2013 Skopelos \u2013 Alonnisos)"},"content":{"rendered":"<h1 data-start=\"318\" data-end=\"420\"><strong data-start=\"320\" data-end=\"420\">7-t\u00e4giger Segelausflug (Skiathos \u2013 Skopelos \u2013 Alonnisos): Entdecken Sie die verborgene Magie der Sporaden<\/strong><\/h1>\n<p data-start=\"422\" data-end=\"885\">Wenn Sie jemals davon getr\u00e4umt haben, die griechischen Inseln unter vollen Segeln zu erkunden, dann <strong data-start=\"498\" data-end=\"548\">Segelt\u00f6rn (Skiathos \u2013 Skopelos \u2013 Alonnisos)<\/strong> Verwandelt diesen Traum in Realit\u00e4t. Sieben unvergessliche Tage lang gleiten Sie \u00fcber t\u00fcrkisfarbenes Wasser, ankern in versteckten Buchten und erkunden charmante Inselorte, die das authentische Griechenland verk\u00f6rpern. Jede Insel hat ihren eigenen Charakter: Skiathos besticht durch kosmopolitisches Flair, Skopelos strahlt nat\u00fcrliche Sch\u00f6nheit aus und Alonnisos verstr\u00f6mt eine Oase der Ruhe.<\/p>\n<p data-start=\"887\" data-end=\"1196\">Dieses sorgf\u00e4ltig entworfene <strong data-start=\"911\" data-end=\"961\">Segelt\u00f6rn (Skiathos \u2013 Skopelos \u2013 Alonnisos)<\/strong> Erleben Sie eine Mischung aus Abenteuer, Entspannung und Entdeckungen. Unter der F\u00fchrung eines erfahrenen Kapit\u00e4ns genie\u00dfen Sie Komfort, Freiheit und den Nervenkitzel des Lebens auf See. Jeder Sonnenaufgang er\u00f6ffnet ein neues Ziel, jeder Sonnenuntergang hinterl\u00e4sst einen unvergesslichen Eindruck.<\/p>\n<hr data-start=\"1198\" data-end=\"1201\" \/>\n<h2 data-start=\"1203\" data-end=\"1281\"><strong data-start=\"1206\" data-end=\"1281\">Tag 1: Abfahrt von Chalkidiki oder Skiathos \u2013 Ein Versprechen f\u00fcr ein Abenteuer<\/strong><\/h2>\n<p data-start=\"1283\" data-end=\"1619\">Ihre Reise beginnt in <a href=\"https:\/\/halkidikisailing.com\/de\/contact-yacht-charter-halkidiki\/\">Chalkidiki<\/a> (Miraggio Hotel Spa oder Neos Marmaras) oder direkt von Skiathos oder Skopelos. Nach dem Einsteigen gibt Ihnen Ihr Kapit\u00e4n eine freundliche Einweisung in Sicherheit, Navigation und die bevorstehende Route. Die Segel werden gesetzt, die Yacht f\u00e4ngt den Wind ein, und Ihre <strong data-start=\"1548\" data-end=\"1598\">Segelt\u00f6rn (Skiathos \u2013 Skopelos \u2013 Alonnisos)<\/strong> beginnt offiziell.<\/p>\n<p data-start=\"1621\" data-end=\"1874\">Das erste Reiseziel ist <a href=\"https:\/\/halkidikisailing.com\/de\/destinations\/unknown-greek-islands-sailing-holidays\/\">Kyra Panagia<\/a>, Eine einsame Insel, unber\u00fchrt von der Zeit. Sie ankern in der St. Peter\u2019s Bay, umgeben von friedlichem, blauem Wasser. Ein erfrischendes Bad und ein Abendessen an Deck unter dem Sternenhimmel bilden den perfekten Auftakt zu Ihrem einw\u00f6chigen Segelabenteuer.<\/p>\n<hr data-start=\"1876\" data-end=\"1879\" \/>\n<h2 data-start=\"1881\" data-end=\"1938\"><strong data-start=\"1884\" data-end=\"1938\">Tag 2: Alonnisos \u2013 Ruhe und zeitlose Sch\u00f6nheit<\/strong><\/h2>\n<p data-start=\"1940\" data-end=\"2191\">Der Tag beginnt mit einem morgendlichen Bad und einem herzhaften Fr\u00fchst\u00fcck an Bord. Sie nehmen Kurs auf Alonnisos und gleiten sanft \u00fcber die Wellen. Unterwegs offenbart die \u00c4g\u00e4is ihre ganze Pracht \u2013 schimmerndes Blau, felsige K\u00fcsten und der zarte Duft von Salz und Kiefern.<\/p>\n<p data-start=\"2193\" data-end=\"2470\">Am Nachmittag legen Sie in Steni Vala oder Patitiri an. Ein Spaziergang hinauf zum <a href=\"https:\/\/halkidikisailing.com\/de\/destination\/alonnisos\/\">Alte Chora<\/a> Sie werden mit atemberaubenden Ausblicken und einem der sch\u00f6nsten Sonnenunterg\u00e4nge Griechenlands belohnt. Ein Abendessen in einer urigen Taverne rundet den Tag ab \u2013 frischer Fisch, Wein aus der Region und fr\u00f6hliches Lachen unter einem sternenklaren Himmel.<\/p>\n<p data-start=\"2472\" data-end=\"2611\">Dieser Teil von Ihrem <strong data-start=\"2490\" data-end=\"2540\">Segelt\u00f6rn (Skiathos \u2013 Skopelos \u2013 Alonnisos)<\/strong> Sie f\u00e4ngt die Essenz der Insel ein: friedlich, rein und unwiderstehlich griechisch.<\/p>\n<hr data-start=\"2613\" data-end=\"2616\" \/>\n<h2 data-start=\"2618\" data-end=\"2673\"><strong data-start=\"2621\" data-end=\"2673\">Tag 3: Skopelos \u2013 Ein Hauch von Tradition und Farbe<\/strong><\/h2>\n<p data-start=\"2675\" data-end=\"2897\">Nach dem Fr\u00fchst\u00fcck fahren Sie Richtung Skopelos und passieren dabei die ruhigen Buchten und das Meeresschutzgebiet von Alonnisos. Am Nachmittag empf\u00e4ngt Sie der lebhafte Hafen von Skopelos-Stadt mit seinen terrassenf\u00f6rmig angelegten wei\u00dfen H\u00e4usern und Kopfsteinpflastergassen.<\/p>\n<p data-start=\"2899\" data-end=\"3182\">Hier verbringen Sie den Tag mit Entdeckungen \u2013 st\u00f6bern Sie nach handgefertigten Artikeln, probieren Sie traditionelle K\u00e4sekuchen und genie\u00dfen Sie die Gastfreundschaft der Einheimischen. Abends pulsiert der Hafen mit Musik und angeregten Gespr\u00e4chen, w\u00e4hrend Sie am Meer speisen und die Lichter im Wasser bewundern. Jeder Moment f\u00fchlt sich lebendig und authentisch an.<\/p>\n<hr data-start=\"3184\" data-end=\"3187\" \/>\n<h2 data-start=\"3189\" data-end=\"3244\"><strong data-start=\"3192\" data-end=\"3244\">Tag 4: S\u00fcd-Skopelos \u2013 Die Str\u00e4nde der Tr\u00e4ume<\/strong><\/h2>\n<p data-start=\"3246\" data-end=\"3506\">Sie lichten den Anker und segeln nach S\u00fcden zu einigen der atemberaubendsten<a href=\"https:\/\/powermarine.gr\/destination\/skopelos\/\" rel=\"noopener\"> Str\u00e4nde<\/a> In den Sporaden: Stafilos, Amarantos und Limnonari. Jeder dieser Orte l\u00e4dt zum Schwimmen, Schnorcheln und Sonnenbaden ein. Pinien neigen sich bis zum Meer, und der Duft von Harz liegt in der Luft.<\/p>\n<p data-start=\"3508\" data-end=\"3822\">Sp\u00e4ter ankern Sie in Agnontas, einem malerischen Hafen, umrahmt von gr\u00fcnen H\u00fcgeln. Die kleinen Tavernen am Wasser servieren Oktopus und frischen Fisch, w\u00e4hrend die Sonne am Horizont versinkt. An Bord entspannen Sie sich beim sanften Wiegen der Wellen und sind dankbar f\u00fcr einen weiteren perfekten Tag. <strong data-start=\"3771\" data-end=\"3821\">Segelt\u00f6rn (Skiathos \u2013 Skopelos \u2013 Alonnisos)<\/strong>.<\/p>\n<hr data-start=\"3824\" data-end=\"3827\" \/>\n<h2 data-start=\"3829\" data-end=\"3883\"><strong data-start=\"3832\" data-end=\"3883\">Tag 5: West-Skopelos \u2013 Eine K\u00fcste wie aus dem Bilderbuch<\/strong><\/h2>\n<p data-start=\"3885\" data-end=\"4137\">Mit der Morgenbrise im R\u00fccken segeln Sie entlang der Westk\u00fcste von Skopelos und besuchen Panormos, Andrines, Kastani (den ber\u00fchmten \u201cMamma Mia\u201d-Strand) und Megalo Pefko. Die Landschaft wirkt unwirklich \u2013 \u00fcppige W\u00e4lder treffen auf goldenen Sand und kristallklares Wasser.<\/p>\n<p data-start=\"4139\" data-end=\"4402\">Sie schwimmen, erkunden Meeresh\u00f6hlen und sonnen sich an Deck, w\u00e4hrend die \u00c4g\u00e4is ringsum glitzert. Am Nachmittag ankert die Yacht in Neos Klima, einem malerischen Hafen mit charmanten Caf\u00e9s und Tavernen am Meer. Bei Sonnenuntergang sto\u00dfen Sie auf einen weiteren Tag voller Entdeckungen und Freiheit an.<\/p>\n<hr data-start=\"4404\" data-end=\"4407\" \/>\n<h2 data-start=\"4409\" data-end=\"4468\"><strong data-start=\"4412\" data-end=\"4468\">Tag 6: Skiathos \u2013 Kosmopolitischer Charme und verborgene Sch\u00e4tze<\/strong><\/h2>\n<p data-start=\"4470\" data-end=\"4712\">Die Yacht sticht fr\u00fch in See Richtung Skiathos und macht Halt auf der Insel Tsougria f\u00fcr ein morgendliches Bad. Das Wasser glitzert in tausend Blaut\u00f6nen. Gegen Mittag erreicht man den weltber\u00fchmten Strand von Koukounaries, ein Paradies aus goldenem Sand und duftenden Pinien.<\/p>\n<p data-start=\"4714\" data-end=\"5089\">Am Nachmittag kommen Sie an in <a href=\"https:\/\/en.wikipedia.org\/wiki\/Skiathos_(town)\" rel=\"noopener\">Stadt Skiathos<\/a>, Hier trifft traditionelle Sch\u00f6nheit auf modernen Stil. Schlendern Sie durch die engen Gassen, genie\u00dfen Sie einen Kaffee am Yachthafen und speisen Sie in einem Restaurant am Meer, w\u00e4hrend die Lichter der Stadt \u00fcber die Bucht glitzern. Die lebendige Atmosph\u00e4re und das pulsierende Nachtleben von Skiathos machen diesen Tag zu einem der unvergesslichsten Ihrer Reise. <strong data-start=\"5038\" data-end=\"5088\">Segelt\u00f6rn (Skiathos \u2013 Skopelos \u2013 Alonnisos)<\/strong>.<\/p>\n<hr data-start=\"5091\" data-end=\"5094\" \/>\n<h2 data-start=\"5096\" data-end=\"5156\"><strong data-start=\"5099\" data-end=\"5156\">Tag 7: R\u00fcckkehr nach Chalkidiki \u2013 Ein Herz voller Erinnerungen<\/strong><\/h2>\n<p data-start=\"5158\" data-end=\"5426\">Ihr letzter Morgen beginnt mit einem Fr\u00fchst\u00fcck an Deck und einem letzten Bad im Meer am Strand von Glarokavos auf Chalkidiki. Das Wasser f\u00fchlt sich k\u00fchler und klarer an \u2013 fast wie ein Abschiedssegen der \u00c4g\u00e4is. Sie segeln zur\u00fcck zur Miraggio Marina, wo Ihre unvergessliche Woche auf See zu Ende geht.<\/p>\n<p data-start=\"5428\" data-end=\"5657\">Beim Aussteigen tragen Sie Erinnerungen an Sonnenunterg\u00e4nge, Lachen und das endlose Blau des Meeres mit sich. <strong data-start=\"5513\" data-end=\"5563\">Segelt\u00f6rn (Skiathos \u2013 Skopelos \u2013 Alonnisos)<\/strong> Es mag vorbei sein, aber sein Geist bleibt bei dir \u2013 Freiheit, Sch\u00f6nheit und eine tiefe Verbundenheit mit dem Meer.<\/p>\n<hr data-start=\"5659\" data-end=\"5662\" \/>\n<h2 data-start=\"5664\" data-end=\"5696\"><strong data-start=\"5667\" data-end=\"5696\">Sicherheit und Komfort auf See<\/strong><\/h2>\n<p data-start=\"5698\" data-end=\"5951\">Ihre Sicherheit und Ihr Komfort haben w\u00e4hrend der gesamten Reise h\u00f6chste Priorit\u00e4t. Der erfahrene Kapit\u00e4n \u00fcberwacht die Wetterbedingungen aufmerksam und passt die Route bei Bedarf an. Moderne Kabinen, saubere Sanit\u00e4ranlagen und k\u00f6stliche Mahlzeiten sorgen daf\u00fcr, dass Sie sich jeden Tag rundum wohlf\u00fchlen.<\/p>\n<p data-start=\"5953\" data-end=\"6168\">Selbst wenn Sie noch nie gesegelt sind, <strong data-start=\"5994\" data-end=\"6044\">Segelt\u00f6rn (Skiathos \u2013 Skopelos \u2013 Alonnisos)<\/strong> Sie werden herzlich willkommen gehei\u00dfen. Sie k\u00f6nnen an Deck entspannen, grundlegende Segelkenntnisse erlernen oder einfach den Wind Ihre Gedanken lenken lassen.<\/p>\n<hr data-start=\"6170\" data-end=\"6173\" \/>\n<h2 data-start=\"6175\" data-end=\"6210\"><strong data-start=\"6178\" data-end=\"6210\">Warum Sie diese Segelreise w\u00e4hlen sollten<\/strong><\/h2>\n<ul data-start=\"6212\" data-end=\"6607\">\n<li data-start=\"6212\" data-end=\"6313\">\n<p data-start=\"6214\" data-end=\"6313\"><strong data-start=\"6214\" data-end=\"6245\">Drei Inseln, eine Reise:<\/strong> Entdecken Sie Skiathos, Skopelos und Alonnisos auf einer einzigen, nahtlosen Route.<\/p>\n<\/li>\n<li data-start=\"6314\" data-end=\"6416\">\n<p data-start=\"6316\" data-end=\"6416\"><strong data-start=\"6316\" data-end=\"6347\">Authentisches griechisches Erlebnis:<\/strong> Besuchen Sie versteckte Str\u00e4nde, probieren Sie lokale Spezialit\u00e4ten und lernen Sie freundliche Inselbewohner kennen.<\/p>\n<\/li>\n<li data-start=\"6417\" data-end=\"6506\">\n<p data-start=\"6419\" data-end=\"6506\"><strong data-start=\"6419\" data-end=\"6450\">Abenteuer trifft auf Entspannung:<\/strong> Schwimmen, segeln, erkunden und entspannen \u2013 alles in Ihrem eigenen Tempo.<\/p>\n<\/li>\n<li data-start=\"6507\" data-end=\"6607\">\n<p data-start=\"6509\" data-end=\"6607\"><strong data-start=\"6509\" data-end=\"6533\">Unvergessliche Ausblicke:<\/strong> Jeder Tag bietet neue Landschaften und atemberaubende Sonnenunterg\u00e4nge.<\/p>\n<\/li>\n<\/ul>\n<p data-start=\"6609\" data-end=\"6715\">Dies ist mehr als nur ein Urlaub \u2013 es ist eine Entdeckungsreise durch die bezauberndsten Winkel der \u00c4g\u00e4is.<\/p>\n<hr data-start=\"6717\" data-end=\"6720\" \/>\n<h2 data-start=\"6722\" data-end=\"6743\"><strong data-start=\"6725\" data-end=\"6743\">Schlussbetrachtung<\/strong><\/h2>\n<p data-start=\"6745\" data-end=\"7063\">Wenn man von der Yacht steigt, merkt man, wie tief einen die \u00c4g\u00e4is ber\u00fchrt hat. <strong data-start=\"6829\" data-end=\"6879\">Segelt\u00f6rn (Skiathos \u2013 Skopelos \u2013 Alonnisos)<\/strong> Es ist nicht nur eine Route \u2013 es ist ein Erlebnis von Freiheit, Verbundenheit und purer mediterraner Lebensfreude. Jede Insel hat ihren eigenen Rhythmus, und zusammen ergeben sie eine Melodie, die Sie nie vergessen werden.<\/p>\n<p data-start=\"7065\" data-end=\"7181\">Sieben Tage auf See, unz\u00e4hlige Erinnerungen und eine bleibende Wahrheit: Das Leben f\u00fchlt sich anders an, wenn man es unter den Segeln erlebt.<\/p>","protected":false},"excerpt":{"rendered":"<p>7 Days Sailing Trip (Skiathos \u2013 Skopelos \u2013 Alonnisos): Discover the Hidden Magic of the Sporades If you\u2019ve ever dreamed of exploring the Greek islands under full sail, this Sailing trip (Skiathos \u2013 Skopelos \u2013 Alonnisos) turns that dream into reality. For seven incredible days, you\u2019ll glide across turquoise waters, anchor in hidden coves, and [&#8230;]\n","protected":false},"featured_media":2820,"template":"","meta":{"_acf_changed":false},"destination":[52,53,51],"yacht-destination":[],"product_brand":[],"product_cat":[15,38,37],"product_tag":[39,40,41],"class_list":{"0":"post-996","1":"product","2":"type-product","3":"status-publish","4":"has-post-thumbnail","6":"destination-skiathos","7":"destination-skopelos","8":"destination-alonnisos","9":"product_cat-trip-packages","10":"product_cat-multi-day","11":"product_cat-holidays-of-a-lifetime","12":"product_tag-alonnisos","13":"product_tag-skiathos","14":"product_tag-skopelos","16":"first","17":"instock","18":"virtual","19":"product-type-simple"},"acf":[],"yoast_head":"<!-- This site is optimized with the Yoast SEO plugin v21.9.1 - https:\/\/yoast.com\/wordpress\/plugins\/seo\/ -->\n<title>7 days sailing trip (Skiathos \u2013 Skopelos \u2013 Alonnisos) - Halkidiki Sailing &amp; Sporades Islands 7 days sailing<\/title>\n<meta name=\"description\" content=\"If you\u2019ve ever dreamed of exploring the Greek islands under full sail, this Sailing trip (Skiathos \u2013 Skopelos \u2013 Alonnisos) turns that dream into reality.\" \/>\n<meta name=\"robots\" content=\"index, follow, max-snippet:-1, max-image-preview:large, max-video-preview:-1\" \/>\n<link rel=\"canonical\" href=\"https:\/\/halkidikisailing.com\/de\/produkt\/sailing-trip-skiathos-skopelos-alonnisos\/\" \/>\n<meta property=\"og:locale\" content=\"de_DE\" \/>\n<meta property=\"og:type\" content=\"article\" \/>\n<meta property=\"og:title\" content=\"7 days sailing trip (Skiathos \u2013 Skopelos \u2013 Alonnisos) - Halkidiki Sailing &amp; Sporades Islands 7 days sailing\" \/>\n<meta property=\"og:description\" content=\"If you\u2019ve ever dreamed of exploring the Greek islands under full sail, this Sailing trip (Skiathos \u2013 Skopelos \u2013 Alonnisos) turns that dream into reality.\" \/>\n<meta property=\"og:url\" content=\"https:\/\/halkidikisailing.com\/de\/produkt\/sailing-trip-skiathos-skopelos-alonnisos\/\" \/>\n<meta property=\"og:site_name\" content=\"Halkidiki Sailing &amp; Sporades Islands\" \/>\n<meta property=\"article:publisher\" content=\"https:\/\/www.facebook.com\/halkidikisailin\" \/>\n<meta property=\"article:modified_time\" content=\"2026-02-14T21:39:06+00:00\" \/>\n<meta property=\"og:image\" content=\"https:\/\/halkidikisailing.com\/wp-content\/uploads\/2024\/03\/Alkyoni-Skopelos.png\" \/>\n\t<meta property=\"og:image:width\" content=\"1536\" \/>\n\t<meta property=\"og:image:height\" content=\"864\" \/>\n\t<meta property=\"og:image:type\" content=\"image\/png\" \/>\n<meta name=\"twitter:card\" content=\"summary_large_image\" \/>\n<meta name=\"twitter:label1\" content=\"Gesch\u00e4tzte Lesezeit\" \/>\n\t<meta name=\"twitter:data1\" content=\"5\u00a0Minuten\" \/>\n<script type=\"application\/ld+json\" class=\"yoast-schema-graph\">{\"@context\":\"https:\/\/schema.org\",\"@graph\":[{\"@type\":\"WebPage\",\"@id\":\"https:\/\/halkidikisailing.com\/product\/sailing-trip-skiathos-skopelos-alonnisos\/\",\"url\":\"https:\/\/halkidikisailing.com\/product\/sailing-trip-skiathos-skopelos-alonnisos\/\",\"name\":\"7 days sailing trip (Skiathos \u2013 Skopelos \u2013 Alonnisos) - Halkidiki Sailing &amp; Sporades Islands 7 days sailing\",\"isPartOf\":{\"@id\":\"https:\/\/halkidikisailing.com\/#website\"},\"datePublished\":\"2021-07-01T10:38:51+00:00\",\"dateModified\":\"2026-02-14T21:39:06+00:00\",\"description\":\"If you\u2019ve ever dreamed of exploring the Greek islands under full sail, this Sailing trip (Skiathos \u2013 Skopelos \u2013 Alonnisos) turns that dream into reality.\",\"breadcrumb\":{\"@id\":\"https:\/\/halkidikisailing.com\/product\/sailing-trip-skiathos-skopelos-alonnisos\/#breadcrumb\"},\"inLanguage\":\"de\",\"potentialAction\":[{\"@type\":\"ReadAction\",\"target\":[\"https:\/\/halkidikisailing.com\/product\/sailing-trip-skiathos-skopelos-alonnisos\/\"]}]},{\"@type\":\"BreadcrumbList\",\"@id\":\"https:\/\/halkidikisailing.com\/product\/sailing-trip-skiathos-skopelos-alonnisos\/#breadcrumb\",\"itemListElement\":[{\"@type\":\"ListItem\",\"position\":1,\"name\":\"Home\",\"item\":\"https:\/\/halkidikisailing.com\/\"},{\"@type\":\"ListItem\",\"position\":2,\"name\":\"Shop\",\"item\":\"https:\/\/halkidikisailing.com\/shop\/\"},{\"@type\":\"ListItem\",\"position\":3,\"name\":\"7 days sailing trip (Skiathos \u2013 Skopelos \u2013 Alonnisos)\"}]},{\"@type\":\"WebSite\",\"@id\":\"https:\/\/halkidikisailing.com\/#website\",\"url\":\"https:\/\/halkidikisailing.com\/\",\"name\":\"Halkidiki Sailing &amp; Sporades Islands\",\"description\":\"Sailing Cruises and Yacht Chartering Halkidiki &amp; Sporades\",\"publisher\":{\"@id\":\"https:\/\/halkidikisailing.com\/#organization\"},\"alternateName\":\"Halkidiki Sailing\",\"potentialAction\":[{\"@type\":\"SearchAction\",\"target\":{\"@type\":\"EntryPoint\",\"urlTemplate\":\"https:\/\/halkidikisailing.com\/?s={search_term_string}\"},\"query-input\":\"required name=search_term_string\"}],\"inLanguage\":\"de\"},{\"@type\":\"Organization\",\"@id\":\"https:\/\/halkidikisailing.com\/#organization\",\"name\":\"Halkidiki Sailing & Sporades Islands\",\"alternateName\":\"Halkidiki Sailing\",\"url\":\"https:\/\/halkidikisailing.com\/\",\"logo\":{\"@type\":\"ImageObject\",\"inLanguage\":\"de\",\"@id\":\"https:\/\/halkidikisailing.com\/#\/schema\/logo\/image\/\",\"url\":\"https:\/\/halkidikisailing.com\/wp-content\/uploads\/2024\/02\/halkidiki-sailing-favicon.png\",\"contentUrl\":\"https:\/\/halkidikisailing.com\/wp-content\/uploads\/2024\/02\/halkidiki-sailing-favicon.png\",\"width\":199,\"height\":198,\"caption\":\"Halkidiki Sailing & Sporades Islands\"},\"image\":{\"@id\":\"https:\/\/halkidikisailing.com\/#\/schema\/logo\/image\/\"},\"sameAs\":[\"https:\/\/www.facebook.com\/halkidikisailin\"]}]}<\/script>\n<!-- \/ Yoast SEO plugin. -->","yoast_head_json":{"title":"7-t\u00e4giger Segelt\u00f6rn (Skiathos \u2013 Skopelos \u2013 Alonnisos) \u2013 Chalkidiki-Segeln und Sporadeninseln 7-t\u00e4giger Segelt\u00f6rn","description":"Wenn Sie schon immer davon getr\u00e4umt haben, die griechischen Inseln unter vollen Segeln zu erkunden, macht diese Segelreise (Skiathos \u2013 Skopelos \u2013 Alonnisos) diesen Traum zur Realit\u00e4t.","robots":{"index":"index","follow":"follow","max-snippet":"max-snippet:-1","max-image-preview":"max-image-preview:large","max-video-preview":"max-video-preview:-1"},"canonical":"https:\/\/halkidikisailing.com\/de\/produkt\/sailing-trip-skiathos-skopelos-alonnisos\/","og_locale":"de_DE","og_type":"article","og_title":"7 days sailing trip (Skiathos \u2013 Skopelos \u2013 Alonnisos) - Halkidiki Sailing &amp; Sporades Islands 7 days sailing","og_description":"If you\u2019ve ever dreamed of exploring the Greek islands under full sail, this Sailing trip (Skiathos \u2013 Skopelos \u2013 Alonnisos) turns that dream into reality.","og_url":"https:\/\/halkidikisailing.com\/de\/produkt\/sailing-trip-skiathos-skopelos-alonnisos\/","og_site_name":"Halkidiki Sailing &amp; Sporades Islands","article_publisher":"https:\/\/www.facebook.com\/halkidikisailin","article_modified_time":"2026-02-14T21:39:06+00:00","og_image":[{"width":1536,"height":864,"url":"https:\/\/halkidikisailing.com\/wp-content\/uploads\/2024\/03\/Alkyoni-Skopelos.png","type":"image\/png"}],"twitter_card":"summary_large_image","twitter_misc":{"Gesch\u00e4tzte Lesezeit":"5\u00a0Minuten"},"schema":{"@context":"https:\/\/schema.org","@graph":[{"@type":"WebPage","@id":"https:\/\/halkidikisailing.com\/product\/sailing-trip-skiathos-skopelos-alonnisos\/","url":"https:\/\/halkidikisailing.com\/product\/sailing-trip-skiathos-skopelos-alonnisos\/","name":"7-t\u00e4giger Segelt\u00f6rn (Skiathos \u2013 Skopelos \u2013 Alonnisos) \u2013 Chalkidiki-Segeln und Sporadeninseln 7-t\u00e4giger Segelt\u00f6rn","isPartOf":{"@id":"https:\/\/halkidikisailing.com\/#website"},"datePublished":"2021-07-01T10:38:51+00:00","dateModified":"2026-02-14T21:39:06+00:00","description":"Wenn Sie schon immer davon getr\u00e4umt haben, die griechischen Inseln unter vollen Segeln zu erkunden, macht diese Segelreise (Skiathos \u2013 Skopelos \u2013 Alonnisos) diesen Traum zur Realit\u00e4t.","breadcrumb":{"@id":"https:\/\/halkidikisailing.com\/product\/sailing-trip-skiathos-skopelos-alonnisos\/#breadcrumb"},"inLanguage":"de","potentialAction":[{"@type":"ReadAction","target":["https:\/\/halkidikisailing.com\/product\/sailing-trip-skiathos-skopelos-alonnisos\/"]}]},{"@type":"BreadcrumbList","@id":"https:\/\/halkidikisailing.com\/product\/sailing-trip-skiathos-skopelos-alonnisos\/#breadcrumb","itemListElement":[{"@type":"ListItem","position":1,"name":"Home","item":"https:\/\/halkidikisailing.com\/"},{"@type":"ListItem","position":2,"name":"Shop","item":"https:\/\/halkidikisailing.com\/shop\/"},{"@type":"ListItem","position":3,"name":"7 days sailing trip (Skiathos \u2013 Skopelos \u2013 Alonnisos)"}]},{"@type":"WebSite","@id":"https:\/\/halkidikisailing.com\/#website","url":"https:\/\/halkidikisailing.com\/","name":"Segeln auf der Chalkidiki und zu den Sporadeninseln","description":"Segelkreuzfahrten und Yachtcharter Chalkidiki &amp; Sporaden","publisher":{"@id":"https:\/\/halkidikisailing.com\/#organization"},"alternateName":"Halkidiki Sailing","potentialAction":[{"@type":"SearchAction","target":{"@type":"EntryPoint","urlTemplate":"https:\/\/halkidikisailing.com\/?s={search_term_string}"},"query-input":"required name=search_term_string"}],"inLanguage":"de"},{"@type":"Organization","@id":"https:\/\/halkidikisailing.com\/#organization","name":"Segeln auf der Chalkidiki und zu den Sporadeninseln","alternateName":"Halkidiki Sailing","url":"https:\/\/halkidikisailing.com\/","logo":{"@type":"ImageObject","inLanguage":"de","@id":"https:\/\/halkidikisailing.com\/#\/schema\/logo\/image\/","url":"https:\/\/halkidikisailing.com\/wp-content\/uploads\/2024\/02\/halkidiki-sailing-favicon.png","contentUrl":"https:\/\/halkidikisailing.com\/wp-content\/uploads\/2024\/02\/halkidiki-sailing-favicon.png","width":199,"height":198,"caption":"Halkidiki Sailing & Sporades Islands"},"image":{"@id":"https:\/\/halkidikisailing.com\/#\/schema\/logo\/image\/"},"sameAs":["https:\/\/www.facebook.com\/halkidikisailin"]}]}},"_links":{"self":[{"href":"https:\/\/halkidikisailing.com\/de\/wp-json\/wp\/v2\/product\/996","targetHints":{"allow":["GET"]}}],"collection":[{"href":"https:\/\/halkidikisailing.com\/de\/wp-json\/wp\/v2\/product"}],"about":[{"href":"https:\/\/halkidikisailing.com\/de\/wp-json\/wp\/v2\/types\/product"}],"wp:featuredmedia":[{"embeddable":true,"href":"https:\/\/halkidikisailing.com\/de\/wp-json\/wp\/v2\/media\/2820"}],"wp:attachment":[{"href":"https:\/\/halkidikisailing.com\/de\/wp-json\/wp\/v2\/media?parent=996"}],"wp:term":[{"taxonomy":"destination","embeddable":true,"href":"https:\/\/halkidikisailing.com\/de\/wp-json\/wp\/v2\/destination?post=996"},{"taxonomy":"yacht-destination","embeddable":true,"href":"https:\/\/halkidikisailing.com\/de\/wp-json\/wp\/v2\/yacht-destination?post=996"},{"taxonomy":"product_brand","embeddable":true,"href":"https:\/\/halkidikisailing.com\/de\/wp-json\/wp\/v2\/product_brand?post=996"},{"taxonomy":"product_cat","embeddable":true,"href":"https:\/\/halkidikisailing.com\/de\/wp-json\/wp\/v2\/product_cat?post=996"},{"taxonomy":"product_tag","embeddable":true,"href":"https:\/\/halkidikisailing.com\/de\/wp-json\/wp\/v2\/product_tag?post=996"}],"curies":[{"name":"wp","href":"https:\/\/api.w.org\/{rel}","templated":true}]}}