{"id":998,"date":"2022-10-11T10:31:07","date_gmt":"2022-10-11T08:31:07","guid":{"rendered":"https:\/\/halkidikisailing.com\/product\/5-days-sailing-holidays-skiathos-skopelos-alonnisos\/"},"modified":"2026-02-14T23:39:23","modified_gmt":"2026-02-14T21:39:23","slug":"5days-sailing-holidays-skiathos-skopelos-alonnisos","status":"publish","type":"product","link":"https:\/\/halkidikisailing.com\/de\/produkt\/5days-sailing-holidays-skiathos-skopelos-alonnisos\/","title":{"rendered":"5-t\u00e4giger Segelurlaub (Skiathos \u2013 Skopelos \u2013 Alonnisos)"},"content":{"rendered":"<h1 style=\"text-align: justify;\"><strong>5-t\u00e4giger Segelurlaub (Skiathos \u2013 Skopelos \u2013 Alonnisos)<\/strong><\/h1>\n<p>Tr\u00e4umen Sie von einem unvergesslichen 5-t\u00e4gigen Segelurlaub (Skiathos \u2013 Skopelos \u2013 Alonnisos) in den bezaubernden Sporaden? Dann sind Sie hier genau richtig \u2013 diese Kreuzfahrt ist perfekt f\u00fcr alle, die sich Zeit w\u00fcnschen und ein au\u00dfergew\u00f6hnliches Segelerlebnis suchen. <a href=\"https:\/\/halkidikisailing.com\/de\/destinations\/sailing-holidays-in-sporades-greece\/\"><strong>Die Sporaden<\/strong> <\/a>bestehen aus den Inseln: <a href=\"https:\/\/halkidikisailing.com\/de\/destination\/skiathos\/\"><strong>Skiathos<\/strong><\/a>, <strong><a href=\"https:\/\/halkidikisailing.com\/de\/destination\/skopelos\/\">Skopelos<\/a>, <a href=\"https:\/\/halkidikisailing.com\/de\/destination\/alonnisos\/\">Alonissos<\/a>, <a href=\"https:\/\/en.wikipedia.org\/wiki\/Skyros\" rel=\"noopener\">Skyros<\/a><\/strong> und etwa 20 kleinere Inseln und Inselchen. Bekannt f\u00fcr ihre unber\u00fchrte Sch\u00f6nheit, bieten sie eine idyllische Kulisse f\u00fcr einen kurzen, aber bezaubernden Urlaub.<\/p>\n<p>Willkommen zu unserem umfassenden Leitfaden f\u00fcr Segelurlaube! Ob Sie ein erfahrener Segler oder ein unerfahrener Abenteurer sind, unsere sorgf\u00e4ltig zusammengestellte Auswahl an Segelurlaubspaketen bietet f\u00fcr jeden etwas.<\/p>\n<p>Tauchen Sie ein in die Welt der Meeresforschung und entdecken Sie mit uns einige der faszinierendsten Reiseziele rund um den Globus.<\/p>\n<p>Von entspanntem Inselh\u00fcpfen bis hin zu aufregenden Ausfl\u00fcgen auf hoher See \u2013 entdecken Sie die Faszination des Segelns in Ihrem Traumurlaub. Begleiten Sie uns auf unvergesslichen Segelt\u00f6rns und lassen Sie Ihre Segelurlaubstr\u00e4ume wahr werden.<\/p>\n<h3><strong>Beste Bedingungen<\/strong><\/h3>\n<p>Wenn Sie nur wenig Urlaubszeit haben, ist diese Kreuzfahrt genau das Richtige f\u00fcr Sie. Die Sporaden, ein Archipel von unvergleichlichem Charme, empfangen Sie mit einsamen Str\u00e4nden, einsamen Buchten f\u00fcr \u00dcbernachtungen und lebhaften Strandbars mit gem\u00fctlichen Tavernen und Restaurants.<br \/>\nDie Sporaden bieten sanfte Winde und angenehme Temperaturen und sind somit ein ideales Ziel f\u00fcr einen f\u00fcnft\u00e4gigen Segelt\u00f6rn. Der vorherrschende Etesische Wind weht mit 3\u20135 Beaufort und sorgt f\u00fcr ein angenehmes Segelerlebnis. Im August liegen die Temperaturen \u00fcblicherweise zwischen 32 und 34 \u00b0C und bieten ein komfortables Klima f\u00fcr Erkundungstouren.<br \/>\nDie H\u00e4fen der Sporaden verf\u00fcgen \u00fcber erstklassige Einrichtungen und z\u00e4hlen zu den besten der griechischen Inseln. Begeben Sie sich auf eine unvergessliche Reise, beginnend in Chalkidiki, Skiathos oder Skopelos, und lassen Sie sich vom Abenteuer verzaubern.<\/p>\n<h2 class=\"anchor-title is-style-ignition-cousteau-pro-anchor-title\" style=\"text-align: justify;\"><strong>Route<\/strong><\/h2>\n<h3 class=\"boxed-title is-style-ignition-cousteau-pro-boxed-content\" style=\"text-align: justify;\"><strong>Tag 1: Abfahrt von Chalkidiki<\/strong><\/h3>\n<p class=\"\" style=\"text-align: justify;\">Begeben Sie sich auf Ihr Segelabenteuer von Chalkidiki aus <strong><a href=\"https:\/\/www.miraggio.gr\/el\/\" rel=\"noopener\">Miraggio Hotel Spa<\/a><\/strong> In Kassandra oder Neos Marmaras auf Sithonia. Der Kapit\u00e4n gibt eine kurze Einweisung in das Boot, und Sie segeln zur Westseite von Skopelos, wo Sie sicher in der nat\u00fcrlichen Bucht von Panormos oder Neo Klima ankern und einen Abend unter kristallklarem Wasser und Sternenhimmel genie\u00dfen.<\/p>\n<h3 class=\"boxed-title is-style-ignition-cousteau-pro-boxed-content\" style=\"text-align: justify;\"><strong>Tag 2: Skopelos erkunden<\/strong><\/h3>\n<p class=\"\" style=\"text-align: justify;\">Morgendliche Schwimmz\u00fcge in Panormos gehen der Reise zu den wundersch\u00f6nen Str\u00e4nden im Westen und S\u00fcden von Skopelos voraus. Ankunft im bezaubernden Land <strong><a href=\"https:\/\/skopelos.gr\/\" rel=\"noopener\">Skopelos<\/a>,<\/strong> Das Angebot reicht von M\u00e4rkten und Restaurants bis hin zu lebhaften Bars und Clubs.<\/p>\n<h3 class=\"boxed-title is-style-ignition-cousteau-pro-boxed-content\" style=\"text-align: justify;\"><strong>Tag 3: Alonissos lockt<\/strong><\/h3>\n<p class=\"\" style=\"text-align: justify;\">Nach einem genussvollen Fr\u00fchst\u00fcck mit Skopelos-Pasteten geht es weiter zu den traumhaften Str\u00e4nden von Alonissos. Legen Sie in Steni Vala oder Patitiri an, wo Sie die beeindruckende Chora besuchen und einen der sch\u00f6nsten Sonnenunterg\u00e4nge der \u00c4g\u00e4is erleben k\u00f6nnen.<\/p>\n<h3 class=\"boxed-title is-style-ignition-cousteau-pro-boxed-content\" style=\"text-align: justify;\"><strong>Tag 4: Das bezaubernde Alonissos<\/strong><\/h3>\n<p class=\"\" style=\"text-align: justify;\">Legen Sie ab und segeln Sie zu den wundersch\u00f6nen Str\u00e4nden von Alonissos, darunter Peristera und <strong><a href=\"https:\/\/en.wikipedia.org\/wiki\/Kyra_Panagia\" rel=\"noopener\">Kyra Panagia<\/a>.<\/strong> Ankern Sie in der Bucht von Agios Petros, umgeben von einzigartiger Sch\u00f6nheit, f\u00fcr eine Nacht der Ruhe.<\/p>\n<h3 class=\"boxed-title is-style-ignition-cousteau-pro-boxed-content\" style=\"text-align: justify;\"><strong>Tag 5: R\u00fcckkehr nach Chalkidiki<\/strong><\/h3>\n<p class=\"\" style=\"text-align: justify;\">Nach dem Aufwachen und unserem morgendlichen Bad lichten wir den Anker und steuern unseren St\u00fctzpunkt an. Wir genie\u00dfen die Fahrt und erreichen Chalkidiki. Hier schwimmen wir ein letztes Mal in den traumhaften Buchten des Toroneos-Golfs und legen am Ende des Tages im Hafen des Miraggio Thermal Spa Resorts f\u00fcr unsere letzte Nacht an. Am n\u00e4chsten Tag um 21:00 Uhr packen wir unsere Sachen aus und reisen mit unvergesslichen Erinnerungen ab!<\/p>\n<p class=\"\" style=\"text-align: justify;\">Diese 5-t\u00e4gige Segelreise (Skiathos \u2013 Skopelos \u2013 Alonnisos) verspricht ein unvergleichliches Erlebnis, das Abenteuer, Entspannung und Luxus vereint. Genie\u00dfen Sie unvergessliche Momente mit Ihren Liebsten inmitten atemberaubender Landschaften, kulinarischer K\u00f6stlichkeiten und abwechslungsreicher Aktivit\u00e4ten. Die Sporaden erwarten Sie \u2013 eine Reise, die das Gew\u00f6hnliche \u00fcbertrifft.<\/p>\n<div class=\"wp-block-group is-style-ignition-cousteau-pro-boxed-content\" style=\"text-align: justify;\"><\/div>","protected":false},"excerpt":{"rendered":"<p>5 days Sailing Holidays (Skiathos \u2013 Skopelos \u2013 Alonnisos) Are you dreaming of an unforgettable 5 days Sailing Holidays (Skiathos \u2013 Skopelos \u2013 Alonnisos) in the enchanting islands of the Sporades? Look no further \u2013 this cruise is tailored for those who love both time and the desire for an exceptional sailing experience. The Sporades [&#8230;]\n","protected":false},"featured_media":2577,"template":"","meta":{"_acf_changed":false},"destination":[52,53,51],"yacht-destination":[],"product_brand":[],"product_cat":[15,38,37],"product_tag":[40,41,39],"class_list":{"0":"post-998","1":"product","2":"type-product","3":"status-publish","4":"has-post-thumbnail","6":"destination-skiathos","7":"destination-skopelos","8":"destination-alonnisos","9":"product_cat-trip-packages","10":"product_cat-multi-day","11":"product_cat-holidays-of-a-lifetime","12":"product_tag-skiathos","13":"product_tag-skopelos","14":"product_tag-alonnisos","16":"first","17":"instock","18":"virtual","19":"product-type-simple"},"acf":[],"yoast_head":"<!-- This site is optimized with the Yoast SEO plugin v21.9.1 - https:\/\/yoast.com\/wordpress\/plugins\/seo\/ -->\n<title>5 days Sailing Holidays (Skiathos \u2013 Skopelos \u2013 Alonnisos) - Halkidiki Sailing &amp; Sporades Islands Sailing<\/title>\n<meta name=\"description\" content=\"5 days Sailing Holidays (Skiathos \u2013 Skopelos \u2013 Alonnisos) with our tailored experiences. Breathtaking destinations and luxurious yacht charters.\" \/>\n<meta name=\"robots\" content=\"index, follow, max-snippet:-1, max-image-preview:large, max-video-preview:-1\" \/>\n<link rel=\"canonical\" href=\"https:\/\/halkidikisailing.com\/de\/produkt\/5days-sailing-holidays-skiathos-skopelos-alonnisos\/\" \/>\n<meta property=\"og:locale\" content=\"de_DE\" \/>\n<meta property=\"og:type\" content=\"article\" \/>\n<meta property=\"og:title\" content=\"5 days Sailing Holidays (Skiathos \u2013 Skopelos \u2013 Alonnisos) - Halkidiki Sailing &amp; Sporades Islands Sailing\" \/>\n<meta property=\"og:description\" content=\"5 days Sailing Holidays (Skiathos \u2013 Skopelos \u2013 Alonnisos) with our tailored experiences. Breathtaking destinations and luxurious yacht charters.\" \/>\n<meta property=\"og:url\" content=\"https:\/\/halkidikisailing.com\/de\/produkt\/5days-sailing-holidays-skiathos-skopelos-alonnisos\/\" \/>\n<meta property=\"og:site_name\" content=\"Halkidiki Sailing &amp; Sporades Islands\" \/>\n<meta property=\"article:publisher\" content=\"https:\/\/www.facebook.com\/halkidikisailin\" \/>\n<meta property=\"article:modified_time\" content=\"2026-02-14T21:39:23+00:00\" \/>\n<meta property=\"og:image\" content=\"https:\/\/halkidikisailing.com\/wp-content\/uploads\/2024\/02\/halkidikisailing-Panormos-e1710346461749.jpg\" \/>\n\t<meta property=\"og:image:width\" content=\"1716\" \/>\n\t<meta property=\"og:image:height\" content=\"1352\" \/>\n\t<meta property=\"og:image:type\" content=\"image\/jpeg\" \/>\n<meta name=\"twitter:card\" content=\"summary_large_image\" \/>\n<meta name=\"twitter:label1\" content=\"Gesch\u00e4tzte Lesezeit\" \/>\n\t<meta name=\"twitter:data1\" content=\"3\u00a0Minuten\" \/>\n<script type=\"application\/ld+json\" class=\"yoast-schema-graph\">{\"@context\":\"https:\/\/schema.org\",\"@graph\":[{\"@type\":\"WebPage\",\"@id\":\"https:\/\/halkidikisailing.com\/product\/5days-sailing-holidays-skiathos-skopelos-alonnisos\/\",\"url\":\"https:\/\/halkidikisailing.com\/product\/5days-sailing-holidays-skiathos-skopelos-alonnisos\/\",\"name\":\"5 days Sailing Holidays (Skiathos \u2013 Skopelos \u2013 Alonnisos) - Halkidiki Sailing &amp; Sporades Islands Sailing\",\"isPartOf\":{\"@id\":\"https:\/\/halkidikisailing.com\/#website\"},\"datePublished\":\"2022-10-11T08:31:07+00:00\",\"dateModified\":\"2026-02-14T21:39:23+00:00\",\"description\":\"5 days Sailing Holidays (Skiathos \u2013 Skopelos \u2013 Alonnisos) with our tailored experiences. Breathtaking destinations and luxurious yacht charters.\",\"breadcrumb\":{\"@id\":\"https:\/\/halkidikisailing.com\/product\/5days-sailing-holidays-skiathos-skopelos-alonnisos\/#breadcrumb\"},\"inLanguage\":\"de\",\"potentialAction\":[{\"@type\":\"ReadAction\",\"target\":[\"https:\/\/halkidikisailing.com\/product\/5days-sailing-holidays-skiathos-skopelos-alonnisos\/\"]}]},{\"@type\":\"BreadcrumbList\",\"@id\":\"https:\/\/halkidikisailing.com\/product\/5days-sailing-holidays-skiathos-skopelos-alonnisos\/#breadcrumb\",\"itemListElement\":[{\"@type\":\"ListItem\",\"position\":1,\"name\":\"Home\",\"item\":\"https:\/\/halkidikisailing.com\/\"},{\"@type\":\"ListItem\",\"position\":2,\"name\":\"Shop\",\"item\":\"https:\/\/halkidikisailing.com\/shop\/\"},{\"@type\":\"ListItem\",\"position\":3,\"name\":\"5 days Sailing Holidays (Skiathos \u2013 Skopelos \u2013 Alonnisos)\"}]},{\"@type\":\"WebSite\",\"@id\":\"https:\/\/halkidikisailing.com\/#website\",\"url\":\"https:\/\/halkidikisailing.com\/\",\"name\":\"Halkidiki Sailing &amp; Sporades Islands\",\"description\":\"Sailing Cruises and Yacht Chartering Halkidiki &amp; Sporades\",\"publisher\":{\"@id\":\"https:\/\/halkidikisailing.com\/#organization\"},\"alternateName\":\"Halkidiki Sailing\",\"potentialAction\":[{\"@type\":\"SearchAction\",\"target\":{\"@type\":\"EntryPoint\",\"urlTemplate\":\"https:\/\/halkidikisailing.com\/?s={search_term_string}\"},\"query-input\":\"required name=search_term_string\"}],\"inLanguage\":\"de\"},{\"@type\":\"Organization\",\"@id\":\"https:\/\/halkidikisailing.com\/#organization\",\"name\":\"Halkidiki Sailing & Sporades Islands\",\"alternateName\":\"Halkidiki Sailing\",\"url\":\"https:\/\/halkidikisailing.com\/\",\"logo\":{\"@type\":\"ImageObject\",\"inLanguage\":\"de\",\"@id\":\"https:\/\/halkidikisailing.com\/#\/schema\/logo\/image\/\",\"url\":\"https:\/\/halkidikisailing.com\/wp-content\/uploads\/2024\/02\/halkidiki-sailing-favicon.png\",\"contentUrl\":\"https:\/\/halkidikisailing.com\/wp-content\/uploads\/2024\/02\/halkidiki-sailing-favicon.png\",\"width\":199,\"height\":198,\"caption\":\"Halkidiki Sailing & Sporades Islands\"},\"image\":{\"@id\":\"https:\/\/halkidikisailing.com\/#\/schema\/logo\/image\/\"},\"sameAs\":[\"https:\/\/www.facebook.com\/halkidikisailin\"]}]}<\/script>\n<!-- \/ Yoast SEO plugin. -->","yoast_head_json":{"title":"5 Tage Segelurlaub (Skiathos \u2013 Skopelos \u2013 Alonnisos) \u2013 Segeln auf Chalkidiki und Segeln auf den Sporadeninseln","description":"5 Tage Segelurlaub (Skiathos \u2013 Skopelos \u2013 Alonnisos) mit unseren ma\u00dfgeschneiderten Erlebnissen. Atemberaubende Reiseziele und luxuri\u00f6se Yachtcharter.","robots":{"index":"index","follow":"follow","max-snippet":"max-snippet:-1","max-image-preview":"max-image-preview:large","max-video-preview":"max-video-preview:-1"},"canonical":"https:\/\/halkidikisailing.com\/de\/produkt\/5days-sailing-holidays-skiathos-skopelos-alonnisos\/","og_locale":"de_DE","og_type":"article","og_title":"5 days Sailing Holidays (Skiathos \u2013 Skopelos \u2013 Alonnisos) - Halkidiki Sailing &amp; Sporades Islands Sailing","og_description":"5 days Sailing Holidays (Skiathos \u2013 Skopelos \u2013 Alonnisos) with our tailored experiences. Breathtaking destinations and luxurious yacht charters.","og_url":"https:\/\/halkidikisailing.com\/de\/produkt\/5days-sailing-holidays-skiathos-skopelos-alonnisos\/","og_site_name":"Halkidiki Sailing &amp; Sporades Islands","article_publisher":"https:\/\/www.facebook.com\/halkidikisailin","article_modified_time":"2026-02-14T21:39:23+00:00","og_image":[{"width":1716,"height":1352,"url":"https:\/\/halkidikisailing.com\/wp-content\/uploads\/2024\/02\/halkidikisailing-Panormos-e1710346461749.jpg","type":"image\/jpeg"}],"twitter_card":"summary_large_image","twitter_misc":{"Gesch\u00e4tzte Lesezeit":"3\u00a0Minuten"},"schema":{"@context":"https:\/\/schema.org","@graph":[{"@type":"WebPage","@id":"https:\/\/halkidikisailing.com\/product\/5days-sailing-holidays-skiathos-skopelos-alonnisos\/","url":"https:\/\/halkidikisailing.com\/product\/5days-sailing-holidays-skiathos-skopelos-alonnisos\/","name":"5 Tage Segelurlaub (Skiathos \u2013 Skopelos \u2013 Alonnisos) \u2013 Segeln auf Chalkidiki und Segeln auf den Sporadeninseln","isPartOf":{"@id":"https:\/\/halkidikisailing.com\/#website"},"datePublished":"2022-10-11T08:31:07+00:00","dateModified":"2026-02-14T21:39:23+00:00","description":"5 Tage Segelurlaub (Skiathos \u2013 Skopelos \u2013 Alonnisos) mit unseren ma\u00dfgeschneiderten Erlebnissen. Atemberaubende Reiseziele und luxuri\u00f6se Yachtcharter.","breadcrumb":{"@id":"https:\/\/halkidikisailing.com\/product\/5days-sailing-holidays-skiathos-skopelos-alonnisos\/#breadcrumb"},"inLanguage":"de","potentialAction":[{"@type":"ReadAction","target":["https:\/\/halkidikisailing.com\/product\/5days-sailing-holidays-skiathos-skopelos-alonnisos\/"]}]},{"@type":"BreadcrumbList","@id":"https:\/\/halkidikisailing.com\/product\/5days-sailing-holidays-skiathos-skopelos-alonnisos\/#breadcrumb","itemListElement":[{"@type":"ListItem","position":1,"name":"Home","item":"https:\/\/halkidikisailing.com\/"},{"@type":"ListItem","position":2,"name":"Shop","item":"https:\/\/halkidikisailing.com\/shop\/"},{"@type":"ListItem","position":3,"name":"5 days Sailing Holidays (Skiathos \u2013 Skopelos \u2013 Alonnisos)"}]},{"@type":"WebSite","@id":"https:\/\/halkidikisailing.com\/#website","url":"https:\/\/halkidikisailing.com\/","name":"Segeln auf der Chalkidiki und zu den Sporadeninseln","description":"Segelkreuzfahrten und Yachtcharter Chalkidiki &amp; Sporaden","publisher":{"@id":"https:\/\/halkidikisailing.com\/#organization"},"alternateName":"Halkidiki Sailing","potentialAction":[{"@type":"SearchAction","target":{"@type":"EntryPoint","urlTemplate":"https:\/\/halkidikisailing.com\/?s={search_term_string}"},"query-input":"required name=search_term_string"}],"inLanguage":"de"},{"@type":"Organization","@id":"https:\/\/halkidikisailing.com\/#organization","name":"Segeln auf der Chalkidiki und zu den Sporadeninseln","alternateName":"Halkidiki Sailing","url":"https:\/\/halkidikisailing.com\/","logo":{"@type":"ImageObject","inLanguage":"de","@id":"https:\/\/halkidikisailing.com\/#\/schema\/logo\/image\/","url":"https:\/\/halkidikisailing.com\/wp-content\/uploads\/2024\/02\/halkidiki-sailing-favicon.png","contentUrl":"https:\/\/halkidikisailing.com\/wp-content\/uploads\/2024\/02\/halkidiki-sailing-favicon.png","width":199,"height":198,"caption":"Halkidiki Sailing & Sporades Islands"},"image":{"@id":"https:\/\/halkidikisailing.com\/#\/schema\/logo\/image\/"},"sameAs":["https:\/\/www.facebook.com\/halkidikisailin"]}]}},"_links":{"self":[{"href":"https:\/\/halkidikisailing.com\/de\/wp-json\/wp\/v2\/product\/998","targetHints":{"allow":["GET"]}}],"collection":[{"href":"https:\/\/halkidikisailing.com\/de\/wp-json\/wp\/v2\/product"}],"about":[{"href":"https:\/\/halkidikisailing.com\/de\/wp-json\/wp\/v2\/types\/product"}],"wp:featuredmedia":[{"embeddable":true,"href":"https:\/\/halkidikisailing.com\/de\/wp-json\/wp\/v2\/media\/2577"}],"wp:attachment":[{"href":"https:\/\/halkidikisailing.com\/de\/wp-json\/wp\/v2\/media?parent=998"}],"wp:term":[{"taxonomy":"destination","embeddable":true,"href":"https:\/\/halkidikisailing.com\/de\/wp-json\/wp\/v2\/destination?post=998"},{"taxonomy":"yacht-destination","embeddable":true,"href":"https:\/\/halkidikisailing.com\/de\/wp-json\/wp\/v2\/yacht-destination?post=998"},{"taxonomy":"product_brand","embeddable":true,"href":"https:\/\/halkidikisailing.com\/de\/wp-json\/wp\/v2\/product_brand?post=998"},{"taxonomy":"product_cat","embeddable":true,"href":"https:\/\/halkidikisailing.com\/de\/wp-json\/wp\/v2\/product_cat?post=998"},{"taxonomy":"product_tag","embeddable":true,"href":"https:\/\/halkidikisailing.com\/de\/wp-json\/wp\/v2\/product_tag?post=998"}],"curies":[{"name":"wp","href":"https:\/\/api.w.org\/{rel}","templated":true}]}}